{"id":24381,"date":"2025-01-29T13:02:47","date_gmt":"2025-01-29T11:02:47","guid":{"rendered":"https:\/\/gymfactory.eu\/product\/machine-leg-extension-d6\/"},"modified":"2025-01-29T13:02:47","modified_gmt":"2025-01-29T11:02:47","slug":"machine-leg-extension-d6","status":"publish","type":"product","link":"https:\/\/gymfactory.eu\/fr\/produit\/machine-leg-extension-d6\/","title":{"rendered":"Machine Leg Extension D6"},"content":{"rendered":"<p>La Machine Leg Extension D6 est con\u00e7ue pour l\u2019entra\u00eenement isol\u00e9 des quadriceps, ce qui en fait un outil cibl\u00e9 pour le d\u00e9veloppement de la force du bas du corps, aussi bien dans les home gyms que dans les salles de sport commerciales. Sa construction solide garantit stabilit\u00e9 et contr\u00f4le pendant l\u2019exercice. <\/p>\n<p>Cette machine est destin\u00e9e aux extensions unilat\u00e9rales, bien qu\u2019elle permette \u00e9galement d\u2019entra\u00eener les deux jambes simultan\u00e9ment. Cependant, la r\u00e9sistance est appliqu\u00e9e de mani\u00e8re ind\u00e9pendante \u00e0 chaque jambe, ce qui contribue \u00e0 am\u00e9liorer la force et la sym\u00e9trie. <\/p>\n<p>La hauteur du coussin pour les jambes est r\u00e9glable pour s\u2019adapter \u00e0 diff\u00e9rentes longueurs de jambes, et la position du dossier peut \u00eatre modifi\u00e9e pour assurer un positionnement appropri\u00e9 et un confort optimal pendant l\u2019utilisation.<\/p>\n\n    <div class=\"xs_social_share_widget xs_share_url after_content \t\tmain_content  wslu-style-1 wslu-share-box-shaped wslu-fill-colored wslu-none wslu-share-horizontal wslu-theme-font-no wslu-main_content\">\n\n\t\t\n        <ul>\n\t\t\t        <\/ul>\n    <\/div> \n","protected":false},"excerpt":{"rendered":"<p>La Machine Leg Extension D6 est con\u00e7ue pour l\u2019entra\u00eenement isol\u00e9 des quadriceps, ce qui en fait un outil cibl\u00e9 pour le d\u00e9veloppement de la force du bas du corps, aussi bien dans les home gyms que dans les salles de sport commerciales. Sa construction solide garantit stabilit\u00e9 et contr\u00f4le pendant l\u2019exercice. Cette machine est destin\u00e9e [&hellip;]<\/p>\n","protected":false},"featured_media":11482,"template":"","meta":{"_acf_changed":false},"product_brand":[56],"product_cat":[832],"product_tag":[],"class_list":{"0":"post-24381","1":"product","2":"type-product","3":"status-publish","4":"has-post-thumbnail","6":"product_brand-gym-factory","7":"product_cat-machines-a-charge-par-plaques","9":"first","10":"onbackorder","11":"taxable","12":"shipping-taxable","13":"purchasable","14":"product-type-variable","15":"has-default-attributes"},"acf":[],"yoast_head":"<!-- This site is optimized with the Yoast SEO plugin v25.2 - https:\/\/yoast.com\/wordpress\/plugins\/seo\/ -->\n<title>Machine Leg Extension D6 | \u00c9quipement d\u2019Entra\u00eenement Bas du Corps<\/title>\n<meta name=\"description\" content=\"Vous souhaitez d\u00e9velopper des quadriceps plus puissants ? La Machine Leg Extension D6 est un \u00e9quipement d\u2019entra\u00eenement pour le bas du corps con\u00e7u pour la pr\u00e9cision, le confort et une isolation musculaire efficace.\" \/>\n<meta name=\"robots\" content=\"index, follow, max-snippet:-1, max-image-preview:large, max-video-preview:-1\" \/>\n<link rel=\"canonical\" href=\"https:\/\/gymfactory.eu\/fr\/produit\/machine-leg-extension-d6\/\" \/>\n<meta property=\"og:locale\" content=\"fr_FR\" \/>\n<meta property=\"og:type\" content=\"article\" \/>\n<meta property=\"og:title\" content=\"Machine Leg Extension D6 | \u00c9quipement d\u2019Entra\u00eenement Bas du Corps\" \/>\n<meta property=\"og:description\" content=\"Vous souhaitez d\u00e9velopper des quadriceps plus puissants ? La Machine Leg Extension D6 est un \u00e9quipement d\u2019entra\u00eenement pour le bas du corps con\u00e7u pour la pr\u00e9cision, le confort et une isolation musculaire efficace.\" \/>\n<meta property=\"og:url\" content=\"https:\/\/gymfactory.eu\/fr\/produit\/machine-leg-extension-d6\/\" \/>\n<meta property=\"og:site_name\" content=\"Gym Factory\" \/>\n<meta property=\"og:image\" content=\"https:\/\/gymfactory.eu\/wp-content\/uploads\/2025\/01\/gym-machine-D6-front-view-1.webp\" \/>\n\t<meta property=\"og:image:width\" content=\"1500\" \/>\n\t<meta property=\"og:image:height\" content=\"1500\" \/>\n\t<meta property=\"og:image:type\" content=\"image\/webp\" \/>\n<meta name=\"twitter:card\" content=\"summary_large_image\" \/>\n<meta name=\"twitter:label1\" content=\"Dur\u00e9e de lecture estim\u00e9e\" \/>\n\t<meta name=\"twitter:data1\" content=\"1 minute\" \/>\n<script type=\"application\/ld+json\" class=\"yoast-schema-graph\">{\"@context\":\"https:\/\/schema.org\",\"@graph\":[{\"@type\":\"WebPage\",\"@id\":\"https:\/\/gymfactory.eu\/fr\/produit\/machine-leg-extension-d6\/\",\"url\":\"https:\/\/gymfactory.eu\/fr\/produit\/machine-leg-extension-d6\/\",\"name\":\"Machine Leg Extension D6 | \u00c9quipement d\u2019Entra\u00eenement Bas du Corps\",\"isPartOf\":{\"@id\":\"https:\/\/gymfactory.eu\/fr\/#website\"},\"primaryImageOfPage\":{\"@id\":\"https:\/\/gymfactory.eu\/fr\/produit\/machine-leg-extension-d6\/#primaryimage\"},\"image\":{\"@id\":\"https:\/\/gymfactory.eu\/fr\/produit\/machine-leg-extension-d6\/#primaryimage\"},\"thumbnailUrl\":\"https:\/\/gymfactory.eu\/wp-content\/uploads\/2025\/01\/gym-machine-D6-front-view-1.webp\",\"datePublished\":\"2025-01-29T11:02:47+00:00\",\"description\":\"Vous souhaitez d\u00e9velopper des quadriceps plus puissants ? La Machine Leg Extension D6 est un \u00e9quipement d\u2019entra\u00eenement pour le bas du corps con\u00e7u pour la pr\u00e9cision, le confort et une isolation musculaire efficace.\",\"breadcrumb\":{\"@id\":\"https:\/\/gymfactory.eu\/fr\/produit\/machine-leg-extension-d6\/#breadcrumb\"},\"inLanguage\":\"fr-FR\",\"potentialAction\":[{\"@type\":\"ReadAction\",\"target\":[\"https:\/\/gymfactory.eu\/fr\/produit\/machine-leg-extension-d6\/\"]}]},{\"@type\":\"ImageObject\",\"inLanguage\":\"fr-FR\",\"@id\":\"https:\/\/gymfactory.eu\/fr\/produit\/machine-leg-extension-d6\/#primaryimage\",\"url\":\"https:\/\/gymfactory.eu\/wp-content\/uploads\/2025\/01\/gym-machine-D6-front-view-1.webp\",\"contentUrl\":\"https:\/\/gymfactory.eu\/wp-content\/uploads\/2025\/01\/gym-machine-D6-front-view-1.webp\",\"width\":1500,\"height\":1500,\"caption\":\"Vue de face d\u2019une machine de musculation de qualit\u00e9 professionnelle con\u00e7ue pour les exercices de force. Le si\u00e8ge ergonomique et les r\u00e9glages ajustables permettent un entra\u00eenement efficace et confortable du bas du corps, id\u00e9al pour le renforcement et l\u2019endurance des jambes.\"},{\"@type\":\"BreadcrumbList\",\"@id\":\"https:\/\/gymfactory.eu\/fr\/produit\/machine-leg-extension-d6\/#breadcrumb\",\"itemListElement\":[{\"@type\":\"ListItem\",\"position\":1,\"name\":\"Home\",\"item\":\"https:\/\/gymfactory.eu\/fr\/\"},{\"@type\":\"ListItem\",\"position\":2,\"name\":\"Catalogue\",\"item\":\"https:\/\/gymfactory.eu\/fr\/catalogue-2\/\"},{\"@type\":\"ListItem\",\"position\":3,\"name\":\"Machine Leg Extension D6\"}]},{\"@type\":\"WebSite\",\"@id\":\"https:\/\/gymfactory.eu\/fr\/#website\",\"url\":\"https:\/\/gymfactory.eu\/fr\/\",\"name\":\"Gym Factory\",\"description\":\"\",\"publisher\":{\"@id\":\"https:\/\/gymfactory.eu\/fr\/#organization\"},\"potentialAction\":[{\"@type\":\"SearchAction\",\"target\":{\"@type\":\"EntryPoint\",\"urlTemplate\":\"https:\/\/gymfactory.eu\/fr\/?s={search_term_string}\"},\"query-input\":{\"@type\":\"PropertyValueSpecification\",\"valueRequired\":true,\"valueName\":\"search_term_string\"}}],\"inLanguage\":\"fr-FR\"},{\"@type\":\"Organization\",\"@id\":\"https:\/\/gymfactory.eu\/fr\/#organization\",\"name\":\"Gym Factory\",\"url\":\"https:\/\/gymfactory.eu\/fr\/\",\"logo\":{\"@type\":\"ImageObject\",\"inLanguage\":\"fr-FR\",\"@id\":\"https:\/\/gymfactory.eu\/fr\/#\/schema\/logo\/image\/\",\"url\":\"https:\/\/gymfactory.eu\/wp-content\/uploads\/2024\/11\/Component-1.svg\",\"contentUrl\":\"https:\/\/gymfactory.eu\/wp-content\/uploads\/2024\/11\/Component-1.svg\",\"width\":54,\"height\":44,\"caption\":\"Gym Factory\"},\"image\":{\"@id\":\"https:\/\/gymfactory.eu\/fr\/#\/schema\/logo\/image\/\"}}]}<\/script>\n<!-- \/ Yoast SEO plugin. -->","yoast_head_json":{"title":"Machine Leg Extension D6 | \u00c9quipement d\u2019Entra\u00eenement Bas du Corps","description":"Vous souhaitez d\u00e9velopper des quadriceps plus puissants ? La Machine Leg Extension D6 est un \u00e9quipement d\u2019entra\u00eenement pour le bas du corps con\u00e7u pour la pr\u00e9cision, le confort et une isolation musculaire efficace.","robots":{"index":"index","follow":"follow","max-snippet":"max-snippet:-1","max-image-preview":"max-image-preview:large","max-video-preview":"max-video-preview:-1"},"canonical":"https:\/\/gymfactory.eu\/fr\/produit\/machine-leg-extension-d6\/","og_locale":"fr_FR","og_type":"article","og_title":"Machine Leg Extension D6 | \u00c9quipement d\u2019Entra\u00eenement Bas du Corps","og_description":"Vous souhaitez d\u00e9velopper des quadriceps plus puissants ? La Machine Leg Extension D6 est un \u00e9quipement d\u2019entra\u00eenement pour le bas du corps con\u00e7u pour la pr\u00e9cision, le confort et une isolation musculaire efficace.","og_url":"https:\/\/gymfactory.eu\/fr\/produit\/machine-leg-extension-d6\/","og_site_name":"Gym Factory","og_image":[{"width":1500,"height":1500,"url":"https:\/\/gymfactory.eu\/wp-content\/uploads\/2025\/01\/gym-machine-D6-front-view-1.webp","type":"image\/webp"}],"twitter_card":"summary_large_image","twitter_misc":{"Dur\u00e9e de lecture estim\u00e9e":"1 minute"},"schema":{"@context":"https:\/\/schema.org","@graph":[{"@type":"WebPage","@id":"https:\/\/gymfactory.eu\/fr\/produit\/machine-leg-extension-d6\/","url":"https:\/\/gymfactory.eu\/fr\/produit\/machine-leg-extension-d6\/","name":"Machine Leg Extension D6 | \u00c9quipement d\u2019Entra\u00eenement Bas du Corps","isPartOf":{"@id":"https:\/\/gymfactory.eu\/fr\/#website"},"primaryImageOfPage":{"@id":"https:\/\/gymfactory.eu\/fr\/produit\/machine-leg-extension-d6\/#primaryimage"},"image":{"@id":"https:\/\/gymfactory.eu\/fr\/produit\/machine-leg-extension-d6\/#primaryimage"},"thumbnailUrl":"https:\/\/gymfactory.eu\/wp-content\/uploads\/2025\/01\/gym-machine-D6-front-view-1.webp","datePublished":"2025-01-29T11:02:47+00:00","description":"Vous souhaitez d\u00e9velopper des quadriceps plus puissants ? La Machine Leg Extension D6 est un \u00e9quipement d\u2019entra\u00eenement pour le bas du corps con\u00e7u pour la pr\u00e9cision, le confort et une isolation musculaire efficace.","breadcrumb":{"@id":"https:\/\/gymfactory.eu\/fr\/produit\/machine-leg-extension-d6\/#breadcrumb"},"inLanguage":"fr-FR","potentialAction":[{"@type":"ReadAction","target":["https:\/\/gymfactory.eu\/fr\/produit\/machine-leg-extension-d6\/"]}]},{"@type":"ImageObject","inLanguage":"fr-FR","@id":"https:\/\/gymfactory.eu\/fr\/produit\/machine-leg-extension-d6\/#primaryimage","url":"https:\/\/gymfactory.eu\/wp-content\/uploads\/2025\/01\/gym-machine-D6-front-view-1.webp","contentUrl":"https:\/\/gymfactory.eu\/wp-content\/uploads\/2025\/01\/gym-machine-D6-front-view-1.webp","width":1500,"height":1500,"caption":"Vue de face d\u2019une machine de musculation de qualit\u00e9 professionnelle con\u00e7ue pour les exercices de force. Le si\u00e8ge ergonomique et les r\u00e9glages ajustables permettent un entra\u00eenement efficace et confortable du bas du corps, id\u00e9al pour le renforcement et l\u2019endurance des jambes."},{"@type":"BreadcrumbList","@id":"https:\/\/gymfactory.eu\/fr\/produit\/machine-leg-extension-d6\/#breadcrumb","itemListElement":[{"@type":"ListItem","position":1,"name":"Home","item":"https:\/\/gymfactory.eu\/fr\/"},{"@type":"ListItem","position":2,"name":"Catalogue","item":"https:\/\/gymfactory.eu\/fr\/catalogue-2\/"},{"@type":"ListItem","position":3,"name":"Machine Leg Extension D6"}]},{"@type":"WebSite","@id":"https:\/\/gymfactory.eu\/fr\/#website","url":"https:\/\/gymfactory.eu\/fr\/","name":"Gym Factory","description":"","publisher":{"@id":"https:\/\/gymfactory.eu\/fr\/#organization"},"potentialAction":[{"@type":"SearchAction","target":{"@type":"EntryPoint","urlTemplate":"https:\/\/gymfactory.eu\/fr\/?s={search_term_string}"},"query-input":{"@type":"PropertyValueSpecification","valueRequired":true,"valueName":"search_term_string"}}],"inLanguage":"fr-FR"},{"@type":"Organization","@id":"https:\/\/gymfactory.eu\/fr\/#organization","name":"Gym Factory","url":"https:\/\/gymfactory.eu\/fr\/","logo":{"@type":"ImageObject","inLanguage":"fr-FR","@id":"https:\/\/gymfactory.eu\/fr\/#\/schema\/logo\/image\/","url":"https:\/\/gymfactory.eu\/wp-content\/uploads\/2024\/11\/Component-1.svg","contentUrl":"https:\/\/gymfactory.eu\/wp-content\/uploads\/2024\/11\/Component-1.svg","width":54,"height":44,"caption":"Gym Factory"},"image":{"@id":"https:\/\/gymfactory.eu\/fr\/#\/schema\/logo\/image\/"}}]}},"_links":{"self":[{"href":"https:\/\/gymfactory.eu\/fr\/wp-json\/wp\/v2\/product\/24381","targetHints":{"allow":["GET"]}}],"collection":[{"href":"https:\/\/gymfactory.eu\/fr\/wp-json\/wp\/v2\/product"}],"about":[{"href":"https:\/\/gymfactory.eu\/fr\/wp-json\/wp\/v2\/types\/product"}],"wp:featuredmedia":[{"embeddable":true,"href":"https:\/\/gymfactory.eu\/fr\/wp-json\/wp\/v2\/media\/11482"}],"wp:attachment":[{"href":"https:\/\/gymfactory.eu\/fr\/wp-json\/wp\/v2\/media?parent=24381"}],"wp:term":[{"taxonomy":"product_brand","embeddable":true,"href":"https:\/\/gymfactory.eu\/fr\/wp-json\/wp\/v2\/product_brand?post=24381"},{"taxonomy":"product_cat","embeddable":true,"href":"https:\/\/gymfactory.eu\/fr\/wp-json\/wp\/v2\/product_cat?post=24381"},{"taxonomy":"product_tag","embeddable":true,"href":"https:\/\/gymfactory.eu\/fr\/wp-json\/wp\/v2\/product_tag?post=24381"}],"curies":[{"name":"wp","href":"https:\/\/api.w.org\/{rel}","templated":true}]}}