{"id":24370,"date":"2025-01-29T12:33:41","date_gmt":"2025-01-29T10:33:41","guid":{"rendered":"https:\/\/gymfactory.eu\/product\/machine-leg-curl-d5x\/"},"modified":"2025-01-29T12:33:41","modified_gmt":"2025-01-29T10:33:41","slug":"machine-leg-curl-d5x","status":"publish","type":"product","link":"https:\/\/gymfactory.eu\/fr\/produit\/machine-leg-curl-d5x\/","title":{"rendered":"Machine Leg Curl D5X"},"content":{"rendered":"<p>La Machine Leg Curl D5X est un appareil de musculation unilat\u00e9ral con\u00e7u pour isoler et renforcer les ischio-jambiers. Son cadre robuste et ses supports rembourr\u00e9s assurent un mouvement s\u00fbr et contr\u00f4l\u00e9 pendant l\u2019entra\u00eenement. <\/p>\n<p>Cette machine est destin\u00e9e aux curls unilat\u00e9raux effectu\u00e9s avec un genou en appui sur le coussin, la jambe oppos\u00e9e ex\u00e9cutant le mouvement de flexion. Elle permet d\u2019am\u00e9liorer la force des ischio-jambiers, de corriger les d\u00e9s\u00e9quilibres musculaires et de d\u00e9velopper un meilleur contr\u00f4le des jambes. <\/p>\n<p>C\u2019est une machine compacte et sp\u00e9cialis\u00e9e, parfaitement adapt\u00e9e \u00e0 l\u2019entra\u00eenement d\u00e9di\u00e9 des ischio-jambiers, que ce soit pour un home gym ou une salle de sport commerciale.<\/p>\n\n    <div class=\"xs_social_share_widget xs_share_url after_content \t\tmain_content  wslu-style-1 wslu-share-box-shaped wslu-fill-colored wslu-none wslu-share-horizontal wslu-theme-font-no wslu-main_content\">\n\n\t\t\n        <ul>\n\t\t\t        <\/ul>\n    <\/div> \n","protected":false},"excerpt":{"rendered":"<p>La Machine Leg Curl D5X est un appareil de musculation unilat\u00e9ral con\u00e7u pour isoler et renforcer les ischio-jambiers. Son cadre robuste et ses supports rembourr\u00e9s assurent un mouvement s\u00fbr et contr\u00f4l\u00e9 pendant l\u2019entra\u00eenement. Cette machine est destin\u00e9e aux curls unilat\u00e9raux effectu\u00e9s avec un genou en appui sur le coussin, la jambe oppos\u00e9e ex\u00e9cutant le mouvement [&hellip;]<\/p>\n","protected":false},"featured_media":11980,"template":"","meta":{"_acf_changed":false},"product_brand":[56],"product_cat":[832],"product_tag":[],"class_list":{"0":"post-24370","1":"product","2":"type-product","3":"status-publish","4":"has-post-thumbnail","6":"product_brand-gym-factory","7":"product_cat-machines-a-charge-par-plaques","9":"first","10":"onbackorder","11":"taxable","12":"shipping-taxable","13":"purchasable","14":"product-type-variable","15":"has-default-attributes"},"acf":[],"yoast_head":"<!-- This site is optimized with the Yoast SEO plugin v25.2 - https:\/\/yoast.com\/wordpress\/plugins\/seo\/ -->\n<title>Machine Leg Curl D5X | \u00c9quipement de Musculation pour Jambes<\/title>\n<meta name=\"description\" content=\"Vous cherchez \u00e0 cibler vos ischio-jambiers plus efficacement ? La Machine Leg Curl D5X est un \u00e9quipement con\u00e7u pour l\u2019isolation, le confort et le renforcement musculaire.\" \/>\n<meta name=\"robots\" content=\"index, follow, max-snippet:-1, max-image-preview:large, max-video-preview:-1\" \/>\n<link rel=\"canonical\" href=\"https:\/\/gymfactory.eu\/fr\/produit\/machine-leg-curl-d5x\/\" \/>\n<meta property=\"og:locale\" content=\"fr_FR\" \/>\n<meta property=\"og:type\" content=\"article\" \/>\n<meta property=\"og:title\" content=\"Machine Leg Curl D5X | \u00c9quipement de Musculation pour Jambes\" \/>\n<meta property=\"og:description\" content=\"Vous cherchez \u00e0 cibler vos ischio-jambiers plus efficacement ? La Machine Leg Curl D5X est un \u00e9quipement con\u00e7u pour l\u2019isolation, le confort et le renforcement musculaire.\" \/>\n<meta property=\"og:url\" content=\"https:\/\/gymfactory.eu\/fr\/produit\/machine-leg-curl-d5x\/\" \/>\n<meta property=\"og:site_name\" content=\"Gym Factory\" \/>\n<meta property=\"og:image\" content=\"https:\/\/gymfactory.eu\/wp-content\/uploads\/2025\/01\/gym-machine-D5X-leg-curl-loaded-with-weights-1.webp\" \/>\n\t<meta property=\"og:image:width\" content=\"1500\" \/>\n\t<meta property=\"og:image:height\" content=\"1500\" \/>\n\t<meta property=\"og:image:type\" content=\"image\/webp\" \/>\n<meta name=\"twitter:card\" content=\"summary_large_image\" \/>\n<meta name=\"twitter:label1\" content=\"Dur\u00e9e de lecture estim\u00e9e\" \/>\n\t<meta name=\"twitter:data1\" content=\"1 minute\" \/>\n<script type=\"application\/ld+json\" class=\"yoast-schema-graph\">{\"@context\":\"https:\/\/schema.org\",\"@graph\":[{\"@type\":\"WebPage\",\"@id\":\"https:\/\/gymfactory.eu\/fr\/produit\/machine-leg-curl-d5x\/\",\"url\":\"https:\/\/gymfactory.eu\/fr\/produit\/machine-leg-curl-d5x\/\",\"name\":\"Machine Leg Curl D5X | \u00c9quipement de Musculation pour Jambes\",\"isPartOf\":{\"@id\":\"https:\/\/gymfactory.eu\/fr\/#website\"},\"primaryImageOfPage\":{\"@id\":\"https:\/\/gymfactory.eu\/fr\/produit\/machine-leg-curl-d5x\/#primaryimage\"},\"image\":{\"@id\":\"https:\/\/gymfactory.eu\/fr\/produit\/machine-leg-curl-d5x\/#primaryimage\"},\"thumbnailUrl\":\"https:\/\/gymfactory.eu\/wp-content\/uploads\/2025\/01\/gym-machine-D5X-leg-curl-loaded-with-weights-1.webp\",\"datePublished\":\"2025-01-29T10:33:41+00:00\",\"description\":\"Vous cherchez \u00e0 cibler vos ischio-jambiers plus efficacement ? La Machine Leg Curl D5X est un \u00e9quipement con\u00e7u pour l\u2019isolation, le confort et le renforcement musculaire.\",\"breadcrumb\":{\"@id\":\"https:\/\/gymfactory.eu\/fr\/produit\/machine-leg-curl-d5x\/#breadcrumb\"},\"inLanguage\":\"fr-FR\",\"potentialAction\":[{\"@type\":\"ReadAction\",\"target\":[\"https:\/\/gymfactory.eu\/fr\/produit\/machine-leg-curl-d5x\/\"]}]},{\"@type\":\"ImageObject\",\"inLanguage\":\"fr-FR\",\"@id\":\"https:\/\/gymfactory.eu\/fr\/produit\/machine-leg-curl-d5x\/#primaryimage\",\"url\":\"https:\/\/gymfactory.eu\/wp-content\/uploads\/2025\/01\/gym-machine-D5X-leg-curl-loaded-with-weights-1.webp\",\"contentUrl\":\"https:\/\/gymfactory.eu\/wp-content\/uploads\/2025\/01\/gym-machine-D5X-leg-curl-loaded-with-weights-1.webp\",\"width\":1500,\"height\":1500,\"caption\":\"Machine de musculation leg curl charg\u00e9e de disques, d\u00e9montrant sa capacit\u00e9 pour les exercices de musculation. Le cadre en acier noir durable, le rembourrage rouge et la conception biom\u00e9canique offrent un entra\u00eenement fluide pour le d\u00e9veloppement des ischio-jambiers.\"},{\"@type\":\"BreadcrumbList\",\"@id\":\"https:\/\/gymfactory.eu\/fr\/produit\/machine-leg-curl-d5x\/#breadcrumb\",\"itemListElement\":[{\"@type\":\"ListItem\",\"position\":1,\"name\":\"Home\",\"item\":\"https:\/\/gymfactory.eu\/fr\/\"},{\"@type\":\"ListItem\",\"position\":2,\"name\":\"Catalogue\",\"item\":\"https:\/\/gymfactory.eu\/fr\/catalogue-2\/\"},{\"@type\":\"ListItem\",\"position\":3,\"name\":\"Machine Leg Curl D5X\"}]},{\"@type\":\"WebSite\",\"@id\":\"https:\/\/gymfactory.eu\/fr\/#website\",\"url\":\"https:\/\/gymfactory.eu\/fr\/\",\"name\":\"Gym Factory\",\"description\":\"\",\"publisher\":{\"@id\":\"https:\/\/gymfactory.eu\/fr\/#organization\"},\"potentialAction\":[{\"@type\":\"SearchAction\",\"target\":{\"@type\":\"EntryPoint\",\"urlTemplate\":\"https:\/\/gymfactory.eu\/fr\/?s={search_term_string}\"},\"query-input\":{\"@type\":\"PropertyValueSpecification\",\"valueRequired\":true,\"valueName\":\"search_term_string\"}}],\"inLanguage\":\"fr-FR\"},{\"@type\":\"Organization\",\"@id\":\"https:\/\/gymfactory.eu\/fr\/#organization\",\"name\":\"Gym Factory\",\"url\":\"https:\/\/gymfactory.eu\/fr\/\",\"logo\":{\"@type\":\"ImageObject\",\"inLanguage\":\"fr-FR\",\"@id\":\"https:\/\/gymfactory.eu\/fr\/#\/schema\/logo\/image\/\",\"url\":\"https:\/\/gymfactory.eu\/wp-content\/uploads\/2024\/11\/Component-1.svg\",\"contentUrl\":\"https:\/\/gymfactory.eu\/wp-content\/uploads\/2024\/11\/Component-1.svg\",\"width\":54,\"height\":44,\"caption\":\"Gym Factory\"},\"image\":{\"@id\":\"https:\/\/gymfactory.eu\/fr\/#\/schema\/logo\/image\/\"}}]}<\/script>\n<!-- \/ Yoast SEO plugin. -->","yoast_head_json":{"title":"Machine Leg Curl D5X | \u00c9quipement de Musculation pour Jambes","description":"Vous cherchez \u00e0 cibler vos ischio-jambiers plus efficacement ? La Machine Leg Curl D5X est un \u00e9quipement con\u00e7u pour l\u2019isolation, le confort et le renforcement musculaire.","robots":{"index":"index","follow":"follow","max-snippet":"max-snippet:-1","max-image-preview":"max-image-preview:large","max-video-preview":"max-video-preview:-1"},"canonical":"https:\/\/gymfactory.eu\/fr\/produit\/machine-leg-curl-d5x\/","og_locale":"fr_FR","og_type":"article","og_title":"Machine Leg Curl D5X | \u00c9quipement de Musculation pour Jambes","og_description":"Vous cherchez \u00e0 cibler vos ischio-jambiers plus efficacement ? La Machine Leg Curl D5X est un \u00e9quipement con\u00e7u pour l\u2019isolation, le confort et le renforcement musculaire.","og_url":"https:\/\/gymfactory.eu\/fr\/produit\/machine-leg-curl-d5x\/","og_site_name":"Gym Factory","og_image":[{"width":1500,"height":1500,"url":"https:\/\/gymfactory.eu\/wp-content\/uploads\/2025\/01\/gym-machine-D5X-leg-curl-loaded-with-weights-1.webp","type":"image\/webp"}],"twitter_card":"summary_large_image","twitter_misc":{"Dur\u00e9e de lecture estim\u00e9e":"1 minute"},"schema":{"@context":"https:\/\/schema.org","@graph":[{"@type":"WebPage","@id":"https:\/\/gymfactory.eu\/fr\/produit\/machine-leg-curl-d5x\/","url":"https:\/\/gymfactory.eu\/fr\/produit\/machine-leg-curl-d5x\/","name":"Machine Leg Curl D5X | \u00c9quipement de Musculation pour Jambes","isPartOf":{"@id":"https:\/\/gymfactory.eu\/fr\/#website"},"primaryImageOfPage":{"@id":"https:\/\/gymfactory.eu\/fr\/produit\/machine-leg-curl-d5x\/#primaryimage"},"image":{"@id":"https:\/\/gymfactory.eu\/fr\/produit\/machine-leg-curl-d5x\/#primaryimage"},"thumbnailUrl":"https:\/\/gymfactory.eu\/wp-content\/uploads\/2025\/01\/gym-machine-D5X-leg-curl-loaded-with-weights-1.webp","datePublished":"2025-01-29T10:33:41+00:00","description":"Vous cherchez \u00e0 cibler vos ischio-jambiers plus efficacement ? La Machine Leg Curl D5X est un \u00e9quipement con\u00e7u pour l\u2019isolation, le confort et le renforcement musculaire.","breadcrumb":{"@id":"https:\/\/gymfactory.eu\/fr\/produit\/machine-leg-curl-d5x\/#breadcrumb"},"inLanguage":"fr-FR","potentialAction":[{"@type":"ReadAction","target":["https:\/\/gymfactory.eu\/fr\/produit\/machine-leg-curl-d5x\/"]}]},{"@type":"ImageObject","inLanguage":"fr-FR","@id":"https:\/\/gymfactory.eu\/fr\/produit\/machine-leg-curl-d5x\/#primaryimage","url":"https:\/\/gymfactory.eu\/wp-content\/uploads\/2025\/01\/gym-machine-D5X-leg-curl-loaded-with-weights-1.webp","contentUrl":"https:\/\/gymfactory.eu\/wp-content\/uploads\/2025\/01\/gym-machine-D5X-leg-curl-loaded-with-weights-1.webp","width":1500,"height":1500,"caption":"Machine de musculation leg curl charg\u00e9e de disques, d\u00e9montrant sa capacit\u00e9 pour les exercices de musculation. Le cadre en acier noir durable, le rembourrage rouge et la conception biom\u00e9canique offrent un entra\u00eenement fluide pour le d\u00e9veloppement des ischio-jambiers."},{"@type":"BreadcrumbList","@id":"https:\/\/gymfactory.eu\/fr\/produit\/machine-leg-curl-d5x\/#breadcrumb","itemListElement":[{"@type":"ListItem","position":1,"name":"Home","item":"https:\/\/gymfactory.eu\/fr\/"},{"@type":"ListItem","position":2,"name":"Catalogue","item":"https:\/\/gymfactory.eu\/fr\/catalogue-2\/"},{"@type":"ListItem","position":3,"name":"Machine Leg Curl D5X"}]},{"@type":"WebSite","@id":"https:\/\/gymfactory.eu\/fr\/#website","url":"https:\/\/gymfactory.eu\/fr\/","name":"Gym Factory","description":"","publisher":{"@id":"https:\/\/gymfactory.eu\/fr\/#organization"},"potentialAction":[{"@type":"SearchAction","target":{"@type":"EntryPoint","urlTemplate":"https:\/\/gymfactory.eu\/fr\/?s={search_term_string}"},"query-input":{"@type":"PropertyValueSpecification","valueRequired":true,"valueName":"search_term_string"}}],"inLanguage":"fr-FR"},{"@type":"Organization","@id":"https:\/\/gymfactory.eu\/fr\/#organization","name":"Gym Factory","url":"https:\/\/gymfactory.eu\/fr\/","logo":{"@type":"ImageObject","inLanguage":"fr-FR","@id":"https:\/\/gymfactory.eu\/fr\/#\/schema\/logo\/image\/","url":"https:\/\/gymfactory.eu\/wp-content\/uploads\/2024\/11\/Component-1.svg","contentUrl":"https:\/\/gymfactory.eu\/wp-content\/uploads\/2024\/11\/Component-1.svg","width":54,"height":44,"caption":"Gym Factory"},"image":{"@id":"https:\/\/gymfactory.eu\/fr\/#\/schema\/logo\/image\/"}}]}},"_links":{"self":[{"href":"https:\/\/gymfactory.eu\/fr\/wp-json\/wp\/v2\/product\/24370","targetHints":{"allow":["GET"]}}],"collection":[{"href":"https:\/\/gymfactory.eu\/fr\/wp-json\/wp\/v2\/product"}],"about":[{"href":"https:\/\/gymfactory.eu\/fr\/wp-json\/wp\/v2\/types\/product"}],"wp:featuredmedia":[{"embeddable":true,"href":"https:\/\/gymfactory.eu\/fr\/wp-json\/wp\/v2\/media\/11980"}],"wp:attachment":[{"href":"https:\/\/gymfactory.eu\/fr\/wp-json\/wp\/v2\/media?parent=24370"}],"wp:term":[{"taxonomy":"product_brand","embeddable":true,"href":"https:\/\/gymfactory.eu\/fr\/wp-json\/wp\/v2\/product_brand?post=24370"},{"taxonomy":"product_cat","embeddable":true,"href":"https:\/\/gymfactory.eu\/fr\/wp-json\/wp\/v2\/product_cat?post=24370"},{"taxonomy":"product_tag","embeddable":true,"href":"https:\/\/gymfactory.eu\/fr\/wp-json\/wp\/v2\/product_tag?post=24370"}],"curies":[{"name":"wp","href":"https:\/\/api.w.org\/{rel}","templated":true}]}}