{"id":24361,"date":"2025-01-29T12:06:05","date_gmt":"2025-01-29T10:06:05","guid":{"rendered":"https:\/\/gymfactory.eu\/product\/machine-de-leg-curl-assis-d5\/"},"modified":"2025-01-29T12:06:05","modified_gmt":"2025-01-29T10:06:05","slug":"machine-de-leg-curl-assis-d5","status":"publish","type":"product","link":"https:\/\/gymfactory.eu\/fr\/produit\/machine-de-leg-curl-assis-d5\/","title":{"rendered":"Machine de Leg Curl Assis D5"},"content":{"rendered":"<p>La Machine de Leg Curl Assis D5 est un \u00e9quipement de musculation fiable con\u00e7u pour le travail d\u2019isolation du bas du corps. Fabriqu\u00e9e pour offrir un mouvement contr\u00f4l\u00e9 et une durabilit\u00e9 \u00e0 long terme, elle constitue un choix solide tant pour les home gyms que pour les salles de sport commerciales. <\/p>\n<p>Cette machine est con\u00e7ue pour cibler les ischio-jambiers, contribuant \u00e0 am\u00e9liorer la force et le contr\u00f4le musculaire. Vous pouvez effectuer des leg curls assis pour isoler l\u2019arri\u00e8re des cuisses ou opter pour des curls unilat\u00e9raux afin de corriger les d\u00e9s\u00e9quilibres et d\u2019am\u00e9liorer la coordination. <\/p>\n<p>La position du dossier est r\u00e9glable, permettant aux utilisateurs d\u2019ajuster l\u2019amplitude de mouvement pour un confort et une efficacit\u00e9 optimaux, en fonction de leur taille et de leur souplesse.<\/p>\n\n    <div class=\"xs_social_share_widget xs_share_url after_content \t\tmain_content  wslu-style-1 wslu-share-box-shaped wslu-fill-colored wslu-none wslu-share-horizontal wslu-theme-font-no wslu-main_content\">\n\n\t\t\n        <ul>\n\t\t\t        <\/ul>\n    <\/div> \n","protected":false},"excerpt":{"rendered":"<p>La Machine de Leg Curl Assis D5 est un \u00e9quipement de musculation fiable con\u00e7u pour le travail d\u2019isolation du bas du corps. Fabriqu\u00e9e pour offrir un mouvement contr\u00f4l\u00e9 et une durabilit\u00e9 \u00e0 long terme, elle constitue un choix solide tant pour les home gyms que pour les salles de sport commerciales. Cette machine est con\u00e7ue [&hellip;]<\/p>\n","protected":false},"featured_media":11477,"template":"","meta":{"_acf_changed":false},"product_brand":[56],"product_cat":[832],"product_tag":[],"class_list":{"0":"post-24361","1":"product","2":"type-product","3":"status-publish","4":"has-post-thumbnail","6":"product_brand-gym-factory","7":"product_cat-machines-a-charge-par-plaques","9":"first","10":"onbackorder","11":"taxable","12":"shipping-taxable","13":"purchasable","14":"product-type-variable","15":"has-default-attributes"},"acf":[],"yoast_head":"<!-- This site is optimized with the Yoast SEO plugin v25.2 - https:\/\/yoast.com\/wordpress\/plugins\/seo\/ -->\n<title>Machine de Leg Curl Assis D5 | \u00c9quipement de Musculation<\/title>\n<meta name=\"description\" content=\"Vous cherchez \u00e0 isoler et renforcer vos ischio-jambiers ? La Machine de Leg Curl Assis D5 est un \u00e9quipement fiable con\u00e7u pour un entra\u00eenement cibl\u00e9 et confortable.\" \/>\n<meta name=\"robots\" content=\"index, follow, max-snippet:-1, max-image-preview:large, max-video-preview:-1\" \/>\n<link rel=\"canonical\" href=\"https:\/\/gymfactory.eu\/fr\/produit\/machine-de-leg-curl-assis-d5\/\" \/>\n<meta property=\"og:locale\" content=\"fr_FR\" \/>\n<meta property=\"og:type\" content=\"article\" \/>\n<meta property=\"og:title\" content=\"Machine de Leg Curl Assis D5 | \u00c9quipement de Musculation\" \/>\n<meta property=\"og:description\" content=\"Vous cherchez \u00e0 isoler et renforcer vos ischio-jambiers ? La Machine de Leg Curl Assis D5 est un \u00e9quipement fiable con\u00e7u pour un entra\u00eenement cibl\u00e9 et confortable.\" \/>\n<meta property=\"og:url\" content=\"https:\/\/gymfactory.eu\/fr\/produit\/machine-de-leg-curl-assis-d5\/\" \/>\n<meta property=\"og:site_name\" content=\"Gym Factory\" \/>\n<meta property=\"og:image\" content=\"https:\/\/gymfactory.eu\/wp-content\/uploads\/2025\/01\/gym-machine-D5-leg-curl-black-version.webp\" \/>\n\t<meta property=\"og:image:width\" content=\"1500\" \/>\n\t<meta property=\"og:image:height\" content=\"1500\" \/>\n\t<meta property=\"og:image:type\" content=\"image\/webp\" \/>\n<meta name=\"twitter:card\" content=\"summary_large_image\" \/>\n<meta name=\"twitter:label1\" content=\"Dur\u00e9e de lecture estim\u00e9e\" \/>\n\t<meta name=\"twitter:data1\" content=\"1 minute\" \/>\n<script type=\"application\/ld+json\" class=\"yoast-schema-graph\">{\"@context\":\"https:\/\/schema.org\",\"@graph\":[{\"@type\":\"WebPage\",\"@id\":\"https:\/\/gymfactory.eu\/fr\/produit\/machine-de-leg-curl-assis-d5\/\",\"url\":\"https:\/\/gymfactory.eu\/fr\/produit\/machine-de-leg-curl-assis-d5\/\",\"name\":\"Machine de Leg Curl Assis D5 | \u00c9quipement de Musculation\",\"isPartOf\":{\"@id\":\"https:\/\/gymfactory.eu\/fr\/#website\"},\"primaryImageOfPage\":{\"@id\":\"https:\/\/gymfactory.eu\/fr\/produit\/machine-de-leg-curl-assis-d5\/#primaryimage\"},\"image\":{\"@id\":\"https:\/\/gymfactory.eu\/fr\/produit\/machine-de-leg-curl-assis-d5\/#primaryimage\"},\"thumbnailUrl\":\"https:\/\/gymfactory.eu\/wp-content\/uploads\/2025\/01\/gym-machine-D5-leg-curl-black-version.webp\",\"datePublished\":\"2025-01-29T10:06:05+00:00\",\"description\":\"Vous cherchez \u00e0 isoler et renforcer vos ischio-jambiers ? La Machine de Leg Curl Assis D5 est un \u00e9quipement fiable con\u00e7u pour un entra\u00eenement cibl\u00e9 et confortable.\",\"breadcrumb\":{\"@id\":\"https:\/\/gymfactory.eu\/fr\/produit\/machine-de-leg-curl-assis-d5\/#breadcrumb\"},\"inLanguage\":\"fr-FR\",\"potentialAction\":[{\"@type\":\"ReadAction\",\"target\":[\"https:\/\/gymfactory.eu\/fr\/produit\/machine-de-leg-curl-assis-d5\/\"]}]},{\"@type\":\"ImageObject\",\"inLanguage\":\"fr-FR\",\"@id\":\"https:\/\/gymfactory.eu\/fr\/produit\/machine-de-leg-curl-assis-d5\/#primaryimage\",\"url\":\"https:\/\/gymfactory.eu\/wp-content\/uploads\/2025\/01\/gym-machine-D5-leg-curl-black-version.webp\",\"contentUrl\":\"https:\/\/gymfactory.eu\/wp-content\/uploads\/2025\/01\/gym-machine-D5-leg-curl-black-version.webp\",\"width\":1500,\"height\":1500,\"caption\":\"Une machine de musculation leg curl noire et \u00e9l\u00e9gante, con\u00e7ue pour les exercices de force du bas du corps. Cet \u00e9quipement est construit avec un ch\u00e2ssis robuste, un si\u00e8ge ergonomique et un support rembourr\u00e9 pour le confort. La machine permet un mouvement fluide et contr\u00f4l\u00e9, ce qui la rend parfaite pour isoler les ischio-jambiers et am\u00e9liorer le d\u00e9veloppement musculaire.\"},{\"@type\":\"BreadcrumbList\",\"@id\":\"https:\/\/gymfactory.eu\/fr\/produit\/machine-de-leg-curl-assis-d5\/#breadcrumb\",\"itemListElement\":[{\"@type\":\"ListItem\",\"position\":1,\"name\":\"Home\",\"item\":\"https:\/\/gymfactory.eu\/fr\/\"},{\"@type\":\"ListItem\",\"position\":2,\"name\":\"Catalogue\",\"item\":\"https:\/\/gymfactory.eu\/fr\/catalogue-2\/\"},{\"@type\":\"ListItem\",\"position\":3,\"name\":\"Machine de Leg Curl Assis D5\"}]},{\"@type\":\"WebSite\",\"@id\":\"https:\/\/gymfactory.eu\/fr\/#website\",\"url\":\"https:\/\/gymfactory.eu\/fr\/\",\"name\":\"Gym Factory\",\"description\":\"\",\"publisher\":{\"@id\":\"https:\/\/gymfactory.eu\/fr\/#organization\"},\"potentialAction\":[{\"@type\":\"SearchAction\",\"target\":{\"@type\":\"EntryPoint\",\"urlTemplate\":\"https:\/\/gymfactory.eu\/fr\/?s={search_term_string}\"},\"query-input\":{\"@type\":\"PropertyValueSpecification\",\"valueRequired\":true,\"valueName\":\"search_term_string\"}}],\"inLanguage\":\"fr-FR\"},{\"@type\":\"Organization\",\"@id\":\"https:\/\/gymfactory.eu\/fr\/#organization\",\"name\":\"Gym Factory\",\"url\":\"https:\/\/gymfactory.eu\/fr\/\",\"logo\":{\"@type\":\"ImageObject\",\"inLanguage\":\"fr-FR\",\"@id\":\"https:\/\/gymfactory.eu\/fr\/#\/schema\/logo\/image\/\",\"url\":\"https:\/\/gymfactory.eu\/wp-content\/uploads\/2024\/11\/Component-1.svg\",\"contentUrl\":\"https:\/\/gymfactory.eu\/wp-content\/uploads\/2024\/11\/Component-1.svg\",\"width\":54,\"height\":44,\"caption\":\"Gym Factory\"},\"image\":{\"@id\":\"https:\/\/gymfactory.eu\/fr\/#\/schema\/logo\/image\/\"}}]}<\/script>\n<!-- \/ Yoast SEO plugin. -->","yoast_head_json":{"title":"Machine de Leg Curl Assis D5 | \u00c9quipement de Musculation","description":"Vous cherchez \u00e0 isoler et renforcer vos ischio-jambiers ? La Machine de Leg Curl Assis D5 est un \u00e9quipement fiable con\u00e7u pour un entra\u00eenement cibl\u00e9 et confortable.","robots":{"index":"index","follow":"follow","max-snippet":"max-snippet:-1","max-image-preview":"max-image-preview:large","max-video-preview":"max-video-preview:-1"},"canonical":"https:\/\/gymfactory.eu\/fr\/produit\/machine-de-leg-curl-assis-d5\/","og_locale":"fr_FR","og_type":"article","og_title":"Machine de Leg Curl Assis D5 | \u00c9quipement de Musculation","og_description":"Vous cherchez \u00e0 isoler et renforcer vos ischio-jambiers ? La Machine de Leg Curl Assis D5 est un \u00e9quipement fiable con\u00e7u pour un entra\u00eenement cibl\u00e9 et confortable.","og_url":"https:\/\/gymfactory.eu\/fr\/produit\/machine-de-leg-curl-assis-d5\/","og_site_name":"Gym Factory","og_image":[{"width":1500,"height":1500,"url":"https:\/\/gymfactory.eu\/wp-content\/uploads\/2025\/01\/gym-machine-D5-leg-curl-black-version.webp","type":"image\/webp"}],"twitter_card":"summary_large_image","twitter_misc":{"Dur\u00e9e de lecture estim\u00e9e":"1 minute"},"schema":{"@context":"https:\/\/schema.org","@graph":[{"@type":"WebPage","@id":"https:\/\/gymfactory.eu\/fr\/produit\/machine-de-leg-curl-assis-d5\/","url":"https:\/\/gymfactory.eu\/fr\/produit\/machine-de-leg-curl-assis-d5\/","name":"Machine de Leg Curl Assis D5 | \u00c9quipement de Musculation","isPartOf":{"@id":"https:\/\/gymfactory.eu\/fr\/#website"},"primaryImageOfPage":{"@id":"https:\/\/gymfactory.eu\/fr\/produit\/machine-de-leg-curl-assis-d5\/#primaryimage"},"image":{"@id":"https:\/\/gymfactory.eu\/fr\/produit\/machine-de-leg-curl-assis-d5\/#primaryimage"},"thumbnailUrl":"https:\/\/gymfactory.eu\/wp-content\/uploads\/2025\/01\/gym-machine-D5-leg-curl-black-version.webp","datePublished":"2025-01-29T10:06:05+00:00","description":"Vous cherchez \u00e0 isoler et renforcer vos ischio-jambiers ? La Machine de Leg Curl Assis D5 est un \u00e9quipement fiable con\u00e7u pour un entra\u00eenement cibl\u00e9 et confortable.","breadcrumb":{"@id":"https:\/\/gymfactory.eu\/fr\/produit\/machine-de-leg-curl-assis-d5\/#breadcrumb"},"inLanguage":"fr-FR","potentialAction":[{"@type":"ReadAction","target":["https:\/\/gymfactory.eu\/fr\/produit\/machine-de-leg-curl-assis-d5\/"]}]},{"@type":"ImageObject","inLanguage":"fr-FR","@id":"https:\/\/gymfactory.eu\/fr\/produit\/machine-de-leg-curl-assis-d5\/#primaryimage","url":"https:\/\/gymfactory.eu\/wp-content\/uploads\/2025\/01\/gym-machine-D5-leg-curl-black-version.webp","contentUrl":"https:\/\/gymfactory.eu\/wp-content\/uploads\/2025\/01\/gym-machine-D5-leg-curl-black-version.webp","width":1500,"height":1500,"caption":"Une machine de musculation leg curl noire et \u00e9l\u00e9gante, con\u00e7ue pour les exercices de force du bas du corps. Cet \u00e9quipement est construit avec un ch\u00e2ssis robuste, un si\u00e8ge ergonomique et un support rembourr\u00e9 pour le confort. La machine permet un mouvement fluide et contr\u00f4l\u00e9, ce qui la rend parfaite pour isoler les ischio-jambiers et am\u00e9liorer le d\u00e9veloppement musculaire."},{"@type":"BreadcrumbList","@id":"https:\/\/gymfactory.eu\/fr\/produit\/machine-de-leg-curl-assis-d5\/#breadcrumb","itemListElement":[{"@type":"ListItem","position":1,"name":"Home","item":"https:\/\/gymfactory.eu\/fr\/"},{"@type":"ListItem","position":2,"name":"Catalogue","item":"https:\/\/gymfactory.eu\/fr\/catalogue-2\/"},{"@type":"ListItem","position":3,"name":"Machine de Leg Curl Assis D5"}]},{"@type":"WebSite","@id":"https:\/\/gymfactory.eu\/fr\/#website","url":"https:\/\/gymfactory.eu\/fr\/","name":"Gym Factory","description":"","publisher":{"@id":"https:\/\/gymfactory.eu\/fr\/#organization"},"potentialAction":[{"@type":"SearchAction","target":{"@type":"EntryPoint","urlTemplate":"https:\/\/gymfactory.eu\/fr\/?s={search_term_string}"},"query-input":{"@type":"PropertyValueSpecification","valueRequired":true,"valueName":"search_term_string"}}],"inLanguage":"fr-FR"},{"@type":"Organization","@id":"https:\/\/gymfactory.eu\/fr\/#organization","name":"Gym Factory","url":"https:\/\/gymfactory.eu\/fr\/","logo":{"@type":"ImageObject","inLanguage":"fr-FR","@id":"https:\/\/gymfactory.eu\/fr\/#\/schema\/logo\/image\/","url":"https:\/\/gymfactory.eu\/wp-content\/uploads\/2024\/11\/Component-1.svg","contentUrl":"https:\/\/gymfactory.eu\/wp-content\/uploads\/2024\/11\/Component-1.svg","width":54,"height":44,"caption":"Gym Factory"},"image":{"@id":"https:\/\/gymfactory.eu\/fr\/#\/schema\/logo\/image\/"}}]}},"_links":{"self":[{"href":"https:\/\/gymfactory.eu\/fr\/wp-json\/wp\/v2\/product\/24361","targetHints":{"allow":["GET"]}}],"collection":[{"href":"https:\/\/gymfactory.eu\/fr\/wp-json\/wp\/v2\/product"}],"about":[{"href":"https:\/\/gymfactory.eu\/fr\/wp-json\/wp\/v2\/types\/product"}],"wp:featuredmedia":[{"embeddable":true,"href":"https:\/\/gymfactory.eu\/fr\/wp-json\/wp\/v2\/media\/11477"}],"wp:attachment":[{"href":"https:\/\/gymfactory.eu\/fr\/wp-json\/wp\/v2\/media?parent=24361"}],"wp:term":[{"taxonomy":"product_brand","embeddable":true,"href":"https:\/\/gymfactory.eu\/fr\/wp-json\/wp\/v2\/product_brand?post=24361"},{"taxonomy":"product_cat","embeddable":true,"href":"https:\/\/gymfactory.eu\/fr\/wp-json\/wp\/v2\/product_cat?post=24361"},{"taxonomy":"product_tag","embeddable":true,"href":"https:\/\/gymfactory.eu\/fr\/wp-json\/wp\/v2\/product_tag?post=24361"}],"curies":[{"name":"wp","href":"https:\/\/api.w.org\/{rel}","templated":true}]}}