{"id":24353,"date":"2025-01-29T11:20:12","date_gmt":"2025-01-29T09:20:12","guid":{"rendered":"https:\/\/gymfactory.eu\/product\/machine-power-runner-d4x\/"},"modified":"2025-01-29T11:20:12","modified_gmt":"2025-01-29T09:20:12","slug":"machine-power-runner-d4x","status":"publish","type":"product","link":"https:\/\/gymfactory.eu\/fr\/produit\/machine-power-runner-d4x\/","title":{"rendered":"Machine Power Runner D4X"},"content":{"rendered":"<p>La Machine Power Runner D4X est un \u00e9quipement de musculation haute performance con\u00e7u pour d\u00e9velopper la force, l\u2019endurance et la puissance explosive gr\u00e2ce \u00e0 des mouvements de type sprint. Elle reproduit la m\u00e9canique de course et les actions dynamiques du bas du corps, ce qui la rend parfaitement adapt\u00e9e \u00e0 l\u2019entra\u00eenement athl\u00e9tique et ax\u00e9 sur la performance. <\/p>\n<p>Avec cette machine, vous pouvez cibler les principaux groupes musculaires du bas du corps tels que les quadriceps, les fessiers, les ischio-jambiers et les mollets. Des exercices tels que les drills de course en puissance, les presses explosives et les sprints sur place aident \u00e0 renforcer le bas du corps et \u00e0 am\u00e9liorer l\u2019efficacit\u00e9 du mouvement. Vous pouvez \u00e9galement effectuer des mont\u00e9es de marche explosives et des exercices de lev\u00e9es de genoux pour am\u00e9liorer la vitesse et l\u2019agilit\u00e9.  <\/p>\n<p>La machine dispose d\u2019un ch\u00e2ssis robuste et d\u2019un syst\u00e8me de support d\u2019\u00e9paules \u00e0 angle r\u00e9glable, permettant aux utilisateurs d\u2019adapter la configuration pour le confort et l\u2019efficacit\u00e9 de l\u2019entra\u00eenement.<\/p>\n\n    <div class=\"xs_social_share_widget xs_share_url after_content \t\tmain_content  wslu-style-1 wslu-share-box-shaped wslu-fill-colored wslu-none wslu-share-horizontal wslu-theme-font-no wslu-main_content\">\n\n\t\t\n        <ul>\n\t\t\t        <\/ul>\n    <\/div> \n","protected":false},"excerpt":{"rendered":"<p>La Machine Power Runner D4X est un \u00e9quipement de musculation haute performance con\u00e7u pour d\u00e9velopper la force, l\u2019endurance et la puissance explosive gr\u00e2ce \u00e0 des mouvements de type sprint. Elle reproduit la m\u00e9canique de course et les actions dynamiques du bas du corps, ce qui la rend parfaitement adapt\u00e9e \u00e0 l\u2019entra\u00eenement athl\u00e9tique et ax\u00e9 sur [&hellip;]<\/p>\n","protected":false},"featured_media":11975,"template":"","meta":{"_acf_changed":false},"product_brand":[56],"product_cat":[832],"product_tag":[],"class_list":{"0":"post-24353","1":"product","2":"type-product","3":"status-publish","4":"has-post-thumbnail","6":"product_brand-gym-factory","7":"product_cat-machines-a-charge-par-plaques","9":"first","10":"onbackorder","11":"taxable","12":"shipping-taxable","13":"purchasable","14":"product-type-variable","15":"has-default-attributes"},"acf":[],"yoast_head":"<!-- This site is optimized with the Yoast SEO plugin v25.2 - https:\/\/yoast.com\/wordpress\/plugins\/seo\/ -->\n<title>Machine Power Runner 4X | \u00c9quipement de Musculation pour l\u2019Entra\u00eenement de Vitesse<\/title>\n<meta name=\"description\" content=\"Vous voulez am\u00e9liorer votre vitesse et votre puissance athl\u00e9tique ? La Machine Power Runner 4X est un \u00e9quipement con\u00e7u pour entra\u00eener le mouvement explosif et la performance au sprint.\" \/>\n<meta name=\"robots\" content=\"index, follow, max-snippet:-1, max-image-preview:large, max-video-preview:-1\" \/>\n<link rel=\"canonical\" href=\"https:\/\/gymfactory.eu\/fr\/produit\/machine-power-runner-d4x\/\" \/>\n<meta property=\"og:locale\" content=\"fr_FR\" \/>\n<meta property=\"og:type\" content=\"article\" \/>\n<meta property=\"og:title\" content=\"Machine Power Runner 4X | \u00c9quipement de Musculation pour l\u2019Entra\u00eenement de Vitesse\" \/>\n<meta property=\"og:description\" content=\"Vous voulez am\u00e9liorer votre vitesse et votre puissance athl\u00e9tique ? La Machine Power Runner 4X est un \u00e9quipement con\u00e7u pour entra\u00eener le mouvement explosif et la performance au sprint.\" \/>\n<meta property=\"og:url\" content=\"https:\/\/gymfactory.eu\/fr\/produit\/machine-power-runner-d4x\/\" \/>\n<meta property=\"og:site_name\" content=\"Gym Factory\" \/>\n<meta property=\"og:image\" content=\"https:\/\/gymfactory.eu\/wp-content\/uploads\/2025\/01\/gym-machine-D4X-iso-lateral-leg-press-front-view-1.webp\" \/>\n\t<meta property=\"og:image:width\" content=\"1500\" \/>\n\t<meta property=\"og:image:height\" content=\"1500\" \/>\n\t<meta property=\"og:image:type\" content=\"image\/webp\" \/>\n<meta name=\"twitter:card\" content=\"summary_large_image\" \/>\n<meta name=\"twitter:label1\" content=\"Dur\u00e9e de lecture estim\u00e9e\" \/>\n\t<meta name=\"twitter:data1\" content=\"1 minute\" \/>\n<script type=\"application\/ld+json\" class=\"yoast-schema-graph\">{\"@context\":\"https:\/\/schema.org\",\"@graph\":[{\"@type\":\"WebPage\",\"@id\":\"https:\/\/gymfactory.eu\/fr\/produit\/machine-power-runner-d4x\/\",\"url\":\"https:\/\/gymfactory.eu\/fr\/produit\/machine-power-runner-d4x\/\",\"name\":\"Machine Power Runner 4X | \u00c9quipement de Musculation pour l\u2019Entra\u00eenement de Vitesse\",\"isPartOf\":{\"@id\":\"https:\/\/gymfactory.eu\/fr\/#website\"},\"primaryImageOfPage\":{\"@id\":\"https:\/\/gymfactory.eu\/fr\/produit\/machine-power-runner-d4x\/#primaryimage\"},\"image\":{\"@id\":\"https:\/\/gymfactory.eu\/fr\/produit\/machine-power-runner-d4x\/#primaryimage\"},\"thumbnailUrl\":\"https:\/\/gymfactory.eu\/wp-content\/uploads\/2025\/01\/gym-machine-D4X-iso-lateral-leg-press-front-view-1.webp\",\"datePublished\":\"2025-01-29T09:20:12+00:00\",\"description\":\"Vous voulez am\u00e9liorer votre vitesse et votre puissance athl\u00e9tique ? La Machine Power Runner 4X est un \u00e9quipement con\u00e7u pour entra\u00eener le mouvement explosif et la performance au sprint.\",\"breadcrumb\":{\"@id\":\"https:\/\/gymfactory.eu\/fr\/produit\/machine-power-runner-d4x\/#breadcrumb\"},\"inLanguage\":\"fr-FR\",\"potentialAction\":[{\"@type\":\"ReadAction\",\"target\":[\"https:\/\/gymfactory.eu\/fr\/produit\/machine-power-runner-d4x\/\"]}]},{\"@type\":\"ImageObject\",\"inLanguage\":\"fr-FR\",\"@id\":\"https:\/\/gymfactory.eu\/fr\/produit\/machine-power-runner-d4x\/#primaryimage\",\"url\":\"https:\/\/gymfactory.eu\/wp-content\/uploads\/2025\/01\/gym-machine-D4X-iso-lateral-leg-press-front-view-1.webp\",\"contentUrl\":\"https:\/\/gymfactory.eu\/wp-content\/uploads\/2025\/01\/gym-machine-D4X-iso-lateral-leg-press-front-view-1.webp\",\"width\":1500,\"height\":1500,\"caption\":\"Une vue lat\u00e9rale de la machine de presse \u00e0 cuisses iso-lat\u00e9rale D4X mettant en valeur son ch\u00e2ssis inclin\u00e9, ses bras de mouvement ind\u00e9pendants et ses tiges de rangement de poids. Cette machine de musculation pour les exercices de force se concentre sur le d\u00e9veloppement musculaire unilat\u00e9ral du bas du corps et l\u2019entra\u00eenement \u00e0 r\u00e9sistance contr\u00f4l\u00e9e.\"},{\"@type\":\"BreadcrumbList\",\"@id\":\"https:\/\/gymfactory.eu\/fr\/produit\/machine-power-runner-d4x\/#breadcrumb\",\"itemListElement\":[{\"@type\":\"ListItem\",\"position\":1,\"name\":\"Home\",\"item\":\"https:\/\/gymfactory.eu\/fr\/\"},{\"@type\":\"ListItem\",\"position\":2,\"name\":\"Catalogue\",\"item\":\"https:\/\/gymfactory.eu\/fr\/catalogue-2\/\"},{\"@type\":\"ListItem\",\"position\":3,\"name\":\"Machine Power Runner D4X\"}]},{\"@type\":\"WebSite\",\"@id\":\"https:\/\/gymfactory.eu\/fr\/#website\",\"url\":\"https:\/\/gymfactory.eu\/fr\/\",\"name\":\"Gym Factory\",\"description\":\"\",\"publisher\":{\"@id\":\"https:\/\/gymfactory.eu\/fr\/#organization\"},\"potentialAction\":[{\"@type\":\"SearchAction\",\"target\":{\"@type\":\"EntryPoint\",\"urlTemplate\":\"https:\/\/gymfactory.eu\/fr\/?s={search_term_string}\"},\"query-input\":{\"@type\":\"PropertyValueSpecification\",\"valueRequired\":true,\"valueName\":\"search_term_string\"}}],\"inLanguage\":\"fr-FR\"},{\"@type\":\"Organization\",\"@id\":\"https:\/\/gymfactory.eu\/fr\/#organization\",\"name\":\"Gym Factory\",\"url\":\"https:\/\/gymfactory.eu\/fr\/\",\"logo\":{\"@type\":\"ImageObject\",\"inLanguage\":\"fr-FR\",\"@id\":\"https:\/\/gymfactory.eu\/fr\/#\/schema\/logo\/image\/\",\"url\":\"https:\/\/gymfactory.eu\/wp-content\/uploads\/2024\/11\/Component-1.svg\",\"contentUrl\":\"https:\/\/gymfactory.eu\/wp-content\/uploads\/2024\/11\/Component-1.svg\",\"width\":54,\"height\":44,\"caption\":\"Gym Factory\"},\"image\":{\"@id\":\"https:\/\/gymfactory.eu\/fr\/#\/schema\/logo\/image\/\"}}]}<\/script>\n<!-- \/ Yoast SEO plugin. -->","yoast_head_json":{"title":"Machine Power Runner 4X | \u00c9quipement de Musculation pour l\u2019Entra\u00eenement de Vitesse","description":"Vous voulez am\u00e9liorer votre vitesse et votre puissance athl\u00e9tique ? La Machine Power Runner 4X est un \u00e9quipement con\u00e7u pour entra\u00eener le mouvement explosif et la performance au sprint.","robots":{"index":"index","follow":"follow","max-snippet":"max-snippet:-1","max-image-preview":"max-image-preview:large","max-video-preview":"max-video-preview:-1"},"canonical":"https:\/\/gymfactory.eu\/fr\/produit\/machine-power-runner-d4x\/","og_locale":"fr_FR","og_type":"article","og_title":"Machine Power Runner 4X | \u00c9quipement de Musculation pour l\u2019Entra\u00eenement de Vitesse","og_description":"Vous voulez am\u00e9liorer votre vitesse et votre puissance athl\u00e9tique ? La Machine Power Runner 4X est un \u00e9quipement con\u00e7u pour entra\u00eener le mouvement explosif et la performance au sprint.","og_url":"https:\/\/gymfactory.eu\/fr\/produit\/machine-power-runner-d4x\/","og_site_name":"Gym Factory","og_image":[{"width":1500,"height":1500,"url":"https:\/\/gymfactory.eu\/wp-content\/uploads\/2025\/01\/gym-machine-D4X-iso-lateral-leg-press-front-view-1.webp","type":"image\/webp"}],"twitter_card":"summary_large_image","twitter_misc":{"Dur\u00e9e de lecture estim\u00e9e":"1 minute"},"schema":{"@context":"https:\/\/schema.org","@graph":[{"@type":"WebPage","@id":"https:\/\/gymfactory.eu\/fr\/produit\/machine-power-runner-d4x\/","url":"https:\/\/gymfactory.eu\/fr\/produit\/machine-power-runner-d4x\/","name":"Machine Power Runner 4X | \u00c9quipement de Musculation pour l\u2019Entra\u00eenement de Vitesse","isPartOf":{"@id":"https:\/\/gymfactory.eu\/fr\/#website"},"primaryImageOfPage":{"@id":"https:\/\/gymfactory.eu\/fr\/produit\/machine-power-runner-d4x\/#primaryimage"},"image":{"@id":"https:\/\/gymfactory.eu\/fr\/produit\/machine-power-runner-d4x\/#primaryimage"},"thumbnailUrl":"https:\/\/gymfactory.eu\/wp-content\/uploads\/2025\/01\/gym-machine-D4X-iso-lateral-leg-press-front-view-1.webp","datePublished":"2025-01-29T09:20:12+00:00","description":"Vous voulez am\u00e9liorer votre vitesse et votre puissance athl\u00e9tique ? La Machine Power Runner 4X est un \u00e9quipement con\u00e7u pour entra\u00eener le mouvement explosif et la performance au sprint.","breadcrumb":{"@id":"https:\/\/gymfactory.eu\/fr\/produit\/machine-power-runner-d4x\/#breadcrumb"},"inLanguage":"fr-FR","potentialAction":[{"@type":"ReadAction","target":["https:\/\/gymfactory.eu\/fr\/produit\/machine-power-runner-d4x\/"]}]},{"@type":"ImageObject","inLanguage":"fr-FR","@id":"https:\/\/gymfactory.eu\/fr\/produit\/machine-power-runner-d4x\/#primaryimage","url":"https:\/\/gymfactory.eu\/wp-content\/uploads\/2025\/01\/gym-machine-D4X-iso-lateral-leg-press-front-view-1.webp","contentUrl":"https:\/\/gymfactory.eu\/wp-content\/uploads\/2025\/01\/gym-machine-D4X-iso-lateral-leg-press-front-view-1.webp","width":1500,"height":1500,"caption":"Une vue lat\u00e9rale de la machine de presse \u00e0 cuisses iso-lat\u00e9rale D4X mettant en valeur son ch\u00e2ssis inclin\u00e9, ses bras de mouvement ind\u00e9pendants et ses tiges de rangement de poids. Cette machine de musculation pour les exercices de force se concentre sur le d\u00e9veloppement musculaire unilat\u00e9ral du bas du corps et l\u2019entra\u00eenement \u00e0 r\u00e9sistance contr\u00f4l\u00e9e."},{"@type":"BreadcrumbList","@id":"https:\/\/gymfactory.eu\/fr\/produit\/machine-power-runner-d4x\/#breadcrumb","itemListElement":[{"@type":"ListItem","position":1,"name":"Home","item":"https:\/\/gymfactory.eu\/fr\/"},{"@type":"ListItem","position":2,"name":"Catalogue","item":"https:\/\/gymfactory.eu\/fr\/catalogue-2\/"},{"@type":"ListItem","position":3,"name":"Machine Power Runner D4X"}]},{"@type":"WebSite","@id":"https:\/\/gymfactory.eu\/fr\/#website","url":"https:\/\/gymfactory.eu\/fr\/","name":"Gym Factory","description":"","publisher":{"@id":"https:\/\/gymfactory.eu\/fr\/#organization"},"potentialAction":[{"@type":"SearchAction","target":{"@type":"EntryPoint","urlTemplate":"https:\/\/gymfactory.eu\/fr\/?s={search_term_string}"},"query-input":{"@type":"PropertyValueSpecification","valueRequired":true,"valueName":"search_term_string"}}],"inLanguage":"fr-FR"},{"@type":"Organization","@id":"https:\/\/gymfactory.eu\/fr\/#organization","name":"Gym Factory","url":"https:\/\/gymfactory.eu\/fr\/","logo":{"@type":"ImageObject","inLanguage":"fr-FR","@id":"https:\/\/gymfactory.eu\/fr\/#\/schema\/logo\/image\/","url":"https:\/\/gymfactory.eu\/wp-content\/uploads\/2024\/11\/Component-1.svg","contentUrl":"https:\/\/gymfactory.eu\/wp-content\/uploads\/2024\/11\/Component-1.svg","width":54,"height":44,"caption":"Gym Factory"},"image":{"@id":"https:\/\/gymfactory.eu\/fr\/#\/schema\/logo\/image\/"}}]}},"_links":{"self":[{"href":"https:\/\/gymfactory.eu\/fr\/wp-json\/wp\/v2\/product\/24353","targetHints":{"allow":["GET"]}}],"collection":[{"href":"https:\/\/gymfactory.eu\/fr\/wp-json\/wp\/v2\/product"}],"about":[{"href":"https:\/\/gymfactory.eu\/fr\/wp-json\/wp\/v2\/types\/product"}],"wp:featuredmedia":[{"embeddable":true,"href":"https:\/\/gymfactory.eu\/fr\/wp-json\/wp\/v2\/media\/11975"}],"wp:attachment":[{"href":"https:\/\/gymfactory.eu\/fr\/wp-json\/wp\/v2\/media?parent=24353"}],"wp:term":[{"taxonomy":"product_brand","embeddable":true,"href":"https:\/\/gymfactory.eu\/fr\/wp-json\/wp\/v2\/product_brand?post=24353"},{"taxonomy":"product_cat","embeddable":true,"href":"https:\/\/gymfactory.eu\/fr\/wp-json\/wp\/v2\/product_cat?post=24353"},{"taxonomy":"product_tag","embeddable":true,"href":"https:\/\/gymfactory.eu\/fr\/wp-json\/wp\/v2\/product_tag?post=24353"}],"curies":[{"name":"wp","href":"https:\/\/api.w.org\/{rel}","templated":true}]}}