{"id":24341,"date":"2025-01-29T11:00:47","date_gmt":"2025-01-29T09:00:47","guid":{"rendered":"https:\/\/gymfactory.eu\/product\/machine-de-presse-a-cuisses-horizontale-d4\/"},"modified":"2025-01-29T11:00:47","modified_gmt":"2025-01-29T09:00:47","slug":"machine-de-presse-a-cuisses-horizontale-d4","status":"publish","type":"product","link":"https:\/\/gymfactory.eu\/fr\/produit\/machine-de-presse-a-cuisses-horizontale-d4\/","title":{"rendered":"Machine de Presse \u00e0 Cuisses Horizontale D4"},"content":{"rendered":"<p>La Machine de Presse \u00e0 Cuisses Horizontale D4 est un ajout durable et fiable \u00e0 toute salle de sport commerciale ou \u00e0 domicile. Cet \u00e9quipement de musculation offre un mouvement fluide et contr\u00f4l\u00e9 ainsi qu\u2019une construction solide con\u00e7ue pour une performance \u00e0 long terme. <\/p>\n<p>Avec cette machine de musculation, vous pouvez vous concentrer sur les exercices du bas du corps. La presse \u00e0 cuisses horizontale est id\u00e9ale pour d\u00e9velopper la force globale, tandis que la presse unilat\u00e9rale aide \u00e0 am\u00e9liorer l\u2019\u00e9quilibre et \u00e0 corriger les d\u00e9s\u00e9quilibres musculaires. Les presses avec \u00e9cartement large ciblent les fessiers, tandis que les presses avec \u00e9cartement serr\u00e9 mettent l\u2019accent sur les quadriceps.  <\/p>\n<p>Les plateformes pour les pieds peuvent \u00eatre utilis\u00e9es ensemble ou ind\u00e9pendamment, selon le r\u00e9glage du levier, permettant un mouvement bilat\u00e9ral ou unilat\u00e9ral. La distance entre le dossier et la plateforme de pieds est r\u00e9glable, aidant les utilisateurs de diff\u00e9rentes tailles \u00e0 trouver une position optimale et s\u00fbre.<\/p>\n\n    <div class=\"xs_social_share_widget xs_share_url after_content \t\tmain_content  wslu-style-1 wslu-share-box-shaped wslu-fill-colored wslu-none wslu-share-horizontal wslu-theme-font-no wslu-main_content\">\n\n\t\t\n        <ul>\n\t\t\t        <\/ul>\n    <\/div> \n","protected":false},"excerpt":{"rendered":"<p>La Machine de Presse \u00e0 Cuisses Horizontale D4 est un ajout durable et fiable \u00e0 toute salle de sport commerciale ou \u00e0 domicile. Cet \u00e9quipement de musculation offre un mouvement fluide et contr\u00f4l\u00e9 ainsi qu\u2019une construction solide con\u00e7ue pour une performance \u00e0 long terme. Avec cette machine de musculation, vous pouvez vous concentrer sur les [&hellip;]<\/p>\n","protected":false},"featured_media":11297,"template":"","meta":{"_acf_changed":false},"product_brand":[56],"product_cat":[832],"product_tag":[],"class_list":{"0":"post-24341","1":"product","2":"type-product","3":"status-publish","4":"has-post-thumbnail","6":"product_brand-gym-factory","7":"product_cat-machines-a-charge-par-plaques","9":"first","10":"onbackorder","11":"taxable","12":"shipping-taxable","13":"purchasable","14":"product-type-variable","15":"has-default-attributes"},"acf":[],"yoast_head":"<!-- This site is optimized with the Yoast SEO plugin v25.2 - https:\/\/yoast.com\/wordpress\/plugins\/seo\/ -->\n<title>Machine de Presse \u00e0 Cuisses Horizontale D4 | Con\u00e7ue pour Tous les Espaces Gym<\/title>\n<meta name=\"description\" content=\"Vous \u00e9quipez une salle de sport avec du mat\u00e9riel fiable ? La Machine de Presse \u00e0 Cuisses Horizontale D4 est con\u00e7ue pour une performance fluide, une durabilit\u00e9 et des entra\u00eenements de jambes efficaces.\" \/>\n<meta name=\"robots\" content=\"index, follow, max-snippet:-1, max-image-preview:large, max-video-preview:-1\" \/>\n<link rel=\"canonical\" href=\"https:\/\/gymfactory.eu\/fr\/produit\/machine-de-presse-a-cuisses-horizontale-d4\/\" \/>\n<meta property=\"og:locale\" content=\"fr_FR\" \/>\n<meta property=\"og:type\" content=\"article\" \/>\n<meta property=\"og:title\" content=\"Machine de Presse \u00e0 Cuisses Horizontale D4 | Con\u00e7ue pour Tous les Espaces Gym\" \/>\n<meta property=\"og:description\" content=\"Vous \u00e9quipez une salle de sport avec du mat\u00e9riel fiable ? La Machine de Presse \u00e0 Cuisses Horizontale D4 est con\u00e7ue pour une performance fluide, une durabilit\u00e9 et des entra\u00eenements de jambes efficaces.\" \/>\n<meta property=\"og:url\" content=\"https:\/\/gymfactory.eu\/fr\/produit\/machine-de-presse-a-cuisses-horizontale-d4\/\" \/>\n<meta property=\"og:site_name\" content=\"Gym Factory\" \/>\n<meta property=\"og:image\" content=\"https:\/\/gymfactory.eu\/wp-content\/uploads\/2025\/01\/gym-machine-D4-leg-press-black-front-view-1.webp\" \/>\n\t<meta property=\"og:image:width\" content=\"1500\" \/>\n\t<meta property=\"og:image:height\" content=\"1500\" \/>\n\t<meta property=\"og:image:type\" content=\"image\/webp\" \/>\n<meta name=\"twitter:card\" content=\"summary_large_image\" \/>\n<meta name=\"twitter:label1\" content=\"Dur\u00e9e de lecture estim\u00e9e\" \/>\n\t<meta name=\"twitter:data1\" content=\"1 minute\" \/>\n<script type=\"application\/ld+json\" class=\"yoast-schema-graph\">{\"@context\":\"https:\/\/schema.org\",\"@graph\":[{\"@type\":\"WebPage\",\"@id\":\"https:\/\/gymfactory.eu\/fr\/produit\/machine-de-presse-a-cuisses-horizontale-d4\/\",\"url\":\"https:\/\/gymfactory.eu\/fr\/produit\/machine-de-presse-a-cuisses-horizontale-d4\/\",\"name\":\"Machine de Presse \u00e0 Cuisses Horizontale D4 | Con\u00e7ue pour Tous les Espaces Gym\",\"isPartOf\":{\"@id\":\"https:\/\/gymfactory.eu\/fr\/#website\"},\"primaryImageOfPage\":{\"@id\":\"https:\/\/gymfactory.eu\/fr\/produit\/machine-de-presse-a-cuisses-horizontale-d4\/#primaryimage\"},\"image\":{\"@id\":\"https:\/\/gymfactory.eu\/fr\/produit\/machine-de-presse-a-cuisses-horizontale-d4\/#primaryimage\"},\"thumbnailUrl\":\"https:\/\/gymfactory.eu\/wp-content\/uploads\/2025\/01\/gym-machine-D4-leg-press-black-front-view-1.webp\",\"datePublished\":\"2025-01-29T09:00:47+00:00\",\"description\":\"Vous \u00e9quipez une salle de sport avec du mat\u00e9riel fiable ? La Machine de Presse \u00e0 Cuisses Horizontale D4 est con\u00e7ue pour une performance fluide, une durabilit\u00e9 et des entra\u00eenements de jambes efficaces.\",\"breadcrumb\":{\"@id\":\"https:\/\/gymfactory.eu\/fr\/produit\/machine-de-presse-a-cuisses-horizontale-d4\/#breadcrumb\"},\"inLanguage\":\"fr-FR\",\"potentialAction\":[{\"@type\":\"ReadAction\",\"target\":[\"https:\/\/gymfactory.eu\/fr\/produit\/machine-de-presse-a-cuisses-horizontale-d4\/\"]}]},{\"@type\":\"ImageObject\",\"inLanguage\":\"fr-FR\",\"@id\":\"https:\/\/gymfactory.eu\/fr\/produit\/machine-de-presse-a-cuisses-horizontale-d4\/#primaryimage\",\"url\":\"https:\/\/gymfactory.eu\/wp-content\/uploads\/2025\/01\/gym-machine-D4-leg-press-black-front-view-1.webp\",\"contentUrl\":\"https:\/\/gymfactory.eu\/wp-content\/uploads\/2025\/01\/gym-machine-D4-leg-press-black-front-view-1.webp\",\"width\":1500,\"height\":1500,\"caption\":\"Une vue de face compl\u00e8te de la machine de presse \u00e0 cuisses D4 avec son cadre rouge, son si\u00e8ge rembourr\u00e9 noir et ses deux plateformes pour les pieds. Cette machine de musculation est con\u00e7ue pour les exercices de force, offrant stabilit\u00e9 et mouvement contr\u00f4l\u00e9 pour une activation optimale des muscles du bas du corps.\"},{\"@type\":\"BreadcrumbList\",\"@id\":\"https:\/\/gymfactory.eu\/fr\/produit\/machine-de-presse-a-cuisses-horizontale-d4\/#breadcrumb\",\"itemListElement\":[{\"@type\":\"ListItem\",\"position\":1,\"name\":\"Home\",\"item\":\"https:\/\/gymfactory.eu\/fr\/\"},{\"@type\":\"ListItem\",\"position\":2,\"name\":\"Catalogue\",\"item\":\"https:\/\/gymfactory.eu\/fr\/catalogue-2\/\"},{\"@type\":\"ListItem\",\"position\":3,\"name\":\"Machine de Presse \u00e0 Cuisses Horizontale D4\"}]},{\"@type\":\"WebSite\",\"@id\":\"https:\/\/gymfactory.eu\/fr\/#website\",\"url\":\"https:\/\/gymfactory.eu\/fr\/\",\"name\":\"Gym Factory\",\"description\":\"\",\"publisher\":{\"@id\":\"https:\/\/gymfactory.eu\/fr\/#organization\"},\"potentialAction\":[{\"@type\":\"SearchAction\",\"target\":{\"@type\":\"EntryPoint\",\"urlTemplate\":\"https:\/\/gymfactory.eu\/fr\/?s={search_term_string}\"},\"query-input\":{\"@type\":\"PropertyValueSpecification\",\"valueRequired\":true,\"valueName\":\"search_term_string\"}}],\"inLanguage\":\"fr-FR\"},{\"@type\":\"Organization\",\"@id\":\"https:\/\/gymfactory.eu\/fr\/#organization\",\"name\":\"Gym Factory\",\"url\":\"https:\/\/gymfactory.eu\/fr\/\",\"logo\":{\"@type\":\"ImageObject\",\"inLanguage\":\"fr-FR\",\"@id\":\"https:\/\/gymfactory.eu\/fr\/#\/schema\/logo\/image\/\",\"url\":\"https:\/\/gymfactory.eu\/wp-content\/uploads\/2024\/11\/Component-1.svg\",\"contentUrl\":\"https:\/\/gymfactory.eu\/wp-content\/uploads\/2024\/11\/Component-1.svg\",\"width\":54,\"height\":44,\"caption\":\"Gym Factory\"},\"image\":{\"@id\":\"https:\/\/gymfactory.eu\/fr\/#\/schema\/logo\/image\/\"}}]}<\/script>\n<!-- \/ Yoast SEO plugin. -->","yoast_head_json":{"title":"Machine de Presse \u00e0 Cuisses Horizontale D4 | Con\u00e7ue pour Tous les Espaces Gym","description":"Vous \u00e9quipez une salle de sport avec du mat\u00e9riel fiable ? La Machine de Presse \u00e0 Cuisses Horizontale D4 est con\u00e7ue pour une performance fluide, une durabilit\u00e9 et des entra\u00eenements de jambes efficaces.","robots":{"index":"index","follow":"follow","max-snippet":"max-snippet:-1","max-image-preview":"max-image-preview:large","max-video-preview":"max-video-preview:-1"},"canonical":"https:\/\/gymfactory.eu\/fr\/produit\/machine-de-presse-a-cuisses-horizontale-d4\/","og_locale":"fr_FR","og_type":"article","og_title":"Machine de Presse \u00e0 Cuisses Horizontale D4 | Con\u00e7ue pour Tous les Espaces Gym","og_description":"Vous \u00e9quipez une salle de sport avec du mat\u00e9riel fiable ? La Machine de Presse \u00e0 Cuisses Horizontale D4 est con\u00e7ue pour une performance fluide, une durabilit\u00e9 et des entra\u00eenements de jambes efficaces.","og_url":"https:\/\/gymfactory.eu\/fr\/produit\/machine-de-presse-a-cuisses-horizontale-d4\/","og_site_name":"Gym Factory","og_image":[{"width":1500,"height":1500,"url":"https:\/\/gymfactory.eu\/wp-content\/uploads\/2025\/01\/gym-machine-D4-leg-press-black-front-view-1.webp","type":"image\/webp"}],"twitter_card":"summary_large_image","twitter_misc":{"Dur\u00e9e de lecture estim\u00e9e":"1 minute"},"schema":{"@context":"https:\/\/schema.org","@graph":[{"@type":"WebPage","@id":"https:\/\/gymfactory.eu\/fr\/produit\/machine-de-presse-a-cuisses-horizontale-d4\/","url":"https:\/\/gymfactory.eu\/fr\/produit\/machine-de-presse-a-cuisses-horizontale-d4\/","name":"Machine de Presse \u00e0 Cuisses Horizontale D4 | Con\u00e7ue pour Tous les Espaces Gym","isPartOf":{"@id":"https:\/\/gymfactory.eu\/fr\/#website"},"primaryImageOfPage":{"@id":"https:\/\/gymfactory.eu\/fr\/produit\/machine-de-presse-a-cuisses-horizontale-d4\/#primaryimage"},"image":{"@id":"https:\/\/gymfactory.eu\/fr\/produit\/machine-de-presse-a-cuisses-horizontale-d4\/#primaryimage"},"thumbnailUrl":"https:\/\/gymfactory.eu\/wp-content\/uploads\/2025\/01\/gym-machine-D4-leg-press-black-front-view-1.webp","datePublished":"2025-01-29T09:00:47+00:00","description":"Vous \u00e9quipez une salle de sport avec du mat\u00e9riel fiable ? La Machine de Presse \u00e0 Cuisses Horizontale D4 est con\u00e7ue pour une performance fluide, une durabilit\u00e9 et des entra\u00eenements de jambes efficaces.","breadcrumb":{"@id":"https:\/\/gymfactory.eu\/fr\/produit\/machine-de-presse-a-cuisses-horizontale-d4\/#breadcrumb"},"inLanguage":"fr-FR","potentialAction":[{"@type":"ReadAction","target":["https:\/\/gymfactory.eu\/fr\/produit\/machine-de-presse-a-cuisses-horizontale-d4\/"]}]},{"@type":"ImageObject","inLanguage":"fr-FR","@id":"https:\/\/gymfactory.eu\/fr\/produit\/machine-de-presse-a-cuisses-horizontale-d4\/#primaryimage","url":"https:\/\/gymfactory.eu\/wp-content\/uploads\/2025\/01\/gym-machine-D4-leg-press-black-front-view-1.webp","contentUrl":"https:\/\/gymfactory.eu\/wp-content\/uploads\/2025\/01\/gym-machine-D4-leg-press-black-front-view-1.webp","width":1500,"height":1500,"caption":"Une vue de face compl\u00e8te de la machine de presse \u00e0 cuisses D4 avec son cadre rouge, son si\u00e8ge rembourr\u00e9 noir et ses deux plateformes pour les pieds. Cette machine de musculation est con\u00e7ue pour les exercices de force, offrant stabilit\u00e9 et mouvement contr\u00f4l\u00e9 pour une activation optimale des muscles du bas du corps."},{"@type":"BreadcrumbList","@id":"https:\/\/gymfactory.eu\/fr\/produit\/machine-de-presse-a-cuisses-horizontale-d4\/#breadcrumb","itemListElement":[{"@type":"ListItem","position":1,"name":"Home","item":"https:\/\/gymfactory.eu\/fr\/"},{"@type":"ListItem","position":2,"name":"Catalogue","item":"https:\/\/gymfactory.eu\/fr\/catalogue-2\/"},{"@type":"ListItem","position":3,"name":"Machine de Presse \u00e0 Cuisses Horizontale D4"}]},{"@type":"WebSite","@id":"https:\/\/gymfactory.eu\/fr\/#website","url":"https:\/\/gymfactory.eu\/fr\/","name":"Gym Factory","description":"","publisher":{"@id":"https:\/\/gymfactory.eu\/fr\/#organization"},"potentialAction":[{"@type":"SearchAction","target":{"@type":"EntryPoint","urlTemplate":"https:\/\/gymfactory.eu\/fr\/?s={search_term_string}"},"query-input":{"@type":"PropertyValueSpecification","valueRequired":true,"valueName":"search_term_string"}}],"inLanguage":"fr-FR"},{"@type":"Organization","@id":"https:\/\/gymfactory.eu\/fr\/#organization","name":"Gym Factory","url":"https:\/\/gymfactory.eu\/fr\/","logo":{"@type":"ImageObject","inLanguage":"fr-FR","@id":"https:\/\/gymfactory.eu\/fr\/#\/schema\/logo\/image\/","url":"https:\/\/gymfactory.eu\/wp-content\/uploads\/2024\/11\/Component-1.svg","contentUrl":"https:\/\/gymfactory.eu\/wp-content\/uploads\/2024\/11\/Component-1.svg","width":54,"height":44,"caption":"Gym Factory"},"image":{"@id":"https:\/\/gymfactory.eu\/fr\/#\/schema\/logo\/image\/"}}]}},"_links":{"self":[{"href":"https:\/\/gymfactory.eu\/fr\/wp-json\/wp\/v2\/product\/24341","targetHints":{"allow":["GET"]}}],"collection":[{"href":"https:\/\/gymfactory.eu\/fr\/wp-json\/wp\/v2\/product"}],"about":[{"href":"https:\/\/gymfactory.eu\/fr\/wp-json\/wp\/v2\/types\/product"}],"wp:featuredmedia":[{"embeddable":true,"href":"https:\/\/gymfactory.eu\/fr\/wp-json\/wp\/v2\/media\/11297"}],"wp:attachment":[{"href":"https:\/\/gymfactory.eu\/fr\/wp-json\/wp\/v2\/media?parent=24341"}],"wp:term":[{"taxonomy":"product_brand","embeddable":true,"href":"https:\/\/gymfactory.eu\/fr\/wp-json\/wp\/v2\/product_brand?post=24341"},{"taxonomy":"product_cat","embeddable":true,"href":"https:\/\/gymfactory.eu\/fr\/wp-json\/wp\/v2\/product_cat?post=24341"},{"taxonomy":"product_tag","embeddable":true,"href":"https:\/\/gymfactory.eu\/fr\/wp-json\/wp\/v2\/product_tag?post=24341"}],"curies":[{"name":"wp","href":"https:\/\/api.w.org\/{rel}","templated":true}]}}