{"id":24331,"date":"2025-01-29T10:07:07","date_gmt":"2025-01-29T08:07:07","guid":{"rendered":"https:\/\/gymfactory.eu\/product\/machine-de-presse-a-cuisses-d3x\/"},"modified":"2025-01-29T10:07:07","modified_gmt":"2025-01-29T08:07:07","slug":"machine-de-presse-a-cuisses-d3x","status":"publish","type":"product","link":"https:\/\/gymfactory.eu\/fr\/produit\/machine-de-presse-a-cuisses-d3x\/","title":{"rendered":"Machine de Presse \u00e0 Cuisses D3X"},"content":{"rendered":"<p>La Machine de Presse \u00e0 Cuisses D3X est une solution durable pour le renforcement musculaire du bas du corps, adapt\u00e9e aussi bien aux home gyms qu\u2019aux salles de sport commerciales. Son ch\u00e2ssis solide garantit une ex\u00e9cution s\u00fbre et stable lors de chaque s\u00e9ance. <\/p>\n<p>Cette machine de musculation vous permet de cibler les quadriceps, les fessiers, les ischio-jambiers et les mollets gr\u00e2ce \u00e0 des exercices tels que la presse \u00e0 cuisses standard, la presse unilat\u00e9rale et la presse \u00e0 mollets. Un \u00e9cartement large des pieds met l\u2019accent sur les fessiers et les adducteurs, tandis qu\u2019un \u00e9cartement serr\u00e9 cible davantage les quadriceps. Pousser avec les deux jambes aide \u00e0 d\u00e9velopper la force globale et la capacit\u00e9 de charge, tandis que les presses unilat\u00e9rales am\u00e9liorent l\u2019\u00e9quilibre et corrigent les asym\u00e9tries musculaires.  <\/p>\n<p>La machine comprend un dossier \u00e0 angle r\u00e9glable, plusieurs positions de d\u00e9part et des but\u00e9es de s\u00e9curit\u00e9 pour limiter l\u2019amplitude de mouvement. Elle dispose \u00e9galement de points d\u2019ancrage pour bandes \u00e9lastiques, vous permettant d\u2019augmenter ou de r\u00e9duire la difficult\u00e9 selon le placement de la bande. <\/p>\n<p>Le plateau repose-pieds peut \u00eatre utilis\u00e9 comme un seul bloc ou divis\u00e9 en deux sections ind\u00e9pendantes en d\u00e9verrouillant un levier, permettant ainsi d\u2019effectuer la presse une jambe \u00e0 la fois pour un travail plus isol\u00e9.<\/p>\n\n    <div class=\"xs_social_share_widget xs_share_url after_content \t\tmain_content  wslu-style-1 wslu-share-box-shaped wslu-fill-colored wslu-none wslu-share-horizontal wslu-theme-font-no wslu-main_content\">\n\n\t\t\n        <ul>\n\t\t\t        <\/ul>\n    <\/div> \n","protected":false},"excerpt":{"rendered":"<p>La Machine de Presse \u00e0 Cuisses D3X est une solution durable pour le renforcement musculaire du bas du corps, adapt\u00e9e aussi bien aux home gyms qu\u2019aux salles de sport commerciales. Son ch\u00e2ssis solide garantit une ex\u00e9cution s\u00fbre et stable lors de chaque s\u00e9ance. Cette machine de musculation vous permet de cibler les quadriceps, les fessiers, [&hellip;]<\/p>\n","protected":false},"featured_media":11597,"template":"","meta":{"_acf_changed":false},"product_brand":[56],"product_cat":[832],"product_tag":[],"class_list":{"0":"post-24331","1":"product","2":"type-product","3":"status-publish","4":"has-post-thumbnail","6":"product_brand-gym-factory","7":"product_cat-machines-a-charge-par-plaques","9":"first","10":"onbackorder","11":"taxable","12":"shipping-taxable","13":"purchasable","14":"product-type-variable","15":"has-default-attributes"},"acf":[],"yoast_head":"<!-- This site is optimized with the Yoast SEO plugin v25.2 - https:\/\/yoast.com\/wordpress\/plugins\/seo\/ -->\n<title>Machine de Presse \u00e0 Cuisses D3X | \u00c9quipement de Musculation pour l\u2019Entra\u00eenement de Force<\/title>\n<meta name=\"description\" content=\"Vous cherchez \u00e0 renforcer le bas de votre corps ? La Machine de Presse \u00e0 Cuisses D3X est un \u00e9quipement de musculation con\u00e7u pour un entra\u00eenement de force efficace des quadriceps, des fessiers et des ischio-jambiers.\" \/>\n<meta name=\"robots\" content=\"index, follow, max-snippet:-1, max-image-preview:large, max-video-preview:-1\" \/>\n<link rel=\"canonical\" href=\"https:\/\/gymfactory.eu\/fr\/produit\/machine-de-presse-a-cuisses-d3x\/\" \/>\n<meta property=\"og:locale\" content=\"fr_FR\" \/>\n<meta property=\"og:type\" content=\"article\" \/>\n<meta property=\"og:title\" content=\"Machine de Presse \u00e0 Cuisses D3X | \u00c9quipement de Musculation pour l\u2019Entra\u00eenement de Force\" \/>\n<meta property=\"og:description\" content=\"Vous cherchez \u00e0 renforcer le bas de votre corps ? La Machine de Presse \u00e0 Cuisses D3X est un \u00e9quipement de musculation con\u00e7u pour un entra\u00eenement de force efficace des quadriceps, des fessiers et des ischio-jambiers.\" \/>\n<meta property=\"og:url\" content=\"https:\/\/gymfactory.eu\/fr\/produit\/machine-de-presse-a-cuisses-d3x\/\" \/>\n<meta property=\"og:site_name\" content=\"Gym Factory\" \/>\n<meta property=\"og:image\" content=\"https:\/\/gymfactory.eu\/wp-content\/uploads\/2025\/01\/gym-machine-D3X-leg-press-front-view-1.webp\" \/>\n\t<meta property=\"og:image:width\" content=\"1500\" \/>\n\t<meta property=\"og:image:height\" content=\"1500\" \/>\n\t<meta property=\"og:image:type\" content=\"image\/webp\" \/>\n<meta name=\"twitter:card\" content=\"summary_large_image\" \/>\n<meta name=\"twitter:label1\" content=\"Dur\u00e9e de lecture estim\u00e9e\" \/>\n\t<meta name=\"twitter:data1\" content=\"1 minute\" \/>\n<script type=\"application\/ld+json\" class=\"yoast-schema-graph\">{\"@context\":\"https:\/\/schema.org\",\"@graph\":[{\"@type\":\"WebPage\",\"@id\":\"https:\/\/gymfactory.eu\/fr\/produit\/machine-de-presse-a-cuisses-d3x\/\",\"url\":\"https:\/\/gymfactory.eu\/fr\/produit\/machine-de-presse-a-cuisses-d3x\/\",\"name\":\"Machine de Presse \u00e0 Cuisses D3X | \u00c9quipement de Musculation pour l\u2019Entra\u00eenement de Force\",\"isPartOf\":{\"@id\":\"https:\/\/gymfactory.eu\/fr\/#website\"},\"primaryImageOfPage\":{\"@id\":\"https:\/\/gymfactory.eu\/fr\/produit\/machine-de-presse-a-cuisses-d3x\/#primaryimage\"},\"image\":{\"@id\":\"https:\/\/gymfactory.eu\/fr\/produit\/machine-de-presse-a-cuisses-d3x\/#primaryimage\"},\"thumbnailUrl\":\"https:\/\/gymfactory.eu\/wp-content\/uploads\/2025\/01\/gym-machine-D3X-leg-press-front-view-1.webp\",\"datePublished\":\"2025-01-29T08:07:07+00:00\",\"description\":\"Vous cherchez \u00e0 renforcer le bas de votre corps ? La Machine de Presse \u00e0 Cuisses D3X est un \u00e9quipement de musculation con\u00e7u pour un entra\u00eenement de force efficace des quadriceps, des fessiers et des ischio-jambiers.\",\"breadcrumb\":{\"@id\":\"https:\/\/gymfactory.eu\/fr\/produit\/machine-de-presse-a-cuisses-d3x\/#breadcrumb\"},\"inLanguage\":\"fr-FR\",\"potentialAction\":[{\"@type\":\"ReadAction\",\"target\":[\"https:\/\/gymfactory.eu\/fr\/produit\/machine-de-presse-a-cuisses-d3x\/\"]}]},{\"@type\":\"ImageObject\",\"inLanguage\":\"fr-FR\",\"@id\":\"https:\/\/gymfactory.eu\/fr\/produit\/machine-de-presse-a-cuisses-d3x\/#primaryimage\",\"url\":\"https:\/\/gymfactory.eu\/wp-content\/uploads\/2025\/01\/gym-machine-D3X-leg-press-front-view-1.webp\",\"contentUrl\":\"https:\/\/gymfactory.eu\/wp-content\/uploads\/2025\/01\/gym-machine-D3X-leg-press-front-view-1.webp\",\"width\":1500,\"height\":1500,\"caption\":\"Une vue de face compl\u00e8te de la machine de presse \u00e0 cuisses D3X, mettant en \u00e9vidence son ch\u00e2ssis robuste, son si\u00e8ge rembourr\u00e9 et ses repose-pieds inclin\u00e9s. Cet \u00e9quipement de musculation pour exercices de force permet un entra\u00eenement \u00e0 r\u00e9sistance contr\u00f4l\u00e9e, ce qui en fait un ajout pr\u00e9cieux \u00e0 toute salle de sport pour cibler les groupes musculaires du bas du corps.\"},{\"@type\":\"BreadcrumbList\",\"@id\":\"https:\/\/gymfactory.eu\/fr\/produit\/machine-de-presse-a-cuisses-d3x\/#breadcrumb\",\"itemListElement\":[{\"@type\":\"ListItem\",\"position\":1,\"name\":\"Home\",\"item\":\"https:\/\/gymfactory.eu\/fr\/\"},{\"@type\":\"ListItem\",\"position\":2,\"name\":\"Catalogue\",\"item\":\"https:\/\/gymfactory.eu\/fr\/catalogue-2\/\"},{\"@type\":\"ListItem\",\"position\":3,\"name\":\"Machine de Presse \u00e0 Cuisses D3X\"}]},{\"@type\":\"WebSite\",\"@id\":\"https:\/\/gymfactory.eu\/fr\/#website\",\"url\":\"https:\/\/gymfactory.eu\/fr\/\",\"name\":\"Gym Factory\",\"description\":\"\",\"publisher\":{\"@id\":\"https:\/\/gymfactory.eu\/fr\/#organization\"},\"potentialAction\":[{\"@type\":\"SearchAction\",\"target\":{\"@type\":\"EntryPoint\",\"urlTemplate\":\"https:\/\/gymfactory.eu\/fr\/?s={search_term_string}\"},\"query-input\":{\"@type\":\"PropertyValueSpecification\",\"valueRequired\":true,\"valueName\":\"search_term_string\"}}],\"inLanguage\":\"fr-FR\"},{\"@type\":\"Organization\",\"@id\":\"https:\/\/gymfactory.eu\/fr\/#organization\",\"name\":\"Gym Factory\",\"url\":\"https:\/\/gymfactory.eu\/fr\/\",\"logo\":{\"@type\":\"ImageObject\",\"inLanguage\":\"fr-FR\",\"@id\":\"https:\/\/gymfactory.eu\/fr\/#\/schema\/logo\/image\/\",\"url\":\"https:\/\/gymfactory.eu\/wp-content\/uploads\/2024\/11\/Component-1.svg\",\"contentUrl\":\"https:\/\/gymfactory.eu\/wp-content\/uploads\/2024\/11\/Component-1.svg\",\"width\":54,\"height\":44,\"caption\":\"Gym Factory\"},\"image\":{\"@id\":\"https:\/\/gymfactory.eu\/fr\/#\/schema\/logo\/image\/\"}}]}<\/script>\n<!-- \/ Yoast SEO plugin. -->","yoast_head_json":{"title":"Machine de Presse \u00e0 Cuisses D3X | \u00c9quipement de Musculation pour l\u2019Entra\u00eenement de Force","description":"Vous cherchez \u00e0 renforcer le bas de votre corps ? La Machine de Presse \u00e0 Cuisses D3X est un \u00e9quipement de musculation con\u00e7u pour un entra\u00eenement de force efficace des quadriceps, des fessiers et des ischio-jambiers.","robots":{"index":"index","follow":"follow","max-snippet":"max-snippet:-1","max-image-preview":"max-image-preview:large","max-video-preview":"max-video-preview:-1"},"canonical":"https:\/\/gymfactory.eu\/fr\/produit\/machine-de-presse-a-cuisses-d3x\/","og_locale":"fr_FR","og_type":"article","og_title":"Machine de Presse \u00e0 Cuisses D3X | \u00c9quipement de Musculation pour l\u2019Entra\u00eenement de Force","og_description":"Vous cherchez \u00e0 renforcer le bas de votre corps ? La Machine de Presse \u00e0 Cuisses D3X est un \u00e9quipement de musculation con\u00e7u pour un entra\u00eenement de force efficace des quadriceps, des fessiers et des ischio-jambiers.","og_url":"https:\/\/gymfactory.eu\/fr\/produit\/machine-de-presse-a-cuisses-d3x\/","og_site_name":"Gym Factory","og_image":[{"width":1500,"height":1500,"url":"https:\/\/gymfactory.eu\/wp-content\/uploads\/2025\/01\/gym-machine-D3X-leg-press-front-view-1.webp","type":"image\/webp"}],"twitter_card":"summary_large_image","twitter_misc":{"Dur\u00e9e de lecture estim\u00e9e":"1 minute"},"schema":{"@context":"https:\/\/schema.org","@graph":[{"@type":"WebPage","@id":"https:\/\/gymfactory.eu\/fr\/produit\/machine-de-presse-a-cuisses-d3x\/","url":"https:\/\/gymfactory.eu\/fr\/produit\/machine-de-presse-a-cuisses-d3x\/","name":"Machine de Presse \u00e0 Cuisses D3X | \u00c9quipement de Musculation pour l\u2019Entra\u00eenement de Force","isPartOf":{"@id":"https:\/\/gymfactory.eu\/fr\/#website"},"primaryImageOfPage":{"@id":"https:\/\/gymfactory.eu\/fr\/produit\/machine-de-presse-a-cuisses-d3x\/#primaryimage"},"image":{"@id":"https:\/\/gymfactory.eu\/fr\/produit\/machine-de-presse-a-cuisses-d3x\/#primaryimage"},"thumbnailUrl":"https:\/\/gymfactory.eu\/wp-content\/uploads\/2025\/01\/gym-machine-D3X-leg-press-front-view-1.webp","datePublished":"2025-01-29T08:07:07+00:00","description":"Vous cherchez \u00e0 renforcer le bas de votre corps ? La Machine de Presse \u00e0 Cuisses D3X est un \u00e9quipement de musculation con\u00e7u pour un entra\u00eenement de force efficace des quadriceps, des fessiers et des ischio-jambiers.","breadcrumb":{"@id":"https:\/\/gymfactory.eu\/fr\/produit\/machine-de-presse-a-cuisses-d3x\/#breadcrumb"},"inLanguage":"fr-FR","potentialAction":[{"@type":"ReadAction","target":["https:\/\/gymfactory.eu\/fr\/produit\/machine-de-presse-a-cuisses-d3x\/"]}]},{"@type":"ImageObject","inLanguage":"fr-FR","@id":"https:\/\/gymfactory.eu\/fr\/produit\/machine-de-presse-a-cuisses-d3x\/#primaryimage","url":"https:\/\/gymfactory.eu\/wp-content\/uploads\/2025\/01\/gym-machine-D3X-leg-press-front-view-1.webp","contentUrl":"https:\/\/gymfactory.eu\/wp-content\/uploads\/2025\/01\/gym-machine-D3X-leg-press-front-view-1.webp","width":1500,"height":1500,"caption":"Une vue de face compl\u00e8te de la machine de presse \u00e0 cuisses D3X, mettant en \u00e9vidence son ch\u00e2ssis robuste, son si\u00e8ge rembourr\u00e9 et ses repose-pieds inclin\u00e9s. Cet \u00e9quipement de musculation pour exercices de force permet un entra\u00eenement \u00e0 r\u00e9sistance contr\u00f4l\u00e9e, ce qui en fait un ajout pr\u00e9cieux \u00e0 toute salle de sport pour cibler les groupes musculaires du bas du corps."},{"@type":"BreadcrumbList","@id":"https:\/\/gymfactory.eu\/fr\/produit\/machine-de-presse-a-cuisses-d3x\/#breadcrumb","itemListElement":[{"@type":"ListItem","position":1,"name":"Home","item":"https:\/\/gymfactory.eu\/fr\/"},{"@type":"ListItem","position":2,"name":"Catalogue","item":"https:\/\/gymfactory.eu\/fr\/catalogue-2\/"},{"@type":"ListItem","position":3,"name":"Machine de Presse \u00e0 Cuisses D3X"}]},{"@type":"WebSite","@id":"https:\/\/gymfactory.eu\/fr\/#website","url":"https:\/\/gymfactory.eu\/fr\/","name":"Gym Factory","description":"","publisher":{"@id":"https:\/\/gymfactory.eu\/fr\/#organization"},"potentialAction":[{"@type":"SearchAction","target":{"@type":"EntryPoint","urlTemplate":"https:\/\/gymfactory.eu\/fr\/?s={search_term_string}"},"query-input":{"@type":"PropertyValueSpecification","valueRequired":true,"valueName":"search_term_string"}}],"inLanguage":"fr-FR"},{"@type":"Organization","@id":"https:\/\/gymfactory.eu\/fr\/#organization","name":"Gym Factory","url":"https:\/\/gymfactory.eu\/fr\/","logo":{"@type":"ImageObject","inLanguage":"fr-FR","@id":"https:\/\/gymfactory.eu\/fr\/#\/schema\/logo\/image\/","url":"https:\/\/gymfactory.eu\/wp-content\/uploads\/2024\/11\/Component-1.svg","contentUrl":"https:\/\/gymfactory.eu\/wp-content\/uploads\/2024\/11\/Component-1.svg","width":54,"height":44,"caption":"Gym Factory"},"image":{"@id":"https:\/\/gymfactory.eu\/fr\/#\/schema\/logo\/image\/"}}]}},"_links":{"self":[{"href":"https:\/\/gymfactory.eu\/fr\/wp-json\/wp\/v2\/product\/24331","targetHints":{"allow":["GET"]}}],"collection":[{"href":"https:\/\/gymfactory.eu\/fr\/wp-json\/wp\/v2\/product"}],"about":[{"href":"https:\/\/gymfactory.eu\/fr\/wp-json\/wp\/v2\/types\/product"}],"wp:featuredmedia":[{"embeddable":true,"href":"https:\/\/gymfactory.eu\/fr\/wp-json\/wp\/v2\/media\/11597"}],"wp:attachment":[{"href":"https:\/\/gymfactory.eu\/fr\/wp-json\/wp\/v2\/media?parent=24331"}],"wp:term":[{"taxonomy":"product_brand","embeddable":true,"href":"https:\/\/gymfactory.eu\/fr\/wp-json\/wp\/v2\/product_brand?post=24331"},{"taxonomy":"product_cat","embeddable":true,"href":"https:\/\/gymfactory.eu\/fr\/wp-json\/wp\/v2\/product_cat?post=24331"},{"taxonomy":"product_tag","embeddable":true,"href":"https:\/\/gymfactory.eu\/fr\/wp-json\/wp\/v2\/product_tag?post=24331"}],"curies":[{"name":"wp","href":"https:\/\/api.w.org\/{rel}","templated":true}]}}