{"id":24322,"date":"2025-01-29T09:41:05","date_gmt":"2025-01-29T07:41:05","guid":{"rendered":"https:\/\/gymfactory.eu\/product\/machine-de-presse-a-cuisses-d3\/"},"modified":"2025-01-29T09:41:05","modified_gmt":"2025-01-29T07:41:05","slug":"machine-de-presse-a-cuisses-d3","status":"publish","type":"product","link":"https:\/\/gymfactory.eu\/fr\/produit\/machine-de-presse-a-cuisses-d3\/","title":{"rendered":"Machine de Presse \u00e0 Cuisses D3"},"content":{"rendered":"<p>La Machine de Presse \u00e0 Cuisses D3 est con\u00e7ue pour la force et la fiabilit\u00e9, ce qui en fait un choix solide pour les installations de gym \u00e0 domicile et commerciales. Son mouvement fluide et son ch\u00e2ssis stable soutiennent un entra\u00eenement efficace du bas du corps sur le long terme. <\/p>\n<p>Cette presse \u00e0 cuisses vous permet de cibler les quadriceps, les fessiers, les ischio-jambiers et les mollets gr\u00e2ce \u00e0 des exercices tels que la presse \u00e0 cuisses standard, la presse unilat\u00e9rale et la presse \u00e0 mollets. Les presses avec \u00e9cartement large mettent davantage l\u2019accent sur les fessiers et l\u2019int\u00e9rieur des cuisses, tandis que les presses avec \u00e9cartement serr\u00e9 se concentrent sur les quadriceps. <\/p>\n<p>Elle dispose d\u2019un angle de dossier r\u00e9glable, de multiples options de position de d\u00e9part et de but\u00e9es de s\u00e9curit\u00e9 avec diff\u00e9rents r\u00e9glages de hauteur pour limiter l\u2019amplitude de mouvement et am\u00e9liorer la s\u00e9curit\u00e9 de l\u2019utilisateur pendant l\u2019entra\u00eenement.<\/p>\n\n    <div class=\"xs_social_share_widget xs_share_url after_content \t\tmain_content  wslu-style-1 wslu-share-box-shaped wslu-fill-colored wslu-none wslu-share-horizontal wslu-theme-font-no wslu-main_content\">\n\n\t\t\n        <ul>\n\t\t\t        <\/ul>\n    <\/div> \n","protected":false},"excerpt":{"rendered":"<p>La Machine de Presse \u00e0 Cuisses D3 est con\u00e7ue pour la force et la fiabilit\u00e9, ce qui en fait un choix solide pour les installations de gym \u00e0 domicile et commerciales. Son mouvement fluide et son ch\u00e2ssis stable soutiennent un entra\u00eenement efficace du bas du corps sur le long terme. Cette presse \u00e0 cuisses vous [&hellip;]<\/p>\n","protected":false},"featured_media":11572,"template":"","meta":{"_acf_changed":false},"product_brand":[56],"product_cat":[832],"product_tag":[859],"class_list":{"0":"post-24322","1":"product","2":"type-product","3":"status-publish","4":"has-post-thumbnail","6":"product_brand-gym-factory","7":"product_cat-machines-a-charge-par-plaques","8":"product_tag-populaire","10":"first","11":"onbackorder","12":"taxable","13":"shipping-taxable","14":"purchasable","15":"product-type-variable"},"acf":[],"yoast_head":"<!-- This site is optimized with the Yoast SEO plugin v25.2 - https:\/\/yoast.com\/wordpress\/plugins\/seo\/ -->\n<title>Machine de Presse \u00e0 Cuisses D3 pour Quadriceps, Fessiers et Ischios<\/title>\n<meta name=\"description\" content=\"Vous cherchez une presse \u00e0 cuisses pour booster votre routine ? La D3 am\u00e9liore l\u2019entra\u00eenement de force pour les quadriceps, fessiers et ischios - con\u00e7ue pour la puissance et les r\u00e9sultats.\" \/>\n<meta name=\"robots\" content=\"index, follow, max-snippet:-1, max-image-preview:large, max-video-preview:-1\" \/>\n<link rel=\"canonical\" href=\"https:\/\/gymfactory.eu\/fr\/produit\/machine-de-presse-a-cuisses-d3\/\" \/>\n<meta property=\"og:locale\" content=\"fr_FR\" \/>\n<meta property=\"og:type\" content=\"article\" \/>\n<meta property=\"og:title\" content=\"Machine de Presse \u00e0 Cuisses D3 pour Quadriceps, Fessiers et Ischios\" \/>\n<meta property=\"og:description\" content=\"Vous cherchez une presse \u00e0 cuisses pour booster votre routine ? La D3 am\u00e9liore l\u2019entra\u00eenement de force pour les quadriceps, fessiers et ischios - con\u00e7ue pour la puissance et les r\u00e9sultats.\" \/>\n<meta property=\"og:url\" content=\"https:\/\/gymfactory.eu\/fr\/produit\/machine-de-presse-a-cuisses-d3\/\" \/>\n<meta property=\"og:site_name\" content=\"Gym Factory\" \/>\n<meta property=\"og:image\" content=\"https:\/\/gymfactory.eu\/wp-content\/uploads\/2025\/01\/gym-machine-D3-leg-press-angled-front-view-scaled-1-1.webp\" \/>\n\t<meta property=\"og:image:width\" content=\"1500\" \/>\n\t<meta property=\"og:image:height\" content=\"1500\" \/>\n\t<meta property=\"og:image:type\" content=\"image\/webp\" \/>\n<meta name=\"twitter:card\" content=\"summary_large_image\" \/>\n<meta name=\"twitter:label1\" content=\"Dur\u00e9e de lecture estim\u00e9e\" \/>\n\t<meta name=\"twitter:data1\" content=\"1 minute\" \/>\n<script type=\"application\/ld+json\" class=\"yoast-schema-graph\">{\"@context\":\"https:\/\/schema.org\",\"@graph\":[{\"@type\":\"WebPage\",\"@id\":\"https:\/\/gymfactory.eu\/fr\/produit\/machine-de-presse-a-cuisses-d3\/\",\"url\":\"https:\/\/gymfactory.eu\/fr\/produit\/machine-de-presse-a-cuisses-d3\/\",\"name\":\"Machine de Presse \u00e0 Cuisses D3 pour Quadriceps, Fessiers et Ischios\",\"isPartOf\":{\"@id\":\"https:\/\/gymfactory.eu\/fr\/#website\"},\"primaryImageOfPage\":{\"@id\":\"https:\/\/gymfactory.eu\/fr\/produit\/machine-de-presse-a-cuisses-d3\/#primaryimage\"},\"image\":{\"@id\":\"https:\/\/gymfactory.eu\/fr\/produit\/machine-de-presse-a-cuisses-d3\/#primaryimage\"},\"thumbnailUrl\":\"https:\/\/gymfactory.eu\/wp-content\/uploads\/2025\/01\/gym-machine-D3-leg-press-angled-front-view-scaled-1-1.webp\",\"datePublished\":\"2025-01-29T07:41:05+00:00\",\"description\":\"Vous cherchez une presse \u00e0 cuisses pour booster votre routine ? La D3 am\u00e9liore l\u2019entra\u00eenement de force pour les quadriceps, fessiers et ischios - con\u00e7ue pour la puissance et les r\u00e9sultats.\",\"breadcrumb\":{\"@id\":\"https:\/\/gymfactory.eu\/fr\/produit\/machine-de-presse-a-cuisses-d3\/#breadcrumb\"},\"inLanguage\":\"fr-FR\",\"potentialAction\":[{\"@type\":\"ReadAction\",\"target\":[\"https:\/\/gymfactory.eu\/fr\/produit\/machine-de-presse-a-cuisses-d3\/\"]}]},{\"@type\":\"ImageObject\",\"inLanguage\":\"fr-FR\",\"@id\":\"https:\/\/gymfactory.eu\/fr\/produit\/machine-de-presse-a-cuisses-d3\/#primaryimage\",\"url\":\"https:\/\/gymfactory.eu\/wp-content\/uploads\/2025\/01\/gym-machine-D3-leg-press-angled-front-view-scaled-1-1.webp\",\"contentUrl\":\"https:\/\/gymfactory.eu\/wp-content\/uploads\/2025\/01\/gym-machine-D3-leg-press-angled-front-view-scaled-1-1.webp\",\"width\":1500,\"height\":1500,\"caption\":\"Vue de face angulaire d\u2019une machine de musculation de qualit\u00e9 commerciale con\u00e7ue pour les exercices de force. Cette presse \u00e0 cuisses dispose d\u2019un ch\u00e2ssis en acier robuste, d\u2019un large plateau repose-pieds et de multiples tiges de rangement pour les poids, pour des entra\u00eenements efficaces du bas du corps.\"},{\"@type\":\"BreadcrumbList\",\"@id\":\"https:\/\/gymfactory.eu\/fr\/produit\/machine-de-presse-a-cuisses-d3\/#breadcrumb\",\"itemListElement\":[{\"@type\":\"ListItem\",\"position\":1,\"name\":\"Home\",\"item\":\"https:\/\/gymfactory.eu\/fr\/\"},{\"@type\":\"ListItem\",\"position\":2,\"name\":\"Catalogue\",\"item\":\"https:\/\/gymfactory.eu\/fr\/catalogue-2\/\"},{\"@type\":\"ListItem\",\"position\":3,\"name\":\"Machine de Presse \u00e0 Cuisses D3\"}]},{\"@type\":\"WebSite\",\"@id\":\"https:\/\/gymfactory.eu\/fr\/#website\",\"url\":\"https:\/\/gymfactory.eu\/fr\/\",\"name\":\"Gym Factory\",\"description\":\"\",\"publisher\":{\"@id\":\"https:\/\/gymfactory.eu\/fr\/#organization\"},\"potentialAction\":[{\"@type\":\"SearchAction\",\"target\":{\"@type\":\"EntryPoint\",\"urlTemplate\":\"https:\/\/gymfactory.eu\/fr\/?s={search_term_string}\"},\"query-input\":{\"@type\":\"PropertyValueSpecification\",\"valueRequired\":true,\"valueName\":\"search_term_string\"}}],\"inLanguage\":\"fr-FR\"},{\"@type\":\"Organization\",\"@id\":\"https:\/\/gymfactory.eu\/fr\/#organization\",\"name\":\"Gym Factory\",\"url\":\"https:\/\/gymfactory.eu\/fr\/\",\"logo\":{\"@type\":\"ImageObject\",\"inLanguage\":\"fr-FR\",\"@id\":\"https:\/\/gymfactory.eu\/fr\/#\/schema\/logo\/image\/\",\"url\":\"https:\/\/gymfactory.eu\/wp-content\/uploads\/2024\/11\/Component-1.svg\",\"contentUrl\":\"https:\/\/gymfactory.eu\/wp-content\/uploads\/2024\/11\/Component-1.svg\",\"width\":54,\"height\":44,\"caption\":\"Gym Factory\"},\"image\":{\"@id\":\"https:\/\/gymfactory.eu\/fr\/#\/schema\/logo\/image\/\"}}]}<\/script>\n<!-- \/ Yoast SEO plugin. -->","yoast_head_json":{"title":"Machine de Presse \u00e0 Cuisses D3 pour Quadriceps, Fessiers et Ischios","description":"Vous cherchez une presse \u00e0 cuisses pour booster votre routine ? La D3 am\u00e9liore l\u2019entra\u00eenement de force pour les quadriceps, fessiers et ischios - con\u00e7ue pour la puissance et les r\u00e9sultats.","robots":{"index":"index","follow":"follow","max-snippet":"max-snippet:-1","max-image-preview":"max-image-preview:large","max-video-preview":"max-video-preview:-1"},"canonical":"https:\/\/gymfactory.eu\/fr\/produit\/machine-de-presse-a-cuisses-d3\/","og_locale":"fr_FR","og_type":"article","og_title":"Machine de Presse \u00e0 Cuisses D3 pour Quadriceps, Fessiers et Ischios","og_description":"Vous cherchez une presse \u00e0 cuisses pour booster votre routine ? La D3 am\u00e9liore l\u2019entra\u00eenement de force pour les quadriceps, fessiers et ischios - con\u00e7ue pour la puissance et les r\u00e9sultats.","og_url":"https:\/\/gymfactory.eu\/fr\/produit\/machine-de-presse-a-cuisses-d3\/","og_site_name":"Gym Factory","og_image":[{"width":1500,"height":1500,"url":"https:\/\/gymfactory.eu\/wp-content\/uploads\/2025\/01\/gym-machine-D3-leg-press-angled-front-view-scaled-1-1.webp","type":"image\/webp"}],"twitter_card":"summary_large_image","twitter_misc":{"Dur\u00e9e de lecture estim\u00e9e":"1 minute"},"schema":{"@context":"https:\/\/schema.org","@graph":[{"@type":"WebPage","@id":"https:\/\/gymfactory.eu\/fr\/produit\/machine-de-presse-a-cuisses-d3\/","url":"https:\/\/gymfactory.eu\/fr\/produit\/machine-de-presse-a-cuisses-d3\/","name":"Machine de Presse \u00e0 Cuisses D3 pour Quadriceps, Fessiers et Ischios","isPartOf":{"@id":"https:\/\/gymfactory.eu\/fr\/#website"},"primaryImageOfPage":{"@id":"https:\/\/gymfactory.eu\/fr\/produit\/machine-de-presse-a-cuisses-d3\/#primaryimage"},"image":{"@id":"https:\/\/gymfactory.eu\/fr\/produit\/machine-de-presse-a-cuisses-d3\/#primaryimage"},"thumbnailUrl":"https:\/\/gymfactory.eu\/wp-content\/uploads\/2025\/01\/gym-machine-D3-leg-press-angled-front-view-scaled-1-1.webp","datePublished":"2025-01-29T07:41:05+00:00","description":"Vous cherchez une presse \u00e0 cuisses pour booster votre routine ? La D3 am\u00e9liore l\u2019entra\u00eenement de force pour les quadriceps, fessiers et ischios - con\u00e7ue pour la puissance et les r\u00e9sultats.","breadcrumb":{"@id":"https:\/\/gymfactory.eu\/fr\/produit\/machine-de-presse-a-cuisses-d3\/#breadcrumb"},"inLanguage":"fr-FR","potentialAction":[{"@type":"ReadAction","target":["https:\/\/gymfactory.eu\/fr\/produit\/machine-de-presse-a-cuisses-d3\/"]}]},{"@type":"ImageObject","inLanguage":"fr-FR","@id":"https:\/\/gymfactory.eu\/fr\/produit\/machine-de-presse-a-cuisses-d3\/#primaryimage","url":"https:\/\/gymfactory.eu\/wp-content\/uploads\/2025\/01\/gym-machine-D3-leg-press-angled-front-view-scaled-1-1.webp","contentUrl":"https:\/\/gymfactory.eu\/wp-content\/uploads\/2025\/01\/gym-machine-D3-leg-press-angled-front-view-scaled-1-1.webp","width":1500,"height":1500,"caption":"Vue de face angulaire d\u2019une machine de musculation de qualit\u00e9 commerciale con\u00e7ue pour les exercices de force. Cette presse \u00e0 cuisses dispose d\u2019un ch\u00e2ssis en acier robuste, d\u2019un large plateau repose-pieds et de multiples tiges de rangement pour les poids, pour des entra\u00eenements efficaces du bas du corps."},{"@type":"BreadcrumbList","@id":"https:\/\/gymfactory.eu\/fr\/produit\/machine-de-presse-a-cuisses-d3\/#breadcrumb","itemListElement":[{"@type":"ListItem","position":1,"name":"Home","item":"https:\/\/gymfactory.eu\/fr\/"},{"@type":"ListItem","position":2,"name":"Catalogue","item":"https:\/\/gymfactory.eu\/fr\/catalogue-2\/"},{"@type":"ListItem","position":3,"name":"Machine de Presse \u00e0 Cuisses D3"}]},{"@type":"WebSite","@id":"https:\/\/gymfactory.eu\/fr\/#website","url":"https:\/\/gymfactory.eu\/fr\/","name":"Gym Factory","description":"","publisher":{"@id":"https:\/\/gymfactory.eu\/fr\/#organization"},"potentialAction":[{"@type":"SearchAction","target":{"@type":"EntryPoint","urlTemplate":"https:\/\/gymfactory.eu\/fr\/?s={search_term_string}"},"query-input":{"@type":"PropertyValueSpecification","valueRequired":true,"valueName":"search_term_string"}}],"inLanguage":"fr-FR"},{"@type":"Organization","@id":"https:\/\/gymfactory.eu\/fr\/#organization","name":"Gym Factory","url":"https:\/\/gymfactory.eu\/fr\/","logo":{"@type":"ImageObject","inLanguage":"fr-FR","@id":"https:\/\/gymfactory.eu\/fr\/#\/schema\/logo\/image\/","url":"https:\/\/gymfactory.eu\/wp-content\/uploads\/2024\/11\/Component-1.svg","contentUrl":"https:\/\/gymfactory.eu\/wp-content\/uploads\/2024\/11\/Component-1.svg","width":54,"height":44,"caption":"Gym Factory"},"image":{"@id":"https:\/\/gymfactory.eu\/fr\/#\/schema\/logo\/image\/"}}]}},"_links":{"self":[{"href":"https:\/\/gymfactory.eu\/fr\/wp-json\/wp\/v2\/product\/24322","targetHints":{"allow":["GET"]}}],"collection":[{"href":"https:\/\/gymfactory.eu\/fr\/wp-json\/wp\/v2\/product"}],"about":[{"href":"https:\/\/gymfactory.eu\/fr\/wp-json\/wp\/v2\/types\/product"}],"wp:featuredmedia":[{"embeddable":true,"href":"https:\/\/gymfactory.eu\/fr\/wp-json\/wp\/v2\/media\/11572"}],"wp:attachment":[{"href":"https:\/\/gymfactory.eu\/fr\/wp-json\/wp\/v2\/media?parent=24322"}],"wp:term":[{"taxonomy":"product_brand","embeddable":true,"href":"https:\/\/gymfactory.eu\/fr\/wp-json\/wp\/v2\/product_brand?post=24322"},{"taxonomy":"product_cat","embeddable":true,"href":"https:\/\/gymfactory.eu\/fr\/wp-json\/wp\/v2\/product_cat?post=24322"},{"taxonomy":"product_tag","embeddable":true,"href":"https:\/\/gymfactory.eu\/fr\/wp-json\/wp\/v2\/product_tag?post=24322"}],"curies":[{"name":"wp","href":"https:\/\/api.w.org\/{rel}","templated":true}]}}