{"id":24314,"date":"2025-01-29T08:56:31","date_gmt":"2025-01-29T06:56:31","guid":{"rendered":"https:\/\/gymfactory.eu\/product\/machine-de-presse-a-cuisses-et-hack-squat-d1-d2\/"},"modified":"2025-01-29T08:56:31","modified_gmt":"2025-01-29T06:56:31","slug":"machine-de-presse-a-cuisses-et-hack-squat-d1-d2","status":"publish","type":"product","link":"https:\/\/gymfactory.eu\/fr\/produit\/machine-de-presse-a-cuisses-et-hack-squat-d1-d2\/","title":{"rendered":"Machine de Presse \u00e0 Cuisses et Hack Squat D1-D2"},"content":{"rendered":"<p>La Machine de Presse \u00e0 Cuisses et Hack Squat D1-D2 est un \u00e9quipement polyvalent pour la musculation, ce qui en fait un excellent choix pour quiconque cherche \u00e0 d\u00e9velopper la puissance du bas du corps. Sa double fonctionnalit\u00e9 en tant que presse \u00e0 cuisses et machine \u00e0 hack squat en fait un ajout parfait \u00e0 toute salle de sport \u00e0 domicile ou commerciale bien \u00e9quip\u00e9e. La conception robuste assure la stabilit\u00e9, tandis que le rembourrage ergonomique offre du confort lors des entra\u00eenements intenses.  <\/p>\n<p>Cette machine de musculation vous permet d\u2019effectuer divers exercices pour les jambes, ciblant les groupes musculaires cl\u00e9s tels que les quadriceps, les fessiers, les ischio-jambiers et les mollets. Avec cette machine \u00e0 charges, vous pouvez effectuer une presse \u00e0 cuisses standard pour renforcer le bas du corps et le hack squat pour isoler vos quadriceps et fessiers. L\u2019angle de la plateforme pour les pieds est r\u00e9glable, vous permettant de modifier l\u2019angle de pouss\u00e9e et de mieux cibler des muscles sp\u00e9cifiques. Les presses avec \u00e9cartement large mettent l\u2019accent sur les fessiers et les adducteurs, tandis que les presses avec \u00e9cartement serr\u00e9 d\u00e9placent l\u2019effort vers les quadriceps. Les extensions de mollets sur la machine ajoutent de la d\u00e9finition au bas de vos jambes, tandis que les hack squats invers\u00e9s offrent un nouveau d\u00e9fi pour vos ischio-jambiers et fessiers.<\/p>\n\n    <div class=\"xs_social_share_widget xs_share_url after_content \t\tmain_content  wslu-style-1 wslu-share-box-shaped wslu-fill-colored wslu-none wslu-share-horizontal wslu-theme-font-no wslu-main_content\">\n\n\t\t\n        <ul>\n\t\t\t        <\/ul>\n    <\/div> \n","protected":false},"excerpt":{"rendered":"<p>La Machine de Presse \u00e0 Cuisses et Hack Squat D1-D2 est un \u00e9quipement polyvalent pour la musculation, ce qui en fait un excellent choix pour quiconque cherche \u00e0 d\u00e9velopper la puissance du bas du corps. Sa double fonctionnalit\u00e9 en tant que presse \u00e0 cuisses et machine \u00e0 hack squat en fait un ajout parfait \u00e0 [&hellip;]<\/p>\n","protected":false},"featured_media":11567,"template":"","meta":{"_acf_changed":false},"product_brand":[56],"product_cat":[832],"product_tag":[859],"class_list":{"0":"post-24314","1":"product","2":"type-product","3":"status-publish","4":"has-post-thumbnail","6":"product_brand-gym-factory","7":"product_cat-machines-a-charge-par-plaques","8":"product_tag-populaire","10":"first","11":"onbackorder","12":"taxable","13":"shipping-taxable","14":"purchasable","15":"product-type-variable","16":"has-default-attributes"},"acf":[],"yoast_head":"<!-- This site is optimized with the Yoast SEO plugin v25.2 - https:\/\/yoast.com\/wordpress\/plugins\/seo\/ -->\n<title>Machine de Presse \u00e0 Cuisses et Hack Squat D1D2 pour Entra\u00eenement du Bas du Corps<\/title>\n<meta name=\"description\" content=\"Vous cherchez \u00e0 cibler l\u2019ensemble du bas du corps ? La Machine de Presse \u00e0 Cuisses et Hack Squat D1-D2 offre des entra\u00eenements efficaces pour des jambes et des fessiers plus forts, et bien plus encore.\" \/>\n<meta name=\"robots\" content=\"index, follow, max-snippet:-1, max-image-preview:large, max-video-preview:-1\" \/>\n<link rel=\"canonical\" href=\"https:\/\/gymfactory.eu\/fr\/produit\/machine-de-presse-a-cuisses-et-hack-squat-d1-d2\/\" \/>\n<meta property=\"og:locale\" content=\"fr_FR\" \/>\n<meta property=\"og:type\" content=\"article\" \/>\n<meta property=\"og:title\" content=\"Machine de Presse \u00e0 Cuisses et Hack Squat D1D2 pour Entra\u00eenement du Bas du Corps\" \/>\n<meta property=\"og:description\" content=\"Vous cherchez \u00e0 cibler l\u2019ensemble du bas du corps ? La Machine de Presse \u00e0 Cuisses et Hack Squat D1-D2 offre des entra\u00eenements efficaces pour des jambes et des fessiers plus forts, et bien plus encore.\" \/>\n<meta property=\"og:url\" content=\"https:\/\/gymfactory.eu\/fr\/produit\/machine-de-presse-a-cuisses-et-hack-squat-d1-d2\/\" \/>\n<meta property=\"og:site_name\" content=\"Gym Factory\" \/>\n<meta property=\"og:image\" content=\"https:\/\/gymfactory.eu\/wp-content\/uploads\/2025\/01\/gym-machine-D1-D2-leg-press-side-view-1.webp\" \/>\n\t<meta property=\"og:image:width\" content=\"1500\" \/>\n\t<meta property=\"og:image:height\" content=\"1500\" \/>\n\t<meta property=\"og:image:type\" content=\"image\/webp\" \/>\n<meta name=\"twitter:card\" content=\"summary_large_image\" \/>\n<meta name=\"twitter:label1\" content=\"Dur\u00e9e de lecture estim\u00e9e\" \/>\n\t<meta name=\"twitter:data1\" content=\"1 minute\" \/>\n<script type=\"application\/ld+json\" class=\"yoast-schema-graph\">{\"@context\":\"https:\/\/schema.org\",\"@graph\":[{\"@type\":\"WebPage\",\"@id\":\"https:\/\/gymfactory.eu\/fr\/produit\/machine-de-presse-a-cuisses-et-hack-squat-d1-d2\/\",\"url\":\"https:\/\/gymfactory.eu\/fr\/produit\/machine-de-presse-a-cuisses-et-hack-squat-d1-d2\/\",\"name\":\"Machine de Presse \u00e0 Cuisses et Hack Squat D1D2 pour Entra\u00eenement du Bas du Corps\",\"isPartOf\":{\"@id\":\"https:\/\/gymfactory.eu\/fr\/#website\"},\"primaryImageOfPage\":{\"@id\":\"https:\/\/gymfactory.eu\/fr\/produit\/machine-de-presse-a-cuisses-et-hack-squat-d1-d2\/#primaryimage\"},\"image\":{\"@id\":\"https:\/\/gymfactory.eu\/fr\/produit\/machine-de-presse-a-cuisses-et-hack-squat-d1-d2\/#primaryimage\"},\"thumbnailUrl\":\"https:\/\/gymfactory.eu\/wp-content\/uploads\/2025\/01\/gym-machine-D1-D2-leg-press-side-view-1.webp\",\"datePublished\":\"2025-01-29T06:56:31+00:00\",\"description\":\"Vous cherchez \u00e0 cibler l\u2019ensemble du bas du corps ? La Machine de Presse \u00e0 Cuisses et Hack Squat D1-D2 offre des entra\u00eenements efficaces pour des jambes et des fessiers plus forts, et bien plus encore.\",\"breadcrumb\":{\"@id\":\"https:\/\/gymfactory.eu\/fr\/produit\/machine-de-presse-a-cuisses-et-hack-squat-d1-d2\/#breadcrumb\"},\"inLanguage\":\"fr-FR\",\"potentialAction\":[{\"@type\":\"ReadAction\",\"target\":[\"https:\/\/gymfactory.eu\/fr\/produit\/machine-de-presse-a-cuisses-et-hack-squat-d1-d2\/\"]}]},{\"@type\":\"ImageObject\",\"inLanguage\":\"fr-FR\",\"@id\":\"https:\/\/gymfactory.eu\/fr\/produit\/machine-de-presse-a-cuisses-et-hack-squat-d1-d2\/#primaryimage\",\"url\":\"https:\/\/gymfactory.eu\/wp-content\/uploads\/2025\/01\/gym-machine-D1-D2-leg-press-side-view-1.webp\",\"contentUrl\":\"https:\/\/gymfactory.eu\/wp-content\/uploads\/2025\/01\/gym-machine-D1-D2-leg-press-side-view-1.webp\",\"width\":1500,\"height\":1500,\"caption\":\"Le ch\u00e2ssis en acier durable, les supports de chargement de poids et le soutien rembourr\u00e9 contribuent \u00e0 un entra\u00eenement de musculation efficace.\"},{\"@type\":\"BreadcrumbList\",\"@id\":\"https:\/\/gymfactory.eu\/fr\/produit\/machine-de-presse-a-cuisses-et-hack-squat-d1-d2\/#breadcrumb\",\"itemListElement\":[{\"@type\":\"ListItem\",\"position\":1,\"name\":\"Home\",\"item\":\"https:\/\/gymfactory.eu\/fr\/\"},{\"@type\":\"ListItem\",\"position\":2,\"name\":\"Catalogue\",\"item\":\"https:\/\/gymfactory.eu\/fr\/catalogue-2\/\"},{\"@type\":\"ListItem\",\"position\":3,\"name\":\"Machine de Presse \u00e0 Cuisses et Hack Squat D1-D2\"}]},{\"@type\":\"WebSite\",\"@id\":\"https:\/\/gymfactory.eu\/fr\/#website\",\"url\":\"https:\/\/gymfactory.eu\/fr\/\",\"name\":\"Gym Factory\",\"description\":\"\",\"publisher\":{\"@id\":\"https:\/\/gymfactory.eu\/fr\/#organization\"},\"potentialAction\":[{\"@type\":\"SearchAction\",\"target\":{\"@type\":\"EntryPoint\",\"urlTemplate\":\"https:\/\/gymfactory.eu\/fr\/?s={search_term_string}\"},\"query-input\":{\"@type\":\"PropertyValueSpecification\",\"valueRequired\":true,\"valueName\":\"search_term_string\"}}],\"inLanguage\":\"fr-FR\"},{\"@type\":\"Organization\",\"@id\":\"https:\/\/gymfactory.eu\/fr\/#organization\",\"name\":\"Gym Factory\",\"url\":\"https:\/\/gymfactory.eu\/fr\/\",\"logo\":{\"@type\":\"ImageObject\",\"inLanguage\":\"fr-FR\",\"@id\":\"https:\/\/gymfactory.eu\/fr\/#\/schema\/logo\/image\/\",\"url\":\"https:\/\/gymfactory.eu\/wp-content\/uploads\/2024\/11\/Component-1.svg\",\"contentUrl\":\"https:\/\/gymfactory.eu\/wp-content\/uploads\/2024\/11\/Component-1.svg\",\"width\":54,\"height\":44,\"caption\":\"Gym Factory\"},\"image\":{\"@id\":\"https:\/\/gymfactory.eu\/fr\/#\/schema\/logo\/image\/\"}}]}<\/script>\n<!-- \/ Yoast SEO plugin. -->","yoast_head_json":{"title":"Machine de Presse \u00e0 Cuisses et Hack Squat D1D2 pour Entra\u00eenement du Bas du Corps","description":"Vous cherchez \u00e0 cibler l\u2019ensemble du bas du corps ? La Machine de Presse \u00e0 Cuisses et Hack Squat D1-D2 offre des entra\u00eenements efficaces pour des jambes et des fessiers plus forts, et bien plus encore.","robots":{"index":"index","follow":"follow","max-snippet":"max-snippet:-1","max-image-preview":"max-image-preview:large","max-video-preview":"max-video-preview:-1"},"canonical":"https:\/\/gymfactory.eu\/fr\/produit\/machine-de-presse-a-cuisses-et-hack-squat-d1-d2\/","og_locale":"fr_FR","og_type":"article","og_title":"Machine de Presse \u00e0 Cuisses et Hack Squat D1D2 pour Entra\u00eenement du Bas du Corps","og_description":"Vous cherchez \u00e0 cibler l\u2019ensemble du bas du corps ? La Machine de Presse \u00e0 Cuisses et Hack Squat D1-D2 offre des entra\u00eenements efficaces pour des jambes et des fessiers plus forts, et bien plus encore.","og_url":"https:\/\/gymfactory.eu\/fr\/produit\/machine-de-presse-a-cuisses-et-hack-squat-d1-d2\/","og_site_name":"Gym Factory","og_image":[{"width":1500,"height":1500,"url":"https:\/\/gymfactory.eu\/wp-content\/uploads\/2025\/01\/gym-machine-D1-D2-leg-press-side-view-1.webp","type":"image\/webp"}],"twitter_card":"summary_large_image","twitter_misc":{"Dur\u00e9e de lecture estim\u00e9e":"1 minute"},"schema":{"@context":"https:\/\/schema.org","@graph":[{"@type":"WebPage","@id":"https:\/\/gymfactory.eu\/fr\/produit\/machine-de-presse-a-cuisses-et-hack-squat-d1-d2\/","url":"https:\/\/gymfactory.eu\/fr\/produit\/machine-de-presse-a-cuisses-et-hack-squat-d1-d2\/","name":"Machine de Presse \u00e0 Cuisses et Hack Squat D1D2 pour Entra\u00eenement du Bas du Corps","isPartOf":{"@id":"https:\/\/gymfactory.eu\/fr\/#website"},"primaryImageOfPage":{"@id":"https:\/\/gymfactory.eu\/fr\/produit\/machine-de-presse-a-cuisses-et-hack-squat-d1-d2\/#primaryimage"},"image":{"@id":"https:\/\/gymfactory.eu\/fr\/produit\/machine-de-presse-a-cuisses-et-hack-squat-d1-d2\/#primaryimage"},"thumbnailUrl":"https:\/\/gymfactory.eu\/wp-content\/uploads\/2025\/01\/gym-machine-D1-D2-leg-press-side-view-1.webp","datePublished":"2025-01-29T06:56:31+00:00","description":"Vous cherchez \u00e0 cibler l\u2019ensemble du bas du corps ? La Machine de Presse \u00e0 Cuisses et Hack Squat D1-D2 offre des entra\u00eenements efficaces pour des jambes et des fessiers plus forts, et bien plus encore.","breadcrumb":{"@id":"https:\/\/gymfactory.eu\/fr\/produit\/machine-de-presse-a-cuisses-et-hack-squat-d1-d2\/#breadcrumb"},"inLanguage":"fr-FR","potentialAction":[{"@type":"ReadAction","target":["https:\/\/gymfactory.eu\/fr\/produit\/machine-de-presse-a-cuisses-et-hack-squat-d1-d2\/"]}]},{"@type":"ImageObject","inLanguage":"fr-FR","@id":"https:\/\/gymfactory.eu\/fr\/produit\/machine-de-presse-a-cuisses-et-hack-squat-d1-d2\/#primaryimage","url":"https:\/\/gymfactory.eu\/wp-content\/uploads\/2025\/01\/gym-machine-D1-D2-leg-press-side-view-1.webp","contentUrl":"https:\/\/gymfactory.eu\/wp-content\/uploads\/2025\/01\/gym-machine-D1-D2-leg-press-side-view-1.webp","width":1500,"height":1500,"caption":"Le ch\u00e2ssis en acier durable, les supports de chargement de poids et le soutien rembourr\u00e9 contribuent \u00e0 un entra\u00eenement de musculation efficace."},{"@type":"BreadcrumbList","@id":"https:\/\/gymfactory.eu\/fr\/produit\/machine-de-presse-a-cuisses-et-hack-squat-d1-d2\/#breadcrumb","itemListElement":[{"@type":"ListItem","position":1,"name":"Home","item":"https:\/\/gymfactory.eu\/fr\/"},{"@type":"ListItem","position":2,"name":"Catalogue","item":"https:\/\/gymfactory.eu\/fr\/catalogue-2\/"},{"@type":"ListItem","position":3,"name":"Machine de Presse \u00e0 Cuisses et Hack Squat D1-D2"}]},{"@type":"WebSite","@id":"https:\/\/gymfactory.eu\/fr\/#website","url":"https:\/\/gymfactory.eu\/fr\/","name":"Gym Factory","description":"","publisher":{"@id":"https:\/\/gymfactory.eu\/fr\/#organization"},"potentialAction":[{"@type":"SearchAction","target":{"@type":"EntryPoint","urlTemplate":"https:\/\/gymfactory.eu\/fr\/?s={search_term_string}"},"query-input":{"@type":"PropertyValueSpecification","valueRequired":true,"valueName":"search_term_string"}}],"inLanguage":"fr-FR"},{"@type":"Organization","@id":"https:\/\/gymfactory.eu\/fr\/#organization","name":"Gym Factory","url":"https:\/\/gymfactory.eu\/fr\/","logo":{"@type":"ImageObject","inLanguage":"fr-FR","@id":"https:\/\/gymfactory.eu\/fr\/#\/schema\/logo\/image\/","url":"https:\/\/gymfactory.eu\/wp-content\/uploads\/2024\/11\/Component-1.svg","contentUrl":"https:\/\/gymfactory.eu\/wp-content\/uploads\/2024\/11\/Component-1.svg","width":54,"height":44,"caption":"Gym Factory"},"image":{"@id":"https:\/\/gymfactory.eu\/fr\/#\/schema\/logo\/image\/"}}]}},"_links":{"self":[{"href":"https:\/\/gymfactory.eu\/fr\/wp-json\/wp\/v2\/product\/24314","targetHints":{"allow":["GET"]}}],"collection":[{"href":"https:\/\/gymfactory.eu\/fr\/wp-json\/wp\/v2\/product"}],"about":[{"href":"https:\/\/gymfactory.eu\/fr\/wp-json\/wp\/v2\/types\/product"}],"wp:featuredmedia":[{"embeddable":true,"href":"https:\/\/gymfactory.eu\/fr\/wp-json\/wp\/v2\/media\/11567"}],"wp:attachment":[{"href":"https:\/\/gymfactory.eu\/fr\/wp-json\/wp\/v2\/media?parent=24314"}],"wp:term":[{"taxonomy":"product_brand","embeddable":true,"href":"https:\/\/gymfactory.eu\/fr\/wp-json\/wp\/v2\/product_brand?post=24314"},{"taxonomy":"product_cat","embeddable":true,"href":"https:\/\/gymfactory.eu\/fr\/wp-json\/wp\/v2\/product_cat?post=24314"},{"taxonomy":"product_tag","embeddable":true,"href":"https:\/\/gymfactory.eu\/fr\/wp-json\/wp\/v2\/product_tag?post=24314"}],"curies":[{"name":"wp","href":"https:\/\/api.w.org\/{rel}","templated":true}]}}