{"id":24304,"date":"2025-01-29T08:22:31","date_gmt":"2025-01-29T06:22:31","guid":{"rendered":"https:\/\/gymfactory.eu\/product\/machine-de-presse-a-cuisses-d2\/"},"modified":"2025-01-29T08:22:31","modified_gmt":"2025-01-29T06:22:31","slug":"machine-de-presse-a-cuisses-d2","status":"publish","type":"product","link":"https:\/\/gymfactory.eu\/fr\/produit\/machine-de-presse-a-cuisses-d2\/","title":{"rendered":"Machine de Presse \u00e0 Cuisses D2"},"content":{"rendered":"<p>Con\u00e7ue pour la durabilit\u00e9 et la performance, la Machine de Presse \u00e0 Cuisses D2 permet de d\u00e9velopper la force du bas du corps avec un mouvement contr\u00f4l\u00e9 et stable. Le ch\u00e2ssis solide assure une fiabilit\u00e9 \u00e0 long terme, et l\u2019angle du dossier r\u00e9glable permet aux utilisateurs de d\u00e9finir une position d\u2019entra\u00eenement confortable et efficace. <\/p>\n<p>Cette machine de musculation est adapt\u00e9e aux exercices cl\u00e9s pour les jambes tels que la presse \u00e0 cuisses standard, la presse unilat\u00e9rale et la presse \u00e0 mollets, ciblant les quadriceps, les fessiers, les ischio-jambiers et les mollets. Les options de placement des pieds, large ou serr\u00e9, permettent aux utilisateurs de varier la sollicitation des groupes musculaires. <\/p>\n<p>La machine dispose de plusieurs r\u00e9glages de position de d\u00e9part, ainsi que de but\u00e9es de s\u00e9curit\u00e9 avec plusieurs ajustements de hauteur pour contr\u00f4ler l\u2019amplitude de mouvement et prot\u00e9ger l\u2019utilisateur lors du levage de charges lourdes.<\/p>\n\n    <div class=\"xs_social_share_widget xs_share_url after_content \t\tmain_content  wslu-style-1 wslu-share-box-shaped wslu-fill-colored wslu-none wslu-share-horizontal wslu-theme-font-no wslu-main_content\">\n\n\t\t\n        <ul>\n\t\t\t        <\/ul>\n    <\/div> \n","protected":false},"excerpt":{"rendered":"<p>Con\u00e7ue pour la durabilit\u00e9 et la performance, la Machine de Presse \u00e0 Cuisses D2 permet de d\u00e9velopper la force du bas du corps avec un mouvement contr\u00f4l\u00e9 et stable. Le ch\u00e2ssis solide assure une fiabilit\u00e9 \u00e0 long terme, et l\u2019angle du dossier r\u00e9glable permet aux utilisateurs de d\u00e9finir une position d\u2019entra\u00eenement confortable et efficace. Cette [&hellip;]<\/p>\n","protected":false},"featured_media":24064,"template":"","meta":{"_acf_changed":false},"product_brand":[56],"product_cat":[832],"product_tag":[859],"class_list":{"0":"post-24304","1":"product","2":"type-product","3":"status-publish","4":"has-post-thumbnail","6":"product_brand-gym-factory","7":"product_cat-machines-a-charge-par-plaques","8":"product_tag-populaire","10":"first","11":"onbackorder","12":"taxable","13":"shipping-taxable","14":"purchasable","15":"product-type-variable","16":"has-default-attributes"},"acf":[],"yoast_head":"<!-- This site is optimized with the Yoast SEO plugin v25.2 - https:\/\/yoast.com\/wordpress\/plugins\/seo\/ -->\n<title>Machine de Presse \u00e0 Cuisses D2 | \u00c9quipement de Musculation pour les Jambes<\/title>\n<meta name=\"description\" content=\"Vous cherchez \u00e0 d\u00e9velopper une force s\u00e9rieuse dans les jambes ? La Machine de Presse \u00e0 Cuisses D2 est un \u00e9quipement puissant con\u00e7u pour cibler les quadriceps, les fessiers, les ischio-jambiers et les mollets.\" \/>\n<meta name=\"robots\" content=\"index, follow, max-snippet:-1, max-image-preview:large, max-video-preview:-1\" \/>\n<link rel=\"canonical\" href=\"https:\/\/gymfactory.eu\/fr\/produit\/machine-de-presse-a-cuisses-d2\/\" \/>\n<meta property=\"og:locale\" content=\"fr_FR\" \/>\n<meta property=\"og:type\" content=\"article\" \/>\n<meta property=\"og:title\" content=\"Machine de Presse \u00e0 Cuisses D2 | \u00c9quipement de Musculation pour les Jambes\" \/>\n<meta property=\"og:description\" content=\"Vous cherchez \u00e0 d\u00e9velopper une force s\u00e9rieuse dans les jambes ? La Machine de Presse \u00e0 Cuisses D2 est un \u00e9quipement puissant con\u00e7u pour cibler les quadriceps, les fessiers, les ischio-jambiers et les mollets.\" \/>\n<meta property=\"og:url\" content=\"https:\/\/gymfactory.eu\/fr\/produit\/machine-de-presse-a-cuisses-d2\/\" \/>\n<meta property=\"og:site_name\" content=\"Gym Factory\" \/>\n<meta property=\"og:image\" content=\"https:\/\/gymfactory.eu\/wp-content\/uploads\/2025\/01\/gym-machine-D1XX-reverse-hack-squat.webp\" \/>\n\t<meta property=\"og:image:width\" content=\"1500\" \/>\n\t<meta property=\"og:image:height\" content=\"1500\" \/>\n\t<meta property=\"og:image:type\" content=\"image\/webp\" \/>\n<meta name=\"twitter:card\" content=\"summary_large_image\" \/>\n<meta name=\"twitter:label1\" content=\"Dur\u00e9e de lecture estim\u00e9e\" \/>\n\t<meta name=\"twitter:data1\" content=\"1 minute\" \/>\n<script type=\"application\/ld+json\" class=\"yoast-schema-graph\">{\"@context\":\"https:\/\/schema.org\",\"@graph\":[{\"@type\":\"WebPage\",\"@id\":\"https:\/\/gymfactory.eu\/fr\/produit\/machine-de-presse-a-cuisses-d2\/\",\"url\":\"https:\/\/gymfactory.eu\/fr\/produit\/machine-de-presse-a-cuisses-d2\/\",\"name\":\"Machine de Presse \u00e0 Cuisses D2 | \u00c9quipement de Musculation pour les Jambes\",\"isPartOf\":{\"@id\":\"https:\/\/gymfactory.eu\/fr\/#website\"},\"primaryImageOfPage\":{\"@id\":\"https:\/\/gymfactory.eu\/fr\/produit\/machine-de-presse-a-cuisses-d2\/#primaryimage\"},\"image\":{\"@id\":\"https:\/\/gymfactory.eu\/fr\/produit\/machine-de-presse-a-cuisses-d2\/#primaryimage\"},\"thumbnailUrl\":\"https:\/\/gymfactory.eu\/wp-content\/uploads\/2025\/01\/gym-machine-D1XX-reverse-hack-squat.webp\",\"datePublished\":\"2025-01-29T06:22:31+00:00\",\"description\":\"Vous cherchez \u00e0 d\u00e9velopper une force s\u00e9rieuse dans les jambes ? La Machine de Presse \u00e0 Cuisses D2 est un \u00e9quipement puissant con\u00e7u pour cibler les quadriceps, les fessiers, les ischio-jambiers et les mollets.\",\"breadcrumb\":{\"@id\":\"https:\/\/gymfactory.eu\/fr\/produit\/machine-de-presse-a-cuisses-d2\/#breadcrumb\"},\"inLanguage\":\"fr-FR\",\"potentialAction\":[{\"@type\":\"ReadAction\",\"target\":[\"https:\/\/gymfactory.eu\/fr\/produit\/machine-de-presse-a-cuisses-d2\/\"]}]},{\"@type\":\"ImageObject\",\"inLanguage\":\"fr-FR\",\"@id\":\"https:\/\/gymfactory.eu\/fr\/produit\/machine-de-presse-a-cuisses-d2\/#primaryimage\",\"url\":\"https:\/\/gymfactory.eu\/wp-content\/uploads\/2025\/01\/gym-machine-D1XX-reverse-hack-squat.webp\",\"contentUrl\":\"https:\/\/gymfactory.eu\/wp-content\/uploads\/2025\/01\/gym-machine-D1XX-reverse-hack-squat.webp\",\"width\":1500,\"height\":1500,\"caption\":\"A strength-training gym machine used for reverse hack squats, targeting the glutes, hamstrings, and quadriceps. The robust construction and smooth gliding mechanism ensure a safe and effective workout.\"},{\"@type\":\"BreadcrumbList\",\"@id\":\"https:\/\/gymfactory.eu\/fr\/produit\/machine-de-presse-a-cuisses-d2\/#breadcrumb\",\"itemListElement\":[{\"@type\":\"ListItem\",\"position\":1,\"name\":\"Home\",\"item\":\"https:\/\/gymfactory.eu\/fr\/\"},{\"@type\":\"ListItem\",\"position\":2,\"name\":\"Catalogue\",\"item\":\"https:\/\/gymfactory.eu\/fr\/catalogue-2\/\"},{\"@type\":\"ListItem\",\"position\":3,\"name\":\"Machine de Presse \u00e0 Cuisses D2\"}]},{\"@type\":\"WebSite\",\"@id\":\"https:\/\/gymfactory.eu\/fr\/#website\",\"url\":\"https:\/\/gymfactory.eu\/fr\/\",\"name\":\"Gym Factory\",\"description\":\"\",\"publisher\":{\"@id\":\"https:\/\/gymfactory.eu\/fr\/#organization\"},\"potentialAction\":[{\"@type\":\"SearchAction\",\"target\":{\"@type\":\"EntryPoint\",\"urlTemplate\":\"https:\/\/gymfactory.eu\/fr\/?s={search_term_string}\"},\"query-input\":{\"@type\":\"PropertyValueSpecification\",\"valueRequired\":true,\"valueName\":\"search_term_string\"}}],\"inLanguage\":\"fr-FR\"},{\"@type\":\"Organization\",\"@id\":\"https:\/\/gymfactory.eu\/fr\/#organization\",\"name\":\"Gym Factory\",\"url\":\"https:\/\/gymfactory.eu\/fr\/\",\"logo\":{\"@type\":\"ImageObject\",\"inLanguage\":\"fr-FR\",\"@id\":\"https:\/\/gymfactory.eu\/fr\/#\/schema\/logo\/image\/\",\"url\":\"https:\/\/gymfactory.eu\/wp-content\/uploads\/2024\/11\/Component-1.svg\",\"contentUrl\":\"https:\/\/gymfactory.eu\/wp-content\/uploads\/2024\/11\/Component-1.svg\",\"width\":54,\"height\":44,\"caption\":\"Gym Factory\"},\"image\":{\"@id\":\"https:\/\/gymfactory.eu\/fr\/#\/schema\/logo\/image\/\"}}]}<\/script>\n<!-- \/ Yoast SEO plugin. -->","yoast_head_json":{"title":"Machine de Presse \u00e0 Cuisses D2 | \u00c9quipement de Musculation pour les Jambes","description":"Vous cherchez \u00e0 d\u00e9velopper une force s\u00e9rieuse dans les jambes ? La Machine de Presse \u00e0 Cuisses D2 est un \u00e9quipement puissant con\u00e7u pour cibler les quadriceps, les fessiers, les ischio-jambiers et les mollets.","robots":{"index":"index","follow":"follow","max-snippet":"max-snippet:-1","max-image-preview":"max-image-preview:large","max-video-preview":"max-video-preview:-1"},"canonical":"https:\/\/gymfactory.eu\/fr\/produit\/machine-de-presse-a-cuisses-d2\/","og_locale":"fr_FR","og_type":"article","og_title":"Machine de Presse \u00e0 Cuisses D2 | \u00c9quipement de Musculation pour les Jambes","og_description":"Vous cherchez \u00e0 d\u00e9velopper une force s\u00e9rieuse dans les jambes ? La Machine de Presse \u00e0 Cuisses D2 est un \u00e9quipement puissant con\u00e7u pour cibler les quadriceps, les fessiers, les ischio-jambiers et les mollets.","og_url":"https:\/\/gymfactory.eu\/fr\/produit\/machine-de-presse-a-cuisses-d2\/","og_site_name":"Gym Factory","og_image":[{"width":1500,"height":1500,"url":"https:\/\/gymfactory.eu\/wp-content\/uploads\/2025\/01\/gym-machine-D1XX-reverse-hack-squat.webp","type":"image\/webp"}],"twitter_card":"summary_large_image","twitter_misc":{"Dur\u00e9e de lecture estim\u00e9e":"1 minute"},"schema":{"@context":"https:\/\/schema.org","@graph":[{"@type":"WebPage","@id":"https:\/\/gymfactory.eu\/fr\/produit\/machine-de-presse-a-cuisses-d2\/","url":"https:\/\/gymfactory.eu\/fr\/produit\/machine-de-presse-a-cuisses-d2\/","name":"Machine de Presse \u00e0 Cuisses D2 | \u00c9quipement de Musculation pour les Jambes","isPartOf":{"@id":"https:\/\/gymfactory.eu\/fr\/#website"},"primaryImageOfPage":{"@id":"https:\/\/gymfactory.eu\/fr\/produit\/machine-de-presse-a-cuisses-d2\/#primaryimage"},"image":{"@id":"https:\/\/gymfactory.eu\/fr\/produit\/machine-de-presse-a-cuisses-d2\/#primaryimage"},"thumbnailUrl":"https:\/\/gymfactory.eu\/wp-content\/uploads\/2025\/01\/gym-machine-D1XX-reverse-hack-squat.webp","datePublished":"2025-01-29T06:22:31+00:00","description":"Vous cherchez \u00e0 d\u00e9velopper une force s\u00e9rieuse dans les jambes ? La Machine de Presse \u00e0 Cuisses D2 est un \u00e9quipement puissant con\u00e7u pour cibler les quadriceps, les fessiers, les ischio-jambiers et les mollets.","breadcrumb":{"@id":"https:\/\/gymfactory.eu\/fr\/produit\/machine-de-presse-a-cuisses-d2\/#breadcrumb"},"inLanguage":"fr-FR","potentialAction":[{"@type":"ReadAction","target":["https:\/\/gymfactory.eu\/fr\/produit\/machine-de-presse-a-cuisses-d2\/"]}]},{"@type":"ImageObject","inLanguage":"fr-FR","@id":"https:\/\/gymfactory.eu\/fr\/produit\/machine-de-presse-a-cuisses-d2\/#primaryimage","url":"https:\/\/gymfactory.eu\/wp-content\/uploads\/2025\/01\/gym-machine-D1XX-reverse-hack-squat.webp","contentUrl":"https:\/\/gymfactory.eu\/wp-content\/uploads\/2025\/01\/gym-machine-D1XX-reverse-hack-squat.webp","width":1500,"height":1500,"caption":"A strength-training gym machine used for reverse hack squats, targeting the glutes, hamstrings, and quadriceps. The robust construction and smooth gliding mechanism ensure a safe and effective workout."},{"@type":"BreadcrumbList","@id":"https:\/\/gymfactory.eu\/fr\/produit\/machine-de-presse-a-cuisses-d2\/#breadcrumb","itemListElement":[{"@type":"ListItem","position":1,"name":"Home","item":"https:\/\/gymfactory.eu\/fr\/"},{"@type":"ListItem","position":2,"name":"Catalogue","item":"https:\/\/gymfactory.eu\/fr\/catalogue-2\/"},{"@type":"ListItem","position":3,"name":"Machine de Presse \u00e0 Cuisses D2"}]},{"@type":"WebSite","@id":"https:\/\/gymfactory.eu\/fr\/#website","url":"https:\/\/gymfactory.eu\/fr\/","name":"Gym Factory","description":"","publisher":{"@id":"https:\/\/gymfactory.eu\/fr\/#organization"},"potentialAction":[{"@type":"SearchAction","target":{"@type":"EntryPoint","urlTemplate":"https:\/\/gymfactory.eu\/fr\/?s={search_term_string}"},"query-input":{"@type":"PropertyValueSpecification","valueRequired":true,"valueName":"search_term_string"}}],"inLanguage":"fr-FR"},{"@type":"Organization","@id":"https:\/\/gymfactory.eu\/fr\/#organization","name":"Gym Factory","url":"https:\/\/gymfactory.eu\/fr\/","logo":{"@type":"ImageObject","inLanguage":"fr-FR","@id":"https:\/\/gymfactory.eu\/fr\/#\/schema\/logo\/image\/","url":"https:\/\/gymfactory.eu\/wp-content\/uploads\/2024\/11\/Component-1.svg","contentUrl":"https:\/\/gymfactory.eu\/wp-content\/uploads\/2024\/11\/Component-1.svg","width":54,"height":44,"caption":"Gym Factory"},"image":{"@id":"https:\/\/gymfactory.eu\/fr\/#\/schema\/logo\/image\/"}}]}},"_links":{"self":[{"href":"https:\/\/gymfactory.eu\/fr\/wp-json\/wp\/v2\/product\/24304","targetHints":{"allow":["GET"]}}],"collection":[{"href":"https:\/\/gymfactory.eu\/fr\/wp-json\/wp\/v2\/product"}],"about":[{"href":"https:\/\/gymfactory.eu\/fr\/wp-json\/wp\/v2\/types\/product"}],"wp:featuredmedia":[{"embeddable":true,"href":"https:\/\/gymfactory.eu\/fr\/wp-json\/wp\/v2\/media\/24064"}],"wp:attachment":[{"href":"https:\/\/gymfactory.eu\/fr\/wp-json\/wp\/v2\/media?parent=24304"}],"wp:term":[{"taxonomy":"product_brand","embeddable":true,"href":"https:\/\/gymfactory.eu\/fr\/wp-json\/wp\/v2\/product_brand?post=24304"},{"taxonomy":"product_cat","embeddable":true,"href":"https:\/\/gymfactory.eu\/fr\/wp-json\/wp\/v2\/product_cat?post=24304"},{"taxonomy":"product_tag","embeddable":true,"href":"https:\/\/gymfactory.eu\/fr\/wp-json\/wp\/v2\/product_tag?post=24304"}],"curies":[{"name":"wp","href":"https:\/\/api.w.org\/{rel}","templated":true}]}}