{"id":24297,"date":"2025-01-29T07:59:56","date_gmt":"2025-01-29T05:59:56","guid":{"rendered":"https:\/\/gymfactory.eu\/product\/machine-a-hack-squat-lineaire-d1xx\/"},"modified":"2025-01-29T07:59:56","modified_gmt":"2025-01-29T05:59:56","slug":"machine-a-hack-squat-lineaire-d1xx","status":"publish","type":"product","link":"https:\/\/gymfactory.eu\/fr\/produit\/machine-a-hack-squat-lineaire-d1xx\/","title":{"rendered":"Machine \u00e0 Hack Squat Lin\u00e9aire D1XX"},"content":{"rendered":"<p>La Machine \u00e0 Hack Squat Lin\u00e9aire D1XX est un \u00e9quipement de musculation compact con\u00e7u pour effectuer des hack squats traditionnels avec un mouvement guid\u00e9 et lin\u00e9aire. Elle permet un entra\u00eenement du bas du corps s\u00fbr et constant en maintenant le dos de l\u2019utilisateur soutenu contre un dossier tout au long du mouvement. <\/p>\n<p>Cette machine de hack squat cible les quadriceps, les fessiers et les ischio-jambiers. La trajectoire lin\u00e9aire favorise un alignement correct des articulations et une profondeur de squat constante. L\u2019angle de la plateforme de pieds peut \u00eatre ajust\u00e9 pour modifier le positionnement des jambes et des pieds, permettant de varier l\u2019accent mis sur les muscles.  <\/p>\n<p>La machine comprend de multiples points de verrouillage de position de d\u00e9part pour s\u2019adapter aux diff\u00e9rents utilisateurs. Des goupilles de s\u00e9curit\u00e9 vous permettent de d\u00e9finir les limites de l\u2019amplitude de mouvement avant chaque s\u00e9rie. Ces caract\u00e9ristiques aident \u00e0 maintenir le contr\u00f4le et \u00e0 r\u00e9duire les risques de blessure pendant l\u2019entra\u00eenement.  <\/p>\n<p>Cette machine de musculation est adapt\u00e9e aux entra\u00eenements cibl\u00e9s du bas du corps, aussi bien dans les environnements commerciaux que dans les home gyms.<\/p>\n\n    <div class=\"xs_social_share_widget xs_share_url after_content \t\tmain_content  wslu-style-1 wslu-share-box-shaped wslu-fill-colored wslu-none wslu-share-horizontal wslu-theme-font-no wslu-main_content\">\n\n\t\t\n        <ul>\n\t\t\t        <\/ul>\n    <\/div> \n","protected":false},"excerpt":{"rendered":"<p>La Machine \u00e0 Hack Squat Lin\u00e9aire D1XX est un \u00e9quipement de musculation compact con\u00e7u pour effectuer des hack squats traditionnels avec un mouvement guid\u00e9 et lin\u00e9aire. Elle permet un entra\u00eenement du bas du corps s\u00fbr et constant en maintenant le dos de l\u2019utilisateur soutenu contre un dossier tout au long du mouvement. Cette machine de [&hellip;]<\/p>\n","protected":false},"featured_media":11557,"template":"","meta":{"_acf_changed":false},"product_brand":[56],"product_cat":[832],"product_tag":[859],"class_list":{"0":"post-24297","1":"product","2":"type-product","3":"status-publish","4":"has-post-thumbnail","6":"product_brand-gym-factory","7":"product_cat-machines-a-charge-par-plaques","8":"product_tag-populaire","10":"first","11":"onbackorder","12":"taxable","13":"shipping-taxable","14":"purchasable","15":"product-type-variable","16":"has-default-attributes"},"acf":[],"yoast_head":"<!-- This site is optimized with the Yoast SEO plugin v25.2 - https:\/\/yoast.com\/wordpress\/plugins\/seo\/ -->\n<title>Machine \u00e0 Hack Squat D1XX | \u00c9quipement de Musculation Robuste<\/title>\n<meta name=\"description\" content=\"Vous recherchez un \u00e9quipement de musculation de qualit\u00e9 commerciale ? La Machine \u00e0 Hack Squat D1XX est con\u00e7ue pour un entra\u00eenement s\u00e9rieux des jambes - durable, puissante et b\u00e2tie pour la performance.\" \/>\n<meta name=\"robots\" content=\"index, follow, max-snippet:-1, max-image-preview:large, max-video-preview:-1\" \/>\n<link rel=\"canonical\" href=\"https:\/\/gymfactory.eu\/fr\/produit\/machine-a-hack-squat-lineaire-d1xx\/\" \/>\n<meta property=\"og:locale\" content=\"fr_FR\" \/>\n<meta property=\"og:type\" content=\"article\" \/>\n<meta property=\"og:title\" content=\"Machine \u00e0 Hack Squat D1XX | \u00c9quipement de Musculation Robuste\" \/>\n<meta property=\"og:description\" content=\"Vous recherchez un \u00e9quipement de musculation de qualit\u00e9 commerciale ? La Machine \u00e0 Hack Squat D1XX est con\u00e7ue pour un entra\u00eenement s\u00e9rieux des jambes - durable, puissante et b\u00e2tie pour la performance.\" \/>\n<meta property=\"og:url\" content=\"https:\/\/gymfactory.eu\/fr\/produit\/machine-a-hack-squat-lineaire-d1xx\/\" \/>\n<meta property=\"og:site_name\" content=\"Gym Factory\" \/>\n<meta property=\"og:image\" content=\"https:\/\/gymfactory.eu\/wp-content\/uploads\/2025\/01\/gym-machine-D1XX-side-view-2.webp\" \/>\n\t<meta property=\"og:image:width\" content=\"1500\" \/>\n\t<meta property=\"og:image:height\" content=\"1500\" \/>\n\t<meta property=\"og:image:type\" content=\"image\/webp\" \/>\n<meta name=\"twitter:card\" content=\"summary_large_image\" \/>\n<meta name=\"twitter:label1\" content=\"Dur\u00e9e de lecture estim\u00e9e\" \/>\n\t<meta name=\"twitter:data1\" content=\"1 minute\" \/>\n<script type=\"application\/ld+json\" class=\"yoast-schema-graph\">{\"@context\":\"https:\/\/schema.org\",\"@graph\":[{\"@type\":\"WebPage\",\"@id\":\"https:\/\/gymfactory.eu\/fr\/produit\/machine-a-hack-squat-lineaire-d1xx\/\",\"url\":\"https:\/\/gymfactory.eu\/fr\/produit\/machine-a-hack-squat-lineaire-d1xx\/\",\"name\":\"Machine \u00e0 Hack Squat D1XX | \u00c9quipement de Musculation Robuste\",\"isPartOf\":{\"@id\":\"https:\/\/gymfactory.eu\/fr\/#website\"},\"primaryImageOfPage\":{\"@id\":\"https:\/\/gymfactory.eu\/fr\/produit\/machine-a-hack-squat-lineaire-d1xx\/#primaryimage\"},\"image\":{\"@id\":\"https:\/\/gymfactory.eu\/fr\/produit\/machine-a-hack-squat-lineaire-d1xx\/#primaryimage\"},\"thumbnailUrl\":\"https:\/\/gymfactory.eu\/wp-content\/uploads\/2025\/01\/gym-machine-D1XX-side-view-2.webp\",\"datePublished\":\"2025-01-29T05:59:56+00:00\",\"description\":\"Vous recherchez un \u00e9quipement de musculation de qualit\u00e9 commerciale ? La Machine \u00e0 Hack Squat D1XX est con\u00e7ue pour un entra\u00eenement s\u00e9rieux des jambes - durable, puissante et b\u00e2tie pour la performance.\",\"breadcrumb\":{\"@id\":\"https:\/\/gymfactory.eu\/fr\/produit\/machine-a-hack-squat-lineaire-d1xx\/#breadcrumb\"},\"inLanguage\":\"fr-FR\",\"potentialAction\":[{\"@type\":\"ReadAction\",\"target\":[\"https:\/\/gymfactory.eu\/fr\/produit\/machine-a-hack-squat-lineaire-d1xx\/\"]}]},{\"@type\":\"ImageObject\",\"inLanguage\":\"fr-FR\",\"@id\":\"https:\/\/gymfactory.eu\/fr\/produit\/machine-a-hack-squat-lineaire-d1xx\/#primaryimage\",\"url\":\"https:\/\/gymfactory.eu\/wp-content\/uploads\/2025\/01\/gym-machine-D1XX-side-view-2.webp\",\"contentUrl\":\"https:\/\/gymfactory.eu\/wp-content\/uploads\/2025\/01\/gym-machine-D1XX-side-view-2.webp\",\"width\":1500,\"height\":1500,\"caption\":\"Vue lat\u00e9rale d\u2019une machine de musculation con\u00e7ue pour les exercices de force du bas du corps, pr\u00e9sentant son ch\u00e2ssis en acier durable, sa plateforme inclin\u00e9e et ses supports de disques pour la personnalisation.\"},{\"@type\":\"BreadcrumbList\",\"@id\":\"https:\/\/gymfactory.eu\/fr\/produit\/machine-a-hack-squat-lineaire-d1xx\/#breadcrumb\",\"itemListElement\":[{\"@type\":\"ListItem\",\"position\":1,\"name\":\"Home\",\"item\":\"https:\/\/gymfactory.eu\/fr\/page-principale\/\"},{\"@type\":\"ListItem\",\"position\":2,\"name\":\"Catalogue\",\"item\":\"https:\/\/gymfactory.eu\/fr\/catalogue-2\/\"},{\"@type\":\"ListItem\",\"position\":3,\"name\":\"Machine \u00e0 Hack Squat Lin\u00e9aire D1XX\"}]},{\"@type\":\"WebSite\",\"@id\":\"https:\/\/gymfactory.eu\/fr\/#website\",\"url\":\"https:\/\/gymfactory.eu\/fr\/\",\"name\":\"Gym Factory\",\"description\":\"\",\"publisher\":{\"@id\":\"https:\/\/gymfactory.eu\/fr\/#organization\"},\"potentialAction\":[{\"@type\":\"SearchAction\",\"target\":{\"@type\":\"EntryPoint\",\"urlTemplate\":\"https:\/\/gymfactory.eu\/fr\/?s={search_term_string}\"},\"query-input\":{\"@type\":\"PropertyValueSpecification\",\"valueRequired\":true,\"valueName\":\"search_term_string\"}}],\"inLanguage\":\"fr-FR\"},{\"@type\":\"Organization\",\"@id\":\"https:\/\/gymfactory.eu\/fr\/#organization\",\"name\":\"Gym Factory\",\"url\":\"https:\/\/gymfactory.eu\/fr\/\",\"logo\":{\"@type\":\"ImageObject\",\"inLanguage\":\"fr-FR\",\"@id\":\"https:\/\/gymfactory.eu\/fr\/#\/schema\/logo\/image\/\",\"url\":\"https:\/\/gymfactory.eu\/wp-content\/uploads\/2024\/11\/Component-1.svg\",\"contentUrl\":\"https:\/\/gymfactory.eu\/wp-content\/uploads\/2024\/11\/Component-1.svg\",\"width\":54,\"height\":44,\"caption\":\"Gym Factory\"},\"image\":{\"@id\":\"https:\/\/gymfactory.eu\/fr\/#\/schema\/logo\/image\/\"}}]}<\/script>\n<!-- \/ Yoast SEO plugin. -->","yoast_head_json":{"title":"Machine \u00e0 Hack Squat D1XX | \u00c9quipement de Musculation Robuste","description":"Vous recherchez un \u00e9quipement de musculation de qualit\u00e9 commerciale ? La Machine \u00e0 Hack Squat D1XX est con\u00e7ue pour un entra\u00eenement s\u00e9rieux des jambes - durable, puissante et b\u00e2tie pour la performance.","robots":{"index":"index","follow":"follow","max-snippet":"max-snippet:-1","max-image-preview":"max-image-preview:large","max-video-preview":"max-video-preview:-1"},"canonical":"https:\/\/gymfactory.eu\/fr\/produit\/machine-a-hack-squat-lineaire-d1xx\/","og_locale":"fr_FR","og_type":"article","og_title":"Machine \u00e0 Hack Squat D1XX | \u00c9quipement de Musculation Robuste","og_description":"Vous recherchez un \u00e9quipement de musculation de qualit\u00e9 commerciale ? La Machine \u00e0 Hack Squat D1XX est con\u00e7ue pour un entra\u00eenement s\u00e9rieux des jambes - durable, puissante et b\u00e2tie pour la performance.","og_url":"https:\/\/gymfactory.eu\/fr\/produit\/machine-a-hack-squat-lineaire-d1xx\/","og_site_name":"Gym Factory","og_image":[{"width":1500,"height":1500,"url":"https:\/\/gymfactory.eu\/wp-content\/uploads\/2025\/01\/gym-machine-D1XX-side-view-2.webp","type":"image\/webp"}],"twitter_card":"summary_large_image","twitter_misc":{"Dur\u00e9e de lecture estim\u00e9e":"1 minute"},"schema":{"@context":"https:\/\/schema.org","@graph":[{"@type":"WebPage","@id":"https:\/\/gymfactory.eu\/fr\/produit\/machine-a-hack-squat-lineaire-d1xx\/","url":"https:\/\/gymfactory.eu\/fr\/produit\/machine-a-hack-squat-lineaire-d1xx\/","name":"Machine \u00e0 Hack Squat D1XX | \u00c9quipement de Musculation Robuste","isPartOf":{"@id":"https:\/\/gymfactory.eu\/fr\/#website"},"primaryImageOfPage":{"@id":"https:\/\/gymfactory.eu\/fr\/produit\/machine-a-hack-squat-lineaire-d1xx\/#primaryimage"},"image":{"@id":"https:\/\/gymfactory.eu\/fr\/produit\/machine-a-hack-squat-lineaire-d1xx\/#primaryimage"},"thumbnailUrl":"https:\/\/gymfactory.eu\/wp-content\/uploads\/2025\/01\/gym-machine-D1XX-side-view-2.webp","datePublished":"2025-01-29T05:59:56+00:00","description":"Vous recherchez un \u00e9quipement de musculation de qualit\u00e9 commerciale ? La Machine \u00e0 Hack Squat D1XX est con\u00e7ue pour un entra\u00eenement s\u00e9rieux des jambes - durable, puissante et b\u00e2tie pour la performance.","breadcrumb":{"@id":"https:\/\/gymfactory.eu\/fr\/produit\/machine-a-hack-squat-lineaire-d1xx\/#breadcrumb"},"inLanguage":"fr-FR","potentialAction":[{"@type":"ReadAction","target":["https:\/\/gymfactory.eu\/fr\/produit\/machine-a-hack-squat-lineaire-d1xx\/"]}]},{"@type":"ImageObject","inLanguage":"fr-FR","@id":"https:\/\/gymfactory.eu\/fr\/produit\/machine-a-hack-squat-lineaire-d1xx\/#primaryimage","url":"https:\/\/gymfactory.eu\/wp-content\/uploads\/2025\/01\/gym-machine-D1XX-side-view-2.webp","contentUrl":"https:\/\/gymfactory.eu\/wp-content\/uploads\/2025\/01\/gym-machine-D1XX-side-view-2.webp","width":1500,"height":1500,"caption":"Vue lat\u00e9rale d\u2019une machine de musculation con\u00e7ue pour les exercices de force du bas du corps, pr\u00e9sentant son ch\u00e2ssis en acier durable, sa plateforme inclin\u00e9e et ses supports de disques pour la personnalisation."},{"@type":"BreadcrumbList","@id":"https:\/\/gymfactory.eu\/fr\/produit\/machine-a-hack-squat-lineaire-d1xx\/#breadcrumb","itemListElement":[{"@type":"ListItem","position":1,"name":"Home","item":"https:\/\/gymfactory.eu\/fr\/page-principale\/"},{"@type":"ListItem","position":2,"name":"Catalogue","item":"https:\/\/gymfactory.eu\/fr\/catalogue-2\/"},{"@type":"ListItem","position":3,"name":"Machine \u00e0 Hack Squat Lin\u00e9aire D1XX"}]},{"@type":"WebSite","@id":"https:\/\/gymfactory.eu\/fr\/#website","url":"https:\/\/gymfactory.eu\/fr\/","name":"Gym Factory","description":"","publisher":{"@id":"https:\/\/gymfactory.eu\/fr\/#organization"},"potentialAction":[{"@type":"SearchAction","target":{"@type":"EntryPoint","urlTemplate":"https:\/\/gymfactory.eu\/fr\/?s={search_term_string}"},"query-input":{"@type":"PropertyValueSpecification","valueRequired":true,"valueName":"search_term_string"}}],"inLanguage":"fr-FR"},{"@type":"Organization","@id":"https:\/\/gymfactory.eu\/fr\/#organization","name":"Gym Factory","url":"https:\/\/gymfactory.eu\/fr\/","logo":{"@type":"ImageObject","inLanguage":"fr-FR","@id":"https:\/\/gymfactory.eu\/fr\/#\/schema\/logo\/image\/","url":"https:\/\/gymfactory.eu\/wp-content\/uploads\/2024\/11\/Component-1.svg","contentUrl":"https:\/\/gymfactory.eu\/wp-content\/uploads\/2024\/11\/Component-1.svg","width":54,"height":44,"caption":"Gym Factory"},"image":{"@id":"https:\/\/gymfactory.eu\/fr\/#\/schema\/logo\/image\/"}}]}},"_links":{"self":[{"href":"https:\/\/gymfactory.eu\/fr\/wp-json\/wp\/v2\/product\/24297","targetHints":{"allow":["GET"]}}],"collection":[{"href":"https:\/\/gymfactory.eu\/fr\/wp-json\/wp\/v2\/product"}],"about":[{"href":"https:\/\/gymfactory.eu\/fr\/wp-json\/wp\/v2\/types\/product"}],"wp:featuredmedia":[{"embeddable":true,"href":"https:\/\/gymfactory.eu\/fr\/wp-json\/wp\/v2\/media\/11557"}],"wp:attachment":[{"href":"https:\/\/gymfactory.eu\/fr\/wp-json\/wp\/v2\/media?parent=24297"}],"wp:term":[{"taxonomy":"product_brand","embeddable":true,"href":"https:\/\/gymfactory.eu\/fr\/wp-json\/wp\/v2\/product_brand?post=24297"},{"taxonomy":"product_cat","embeddable":true,"href":"https:\/\/gymfactory.eu\/fr\/wp-json\/wp\/v2\/product_cat?post=24297"},{"taxonomy":"product_tag","embeddable":true,"href":"https:\/\/gymfactory.eu\/fr\/wp-json\/wp\/v2\/product_tag?post=24297"}],"curies":[{"name":"wp","href":"https:\/\/api.w.org\/{rel}","templated":true}]}}