{"id":24282,"date":"2025-01-28T13:31:53","date_gmt":"2025-01-28T11:31:53","guid":{"rendered":"https:\/\/gymfactory.eu\/product\/machine-a-hack-squat-d1x\/"},"modified":"2025-01-28T13:31:53","modified_gmt":"2025-01-28T11:31:53","slug":"machine-a-hack-squat-d1x","status":"publish","type":"product","link":"https:\/\/gymfactory.eu\/fr\/produit\/machine-a-hack-squat-d1x\/","title":{"rendered":"Machine \u00e0 Hack Squat D1X"},"content":{"rendered":"<p>La Machine \u00e0 Hack Squat D1X avec plateforme de pieds r\u00e9glable est un excellent choix pour quiconque souhaite s\u00e9rieusement d\u00e9velopper la force du bas du corps. Cette machine de musculation allie confort, durabilit\u00e9 et polyvalence, ce qui en fait l\u2019un des meilleurs \u00e9quipements d\u2019exercice pour la maison ou les salles de sport commerciales. Sa plateforme de pieds r\u00e9glable vous permet de cibler diff\u00e9rents angles et groupes musculaires, offrant un entra\u00eenement efficace adapt\u00e9 \u00e0 vos objectifs.  <\/p>\n<p>Avec cet appareil de musculation, vous pouvez r\u00e9aliser des exercices pour vos jambes afin de d\u00e9velopper la force et la d\u00e9finition musculaire. Les hack squats traditionnels sont id\u00e9aux pour cibler les quadriceps et les fessiers, tandis que les squats \u00e0 pieds serr\u00e9s mettent davantage l\u2019accent sur les quadriceps. Les hack squats \u00e0 pieds \u00e9cart\u00e9s engagent plus efficacement les fessiers et les ischio-jambiers. La plateforme de pieds r\u00e9glable permet \u00e9galement d\u2019effectuer des hack squats invers\u00e9s pour un nouveau d\u00e9fi. En tant qu\u2019\u00e9quipement de musculation, elle vous permet d\u2019int\u00e9grer des \u00e9l\u00e9vations de mollets pour compl\u00e9ter votre routine bas du corps.<\/p>\n\n    <div class=\"xs_social_share_widget xs_share_url after_content \t\tmain_content  wslu-style-1 wslu-share-box-shaped wslu-fill-colored wslu-none wslu-share-horizontal wslu-theme-font-no wslu-main_content\">\n\n\t\t\n        <ul>\n\t\t\t        <\/ul>\n    <\/div> \n","protected":false},"excerpt":{"rendered":"<p>La Machine \u00e0 Hack Squat D1X avec plateforme de pieds r\u00e9glable est un excellent choix pour quiconque souhaite s\u00e9rieusement d\u00e9velopper la force du bas du corps. Cette machine de musculation allie confort, durabilit\u00e9 et polyvalence, ce qui en fait l\u2019un des meilleurs \u00e9quipements d\u2019exercice pour la maison ou les salles de sport commerciales. Sa plateforme [&hellip;]<\/p>\n","protected":false},"featured_media":11970,"template":"","meta":{"_acf_changed":false},"product_brand":[56],"product_cat":[832],"product_tag":[859],"class_list":{"0":"post-24282","1":"product","2":"type-product","3":"status-publish","4":"has-post-thumbnail","6":"product_brand-gym-factory","7":"product_cat-machines-a-charge-par-plaques","8":"product_tag-populaire","10":"first","11":"onbackorder","12":"taxable","13":"shipping-taxable","14":"purchasable","15":"product-type-variable"},"acf":[],"yoast_head":"<!-- This site is optimized with the Yoast SEO plugin v25.2 - https:\/\/yoast.com\/wordpress\/plugins\/seo\/ -->\n<title>Machine \u00e0 Hack Squat D1X pour Entra\u00eenement du Bas du Corps<\/title>\n<meta name=\"description\" content=\"Besoin d\u2019une Machine \u00e0 Hack Squat fiable pour n\u2019importe quel espace ? La D1X offre force, flexibilit\u00e9 et performance gr\u00e2ce \u00e0 sa plateforme de pieds r\u00e9glable.\" \/>\n<meta name=\"robots\" content=\"index, follow, max-snippet:-1, max-image-preview:large, max-video-preview:-1\" \/>\n<link rel=\"canonical\" href=\"https:\/\/gymfactory.eu\/fr\/produit\/machine-a-hack-squat-d1x\/\" \/>\n<meta property=\"og:locale\" content=\"fr_FR\" \/>\n<meta property=\"og:type\" content=\"article\" \/>\n<meta property=\"og:title\" content=\"Machine \u00e0 Hack Squat D1X pour Entra\u00eenement du Bas du Corps\" \/>\n<meta property=\"og:description\" content=\"Besoin d\u2019une Machine \u00e0 Hack Squat fiable pour n\u2019importe quel espace ? La D1X offre force, flexibilit\u00e9 et performance gr\u00e2ce \u00e0 sa plateforme de pieds r\u00e9glable.\" \/>\n<meta property=\"og:url\" content=\"https:\/\/gymfactory.eu\/fr\/produit\/machine-a-hack-squat-d1x\/\" \/>\n<meta property=\"og:site_name\" content=\"Gym Factory\" \/>\n<meta property=\"og:image\" content=\"https:\/\/gymfactory.eu\/wp-content\/uploads\/2025\/01\/gym-machine-D1X-side-view-1.webp\" \/>\n\t<meta property=\"og:image:width\" content=\"1500\" \/>\n\t<meta property=\"og:image:height\" content=\"1500\" \/>\n\t<meta property=\"og:image:type\" content=\"image\/webp\" \/>\n<meta name=\"twitter:card\" content=\"summary_large_image\" \/>\n<meta name=\"twitter:label1\" content=\"Dur\u00e9e de lecture estim\u00e9e\" \/>\n\t<meta name=\"twitter:data1\" content=\"1 minute\" \/>\n<script type=\"application\/ld+json\" class=\"yoast-schema-graph\">{\"@context\":\"https:\/\/schema.org\",\"@graph\":[{\"@type\":\"WebPage\",\"@id\":\"https:\/\/gymfactory.eu\/fr\/produit\/machine-a-hack-squat-d1x\/\",\"url\":\"https:\/\/gymfactory.eu\/fr\/produit\/machine-a-hack-squat-d1x\/\",\"name\":\"Machine \u00e0 Hack Squat D1X pour Entra\u00eenement du Bas du Corps\",\"isPartOf\":{\"@id\":\"https:\/\/gymfactory.eu\/fr\/#website\"},\"primaryImageOfPage\":{\"@id\":\"https:\/\/gymfactory.eu\/fr\/produit\/machine-a-hack-squat-d1x\/#primaryimage\"},\"image\":{\"@id\":\"https:\/\/gymfactory.eu\/fr\/produit\/machine-a-hack-squat-d1x\/#primaryimage\"},\"thumbnailUrl\":\"https:\/\/gymfactory.eu\/wp-content\/uploads\/2025\/01\/gym-machine-D1X-side-view-1.webp\",\"datePublished\":\"2025-01-28T11:31:53+00:00\",\"description\":\"Besoin d\u2019une Machine \u00e0 Hack Squat fiable pour n\u2019importe quel espace ? La D1X offre force, flexibilit\u00e9 et performance gr\u00e2ce \u00e0 sa plateforme de pieds r\u00e9glable.\",\"breadcrumb\":{\"@id\":\"https:\/\/gymfactory.eu\/fr\/produit\/machine-a-hack-squat-d1x\/#breadcrumb\"},\"inLanguage\":\"fr-FR\",\"potentialAction\":[{\"@type\":\"ReadAction\",\"target\":[\"https:\/\/gymfactory.eu\/fr\/produit\/machine-a-hack-squat-d1x\/\"]}]},{\"@type\":\"ImageObject\",\"inLanguage\":\"fr-FR\",\"@id\":\"https:\/\/gymfactory.eu\/fr\/produit\/machine-a-hack-squat-d1x\/#primaryimage\",\"url\":\"https:\/\/gymfactory.eu\/wp-content\/uploads\/2025\/01\/gym-machine-D1X-side-view-1.webp\",\"contentUrl\":\"https:\/\/gymfactory.eu\/wp-content\/uploads\/2025\/01\/gym-machine-D1X-side-view-1.webp\",\"width\":1500,\"height\":1500,\"caption\":\"Vue lat\u00e9rale compl\u00e8te de la machine de musculation D1X mettant en valeur sa construction en acier, son plateau repose-pieds inclin\u00e9 et ses coussins d\u2019\u00e9paules rembourr\u00e9s. Cet \u00e9quipement de musculation est con\u00e7u pour les hack squats et les hack squats invers\u00e9s.\"},{\"@type\":\"BreadcrumbList\",\"@id\":\"https:\/\/gymfactory.eu\/fr\/produit\/machine-a-hack-squat-d1x\/#breadcrumb\",\"itemListElement\":[{\"@type\":\"ListItem\",\"position\":1,\"name\":\"Home\",\"item\":\"https:\/\/gymfactory.eu\/fr\/page-principale\/\"},{\"@type\":\"ListItem\",\"position\":2,\"name\":\"Catalogue\",\"item\":\"https:\/\/gymfactory.eu\/fr\/catalogue-2\/\"},{\"@type\":\"ListItem\",\"position\":3,\"name\":\"Machine \u00e0 Hack Squat D1X\"}]},{\"@type\":\"WebSite\",\"@id\":\"https:\/\/gymfactory.eu\/fr\/#website\",\"url\":\"https:\/\/gymfactory.eu\/fr\/\",\"name\":\"Gym Factory\",\"description\":\"\",\"publisher\":{\"@id\":\"https:\/\/gymfactory.eu\/fr\/#organization\"},\"potentialAction\":[{\"@type\":\"SearchAction\",\"target\":{\"@type\":\"EntryPoint\",\"urlTemplate\":\"https:\/\/gymfactory.eu\/fr\/?s={search_term_string}\"},\"query-input\":{\"@type\":\"PropertyValueSpecification\",\"valueRequired\":true,\"valueName\":\"search_term_string\"}}],\"inLanguage\":\"fr-FR\"},{\"@type\":\"Organization\",\"@id\":\"https:\/\/gymfactory.eu\/fr\/#organization\",\"name\":\"Gym Factory\",\"url\":\"https:\/\/gymfactory.eu\/fr\/\",\"logo\":{\"@type\":\"ImageObject\",\"inLanguage\":\"fr-FR\",\"@id\":\"https:\/\/gymfactory.eu\/fr\/#\/schema\/logo\/image\/\",\"url\":\"https:\/\/gymfactory.eu\/wp-content\/uploads\/2024\/11\/Component-1.svg\",\"contentUrl\":\"https:\/\/gymfactory.eu\/wp-content\/uploads\/2024\/11\/Component-1.svg\",\"width\":54,\"height\":44,\"caption\":\"Gym Factory\"},\"image\":{\"@id\":\"https:\/\/gymfactory.eu\/fr\/#\/schema\/logo\/image\/\"}}]}<\/script>\n<!-- \/ Yoast SEO plugin. -->","yoast_head_json":{"title":"Machine \u00e0 Hack Squat D1X pour Entra\u00eenement du Bas du Corps","description":"Besoin d\u2019une Machine \u00e0 Hack Squat fiable pour n\u2019importe quel espace ? La D1X offre force, flexibilit\u00e9 et performance gr\u00e2ce \u00e0 sa plateforme de pieds r\u00e9glable.","robots":{"index":"index","follow":"follow","max-snippet":"max-snippet:-1","max-image-preview":"max-image-preview:large","max-video-preview":"max-video-preview:-1"},"canonical":"https:\/\/gymfactory.eu\/fr\/produit\/machine-a-hack-squat-d1x\/","og_locale":"fr_FR","og_type":"article","og_title":"Machine \u00e0 Hack Squat D1X pour Entra\u00eenement du Bas du Corps","og_description":"Besoin d\u2019une Machine \u00e0 Hack Squat fiable pour n\u2019importe quel espace ? La D1X offre force, flexibilit\u00e9 et performance gr\u00e2ce \u00e0 sa plateforme de pieds r\u00e9glable.","og_url":"https:\/\/gymfactory.eu\/fr\/produit\/machine-a-hack-squat-d1x\/","og_site_name":"Gym Factory","og_image":[{"width":1500,"height":1500,"url":"https:\/\/gymfactory.eu\/wp-content\/uploads\/2025\/01\/gym-machine-D1X-side-view-1.webp","type":"image\/webp"}],"twitter_card":"summary_large_image","twitter_misc":{"Dur\u00e9e de lecture estim\u00e9e":"1 minute"},"schema":{"@context":"https:\/\/schema.org","@graph":[{"@type":"WebPage","@id":"https:\/\/gymfactory.eu\/fr\/produit\/machine-a-hack-squat-d1x\/","url":"https:\/\/gymfactory.eu\/fr\/produit\/machine-a-hack-squat-d1x\/","name":"Machine \u00e0 Hack Squat D1X pour Entra\u00eenement du Bas du Corps","isPartOf":{"@id":"https:\/\/gymfactory.eu\/fr\/#website"},"primaryImageOfPage":{"@id":"https:\/\/gymfactory.eu\/fr\/produit\/machine-a-hack-squat-d1x\/#primaryimage"},"image":{"@id":"https:\/\/gymfactory.eu\/fr\/produit\/machine-a-hack-squat-d1x\/#primaryimage"},"thumbnailUrl":"https:\/\/gymfactory.eu\/wp-content\/uploads\/2025\/01\/gym-machine-D1X-side-view-1.webp","datePublished":"2025-01-28T11:31:53+00:00","description":"Besoin d\u2019une Machine \u00e0 Hack Squat fiable pour n\u2019importe quel espace ? La D1X offre force, flexibilit\u00e9 et performance gr\u00e2ce \u00e0 sa plateforme de pieds r\u00e9glable.","breadcrumb":{"@id":"https:\/\/gymfactory.eu\/fr\/produit\/machine-a-hack-squat-d1x\/#breadcrumb"},"inLanguage":"fr-FR","potentialAction":[{"@type":"ReadAction","target":["https:\/\/gymfactory.eu\/fr\/produit\/machine-a-hack-squat-d1x\/"]}]},{"@type":"ImageObject","inLanguage":"fr-FR","@id":"https:\/\/gymfactory.eu\/fr\/produit\/machine-a-hack-squat-d1x\/#primaryimage","url":"https:\/\/gymfactory.eu\/wp-content\/uploads\/2025\/01\/gym-machine-D1X-side-view-1.webp","contentUrl":"https:\/\/gymfactory.eu\/wp-content\/uploads\/2025\/01\/gym-machine-D1X-side-view-1.webp","width":1500,"height":1500,"caption":"Vue lat\u00e9rale compl\u00e8te de la machine de musculation D1X mettant en valeur sa construction en acier, son plateau repose-pieds inclin\u00e9 et ses coussins d\u2019\u00e9paules rembourr\u00e9s. Cet \u00e9quipement de musculation est con\u00e7u pour les hack squats et les hack squats invers\u00e9s."},{"@type":"BreadcrumbList","@id":"https:\/\/gymfactory.eu\/fr\/produit\/machine-a-hack-squat-d1x\/#breadcrumb","itemListElement":[{"@type":"ListItem","position":1,"name":"Home","item":"https:\/\/gymfactory.eu\/fr\/page-principale\/"},{"@type":"ListItem","position":2,"name":"Catalogue","item":"https:\/\/gymfactory.eu\/fr\/catalogue-2\/"},{"@type":"ListItem","position":3,"name":"Machine \u00e0 Hack Squat D1X"}]},{"@type":"WebSite","@id":"https:\/\/gymfactory.eu\/fr\/#website","url":"https:\/\/gymfactory.eu\/fr\/","name":"Gym Factory","description":"","publisher":{"@id":"https:\/\/gymfactory.eu\/fr\/#organization"},"potentialAction":[{"@type":"SearchAction","target":{"@type":"EntryPoint","urlTemplate":"https:\/\/gymfactory.eu\/fr\/?s={search_term_string}"},"query-input":{"@type":"PropertyValueSpecification","valueRequired":true,"valueName":"search_term_string"}}],"inLanguage":"fr-FR"},{"@type":"Organization","@id":"https:\/\/gymfactory.eu\/fr\/#organization","name":"Gym Factory","url":"https:\/\/gymfactory.eu\/fr\/","logo":{"@type":"ImageObject","inLanguage":"fr-FR","@id":"https:\/\/gymfactory.eu\/fr\/#\/schema\/logo\/image\/","url":"https:\/\/gymfactory.eu\/wp-content\/uploads\/2024\/11\/Component-1.svg","contentUrl":"https:\/\/gymfactory.eu\/wp-content\/uploads\/2024\/11\/Component-1.svg","width":54,"height":44,"caption":"Gym Factory"},"image":{"@id":"https:\/\/gymfactory.eu\/fr\/#\/schema\/logo\/image\/"}}]}},"_links":{"self":[{"href":"https:\/\/gymfactory.eu\/fr\/wp-json\/wp\/v2\/product\/24282","targetHints":{"allow":["GET"]}}],"collection":[{"href":"https:\/\/gymfactory.eu\/fr\/wp-json\/wp\/v2\/product"}],"about":[{"href":"https:\/\/gymfactory.eu\/fr\/wp-json\/wp\/v2\/types\/product"}],"wp:featuredmedia":[{"embeddable":true,"href":"https:\/\/gymfactory.eu\/fr\/wp-json\/wp\/v2\/media\/11970"}],"wp:attachment":[{"href":"https:\/\/gymfactory.eu\/fr\/wp-json\/wp\/v2\/media?parent=24282"}],"wp:term":[{"taxonomy":"product_brand","embeddable":true,"href":"https:\/\/gymfactory.eu\/fr\/wp-json\/wp\/v2\/product_brand?post=24282"},{"taxonomy":"product_cat","embeddable":true,"href":"https:\/\/gymfactory.eu\/fr\/wp-json\/wp\/v2\/product_cat?post=24282"},{"taxonomy":"product_tag","embeddable":true,"href":"https:\/\/gymfactory.eu\/fr\/wp-json\/wp\/v2\/product_tag?post=24282"}],"curies":[{"name":"wp","href":"https:\/\/api.w.org\/{rel}","templated":true}]}}