{"id":24267,"date":"2025-01-28T13:02:45","date_gmt":"2025-01-28T11:02:45","guid":{"rendered":"https:\/\/gymfactory.eu\/product\/machine-a-hack-squat-d1\/"},"modified":"2025-01-28T13:02:45","modified_gmt":"2025-01-28T11:02:45","slug":"machine-a-hack-squat-d1","status":"publish","type":"product","link":"https:\/\/gymfactory.eu\/fr\/produit\/machine-a-hack-squat-d1\/","title":{"rendered":"Machine \u00e0 Hack Squat D1"},"content":{"rendered":"<p>La Machine \u00e0 Hack Squat D1 est un excellent ajout \u00e0 tout \u00e9quipement de salle, offrant un moyen puissant de cibler les muscles du bas du corps. En tant qu\u2019\u00e9quipement de musculation, elle vous aide \u00e0 d\u00e9velopper votre masse musculaire et \u00e0 am\u00e9liorer la stabilit\u00e9 de votre bas du corps de mani\u00e8re s\u00fbre et contr\u00f4l\u00e9e. En int\u00e9grant cette machine \u00e0 votre routine, vous pouvez r\u00e9aliser des exercices qui renforcent la puissance des jambes et construisent une base solide pour votre forme physique globale.  <\/p>\n<p>Cette machine de musculation est parfaite pour r\u00e9aliser des exercices tels que le hack squat traditionnel, qui cible les quadriceps, les fessiers et les ischio-jambiers. Pour varier, vous pouvez essayer le hack squat \u00e0 pieds serr\u00e9s pour vous concentrer davantage sur les quadriceps, ou la version \u00e0 pieds \u00e9cart\u00e9s pour mettre l\u2019accent sur les fessiers. Le hack squat invers\u00e9 (reverse hack squat) ajoute de la vari\u00e9t\u00e9 et travaille vos ischio-jambiers et fessiers diff\u00e9remment. De plus, vous pouvez effectuer des \u00e9l\u00e9vations de mollets sur la machine pour renforcer et tonifier vos mollets.<\/p>\n\n    <div class=\"xs_social_share_widget xs_share_url after_content \t\tmain_content  wslu-style-1 wslu-share-box-shaped wslu-fill-colored wslu-none wslu-share-horizontal wslu-theme-font-no wslu-main_content\">\n\n\t\t\n        <ul>\n\t\t\t        <\/ul>\n    <\/div> \n","protected":false},"excerpt":{"rendered":"<p>La Machine \u00e0 Hack Squat D1 est un excellent ajout \u00e0 tout \u00e9quipement de salle, offrant un moyen puissant de cibler les muscles du bas du corps. En tant qu\u2019\u00e9quipement de musculation, elle vous aide \u00e0 d\u00e9velopper votre masse musculaire et \u00e0 am\u00e9liorer la stabilit\u00e9 de votre bas du corps de mani\u00e8re s\u00fbre et contr\u00f4l\u00e9e. [&hellip;]<\/p>\n","protected":false},"featured_media":11552,"template":"","meta":{"_acf_changed":false},"product_brand":[56],"product_cat":[832],"product_tag":[859],"class_list":{"0":"post-24267","1":"product","2":"type-product","3":"status-publish","4":"has-post-thumbnail","6":"product_brand-gym-factory","7":"product_cat-machines-a-charge-par-plaques","8":"product_tag-populaire","10":"first","11":"onbackorder","12":"taxable","13":"shipping-taxable","14":"purchasable","15":"product-type-variable","16":"has-default-attributes"},"acf":[],"yoast_head":"<!-- This site is optimized with the Yoast SEO plugin v25.2 - https:\/\/yoast.com\/wordpress\/plugins\/seo\/ -->\n<title>Machine \u00e0 Hack Squat D1 pour Entra\u00eenements de Force<\/title>\n<meta name=\"description\" content=\"Vous voulez d\u00e9velopper une force s\u00e9rieuse dans le bas du corps ? La Machine \u00e0 Hack Squat D1 est id\u00e9ale pour la construction musculaire et des s\u00e9ances de musculation efficaces.\" \/>\n<meta name=\"robots\" content=\"index, follow, max-snippet:-1, max-image-preview:large, max-video-preview:-1\" \/>\n<link rel=\"canonical\" href=\"https:\/\/gymfactory.eu\/fr\/produit\/machine-a-hack-squat-d1\/\" \/>\n<meta property=\"og:locale\" content=\"fr_FR\" \/>\n<meta property=\"og:type\" content=\"article\" \/>\n<meta property=\"og:title\" content=\"Machine \u00e0 Hack Squat D1 pour Entra\u00eenements de Force\" \/>\n<meta property=\"og:description\" content=\"Vous voulez d\u00e9velopper une force s\u00e9rieuse dans le bas du corps ? La Machine \u00e0 Hack Squat D1 est id\u00e9ale pour la construction musculaire et des s\u00e9ances de musculation efficaces.\" \/>\n<meta property=\"og:url\" content=\"https:\/\/gymfactory.eu\/fr\/produit\/machine-a-hack-squat-d1\/\" \/>\n<meta property=\"og:site_name\" content=\"Gym Factory\" \/>\n<meta property=\"og:image\" content=\"https:\/\/gymfactory.eu\/wp-content\/uploads\/2025\/01\/leg-press-hack-squat-gym-machine-1.webp\" \/>\n\t<meta property=\"og:image:width\" content=\"1500\" \/>\n\t<meta property=\"og:image:height\" content=\"1500\" \/>\n\t<meta property=\"og:image:type\" content=\"image\/webp\" \/>\n<meta name=\"twitter:card\" content=\"summary_large_image\" \/>\n<meta name=\"twitter:label1\" content=\"Dur\u00e9e de lecture estim\u00e9e\" \/>\n\t<meta name=\"twitter:data1\" content=\"1 minute\" \/>\n<script type=\"application\/ld+json\" class=\"yoast-schema-graph\">{\"@context\":\"https:\/\/schema.org\",\"@graph\":[{\"@type\":\"WebPage\",\"@id\":\"https:\/\/gymfactory.eu\/fr\/produit\/machine-a-hack-squat-d1\/\",\"url\":\"https:\/\/gymfactory.eu\/fr\/produit\/machine-a-hack-squat-d1\/\",\"name\":\"Machine \u00e0 Hack Squat D1 pour Entra\u00eenements de Force\",\"isPartOf\":{\"@id\":\"https:\/\/gymfactory.eu\/fr\/#website\"},\"primaryImageOfPage\":{\"@id\":\"https:\/\/gymfactory.eu\/fr\/produit\/machine-a-hack-squat-d1\/#primaryimage\"},\"image\":{\"@id\":\"https:\/\/gymfactory.eu\/fr\/produit\/machine-a-hack-squat-d1\/#primaryimage\"},\"thumbnailUrl\":\"https:\/\/gymfactory.eu\/wp-content\/uploads\/2025\/01\/leg-press-hack-squat-gym-machine-1.webp\",\"datePublished\":\"2025-01-28T11:02:45+00:00\",\"description\":\"Vous voulez d\u00e9velopper une force s\u00e9rieuse dans le bas du corps ? La Machine \u00e0 Hack Squat D1 est id\u00e9ale pour la construction musculaire et des s\u00e9ances de musculation efficaces.\",\"breadcrumb\":{\"@id\":\"https:\/\/gymfactory.eu\/fr\/produit\/machine-a-hack-squat-d1\/#breadcrumb\"},\"inLanguage\":\"fr-FR\",\"potentialAction\":[{\"@type\":\"ReadAction\",\"target\":[\"https:\/\/gymfactory.eu\/fr\/produit\/machine-a-hack-squat-d1\/\"]}]},{\"@type\":\"ImageObject\",\"inLanguage\":\"fr-FR\",\"@id\":\"https:\/\/gymfactory.eu\/fr\/produit\/machine-a-hack-squat-d1\/#primaryimage\",\"url\":\"https:\/\/gymfactory.eu\/wp-content\/uploads\/2025\/01\/leg-press-hack-squat-gym-machine-1.webp\",\"contentUrl\":\"https:\/\/gymfactory.eu\/wp-content\/uploads\/2025\/01\/leg-press-hack-squat-gym-machine-1.webp\",\"width\":1500,\"height\":1500,\"caption\":\"Une machine de musculation polyvalente combinant presse \u00e0 cuisses et hack squat, dot\u00e9e d\u2019un ch\u00e2ssis en acier robuste, d\u2019un dossier rembourr\u00e9 et de multiples supports de disques. La conception angulaire offre une trajectoire de mouvement naturelle pour l\u2019entra\u00eenement du bas du corps, id\u00e9ale pour les s\u00e9ances de force.\"},{\"@type\":\"BreadcrumbList\",\"@id\":\"https:\/\/gymfactory.eu\/fr\/produit\/machine-a-hack-squat-d1\/#breadcrumb\",\"itemListElement\":[{\"@type\":\"ListItem\",\"position\":1,\"name\":\"Home\",\"item\":\"https:\/\/gymfactory.eu\/fr\/page-principale\/\"},{\"@type\":\"ListItem\",\"position\":2,\"name\":\"Catalogue\",\"item\":\"https:\/\/gymfactory.eu\/fr\/catalogue-2\/\"},{\"@type\":\"ListItem\",\"position\":3,\"name\":\"Machine \u00e0 Hack Squat D1\"}]},{\"@type\":\"WebSite\",\"@id\":\"https:\/\/gymfactory.eu\/fr\/#website\",\"url\":\"https:\/\/gymfactory.eu\/fr\/\",\"name\":\"Gym Factory\",\"description\":\"\",\"publisher\":{\"@id\":\"https:\/\/gymfactory.eu\/fr\/#organization\"},\"potentialAction\":[{\"@type\":\"SearchAction\",\"target\":{\"@type\":\"EntryPoint\",\"urlTemplate\":\"https:\/\/gymfactory.eu\/fr\/?s={search_term_string}\"},\"query-input\":{\"@type\":\"PropertyValueSpecification\",\"valueRequired\":true,\"valueName\":\"search_term_string\"}}],\"inLanguage\":\"fr-FR\"},{\"@type\":\"Organization\",\"@id\":\"https:\/\/gymfactory.eu\/fr\/#organization\",\"name\":\"Gym Factory\",\"url\":\"https:\/\/gymfactory.eu\/fr\/\",\"logo\":{\"@type\":\"ImageObject\",\"inLanguage\":\"fr-FR\",\"@id\":\"https:\/\/gymfactory.eu\/fr\/#\/schema\/logo\/image\/\",\"url\":\"https:\/\/gymfactory.eu\/wp-content\/uploads\/2024\/11\/Component-1.svg\",\"contentUrl\":\"https:\/\/gymfactory.eu\/wp-content\/uploads\/2024\/11\/Component-1.svg\",\"width\":54,\"height\":44,\"caption\":\"Gym Factory\"},\"image\":{\"@id\":\"https:\/\/gymfactory.eu\/fr\/#\/schema\/logo\/image\/\"}}]}<\/script>\n<!-- \/ Yoast SEO plugin. -->","yoast_head_json":{"title":"Machine \u00e0 Hack Squat D1 pour Entra\u00eenements de Force","description":"Vous voulez d\u00e9velopper une force s\u00e9rieuse dans le bas du corps ? La Machine \u00e0 Hack Squat D1 est id\u00e9ale pour la construction musculaire et des s\u00e9ances de musculation efficaces.","robots":{"index":"index","follow":"follow","max-snippet":"max-snippet:-1","max-image-preview":"max-image-preview:large","max-video-preview":"max-video-preview:-1"},"canonical":"https:\/\/gymfactory.eu\/fr\/produit\/machine-a-hack-squat-d1\/","og_locale":"fr_FR","og_type":"article","og_title":"Machine \u00e0 Hack Squat D1 pour Entra\u00eenements de Force","og_description":"Vous voulez d\u00e9velopper une force s\u00e9rieuse dans le bas du corps ? La Machine \u00e0 Hack Squat D1 est id\u00e9ale pour la construction musculaire et des s\u00e9ances de musculation efficaces.","og_url":"https:\/\/gymfactory.eu\/fr\/produit\/machine-a-hack-squat-d1\/","og_site_name":"Gym Factory","og_image":[{"width":1500,"height":1500,"url":"https:\/\/gymfactory.eu\/wp-content\/uploads\/2025\/01\/leg-press-hack-squat-gym-machine-1.webp","type":"image\/webp"}],"twitter_card":"summary_large_image","twitter_misc":{"Dur\u00e9e de lecture estim\u00e9e":"1 minute"},"schema":{"@context":"https:\/\/schema.org","@graph":[{"@type":"WebPage","@id":"https:\/\/gymfactory.eu\/fr\/produit\/machine-a-hack-squat-d1\/","url":"https:\/\/gymfactory.eu\/fr\/produit\/machine-a-hack-squat-d1\/","name":"Machine \u00e0 Hack Squat D1 pour Entra\u00eenements de Force","isPartOf":{"@id":"https:\/\/gymfactory.eu\/fr\/#website"},"primaryImageOfPage":{"@id":"https:\/\/gymfactory.eu\/fr\/produit\/machine-a-hack-squat-d1\/#primaryimage"},"image":{"@id":"https:\/\/gymfactory.eu\/fr\/produit\/machine-a-hack-squat-d1\/#primaryimage"},"thumbnailUrl":"https:\/\/gymfactory.eu\/wp-content\/uploads\/2025\/01\/leg-press-hack-squat-gym-machine-1.webp","datePublished":"2025-01-28T11:02:45+00:00","description":"Vous voulez d\u00e9velopper une force s\u00e9rieuse dans le bas du corps ? La Machine \u00e0 Hack Squat D1 est id\u00e9ale pour la construction musculaire et des s\u00e9ances de musculation efficaces.","breadcrumb":{"@id":"https:\/\/gymfactory.eu\/fr\/produit\/machine-a-hack-squat-d1\/#breadcrumb"},"inLanguage":"fr-FR","potentialAction":[{"@type":"ReadAction","target":["https:\/\/gymfactory.eu\/fr\/produit\/machine-a-hack-squat-d1\/"]}]},{"@type":"ImageObject","inLanguage":"fr-FR","@id":"https:\/\/gymfactory.eu\/fr\/produit\/machine-a-hack-squat-d1\/#primaryimage","url":"https:\/\/gymfactory.eu\/wp-content\/uploads\/2025\/01\/leg-press-hack-squat-gym-machine-1.webp","contentUrl":"https:\/\/gymfactory.eu\/wp-content\/uploads\/2025\/01\/leg-press-hack-squat-gym-machine-1.webp","width":1500,"height":1500,"caption":"Une machine de musculation polyvalente combinant presse \u00e0 cuisses et hack squat, dot\u00e9e d\u2019un ch\u00e2ssis en acier robuste, d\u2019un dossier rembourr\u00e9 et de multiples supports de disques. La conception angulaire offre une trajectoire de mouvement naturelle pour l\u2019entra\u00eenement du bas du corps, id\u00e9ale pour les s\u00e9ances de force."},{"@type":"BreadcrumbList","@id":"https:\/\/gymfactory.eu\/fr\/produit\/machine-a-hack-squat-d1\/#breadcrumb","itemListElement":[{"@type":"ListItem","position":1,"name":"Home","item":"https:\/\/gymfactory.eu\/fr\/page-principale\/"},{"@type":"ListItem","position":2,"name":"Catalogue","item":"https:\/\/gymfactory.eu\/fr\/catalogue-2\/"},{"@type":"ListItem","position":3,"name":"Machine \u00e0 Hack Squat D1"}]},{"@type":"WebSite","@id":"https:\/\/gymfactory.eu\/fr\/#website","url":"https:\/\/gymfactory.eu\/fr\/","name":"Gym Factory","description":"","publisher":{"@id":"https:\/\/gymfactory.eu\/fr\/#organization"},"potentialAction":[{"@type":"SearchAction","target":{"@type":"EntryPoint","urlTemplate":"https:\/\/gymfactory.eu\/fr\/?s={search_term_string}"},"query-input":{"@type":"PropertyValueSpecification","valueRequired":true,"valueName":"search_term_string"}}],"inLanguage":"fr-FR"},{"@type":"Organization","@id":"https:\/\/gymfactory.eu\/fr\/#organization","name":"Gym Factory","url":"https:\/\/gymfactory.eu\/fr\/","logo":{"@type":"ImageObject","inLanguage":"fr-FR","@id":"https:\/\/gymfactory.eu\/fr\/#\/schema\/logo\/image\/","url":"https:\/\/gymfactory.eu\/wp-content\/uploads\/2024\/11\/Component-1.svg","contentUrl":"https:\/\/gymfactory.eu\/wp-content\/uploads\/2024\/11\/Component-1.svg","width":54,"height":44,"caption":"Gym Factory"},"image":{"@id":"https:\/\/gymfactory.eu\/fr\/#\/schema\/logo\/image\/"}}]}},"_links":{"self":[{"href":"https:\/\/gymfactory.eu\/fr\/wp-json\/wp\/v2\/product\/24267","targetHints":{"allow":["GET"]}}],"collection":[{"href":"https:\/\/gymfactory.eu\/fr\/wp-json\/wp\/v2\/product"}],"about":[{"href":"https:\/\/gymfactory.eu\/fr\/wp-json\/wp\/v2\/types\/product"}],"wp:featuredmedia":[{"embeddable":true,"href":"https:\/\/gymfactory.eu\/fr\/wp-json\/wp\/v2\/media\/11552"}],"wp:attachment":[{"href":"https:\/\/gymfactory.eu\/fr\/wp-json\/wp\/v2\/media?parent=24267"}],"wp:term":[{"taxonomy":"product_brand","embeddable":true,"href":"https:\/\/gymfactory.eu\/fr\/wp-json\/wp\/v2\/product_brand?post=24267"},{"taxonomy":"product_cat","embeddable":true,"href":"https:\/\/gymfactory.eu\/fr\/wp-json\/wp\/v2\/product_cat?post=24267"},{"taxonomy":"product_tag","embeddable":true,"href":"https:\/\/gymfactory.eu\/fr\/wp-json\/wp\/v2\/product_tag?post=24267"}],"curies":[{"name":"wp","href":"https:\/\/api.w.org\/{rel}","templated":true}]}}