{"id":24261,"date":"2025-01-28T11:53:58","date_gmt":"2025-01-28T09:53:58","guid":{"rendered":"https:\/\/gymfactory.eu\/product\/power-rack-ultime-b11\/"},"modified":"2025-01-28T11:53:58","modified_gmt":"2025-01-28T09:53:58","slug":"power-rack-ultime-b11","status":"publish","type":"product","link":"https:\/\/gymfactory.eu\/fr\/produit\/power-rack-ultime-b11\/","title":{"rendered":"Power Rack Ultime B11"},"content":{"rendered":"<p>Le Power Rack Ultime B11 est un syst\u00e8me d\u2019entra\u00eenement multifonctionnel, con\u00e7u sp\u00e9cialement pour les home gyms mais \u00e9galement adapt\u00e9 \u00e0 un usage commercial.<\/p>\n<p><strong>Il combine trois composants cl\u00e9s en une seule machine :<\/strong><\/p>\n<ul>\n<li>Un rack \u00e0 barre avec deux crochets en J (J-hooks) et deux bras de s\u00e9curit\u00e9 (safety spotter arms),<\/li>\n<li>Une Smith machine avec une barre fixe et de multiples positions de verrouillage,<\/li>\n<li>Et une double poulie r\u00e9glable avec poign\u00e9es simples.<\/li>\n<\/ul>\n<p>&nbsp;<\/p>\n<p>La Smith machine permet de r\u00e9aliser des exercices comme les squats, le d\u00e9velopp\u00e9 couch\u00e9 et le d\u00e9velopp\u00e9 militaire avec un mouvement guid\u00e9 et s\u00e9curis\u00e9. Le syst\u00e8me de poulie offre une grande vari\u00e9t\u00e9 d\u2019exercices \u00e0 c\u00e2bles, incluant le tirage vertical, le rowing assis, le curl biceps, les extensions triceps, les \u00e9cart\u00e9s \u00e0 la poulie, le face pull, et plus encore. Le rack \u00e0 barre peut \u00eatre utilis\u00e9 pour l\u2019entra\u00eenement traditionnel aux poids libres, tel que les squats, les soulev\u00e9s de terre et les d\u00e9velopp\u00e9s \u00e0 la barre.  <\/p>\n<p>Tous les composants cl\u00e9s offrent de multiples points de r\u00e9glage et de verrouillage, permettant une configuration pr\u00e9cise pour diff\u00e9rents exercices et tailles d\u2019utilisateurs.<\/p>\n<p>Ce rack est particuli\u00e8rement pratique pour les home gyms o\u00f9 l\u2019optimisation de l\u2019espace et la polyvalence sont importantes. Pour \u00e9largir vos options d\u2019entra\u00eenement, nous recommandons de l\u2019associer aux <a href=\"https:\/\/gymfactory.eu\/product\/j2-adjustable-bench\/\">bancs r\u00e9glables J2<\/a> ou <a href=\"https:\/\/gymfactory.eu\/product\/j3-adjustable-bench\/\">J3<\/a>. Vous pouvez \u00e9galement envisager des extensions optionnelles comme la <a href=\"https:\/\/gymfactory.eu\/product\/z17p-step-up-platform\/\">Plateforme Step-Up Z17P<\/a>, le <a href=\"https:\/\/gymfactory.eu\/product\/z17sx-monolift-lock\/\">Verrou Monolift Z17SX<\/a>, <a href=\"https:\/\/gymfactory.eu\/product\/z17t-landmine\/\">l\u2019Attache T-Bar Z17T<\/a> et les <a href=\"https:\/\/gymfactory.eu\/product\/z20-jammer-arms\/\">Bras de Levier (Jammer Arms) Z20<\/a>.<\/p>\n\n    <div class=\"xs_social_share_widget xs_share_url after_content \t\tmain_content  wslu-style-1 wslu-share-box-shaped wslu-fill-colored wslu-none wslu-share-horizontal wslu-theme-font-no wslu-main_content\">\n\n\t\t\n        <ul>\n\t\t\t        <\/ul>\n    <\/div> \n","protected":false},"excerpt":{"rendered":"<p>Le Power Rack Ultime B11 est un syst\u00e8me d\u2019entra\u00eenement multifonctionnel, con\u00e7u sp\u00e9cialement pour les home gyms mais \u00e9galement adapt\u00e9 \u00e0 un usage commercial. Il combine trois composants cl\u00e9s en une seule machine : Un rack \u00e0 barre avec deux crochets en J (J-hooks) et deux bras de s\u00e9curit\u00e9 (safety spotter arms), Une Smith machine avec [&hellip;]<\/p>\n","protected":false},"featured_media":29222,"template":"","meta":{"_acf_changed":false},"product_brand":[56],"product_cat":[825],"product_tag":[857,859],"class_list":{"0":"post-24261","1":"product","2":"type-product","3":"status-publish","4":"has-post-thumbnail","6":"product_brand-gym-factory","7":"product_cat-machines-a-cables","8":"product_tag-couleur-metal-uniquement","9":"product_tag-populaire","11":"first","12":"onbackorder","13":"taxable","14":"shipping-taxable","15":"purchasable","16":"product-type-variable","17":"has-default-attributes"},"acf":[],"yoast_head":"<!-- This site is optimized with the Yoast SEO plugin v25.2 - https:\/\/yoast.com\/wordpress\/plugins\/seo\/ -->\n<title>Power Rack Ultime B11 | Entra\u00eenement de Force Complet<\/title>\n<meta name=\"description\" content=\"Besoin d\u2019une configuration puissante pour un entra\u00eenement complet ? Le Power Rack Ultime B11 est durable, polyvalent et parfait pour des s\u00e9ances de musculation s\u00e9rieuses, o\u00f9 que vous soyez.\" \/>\n<meta name=\"robots\" content=\"index, follow, max-snippet:-1, max-image-preview:large, max-video-preview:-1\" \/>\n<link rel=\"canonical\" href=\"https:\/\/gymfactory.eu\/fr\/produit\/power-rack-ultime-b11\/\" \/>\n<meta property=\"og:locale\" content=\"fr_FR\" \/>\n<meta property=\"og:type\" content=\"article\" \/>\n<meta property=\"og:title\" content=\"Power Rack Ultime B11 | Entra\u00eenement de Force Complet\" \/>\n<meta property=\"og:description\" content=\"Besoin d\u2019une configuration puissante pour un entra\u00eenement complet ? Le Power Rack Ultime B11 est durable, polyvalent et parfait pour des s\u00e9ances de musculation s\u00e9rieuses, o\u00f9 que vous soyez.\" \/>\n<meta property=\"og:url\" content=\"https:\/\/gymfactory.eu\/fr\/produit\/power-rack-ultime-b11\/\" \/>\n<meta property=\"og:site_name\" content=\"Gym Factory\" \/>\n<meta property=\"og:image\" content=\"https:\/\/gymfactory.eu\/wp-content\/uploads\/2025\/01\/gym-machine-B11-black-frame-1.webp\" \/>\n\t<meta property=\"og:image:width\" content=\"1500\" \/>\n\t<meta property=\"og:image:height\" content=\"1500\" \/>\n\t<meta property=\"og:image:type\" content=\"image\/webp\" \/>\n<meta name=\"twitter:card\" content=\"summary_large_image\" \/>\n<meta name=\"twitter:label1\" content=\"Dur\u00e9e de lecture estim\u00e9e\" \/>\n\t<meta name=\"twitter:data1\" content=\"1 minute\" \/>\n<script type=\"application\/ld+json\" class=\"yoast-schema-graph\">{\"@context\":\"https:\/\/schema.org\",\"@graph\":[{\"@type\":\"WebPage\",\"@id\":\"https:\/\/gymfactory.eu\/fr\/produit\/power-rack-ultime-b11\/\",\"url\":\"https:\/\/gymfactory.eu\/fr\/produit\/power-rack-ultime-b11\/\",\"name\":\"Power Rack Ultime B11 | Entra\u00eenement de Force Complet\",\"isPartOf\":{\"@id\":\"https:\/\/gymfactory.eu\/fr\/#website\"},\"primaryImageOfPage\":{\"@id\":\"https:\/\/gymfactory.eu\/fr\/produit\/power-rack-ultime-b11\/#primaryimage\"},\"image\":{\"@id\":\"https:\/\/gymfactory.eu\/fr\/produit\/power-rack-ultime-b11\/#primaryimage\"},\"thumbnailUrl\":\"https:\/\/gymfactory.eu\/wp-content\/uploads\/2026\/03\/b11-power-rack-smith-machine-cable-system.jpg\",\"datePublished\":\"2025-01-28T09:53:58+00:00\",\"description\":\"Besoin d\u2019une configuration puissante pour un entra\u00eenement complet ? Le Power Rack Ultime B11 est durable, polyvalent et parfait pour des s\u00e9ances de musculation s\u00e9rieuses, o\u00f9 que vous soyez.\",\"breadcrumb\":{\"@id\":\"https:\/\/gymfactory.eu\/fr\/produit\/power-rack-ultime-b11\/#breadcrumb\"},\"inLanguage\":\"fr-FR\",\"potentialAction\":[{\"@type\":\"ReadAction\",\"target\":[\"https:\/\/gymfactory.eu\/fr\/produit\/power-rack-ultime-b11\/\"]}]},{\"@type\":\"ImageObject\",\"inLanguage\":\"fr-FR\",\"@id\":\"https:\/\/gymfactory.eu\/fr\/produit\/power-rack-ultime-b11\/#primaryimage\",\"url\":\"https:\/\/gymfactory.eu\/wp-content\/uploads\/2026\/03\/b11-power-rack-smith-machine-cable-system.jpg\",\"contentUrl\":\"https:\/\/gymfactory.eu\/wp-content\/uploads\/2026\/03\/b11-power-rack-smith-machine-cable-system.jpg\",\"width\":1500,\"height\":1500,\"caption\":\"Power rack, Smith machine and cable system combined into one structure\"},{\"@type\":\"BreadcrumbList\",\"@id\":\"https:\/\/gymfactory.eu\/fr\/produit\/power-rack-ultime-b11\/#breadcrumb\",\"itemListElement\":[{\"@type\":\"ListItem\",\"position\":1,\"name\":\"Home\",\"item\":\"https:\/\/gymfactory.eu\/fr\/page-principale\/\"},{\"@type\":\"ListItem\",\"position\":2,\"name\":\"Catalogue\",\"item\":\"https:\/\/gymfactory.eu\/fr\/catalogue-2\/\"},{\"@type\":\"ListItem\",\"position\":3,\"name\":\"Power Rack Ultime B11\"}]},{\"@type\":\"WebSite\",\"@id\":\"https:\/\/gymfactory.eu\/fr\/#website\",\"url\":\"https:\/\/gymfactory.eu\/fr\/\",\"name\":\"Gym Factory\",\"description\":\"\",\"publisher\":{\"@id\":\"https:\/\/gymfactory.eu\/fr\/#organization\"},\"potentialAction\":[{\"@type\":\"SearchAction\",\"target\":{\"@type\":\"EntryPoint\",\"urlTemplate\":\"https:\/\/gymfactory.eu\/fr\/?s={search_term_string}\"},\"query-input\":{\"@type\":\"PropertyValueSpecification\",\"valueRequired\":true,\"valueName\":\"search_term_string\"}}],\"inLanguage\":\"fr-FR\"},{\"@type\":\"Organization\",\"@id\":\"https:\/\/gymfactory.eu\/fr\/#organization\",\"name\":\"Gym Factory\",\"url\":\"https:\/\/gymfactory.eu\/fr\/\",\"logo\":{\"@type\":\"ImageObject\",\"inLanguage\":\"fr-FR\",\"@id\":\"https:\/\/gymfactory.eu\/fr\/#\/schema\/logo\/image\/\",\"url\":\"https:\/\/gymfactory.eu\/wp-content\/uploads\/2024\/11\/Component-1.svg\",\"contentUrl\":\"https:\/\/gymfactory.eu\/wp-content\/uploads\/2024\/11\/Component-1.svg\",\"width\":54,\"height\":44,\"caption\":\"Gym Factory\"},\"image\":{\"@id\":\"https:\/\/gymfactory.eu\/fr\/#\/schema\/logo\/image\/\"}}]}<\/script>\n<!-- \/ Yoast SEO plugin. -->","yoast_head_json":{"title":"Power Rack Ultime B11 | Entra\u00eenement de Force Complet","description":"Besoin d\u2019une configuration puissante pour un entra\u00eenement complet ? Le Power Rack Ultime B11 est durable, polyvalent et parfait pour des s\u00e9ances de musculation s\u00e9rieuses, o\u00f9 que vous soyez.","robots":{"index":"index","follow":"follow","max-snippet":"max-snippet:-1","max-image-preview":"max-image-preview:large","max-video-preview":"max-video-preview:-1"},"canonical":"https:\/\/gymfactory.eu\/fr\/produit\/power-rack-ultime-b11\/","og_locale":"fr_FR","og_type":"article","og_title":"Power Rack Ultime B11 | Entra\u00eenement de Force Complet","og_description":"Besoin d\u2019une configuration puissante pour un entra\u00eenement complet ? Le Power Rack Ultime B11 est durable, polyvalent et parfait pour des s\u00e9ances de musculation s\u00e9rieuses, o\u00f9 que vous soyez.","og_url":"https:\/\/gymfactory.eu\/fr\/produit\/power-rack-ultime-b11\/","og_site_name":"Gym Factory","og_image":[{"width":1500,"height":1500,"url":"https:\/\/gymfactory.eu\/wp-content\/uploads\/2025\/01\/gym-machine-B11-black-frame-1.webp","type":"image\/webp"}],"twitter_card":"summary_large_image","twitter_misc":{"Dur\u00e9e de lecture estim\u00e9e":"1 minute"},"schema":{"@context":"https:\/\/schema.org","@graph":[{"@type":"WebPage","@id":"https:\/\/gymfactory.eu\/fr\/produit\/power-rack-ultime-b11\/","url":"https:\/\/gymfactory.eu\/fr\/produit\/power-rack-ultime-b11\/","name":"Power Rack Ultime B11 | Entra\u00eenement de Force Complet","isPartOf":{"@id":"https:\/\/gymfactory.eu\/fr\/#website"},"primaryImageOfPage":{"@id":"https:\/\/gymfactory.eu\/fr\/produit\/power-rack-ultime-b11\/#primaryimage"},"image":{"@id":"https:\/\/gymfactory.eu\/fr\/produit\/power-rack-ultime-b11\/#primaryimage"},"thumbnailUrl":"https:\/\/gymfactory.eu\/wp-content\/uploads\/2026\/03\/b11-power-rack-smith-machine-cable-system.jpg","datePublished":"2025-01-28T09:53:58+00:00","description":"Besoin d\u2019une configuration puissante pour un entra\u00eenement complet ? Le Power Rack Ultime B11 est durable, polyvalent et parfait pour des s\u00e9ances de musculation s\u00e9rieuses, o\u00f9 que vous soyez.","breadcrumb":{"@id":"https:\/\/gymfactory.eu\/fr\/produit\/power-rack-ultime-b11\/#breadcrumb"},"inLanguage":"fr-FR","potentialAction":[{"@type":"ReadAction","target":["https:\/\/gymfactory.eu\/fr\/produit\/power-rack-ultime-b11\/"]}]},{"@type":"ImageObject","inLanguage":"fr-FR","@id":"https:\/\/gymfactory.eu\/fr\/produit\/power-rack-ultime-b11\/#primaryimage","url":"https:\/\/gymfactory.eu\/wp-content\/uploads\/2026\/03\/b11-power-rack-smith-machine-cable-system.jpg","contentUrl":"https:\/\/gymfactory.eu\/wp-content\/uploads\/2026\/03\/b11-power-rack-smith-machine-cable-system.jpg","width":1500,"height":1500,"caption":"Power rack, Smith machine and cable system combined into one structure"},{"@type":"BreadcrumbList","@id":"https:\/\/gymfactory.eu\/fr\/produit\/power-rack-ultime-b11\/#breadcrumb","itemListElement":[{"@type":"ListItem","position":1,"name":"Home","item":"https:\/\/gymfactory.eu\/fr\/page-principale\/"},{"@type":"ListItem","position":2,"name":"Catalogue","item":"https:\/\/gymfactory.eu\/fr\/catalogue-2\/"},{"@type":"ListItem","position":3,"name":"Power Rack Ultime B11"}]},{"@type":"WebSite","@id":"https:\/\/gymfactory.eu\/fr\/#website","url":"https:\/\/gymfactory.eu\/fr\/","name":"Gym Factory","description":"","publisher":{"@id":"https:\/\/gymfactory.eu\/fr\/#organization"},"potentialAction":[{"@type":"SearchAction","target":{"@type":"EntryPoint","urlTemplate":"https:\/\/gymfactory.eu\/fr\/?s={search_term_string}"},"query-input":{"@type":"PropertyValueSpecification","valueRequired":true,"valueName":"search_term_string"}}],"inLanguage":"fr-FR"},{"@type":"Organization","@id":"https:\/\/gymfactory.eu\/fr\/#organization","name":"Gym Factory","url":"https:\/\/gymfactory.eu\/fr\/","logo":{"@type":"ImageObject","inLanguage":"fr-FR","@id":"https:\/\/gymfactory.eu\/fr\/#\/schema\/logo\/image\/","url":"https:\/\/gymfactory.eu\/wp-content\/uploads\/2024\/11\/Component-1.svg","contentUrl":"https:\/\/gymfactory.eu\/wp-content\/uploads\/2024\/11\/Component-1.svg","width":54,"height":44,"caption":"Gym Factory"},"image":{"@id":"https:\/\/gymfactory.eu\/fr\/#\/schema\/logo\/image\/"}}]}},"_links":{"self":[{"href":"https:\/\/gymfactory.eu\/fr\/wp-json\/wp\/v2\/product\/24261","targetHints":{"allow":["GET"]}}],"collection":[{"href":"https:\/\/gymfactory.eu\/fr\/wp-json\/wp\/v2\/product"}],"about":[{"href":"https:\/\/gymfactory.eu\/fr\/wp-json\/wp\/v2\/types\/product"}],"wp:featuredmedia":[{"embeddable":true,"href":"https:\/\/gymfactory.eu\/fr\/wp-json\/wp\/v2\/media\/29222"}],"wp:attachment":[{"href":"https:\/\/gymfactory.eu\/fr\/wp-json\/wp\/v2\/media?parent=24261"}],"wp:term":[{"taxonomy":"product_brand","embeddable":true,"href":"https:\/\/gymfactory.eu\/fr\/wp-json\/wp\/v2\/product_brand?post=24261"},{"taxonomy":"product_cat","embeddable":true,"href":"https:\/\/gymfactory.eu\/fr\/wp-json\/wp\/v2\/product_cat?post=24261"},{"taxonomy":"product_tag","embeddable":true,"href":"https:\/\/gymfactory.eu\/fr\/wp-json\/wp\/v2\/product_tag?post=24261"}],"curies":[{"name":"wp","href":"https:\/\/api.w.org\/{rel}","templated":true}]}}