{"id":24253,"date":"2025-01-28T11:27:38","date_gmt":"2025-01-28T09:27:38","guid":{"rendered":"https:\/\/gymfactory.eu\/product\/machine-de-musculation-multifonction-b9x\/"},"modified":"2026-01-23T22:33:03","modified_gmt":"2026-01-23T20:33:03","slug":"machine-de-musculation-multifonction-b9x","status":"publish","type":"product","link":"https:\/\/gymfactory.eu\/fr\/produit\/machine-de-musculation-multifonction-b9x\/","title":{"rendered":"Machine de Musculation Multifonction B9X"},"content":{"rendered":"<p>La Machine de Musculation Multifonction B9X est une unit\u00e9 robuste et adaptable con\u00e7ue pour l\u2019entra\u00eenement complet du corps, aussi bien dans les home gyms que dans les salles de sport commerciales. Elle combine un rack \u00e0 squat et une station de tirage \u00e0 c\u00e2bles (lat pulldown) au sein d\u2019un m\u00eame ch\u00e2ssis. <\/p>\n<p>Le rack comprend deux crochets en J (J-hooks), deux bras de s\u00e9curit\u00e9 (safety spotters) et des points d\u2019ancrage pour bandes \u00e9lastiques. Gr\u00e2ce aux multiples trous de r\u00e9glage, la configuration peut \u00eatre adapt\u00e9e \u00e0 la taille de chaque utilisateur et au type d\u2019exercice. <\/p>\n<p>Vous pouvez r\u00e9aliser des exercices tels que le squat, le soulev\u00e9 de terre, les fentes, le d\u00e9velopp\u00e9 couch\u00e9, ainsi que le rowing barre, le curl biceps, les extensions triceps et le tirage vertical. Le syst\u00e8me de c\u00e2bles utilise un bloc de charge \u00e0 disques, vous permettant de r\u00e9utiliser les m\u00eames poids que pour le travail \u00e0 la barre. Le support de jambes sur la station de tirage est r\u00e9glable pour s\u2019adapter aux diff\u00e9rents utilisateurs.  <\/p>\n<p>Cette machine est compatible avec des accessoires suppl\u00e9mentaires tels que la <a href=\"https:\/\/gymfactory.eu\/product\/z17p-step-up-platform\/\">Plateforme Step-Up Z17P<\/a>, le <a href=\"https:\/\/gymfactory.eu\/product\/z17sx-monolift-lock\/\">Verrou Monolift Z17SX<\/a>, <a href=\"https:\/\/gymfactory.eu\/product\/z17t-landmine\/\">l\u2019Attache T-Bar Z17T<\/a> et les <a href=\"https:\/\/gymfactory.eu\/product\/z20-jammer-arms\/\">Bras de Levier (Jammer Arms) Z20<\/a>. Pour la station \u00e0 c\u00e2bles, nous recommandons le <a href=\"https:\/\/gymfactory.eu\/product\/w10-handle-set\/\">Kit de Poign\u00e9es Multi-Grip W10<\/a> afin d\u2019\u00e9largir vos options d\u2019entra\u00eenement. <\/p>\n<p>Cette machine permet un entra\u00eenement efficace et peu encombrant de tous les principaux groupes musculaires.<\/p>\n\n    <div class=\"xs_social_share_widget xs_share_url after_content \t\tmain_content  wslu-style-1 wslu-share-box-shaped wslu-fill-colored wslu-none wslu-share-horizontal wslu-theme-font-no wslu-main_content\">\n\n\t\t\n        <ul>\n\t\t\t        <\/ul>\n    <\/div> \n","protected":false},"excerpt":{"rendered":"<p>La Machine de Musculation Multifonction B9X est une unit\u00e9 robuste et adaptable con\u00e7ue pour l\u2019entra\u00eenement complet du corps, aussi bien dans les home gyms que dans les salles de sport commerciales. Elle combine un rack \u00e0 squat et une station de tirage \u00e0 c\u00e2bles (lat pulldown) au sein d\u2019un m\u00eame ch\u00e2ssis. Le rack comprend deux [&hellip;]<\/p>\n","protected":false},"featured_media":11542,"template":"","meta":{"_acf_changed":false},"product_brand":[56],"product_cat":[832],"product_tag":[859],"class_list":{"0":"post-24253","1":"product","2":"type-product","3":"status-publish","4":"has-post-thumbnail","6":"product_brand-gym-factory","7":"product_cat-machines-a-charge-par-plaques","8":"product_tag-populaire","10":"first","11":"onbackorder","12":"taxable","13":"shipping-taxable","14":"purchasable","15":"product-type-variable","16":"has-default-attributes"},"acf":[],"yoast_head":"<!-- This site is optimized with the Yoast SEO plugin v25.2 - https:\/\/yoast.com\/wordpress\/plugins\/seo\/ -->\n<title>Machine de Musculation Multifonction B9X | Machine pour Exercices Complets<\/title>\n<meta name=\"description\" content=\"Vous voulez une seule machine pour un entra\u00eenement complet ? La Machine de Musculation Multifonction B9X soutient la musculation, les routines fitness et l\u2019atteinte de vos objectifs.\" \/>\n<meta name=\"robots\" content=\"index, follow, max-snippet:-1, max-image-preview:large, max-video-preview:-1\" \/>\n<link rel=\"canonical\" href=\"https:\/\/gymfactory.eu\/fr\/produit\/machine-de-musculation-multifonction-b9x\/\" \/>\n<meta property=\"og:locale\" content=\"fr_FR\" \/>\n<meta property=\"og:type\" content=\"article\" \/>\n<meta property=\"og:title\" content=\"Machine de Musculation Multifonction B9X | Machine pour Exercices Complets\" \/>\n<meta property=\"og:description\" content=\"Vous voulez une seule machine pour un entra\u00eenement complet ? La Machine de Musculation Multifonction B9X soutient la musculation, les routines fitness et l\u2019atteinte de vos objectifs.\" \/>\n<meta property=\"og:url\" content=\"https:\/\/gymfactory.eu\/fr\/produit\/machine-de-musculation-multifonction-b9x\/\" \/>\n<meta property=\"og:site_name\" content=\"Gym Factory\" \/>\n<meta property=\"article:modified_time\" content=\"2026-01-23T20:33:03+00:00\" \/>\n<meta property=\"og:image\" content=\"https:\/\/gymfactory.eu\/wp-content\/uploads\/2025\/01\/gym-machine-B9X-full-view-with-accessories-2.webp\" \/>\n\t<meta property=\"og:image:width\" content=\"1500\" \/>\n\t<meta property=\"og:image:height\" content=\"1500\" \/>\n\t<meta property=\"og:image:type\" content=\"image\/webp\" \/>\n<meta name=\"twitter:card\" content=\"summary_large_image\" \/>\n<meta name=\"twitter:label1\" content=\"Dur\u00e9e de lecture estim\u00e9e\" \/>\n\t<meta name=\"twitter:data1\" content=\"1 minute\" \/>\n<script type=\"application\/ld+json\" class=\"yoast-schema-graph\">{\"@context\":\"https:\/\/schema.org\",\"@graph\":[{\"@type\":\"WebPage\",\"@id\":\"https:\/\/gymfactory.eu\/fr\/produit\/machine-de-musculation-multifonction-b9x\/\",\"url\":\"https:\/\/gymfactory.eu\/fr\/produit\/machine-de-musculation-multifonction-b9x\/\",\"name\":\"Machine de Musculation Multifonction B9X | Machine pour Exercices Complets\",\"isPartOf\":{\"@id\":\"https:\/\/gymfactory.eu\/fr\/#website\"},\"primaryImageOfPage\":{\"@id\":\"https:\/\/gymfactory.eu\/fr\/produit\/machine-de-musculation-multifonction-b9x\/#primaryimage\"},\"image\":{\"@id\":\"https:\/\/gymfactory.eu\/fr\/produit\/machine-de-musculation-multifonction-b9x\/#primaryimage\"},\"thumbnailUrl\":\"https:\/\/gymfactory.eu\/wp-content\/uploads\/2025\/01\/gym-machine-B9X-full-view-with-accessories-2.webp\",\"datePublished\":\"2025-01-28T09:27:38+00:00\",\"dateModified\":\"2026-01-23T20:33:03+00:00\",\"description\":\"Vous voulez une seule machine pour un entra\u00eenement complet ? La Machine de Musculation Multifonction B9X soutient la musculation, les routines fitness et l\u2019atteinte de vos objectifs.\",\"breadcrumb\":{\"@id\":\"https:\/\/gymfactory.eu\/fr\/produit\/machine-de-musculation-multifonction-b9x\/#breadcrumb\"},\"inLanguage\":\"fr-FR\",\"potentialAction\":[{\"@type\":\"ReadAction\",\"target\":[\"https:\/\/gymfactory.eu\/fr\/produit\/machine-de-musculation-multifonction-b9x\/\"]}]},{\"@type\":\"ImageObject\",\"inLanguage\":\"fr-FR\",\"@id\":\"https:\/\/gymfactory.eu\/fr\/produit\/machine-de-musculation-multifonction-b9x\/#primaryimage\",\"url\":\"https:\/\/gymfactory.eu\/wp-content\/uploads\/2025\/01\/gym-machine-B9X-full-view-with-accessories-2.webp\",\"contentUrl\":\"https:\/\/gymfactory.eu\/wp-content\/uploads\/2025\/01\/gym-machine-B9X-full-view-with-accessories-2.webp\",\"width\":1500,\"height\":1500,\"caption\":\"Une vue d\u2019ensemble de la machine de musculation B9X, comprenant une cage de force, un syst\u00e8me de c\u00e2bles, des bras de levier et un rangement int\u00e9gr\u00e9 pour disques. Cette machine multifonctionnelle supporte des exercices de force tels que les squats, tractions, dips et mouvements \u00e0 la poulie.\"},{\"@type\":\"BreadcrumbList\",\"@id\":\"https:\/\/gymfactory.eu\/fr\/produit\/machine-de-musculation-multifonction-b9x\/#breadcrumb\",\"itemListElement\":[{\"@type\":\"ListItem\",\"position\":1,\"name\":\"Home\",\"item\":\"https:\/\/gymfactory.eu\/fr\/\"},{\"@type\":\"ListItem\",\"position\":2,\"name\":\"Catalogue\",\"item\":\"https:\/\/gymfactory.eu\/fr\/catalogue-2\/\"},{\"@type\":\"ListItem\",\"position\":3,\"name\":\"Machine de Musculation Multifonction B9X\"}]},{\"@type\":\"WebSite\",\"@id\":\"https:\/\/gymfactory.eu\/fr\/#website\",\"url\":\"https:\/\/gymfactory.eu\/fr\/\",\"name\":\"Gym Factory\",\"description\":\"\",\"publisher\":{\"@id\":\"https:\/\/gymfactory.eu\/fr\/#organization\"},\"potentialAction\":[{\"@type\":\"SearchAction\",\"target\":{\"@type\":\"EntryPoint\",\"urlTemplate\":\"https:\/\/gymfactory.eu\/fr\/?s={search_term_string}\"},\"query-input\":{\"@type\":\"PropertyValueSpecification\",\"valueRequired\":true,\"valueName\":\"search_term_string\"}}],\"inLanguage\":\"fr-FR\"},{\"@type\":\"Organization\",\"@id\":\"https:\/\/gymfactory.eu\/fr\/#organization\",\"name\":\"Gym Factory\",\"url\":\"https:\/\/gymfactory.eu\/fr\/\",\"logo\":{\"@type\":\"ImageObject\",\"inLanguage\":\"fr-FR\",\"@id\":\"https:\/\/gymfactory.eu\/fr\/#\/schema\/logo\/image\/\",\"url\":\"https:\/\/gymfactory.eu\/wp-content\/uploads\/2024\/11\/Component-1.svg\",\"contentUrl\":\"https:\/\/gymfactory.eu\/wp-content\/uploads\/2024\/11\/Component-1.svg\",\"width\":54,\"height\":44,\"caption\":\"Gym Factory\"},\"image\":{\"@id\":\"https:\/\/gymfactory.eu\/fr\/#\/schema\/logo\/image\/\"}}]}<\/script>\n<!-- \/ Yoast SEO plugin. -->","yoast_head_json":{"title":"Machine de Musculation Multifonction B9X | Machine pour Exercices Complets","description":"Vous voulez une seule machine pour un entra\u00eenement complet ? La Machine de Musculation Multifonction B9X soutient la musculation, les routines fitness et l\u2019atteinte de vos objectifs.","robots":{"index":"index","follow":"follow","max-snippet":"max-snippet:-1","max-image-preview":"max-image-preview:large","max-video-preview":"max-video-preview:-1"},"canonical":"https:\/\/gymfactory.eu\/fr\/produit\/machine-de-musculation-multifonction-b9x\/","og_locale":"fr_FR","og_type":"article","og_title":"Machine de Musculation Multifonction B9X | Machine pour Exercices Complets","og_description":"Vous voulez une seule machine pour un entra\u00eenement complet ? La Machine de Musculation Multifonction B9X soutient la musculation, les routines fitness et l\u2019atteinte de vos objectifs.","og_url":"https:\/\/gymfactory.eu\/fr\/produit\/machine-de-musculation-multifonction-b9x\/","og_site_name":"Gym Factory","article_modified_time":"2026-01-23T20:33:03+00:00","og_image":[{"width":1500,"height":1500,"url":"https:\/\/gymfactory.eu\/wp-content\/uploads\/2025\/01\/gym-machine-B9X-full-view-with-accessories-2.webp","type":"image\/webp"}],"twitter_card":"summary_large_image","twitter_misc":{"Dur\u00e9e de lecture estim\u00e9e":"1 minute"},"schema":{"@context":"https:\/\/schema.org","@graph":[{"@type":"WebPage","@id":"https:\/\/gymfactory.eu\/fr\/produit\/machine-de-musculation-multifonction-b9x\/","url":"https:\/\/gymfactory.eu\/fr\/produit\/machine-de-musculation-multifonction-b9x\/","name":"Machine de Musculation Multifonction B9X | Machine pour Exercices Complets","isPartOf":{"@id":"https:\/\/gymfactory.eu\/fr\/#website"},"primaryImageOfPage":{"@id":"https:\/\/gymfactory.eu\/fr\/produit\/machine-de-musculation-multifonction-b9x\/#primaryimage"},"image":{"@id":"https:\/\/gymfactory.eu\/fr\/produit\/machine-de-musculation-multifonction-b9x\/#primaryimage"},"thumbnailUrl":"https:\/\/gymfactory.eu\/wp-content\/uploads\/2025\/01\/gym-machine-B9X-full-view-with-accessories-2.webp","datePublished":"2025-01-28T09:27:38+00:00","dateModified":"2026-01-23T20:33:03+00:00","description":"Vous voulez une seule machine pour un entra\u00eenement complet ? La Machine de Musculation Multifonction B9X soutient la musculation, les routines fitness et l\u2019atteinte de vos objectifs.","breadcrumb":{"@id":"https:\/\/gymfactory.eu\/fr\/produit\/machine-de-musculation-multifonction-b9x\/#breadcrumb"},"inLanguage":"fr-FR","potentialAction":[{"@type":"ReadAction","target":["https:\/\/gymfactory.eu\/fr\/produit\/machine-de-musculation-multifonction-b9x\/"]}]},{"@type":"ImageObject","inLanguage":"fr-FR","@id":"https:\/\/gymfactory.eu\/fr\/produit\/machine-de-musculation-multifonction-b9x\/#primaryimage","url":"https:\/\/gymfactory.eu\/wp-content\/uploads\/2025\/01\/gym-machine-B9X-full-view-with-accessories-2.webp","contentUrl":"https:\/\/gymfactory.eu\/wp-content\/uploads\/2025\/01\/gym-machine-B9X-full-view-with-accessories-2.webp","width":1500,"height":1500,"caption":"Une vue d\u2019ensemble de la machine de musculation B9X, comprenant une cage de force, un syst\u00e8me de c\u00e2bles, des bras de levier et un rangement int\u00e9gr\u00e9 pour disques. Cette machine multifonctionnelle supporte des exercices de force tels que les squats, tractions, dips et mouvements \u00e0 la poulie."},{"@type":"BreadcrumbList","@id":"https:\/\/gymfactory.eu\/fr\/produit\/machine-de-musculation-multifonction-b9x\/#breadcrumb","itemListElement":[{"@type":"ListItem","position":1,"name":"Home","item":"https:\/\/gymfactory.eu\/fr\/"},{"@type":"ListItem","position":2,"name":"Catalogue","item":"https:\/\/gymfactory.eu\/fr\/catalogue-2\/"},{"@type":"ListItem","position":3,"name":"Machine de Musculation Multifonction B9X"}]},{"@type":"WebSite","@id":"https:\/\/gymfactory.eu\/fr\/#website","url":"https:\/\/gymfactory.eu\/fr\/","name":"Gym Factory","description":"","publisher":{"@id":"https:\/\/gymfactory.eu\/fr\/#organization"},"potentialAction":[{"@type":"SearchAction","target":{"@type":"EntryPoint","urlTemplate":"https:\/\/gymfactory.eu\/fr\/?s={search_term_string}"},"query-input":{"@type":"PropertyValueSpecification","valueRequired":true,"valueName":"search_term_string"}}],"inLanguage":"fr-FR"},{"@type":"Organization","@id":"https:\/\/gymfactory.eu\/fr\/#organization","name":"Gym Factory","url":"https:\/\/gymfactory.eu\/fr\/","logo":{"@type":"ImageObject","inLanguage":"fr-FR","@id":"https:\/\/gymfactory.eu\/fr\/#\/schema\/logo\/image\/","url":"https:\/\/gymfactory.eu\/wp-content\/uploads\/2024\/11\/Component-1.svg","contentUrl":"https:\/\/gymfactory.eu\/wp-content\/uploads\/2024\/11\/Component-1.svg","width":54,"height":44,"caption":"Gym Factory"},"image":{"@id":"https:\/\/gymfactory.eu\/fr\/#\/schema\/logo\/image\/"}}]}},"_links":{"self":[{"href":"https:\/\/gymfactory.eu\/fr\/wp-json\/wp\/v2\/product\/24253","targetHints":{"allow":["GET"]}}],"collection":[{"href":"https:\/\/gymfactory.eu\/fr\/wp-json\/wp\/v2\/product"}],"about":[{"href":"https:\/\/gymfactory.eu\/fr\/wp-json\/wp\/v2\/types\/product"}],"wp:featuredmedia":[{"embeddable":true,"href":"https:\/\/gymfactory.eu\/fr\/wp-json\/wp\/v2\/media\/11542"}],"wp:attachment":[{"href":"https:\/\/gymfactory.eu\/fr\/wp-json\/wp\/v2\/media?parent=24253"}],"wp:term":[{"taxonomy":"product_brand","embeddable":true,"href":"https:\/\/gymfactory.eu\/fr\/wp-json\/wp\/v2\/product_brand?post=24253"},{"taxonomy":"product_cat","embeddable":true,"href":"https:\/\/gymfactory.eu\/fr\/wp-json\/wp\/v2\/product_cat?post=24253"},{"taxonomy":"product_tag","embeddable":true,"href":"https:\/\/gymfactory.eu\/fr\/wp-json\/wp\/v2\/product_tag?post=24253"}],"curies":[{"name":"wp","href":"https:\/\/api.w.org\/{rel}","templated":true}]}}