{"id":24237,"date":"2025-01-28T09:57:32","date_gmt":"2025-01-28T07:57:32","guid":{"rendered":"https:\/\/gymfactory.eu\/product\/machine-smith-b5x\/"},"modified":"2025-01-28T09:57:32","modified_gmt":"2025-01-28T07:57:32","slug":"machine-smith-b5x","status":"publish","type":"product","link":"https:\/\/gymfactory.eu\/fr\/produit\/machine-smith-b5x\/","title":{"rendered":"Machine Smith B5X"},"content":{"rendered":"<p>La Machine Smith B5X est une solution stable et fonctionnelle pour l\u2019entra\u00eenement de la force, aussi bien dans les home gyms que dans les salles commerciales. Elle dispose d\u2019une barre guid\u00e9e avec plusieurs positions de verrouillage pour un mouvement s\u00fbr et contr\u00f4l\u00e9. <\/p>\n<p>Vous pouvez r\u00e9aliser des exercices cl\u00e9s pour le bas du corps comme les squats, les fentes et les extensions de mollets, ainsi que des mouvements pour le haut du corps tels que les d\u00e9velopp\u00e9s pour les pectoraux et les \u00e9paules. Associ\u00e9e au <a href=\"https:\/\/gymfactory.eu\/product\/j2-adjustable-bench\/\">Banc R\u00e9glable J2<\/a>, elle devient une station compl\u00e8te pour entra\u00eener tous les principaux groupes musculaires.<\/p>\n\n    <div class=\"xs_social_share_widget xs_share_url after_content \t\tmain_content  wslu-style-1 wslu-share-box-shaped wslu-fill-colored wslu-none wslu-share-horizontal wslu-theme-font-no wslu-main_content\">\n\n\t\t\n        <ul>\n\t\t\t        <\/ul>\n    <\/div> \n","protected":false},"excerpt":{"rendered":"<p>La Machine Smith B5X est une solution stable et fonctionnelle pour l\u2019entra\u00eenement de la force, aussi bien dans les home gyms que dans les salles commerciales. Elle dispose d\u2019une barre guid\u00e9e avec plusieurs positions de verrouillage pour un mouvement s\u00fbr et contr\u00f4l\u00e9. Vous pouvez r\u00e9aliser des exercices cl\u00e9s pour le bas du corps comme les [&hellip;]<\/p>\n","protected":false},"featured_media":11537,"template":"","meta":{"_acf_changed":false},"product_brand":[56],"product_cat":[832],"product_tag":[857],"class_list":{"0":"post-24237","1":"product","2":"type-product","3":"status-publish","4":"has-post-thumbnail","6":"product_brand-gym-factory","7":"product_cat-machines-a-charge-par-plaques","8":"product_tag-couleur-metal-uniquement","10":"first","11":"instock","12":"taxable","13":"shipping-taxable","14":"purchasable","15":"product-type-variable","16":"has-default-attributes"},"acf":[],"yoast_head":"<!-- This site is optimized with the Yoast SEO plugin v25.2 - https:\/\/yoast.com\/wordpress\/plugins\/seo\/ -->\n<title>Machine Smith B5X - \u00c9quipement pour l\u2019Entra\u00eenement de la Force<\/title>\n<meta name=\"description\" content=\"Vous souhaitez passer au niveau sup\u00e9rieur pour vos entra\u00eenements \u00e0 domicile ou en salle ? La Machine Smith B5X offre un entra\u00eenement de force guid\u00e9 et s\u00e9curis\u00e9 pour des r\u00e9sultats s\u00e9rieux.\" \/>\n<meta name=\"robots\" content=\"index, follow, max-snippet:-1, max-image-preview:large, max-video-preview:-1\" \/>\n<link rel=\"canonical\" href=\"https:\/\/gymfactory.eu\/fr\/produit\/machine-smith-b5x\/\" \/>\n<meta property=\"og:locale\" content=\"fr_FR\" \/>\n<meta property=\"og:type\" content=\"article\" \/>\n<meta property=\"og:title\" content=\"Machine Smith B5X - \u00c9quipement pour l\u2019Entra\u00eenement de la Force\" \/>\n<meta property=\"og:description\" content=\"Vous souhaitez passer au niveau sup\u00e9rieur pour vos entra\u00eenements \u00e0 domicile ou en salle ? La Machine Smith B5X offre un entra\u00eenement de force guid\u00e9 et s\u00e9curis\u00e9 pour des r\u00e9sultats s\u00e9rieux.\" \/>\n<meta property=\"og:url\" content=\"https:\/\/gymfactory.eu\/fr\/produit\/machine-smith-b5x\/\" \/>\n<meta property=\"og:site_name\" content=\"Gym Factory\" \/>\n<meta property=\"og:image\" content=\"https:\/\/gymfactory.eu\/wp-content\/uploads\/2025\/01\/side-picture-of-B5X-gym-machine-1.webp\" \/>\n\t<meta property=\"og:image:width\" content=\"1500\" \/>\n\t<meta property=\"og:image:height\" content=\"1500\" \/>\n\t<meta property=\"og:image:type\" content=\"image\/webp\" \/>\n<meta name=\"twitter:card\" content=\"summary_large_image\" \/>\n<meta name=\"twitter:label1\" content=\"Dur\u00e9e de lecture estim\u00e9e\" \/>\n\t<meta name=\"twitter:data1\" content=\"1 minute\" \/>\n<script type=\"application\/ld+json\" class=\"yoast-schema-graph\">{\"@context\":\"https:\/\/schema.org\",\"@graph\":[{\"@type\":\"WebPage\",\"@id\":\"https:\/\/gymfactory.eu\/fr\/produit\/machine-smith-b5x\/\",\"url\":\"https:\/\/gymfactory.eu\/fr\/produit\/machine-smith-b5x\/\",\"name\":\"Machine Smith B5X - \u00c9quipement pour l\u2019Entra\u00eenement de la Force\",\"isPartOf\":{\"@id\":\"https:\/\/gymfactory.eu\/fr\/#website\"},\"primaryImageOfPage\":{\"@id\":\"https:\/\/gymfactory.eu\/fr\/produit\/machine-smith-b5x\/#primaryimage\"},\"image\":{\"@id\":\"https:\/\/gymfactory.eu\/fr\/produit\/machine-smith-b5x\/#primaryimage\"},\"thumbnailUrl\":\"https:\/\/gymfactory.eu\/wp-content\/uploads\/2025\/01\/side-picture-of-B5X-gym-machine-1.webp\",\"datePublished\":\"2025-01-28T07:57:32+00:00\",\"description\":\"Vous souhaitez passer au niveau sup\u00e9rieur pour vos entra\u00eenements \u00e0 domicile ou en salle ? La Machine Smith B5X offre un entra\u00eenement de force guid\u00e9 et s\u00e9curis\u00e9 pour des r\u00e9sultats s\u00e9rieux.\",\"breadcrumb\":{\"@id\":\"https:\/\/gymfactory.eu\/fr\/produit\/machine-smith-b5x\/#breadcrumb\"},\"inLanguage\":\"fr-FR\",\"potentialAction\":[{\"@type\":\"ReadAction\",\"target\":[\"https:\/\/gymfactory.eu\/fr\/produit\/machine-smith-b5x\/\"]}]},{\"@type\":\"ImageObject\",\"inLanguage\":\"fr-FR\",\"@id\":\"https:\/\/gymfactory.eu\/fr\/produit\/machine-smith-b5x\/#primaryimage\",\"url\":\"https:\/\/gymfactory.eu\/wp-content\/uploads\/2025\/01\/side-picture-of-B5X-gym-machine-1.webp\",\"contentUrl\":\"https:\/\/gymfactory.eu\/wp-content\/uploads\/2025\/01\/side-picture-of-B5X-gym-machine-1.webp\",\"width\":1500,\"height\":1500,\"caption\":\"Vue d\u2019une machine de musculation B5X de qualit\u00e9 professionnelle captur\u00e9e de c\u00f4t\u00e9. Elle dispose d\u2019un ch\u00e2ssis solide, de multiples taquets de s\u00e9curit\u00e9 et de rangements int\u00e9gr\u00e9s pour disques de poids. Id\u00e9ale pour l\u2019entra\u00eenement en surcharge progressive et les exercices de force lourds.\"},{\"@type\":\"BreadcrumbList\",\"@id\":\"https:\/\/gymfactory.eu\/fr\/produit\/machine-smith-b5x\/#breadcrumb\",\"itemListElement\":[{\"@type\":\"ListItem\",\"position\":1,\"name\":\"Home\",\"item\":\"https:\/\/gymfactory.eu\/fr\/page-principale\/\"},{\"@type\":\"ListItem\",\"position\":2,\"name\":\"Catalogue\",\"item\":\"https:\/\/gymfactory.eu\/fr\/catalogue-2\/\"},{\"@type\":\"ListItem\",\"position\":3,\"name\":\"Machine Smith B5X\"}]},{\"@type\":\"WebSite\",\"@id\":\"https:\/\/gymfactory.eu\/fr\/#website\",\"url\":\"https:\/\/gymfactory.eu\/fr\/\",\"name\":\"Gym Factory\",\"description\":\"\",\"publisher\":{\"@id\":\"https:\/\/gymfactory.eu\/fr\/#organization\"},\"potentialAction\":[{\"@type\":\"SearchAction\",\"target\":{\"@type\":\"EntryPoint\",\"urlTemplate\":\"https:\/\/gymfactory.eu\/fr\/?s={search_term_string}\"},\"query-input\":{\"@type\":\"PropertyValueSpecification\",\"valueRequired\":true,\"valueName\":\"search_term_string\"}}],\"inLanguage\":\"fr-FR\"},{\"@type\":\"Organization\",\"@id\":\"https:\/\/gymfactory.eu\/fr\/#organization\",\"name\":\"Gym Factory\",\"url\":\"https:\/\/gymfactory.eu\/fr\/\",\"logo\":{\"@type\":\"ImageObject\",\"inLanguage\":\"fr-FR\",\"@id\":\"https:\/\/gymfactory.eu\/fr\/#\/schema\/logo\/image\/\",\"url\":\"https:\/\/gymfactory.eu\/wp-content\/uploads\/2024\/11\/Component-1.svg\",\"contentUrl\":\"https:\/\/gymfactory.eu\/wp-content\/uploads\/2024\/11\/Component-1.svg\",\"width\":54,\"height\":44,\"caption\":\"Gym Factory\"},\"image\":{\"@id\":\"https:\/\/gymfactory.eu\/fr\/#\/schema\/logo\/image\/\"}}]}<\/script>\n<!-- \/ Yoast SEO plugin. -->","yoast_head_json":{"title":"Machine Smith B5X - \u00c9quipement pour l\u2019Entra\u00eenement de la Force","description":"Vous souhaitez passer au niveau sup\u00e9rieur pour vos entra\u00eenements \u00e0 domicile ou en salle ? La Machine Smith B5X offre un entra\u00eenement de force guid\u00e9 et s\u00e9curis\u00e9 pour des r\u00e9sultats s\u00e9rieux.","robots":{"index":"index","follow":"follow","max-snippet":"max-snippet:-1","max-image-preview":"max-image-preview:large","max-video-preview":"max-video-preview:-1"},"canonical":"https:\/\/gymfactory.eu\/fr\/produit\/machine-smith-b5x\/","og_locale":"fr_FR","og_type":"article","og_title":"Machine Smith B5X - \u00c9quipement pour l\u2019Entra\u00eenement de la Force","og_description":"Vous souhaitez passer au niveau sup\u00e9rieur pour vos entra\u00eenements \u00e0 domicile ou en salle ? La Machine Smith B5X offre un entra\u00eenement de force guid\u00e9 et s\u00e9curis\u00e9 pour des r\u00e9sultats s\u00e9rieux.","og_url":"https:\/\/gymfactory.eu\/fr\/produit\/machine-smith-b5x\/","og_site_name":"Gym Factory","og_image":[{"width":1500,"height":1500,"url":"https:\/\/gymfactory.eu\/wp-content\/uploads\/2025\/01\/side-picture-of-B5X-gym-machine-1.webp","type":"image\/webp"}],"twitter_card":"summary_large_image","twitter_misc":{"Dur\u00e9e de lecture estim\u00e9e":"1 minute"},"schema":{"@context":"https:\/\/schema.org","@graph":[{"@type":"WebPage","@id":"https:\/\/gymfactory.eu\/fr\/produit\/machine-smith-b5x\/","url":"https:\/\/gymfactory.eu\/fr\/produit\/machine-smith-b5x\/","name":"Machine Smith B5X - \u00c9quipement pour l\u2019Entra\u00eenement de la Force","isPartOf":{"@id":"https:\/\/gymfactory.eu\/fr\/#website"},"primaryImageOfPage":{"@id":"https:\/\/gymfactory.eu\/fr\/produit\/machine-smith-b5x\/#primaryimage"},"image":{"@id":"https:\/\/gymfactory.eu\/fr\/produit\/machine-smith-b5x\/#primaryimage"},"thumbnailUrl":"https:\/\/gymfactory.eu\/wp-content\/uploads\/2025\/01\/side-picture-of-B5X-gym-machine-1.webp","datePublished":"2025-01-28T07:57:32+00:00","description":"Vous souhaitez passer au niveau sup\u00e9rieur pour vos entra\u00eenements \u00e0 domicile ou en salle ? La Machine Smith B5X offre un entra\u00eenement de force guid\u00e9 et s\u00e9curis\u00e9 pour des r\u00e9sultats s\u00e9rieux.","breadcrumb":{"@id":"https:\/\/gymfactory.eu\/fr\/produit\/machine-smith-b5x\/#breadcrumb"},"inLanguage":"fr-FR","potentialAction":[{"@type":"ReadAction","target":["https:\/\/gymfactory.eu\/fr\/produit\/machine-smith-b5x\/"]}]},{"@type":"ImageObject","inLanguage":"fr-FR","@id":"https:\/\/gymfactory.eu\/fr\/produit\/machine-smith-b5x\/#primaryimage","url":"https:\/\/gymfactory.eu\/wp-content\/uploads\/2025\/01\/side-picture-of-B5X-gym-machine-1.webp","contentUrl":"https:\/\/gymfactory.eu\/wp-content\/uploads\/2025\/01\/side-picture-of-B5X-gym-machine-1.webp","width":1500,"height":1500,"caption":"Vue d\u2019une machine de musculation B5X de qualit\u00e9 professionnelle captur\u00e9e de c\u00f4t\u00e9. Elle dispose d\u2019un ch\u00e2ssis solide, de multiples taquets de s\u00e9curit\u00e9 et de rangements int\u00e9gr\u00e9s pour disques de poids. Id\u00e9ale pour l\u2019entra\u00eenement en surcharge progressive et les exercices de force lourds."},{"@type":"BreadcrumbList","@id":"https:\/\/gymfactory.eu\/fr\/produit\/machine-smith-b5x\/#breadcrumb","itemListElement":[{"@type":"ListItem","position":1,"name":"Home","item":"https:\/\/gymfactory.eu\/fr\/page-principale\/"},{"@type":"ListItem","position":2,"name":"Catalogue","item":"https:\/\/gymfactory.eu\/fr\/catalogue-2\/"},{"@type":"ListItem","position":3,"name":"Machine Smith B5X"}]},{"@type":"WebSite","@id":"https:\/\/gymfactory.eu\/fr\/#website","url":"https:\/\/gymfactory.eu\/fr\/","name":"Gym Factory","description":"","publisher":{"@id":"https:\/\/gymfactory.eu\/fr\/#organization"},"potentialAction":[{"@type":"SearchAction","target":{"@type":"EntryPoint","urlTemplate":"https:\/\/gymfactory.eu\/fr\/?s={search_term_string}"},"query-input":{"@type":"PropertyValueSpecification","valueRequired":true,"valueName":"search_term_string"}}],"inLanguage":"fr-FR"},{"@type":"Organization","@id":"https:\/\/gymfactory.eu\/fr\/#organization","name":"Gym Factory","url":"https:\/\/gymfactory.eu\/fr\/","logo":{"@type":"ImageObject","inLanguage":"fr-FR","@id":"https:\/\/gymfactory.eu\/fr\/#\/schema\/logo\/image\/","url":"https:\/\/gymfactory.eu\/wp-content\/uploads\/2024\/11\/Component-1.svg","contentUrl":"https:\/\/gymfactory.eu\/wp-content\/uploads\/2024\/11\/Component-1.svg","width":54,"height":44,"caption":"Gym Factory"},"image":{"@id":"https:\/\/gymfactory.eu\/fr\/#\/schema\/logo\/image\/"}}]}},"_links":{"self":[{"href":"https:\/\/gymfactory.eu\/fr\/wp-json\/wp\/v2\/product\/24237","targetHints":{"allow":["GET"]}}],"collection":[{"href":"https:\/\/gymfactory.eu\/fr\/wp-json\/wp\/v2\/product"}],"about":[{"href":"https:\/\/gymfactory.eu\/fr\/wp-json\/wp\/v2\/types\/product"}],"wp:featuredmedia":[{"embeddable":true,"href":"https:\/\/gymfactory.eu\/fr\/wp-json\/wp\/v2\/media\/11537"}],"wp:attachment":[{"href":"https:\/\/gymfactory.eu\/fr\/wp-json\/wp\/v2\/media?parent=24237"}],"wp:term":[{"taxonomy":"product_brand","embeddable":true,"href":"https:\/\/gymfactory.eu\/fr\/wp-json\/wp\/v2\/product_brand?post=24237"},{"taxonomy":"product_cat","embeddable":true,"href":"https:\/\/gymfactory.eu\/fr\/wp-json\/wp\/v2\/product_cat?post=24237"},{"taxonomy":"product_tag","embeddable":true,"href":"https:\/\/gymfactory.eu\/fr\/wp-json\/wp\/v2\/product_tag?post=24237"}],"curies":[{"name":"wp","href":"https:\/\/api.w.org\/{rel}","templated":true}]}}