{"id":24219,"date":"2025-01-28T09:24:18","date_gmt":"2025-01-28T07:24:18","guid":{"rendered":"https:\/\/gymfactory.eu\/product\/machine-smith-b5\/"},"modified":"2025-01-28T09:24:18","modified_gmt":"2025-01-28T07:24:18","slug":"machine-smith-b5","status":"publish","type":"product","link":"https:\/\/gymfactory.eu\/fr\/produit\/machine-smith-b5\/","title":{"rendered":"Machine Smith B5"},"content":{"rendered":"<p>La Machine Smith B5 est un \u00e9quipement de musculation durable et polyvalent, adapt\u00e9 aussi bien aux salles de sport commerciales qu\u2019aux home gyms. Elle est \u00e9quip\u00e9e d\u2019un syst\u00e8me de barre guid\u00e9e avec de multiples positions de verrouillage, garantissant s\u00e9curit\u00e9 et contr\u00f4le \u00e0 chaque mouvement. <\/p>\n<p>Cette Smith machine permet de r\u00e9aliser des exercices cl\u00e9s pour le bas du corps comme les squats, les fentes et les extensions de mollets, ainsi que des mouvements pour le haut du corps tels que les d\u00e9velopp\u00e9s pour les pectoraux et les \u00e9paules. \u00c0 l\u2019oppos\u00e9, elle int\u00e8gre un rack \u00e0 barre standard avec plusieurs positions de repose-barre pour une utilisation avec des poids libres. <\/p>\n<p>La machine peut \u00eatre utilis\u00e9e avec sa barre guid\u00e9e int\u00e9gr\u00e9e ou avec votre propre barre et vos disques de poids. Associ\u00e9e \u00e0 un <a href=\"https:\/\/gymfactory.eu\/product\/j2-adjustable-bench\/\">Banc R\u00e9glable J2<\/a>, elle devient une station d\u2019entra\u00eenement compl\u00e8te capable de solliciter tous les principaux groupes musculaires.<\/p>\n\n    <div class=\"xs_social_share_widget xs_share_url after_content \t\tmain_content  wslu-style-1 wslu-share-box-shaped wslu-fill-colored wslu-none wslu-share-horizontal wslu-theme-font-no wslu-main_content\">\n\n\t\t\n        <ul>\n\t\t\t        <\/ul>\n    <\/div> \n","protected":false},"excerpt":{"rendered":"<p>La Machine Smith B5 est un \u00e9quipement de musculation durable et polyvalent, adapt\u00e9 aussi bien aux salles de sport commerciales qu\u2019aux home gyms. Elle est \u00e9quip\u00e9e d\u2019un syst\u00e8me de barre guid\u00e9e avec de multiples positions de verrouillage, garantissant s\u00e9curit\u00e9 et contr\u00f4le \u00e0 chaque mouvement. Cette Smith machine permet de r\u00e9aliser des exercices cl\u00e9s pour le [&hellip;]<\/p>\n","protected":false},"featured_media":11965,"template":"","meta":{"_acf_changed":false},"product_brand":[56],"product_cat":[832],"product_tag":[857],"class_list":{"0":"post-24219","1":"product","2":"type-product","3":"status-publish","4":"has-post-thumbnail","6":"product_brand-gym-factory","7":"product_cat-machines-a-charge-par-plaques","8":"product_tag-couleur-metal-uniquement","10":"first","11":"instock","12":"taxable","13":"shipping-taxable","14":"purchasable","15":"product-type-variable","16":"has-default-attributes"},"acf":[],"yoast_head":"<!-- This site is optimized with the Yoast SEO plugin v25.2 - https:\/\/yoast.com\/wordpress\/plugins\/seo\/ -->\n<title>Machine Smith B5 | \u00c9quipement de Musculation pour Entra\u00eenement Complet<\/title>\n<meta name=\"description\" content=\"Transformez votre espace d\u2019entra\u00eenement avec la Machine Smith B5 \u2013 un \u00e9quipement de musculation innovant pour la force et la polyvalence d\u2019un entra\u00eenement complet.\" \/>\n<meta name=\"robots\" content=\"index, follow, max-snippet:-1, max-image-preview:large, max-video-preview:-1\" \/>\n<link rel=\"canonical\" href=\"https:\/\/gymfactory.eu\/fr\/produit\/machine-smith-b5\/\" \/>\n<meta property=\"og:locale\" content=\"fr_FR\" \/>\n<meta property=\"og:type\" content=\"article\" \/>\n<meta property=\"og:title\" content=\"Machine Smith B5 | \u00c9quipement de Musculation pour Entra\u00eenement Complet\" \/>\n<meta property=\"og:description\" content=\"Transformez votre espace d\u2019entra\u00eenement avec la Machine Smith B5 \u2013 un \u00e9quipement de musculation innovant pour la force et la polyvalence d\u2019un entra\u00eenement complet.\" \/>\n<meta property=\"og:url\" content=\"https:\/\/gymfactory.eu\/fr\/produit\/machine-smith-b5\/\" \/>\n<meta property=\"og:site_name\" content=\"Gym Factory\" \/>\n<meta property=\"og:image\" content=\"https:\/\/gymfactory.eu\/wp-content\/uploads\/2025\/01\/the-view-of-B5-gym-machine-1.webp\" \/>\n\t<meta property=\"og:image:width\" content=\"1500\" \/>\n\t<meta property=\"og:image:height\" content=\"1500\" \/>\n\t<meta property=\"og:image:type\" content=\"image\/webp\" \/>\n<meta name=\"twitter:card\" content=\"summary_large_image\" \/>\n<meta name=\"twitter:label1\" content=\"Dur\u00e9e de lecture estim\u00e9e\" \/>\n\t<meta name=\"twitter:data1\" content=\"1 minute\" \/>\n<script type=\"application\/ld+json\" class=\"yoast-schema-graph\">{\"@context\":\"https:\/\/schema.org\",\"@graph\":[{\"@type\":\"WebPage\",\"@id\":\"https:\/\/gymfactory.eu\/fr\/produit\/machine-smith-b5\/\",\"url\":\"https:\/\/gymfactory.eu\/fr\/produit\/machine-smith-b5\/\",\"name\":\"Machine Smith B5 | \u00c9quipement de Musculation pour Entra\u00eenement Complet\",\"isPartOf\":{\"@id\":\"https:\/\/gymfactory.eu\/fr\/#website\"},\"primaryImageOfPage\":{\"@id\":\"https:\/\/gymfactory.eu\/fr\/produit\/machine-smith-b5\/#primaryimage\"},\"image\":{\"@id\":\"https:\/\/gymfactory.eu\/fr\/produit\/machine-smith-b5\/#primaryimage\"},\"thumbnailUrl\":\"https:\/\/gymfactory.eu\/wp-content\/uploads\/2025\/01\/the-view-of-B5-gym-machine-1.webp\",\"datePublished\":\"2025-01-28T07:24:18+00:00\",\"description\":\"Transformez votre espace d\u2019entra\u00eenement avec la Machine Smith B5 \u2013 un \u00e9quipement de musculation innovant pour la force et la polyvalence d\u2019un entra\u00eenement complet.\",\"breadcrumb\":{\"@id\":\"https:\/\/gymfactory.eu\/fr\/produit\/machine-smith-b5\/#breadcrumb\"},\"inLanguage\":\"fr-FR\",\"potentialAction\":[{\"@type\":\"ReadAction\",\"target\":[\"https:\/\/gymfactory.eu\/fr\/produit\/machine-smith-b5\/\"]}]},{\"@type\":\"ImageObject\",\"inLanguage\":\"fr-FR\",\"@id\":\"https:\/\/gymfactory.eu\/fr\/produit\/machine-smith-b5\/#primaryimage\",\"url\":\"https:\/\/gymfactory.eu\/wp-content\/uploads\/2025\/01\/the-view-of-B5-gym-machine-1.webp\",\"contentUrl\":\"https:\/\/gymfactory.eu\/wp-content\/uploads\/2025\/01\/the-view-of-B5-gym-machine-1.webp\",\"width\":1500,\"height\":1500,\"caption\":\"Une vue en pied de la machine de musculation B5, soulignant sa construction stable, son syst\u00e8me de barre et sa configuration ergonomique. Cette machine permet des exercices de renforcement musculaire s\u00fbrs et efficaces.\"},{\"@type\":\"BreadcrumbList\",\"@id\":\"https:\/\/gymfactory.eu\/fr\/produit\/machine-smith-b5\/#breadcrumb\",\"itemListElement\":[{\"@type\":\"ListItem\",\"position\":1,\"name\":\"Home\",\"item\":\"https:\/\/gymfactory.eu\/fr\/\"},{\"@type\":\"ListItem\",\"position\":2,\"name\":\"Catalogue\",\"item\":\"https:\/\/gymfactory.eu\/fr\/catalogue-2\/\"},{\"@type\":\"ListItem\",\"position\":3,\"name\":\"Machine Smith B5\"}]},{\"@type\":\"WebSite\",\"@id\":\"https:\/\/gymfactory.eu\/fr\/#website\",\"url\":\"https:\/\/gymfactory.eu\/fr\/\",\"name\":\"Gym Factory\",\"description\":\"\",\"publisher\":{\"@id\":\"https:\/\/gymfactory.eu\/fr\/#organization\"},\"potentialAction\":[{\"@type\":\"SearchAction\",\"target\":{\"@type\":\"EntryPoint\",\"urlTemplate\":\"https:\/\/gymfactory.eu\/fr\/?s={search_term_string}\"},\"query-input\":{\"@type\":\"PropertyValueSpecification\",\"valueRequired\":true,\"valueName\":\"search_term_string\"}}],\"inLanguage\":\"fr-FR\"},{\"@type\":\"Organization\",\"@id\":\"https:\/\/gymfactory.eu\/fr\/#organization\",\"name\":\"Gym Factory\",\"url\":\"https:\/\/gymfactory.eu\/fr\/\",\"logo\":{\"@type\":\"ImageObject\",\"inLanguage\":\"fr-FR\",\"@id\":\"https:\/\/gymfactory.eu\/fr\/#\/schema\/logo\/image\/\",\"url\":\"https:\/\/gymfactory.eu\/wp-content\/uploads\/2024\/11\/Component-1.svg\",\"contentUrl\":\"https:\/\/gymfactory.eu\/wp-content\/uploads\/2024\/11\/Component-1.svg\",\"width\":54,\"height\":44,\"caption\":\"Gym Factory\"},\"image\":{\"@id\":\"https:\/\/gymfactory.eu\/fr\/#\/schema\/logo\/image\/\"}}]}<\/script>\n<!-- \/ Yoast SEO plugin. -->","yoast_head_json":{"title":"Machine Smith B5 | \u00c9quipement de Musculation pour Entra\u00eenement Complet","description":"Transformez votre espace d\u2019entra\u00eenement avec la Machine Smith B5 \u2013 un \u00e9quipement de musculation innovant pour la force et la polyvalence d\u2019un entra\u00eenement complet.","robots":{"index":"index","follow":"follow","max-snippet":"max-snippet:-1","max-image-preview":"max-image-preview:large","max-video-preview":"max-video-preview:-1"},"canonical":"https:\/\/gymfactory.eu\/fr\/produit\/machine-smith-b5\/","og_locale":"fr_FR","og_type":"article","og_title":"Machine Smith B5 | \u00c9quipement de Musculation pour Entra\u00eenement Complet","og_description":"Transformez votre espace d\u2019entra\u00eenement avec la Machine Smith B5 \u2013 un \u00e9quipement de musculation innovant pour la force et la polyvalence d\u2019un entra\u00eenement complet.","og_url":"https:\/\/gymfactory.eu\/fr\/produit\/machine-smith-b5\/","og_site_name":"Gym Factory","og_image":[{"width":1500,"height":1500,"url":"https:\/\/gymfactory.eu\/wp-content\/uploads\/2025\/01\/the-view-of-B5-gym-machine-1.webp","type":"image\/webp"}],"twitter_card":"summary_large_image","twitter_misc":{"Dur\u00e9e de lecture estim\u00e9e":"1 minute"},"schema":{"@context":"https:\/\/schema.org","@graph":[{"@type":"WebPage","@id":"https:\/\/gymfactory.eu\/fr\/produit\/machine-smith-b5\/","url":"https:\/\/gymfactory.eu\/fr\/produit\/machine-smith-b5\/","name":"Machine Smith B5 | \u00c9quipement de Musculation pour Entra\u00eenement Complet","isPartOf":{"@id":"https:\/\/gymfactory.eu\/fr\/#website"},"primaryImageOfPage":{"@id":"https:\/\/gymfactory.eu\/fr\/produit\/machine-smith-b5\/#primaryimage"},"image":{"@id":"https:\/\/gymfactory.eu\/fr\/produit\/machine-smith-b5\/#primaryimage"},"thumbnailUrl":"https:\/\/gymfactory.eu\/wp-content\/uploads\/2025\/01\/the-view-of-B5-gym-machine-1.webp","datePublished":"2025-01-28T07:24:18+00:00","description":"Transformez votre espace d\u2019entra\u00eenement avec la Machine Smith B5 \u2013 un \u00e9quipement de musculation innovant pour la force et la polyvalence d\u2019un entra\u00eenement complet.","breadcrumb":{"@id":"https:\/\/gymfactory.eu\/fr\/produit\/machine-smith-b5\/#breadcrumb"},"inLanguage":"fr-FR","potentialAction":[{"@type":"ReadAction","target":["https:\/\/gymfactory.eu\/fr\/produit\/machine-smith-b5\/"]}]},{"@type":"ImageObject","inLanguage":"fr-FR","@id":"https:\/\/gymfactory.eu\/fr\/produit\/machine-smith-b5\/#primaryimage","url":"https:\/\/gymfactory.eu\/wp-content\/uploads\/2025\/01\/the-view-of-B5-gym-machine-1.webp","contentUrl":"https:\/\/gymfactory.eu\/wp-content\/uploads\/2025\/01\/the-view-of-B5-gym-machine-1.webp","width":1500,"height":1500,"caption":"Une vue en pied de la machine de musculation B5, soulignant sa construction stable, son syst\u00e8me de barre et sa configuration ergonomique. Cette machine permet des exercices de renforcement musculaire s\u00fbrs et efficaces."},{"@type":"BreadcrumbList","@id":"https:\/\/gymfactory.eu\/fr\/produit\/machine-smith-b5\/#breadcrumb","itemListElement":[{"@type":"ListItem","position":1,"name":"Home","item":"https:\/\/gymfactory.eu\/fr\/"},{"@type":"ListItem","position":2,"name":"Catalogue","item":"https:\/\/gymfactory.eu\/fr\/catalogue-2\/"},{"@type":"ListItem","position":3,"name":"Machine Smith B5"}]},{"@type":"WebSite","@id":"https:\/\/gymfactory.eu\/fr\/#website","url":"https:\/\/gymfactory.eu\/fr\/","name":"Gym Factory","description":"","publisher":{"@id":"https:\/\/gymfactory.eu\/fr\/#organization"},"potentialAction":[{"@type":"SearchAction","target":{"@type":"EntryPoint","urlTemplate":"https:\/\/gymfactory.eu\/fr\/?s={search_term_string}"},"query-input":{"@type":"PropertyValueSpecification","valueRequired":true,"valueName":"search_term_string"}}],"inLanguage":"fr-FR"},{"@type":"Organization","@id":"https:\/\/gymfactory.eu\/fr\/#organization","name":"Gym Factory","url":"https:\/\/gymfactory.eu\/fr\/","logo":{"@type":"ImageObject","inLanguage":"fr-FR","@id":"https:\/\/gymfactory.eu\/fr\/#\/schema\/logo\/image\/","url":"https:\/\/gymfactory.eu\/wp-content\/uploads\/2024\/11\/Component-1.svg","contentUrl":"https:\/\/gymfactory.eu\/wp-content\/uploads\/2024\/11\/Component-1.svg","width":54,"height":44,"caption":"Gym Factory"},"image":{"@id":"https:\/\/gymfactory.eu\/fr\/#\/schema\/logo\/image\/"}}]}},"_links":{"self":[{"href":"https:\/\/gymfactory.eu\/fr\/wp-json\/wp\/v2\/product\/24219","targetHints":{"allow":["GET"]}}],"collection":[{"href":"https:\/\/gymfactory.eu\/fr\/wp-json\/wp\/v2\/product"}],"about":[{"href":"https:\/\/gymfactory.eu\/fr\/wp-json\/wp\/v2\/types\/product"}],"wp:featuredmedia":[{"embeddable":true,"href":"https:\/\/gymfactory.eu\/fr\/wp-json\/wp\/v2\/media\/11965"}],"wp:attachment":[{"href":"https:\/\/gymfactory.eu\/fr\/wp-json\/wp\/v2\/media?parent=24219"}],"wp:term":[{"taxonomy":"product_brand","embeddable":true,"href":"https:\/\/gymfactory.eu\/fr\/wp-json\/wp\/v2\/product_brand?post=24219"},{"taxonomy":"product_cat","embeddable":true,"href":"https:\/\/gymfactory.eu\/fr\/wp-json\/wp\/v2\/product_cat?post=24219"},{"taxonomy":"product_tag","embeddable":true,"href":"https:\/\/gymfactory.eu\/fr\/wp-json\/wp\/v2\/product_tag?post=24219"}],"curies":[{"name":"wp","href":"https:\/\/api.w.org\/{rel}","templated":true}]}}