{"id":24214,"date":"2025-01-28T08:52:42","date_gmt":"2025-01-28T06:52:42","guid":{"rendered":"https:\/\/gymfactory.eu\/product\/machine-de-pec-fly-a8x\/"},"modified":"2025-01-28T08:52:42","modified_gmt":"2025-01-28T06:52:42","slug":"machine-de-pec-fly-a8x","status":"publish","type":"product","link":"https:\/\/gymfactory.eu\/fr\/produit\/machine-de-pec-fly-a8x\/","title":{"rendered":"Machine de Pec Fly A8X"},"content":{"rendered":"<p>La Machine de Musculation Pec Fly A8X pour Pectoraux et Delto\u00efdes Post\u00e9rieurs allie fonctionnalit\u00e9 et pr\u00e9cision pour vous aider \u00e0 renforcer le haut de votre corps. Elle offre des mouvements fluides et contr\u00f4l\u00e9s pour un engagement musculaire cibl\u00e9 \u2013 un excellent ajout \u00e0 toute salle de sport. <\/p>\n<p>Cet appareil de musculation vous permet d\u2019effectuer l\u2019exercice de l\u2019\u00e9cart\u00e9 (pec fly) pour cibler les pectoraux et l\u2019avant des \u00e9paules, ainsi que l\u2019oiseau (rear delt fly) pour renforcer les delto\u00efdes post\u00e9rieurs. La hauteur du si\u00e8ge est r\u00e9glable, permettant aux utilisateurs de s\u2019entra\u00eener confortablement et de maintenir une posture correcte.<\/p>\n\n    <div class=\"xs_social_share_widget xs_share_url after_content \t\tmain_content  wslu-style-1 wslu-share-box-shaped wslu-fill-colored wslu-none wslu-share-horizontal wslu-theme-font-no wslu-main_content\">\n\n\t\t\n        <ul>\n\t\t\t        <\/ul>\n    <\/div> \n","protected":false},"excerpt":{"rendered":"<p>La Machine de Musculation Pec Fly A8X pour Pectoraux et Delto\u00efdes Post\u00e9rieurs allie fonctionnalit\u00e9 et pr\u00e9cision pour vous aider \u00e0 renforcer le haut de votre corps. Elle offre des mouvements fluides et contr\u00f4l\u00e9s pour un engagement musculaire cibl\u00e9 \u2013 un excellent ajout \u00e0 toute salle de sport. Cet appareil de musculation vous permet d\u2019effectuer l\u2019exercice [&hellip;]<\/p>\n","protected":false},"featured_media":10843,"template":"","meta":{"_acf_changed":false},"product_brand":[56],"product_cat":[832],"product_tag":[],"class_list":{"0":"post-24214","1":"product","2":"type-product","3":"status-publish","4":"has-post-thumbnail","6":"product_brand-gym-factory","7":"product_cat-machines-a-charge-par-plaques","9":"first","10":"onbackorder","11":"taxable","12":"shipping-taxable","13":"purchasable","14":"product-type-variable","15":"has-default-attributes"},"acf":[],"yoast_head":"<!-- This site is optimized with the Yoast SEO plugin v25.2 - https:\/\/yoast.com\/wordpress\/plugins\/seo\/ -->\n<title>Machine de Musculation Pec Fly A8X pour Pectoraux et Delto\u00efdes Post\u00e9rieurs<\/title>\n<meta name=\"description\" content=\"La Machine de Musculation Pec Fly A8X est un \u00e9quipement essentiel pour l\u2019entra\u00eenement des pectoraux et du dos, vous aidant \u00e0 d\u00e9velopper votre force et \u00e0 sculpter le haut du corps.\" \/>\n<meta name=\"robots\" content=\"index, follow, max-snippet:-1, max-image-preview:large, max-video-preview:-1\" \/>\n<link rel=\"canonical\" href=\"https:\/\/gymfactory.eu\/fr\/produit\/machine-de-pec-fly-a8x\/\" \/>\n<meta property=\"og:locale\" content=\"fr_FR\" \/>\n<meta property=\"og:type\" content=\"article\" \/>\n<meta property=\"og:title\" content=\"Machine de Musculation Pec Fly A8X pour Pectoraux et Delto\u00efdes Post\u00e9rieurs\" \/>\n<meta property=\"og:description\" content=\"La Machine de Musculation Pec Fly A8X est un \u00e9quipement essentiel pour l\u2019entra\u00eenement des pectoraux et du dos, vous aidant \u00e0 d\u00e9velopper votre force et \u00e0 sculpter le haut du corps.\" \/>\n<meta property=\"og:url\" content=\"https:\/\/gymfactory.eu\/fr\/produit\/machine-de-pec-fly-a8x\/\" \/>\n<meta property=\"og:site_name\" content=\"Gym Factory\" \/>\n<meta property=\"og:image\" content=\"https:\/\/gymfactory.eu\/wp-content\/uploads\/2025\/01\/A8X-gym-machine-2.webp\" \/>\n\t<meta property=\"og:image:width\" content=\"1500\" \/>\n\t<meta property=\"og:image:height\" content=\"1500\" \/>\n\t<meta property=\"og:image:type\" content=\"image\/webp\" \/>\n<meta name=\"twitter:card\" content=\"summary_large_image\" \/>\n<meta name=\"twitter:label1\" content=\"Dur\u00e9e de lecture estim\u00e9e\" \/>\n\t<meta name=\"twitter:data1\" content=\"1 minute\" \/>\n<script type=\"application\/ld+json\" class=\"yoast-schema-graph\">{\"@context\":\"https:\/\/schema.org\",\"@graph\":[{\"@type\":\"WebPage\",\"@id\":\"https:\/\/gymfactory.eu\/fr\/produit\/machine-de-pec-fly-a8x\/\",\"url\":\"https:\/\/gymfactory.eu\/fr\/produit\/machine-de-pec-fly-a8x\/\",\"name\":\"Machine de Musculation Pec Fly A8X pour Pectoraux et Delto\u00efdes Post\u00e9rieurs\",\"isPartOf\":{\"@id\":\"https:\/\/gymfactory.eu\/fr\/#website\"},\"primaryImageOfPage\":{\"@id\":\"https:\/\/gymfactory.eu\/fr\/produit\/machine-de-pec-fly-a8x\/#primaryimage\"},\"image\":{\"@id\":\"https:\/\/gymfactory.eu\/fr\/produit\/machine-de-pec-fly-a8x\/#primaryimage\"},\"thumbnailUrl\":\"https:\/\/gymfactory.eu\/wp-content\/uploads\/2025\/01\/A8X-gym-machine-2.webp\",\"datePublished\":\"2025-01-28T06:52:42+00:00\",\"description\":\"La Machine de Musculation Pec Fly A8X est un \u00e9quipement essentiel pour l\u2019entra\u00eenement des pectoraux et du dos, vous aidant \u00e0 d\u00e9velopper votre force et \u00e0 sculpter le haut du corps.\",\"breadcrumb\":{\"@id\":\"https:\/\/gymfactory.eu\/fr\/produit\/machine-de-pec-fly-a8x\/#breadcrumb\"},\"inLanguage\":\"fr-FR\",\"potentialAction\":[{\"@type\":\"ReadAction\",\"target\":[\"https:\/\/gymfactory.eu\/fr\/produit\/machine-de-pec-fly-a8x\/\"]}]},{\"@type\":\"ImageObject\",\"inLanguage\":\"fr-FR\",\"@id\":\"https:\/\/gymfactory.eu\/fr\/produit\/machine-de-pec-fly-a8x\/#primaryimage\",\"url\":\"https:\/\/gymfactory.eu\/wp-content\/uploads\/2025\/01\/A8X-gym-machine-2.webp\",\"contentUrl\":\"https:\/\/gymfactory.eu\/wp-content\/uploads\/2025\/01\/A8X-gym-machine-2.webp\",\"width\":1500,\"height\":1500,\"caption\":\"Une machine de musculation A8X de haute qualit\u00e9 con\u00e7ue pour les entra\u00eenements du haut du corps, dot\u00e9e d\u2019un banc noir inclin\u00e9 et d\u2019un ch\u00e2ssis en acier robuste. Cette machine est con\u00e7ue pour un entra\u00eenement de force s\u00e9rieux, offrant des poign\u00e9es ergonomiques et des supports de disques pour un chargement facile. Elle est id\u00e9ale pour les d\u00e9velopp\u00e9s inclin\u00e9s et autres exercices de renforcement musculaire.\"},{\"@type\":\"BreadcrumbList\",\"@id\":\"https:\/\/gymfactory.eu\/fr\/produit\/machine-de-pec-fly-a8x\/#breadcrumb\",\"itemListElement\":[{\"@type\":\"ListItem\",\"position\":1,\"name\":\"Home\",\"item\":\"https:\/\/gymfactory.eu\/fr\/\"},{\"@type\":\"ListItem\",\"position\":2,\"name\":\"Catalogue\",\"item\":\"https:\/\/gymfactory.eu\/fr\/catalogue-2\/\"},{\"@type\":\"ListItem\",\"position\":3,\"name\":\"Machine de Pec Fly A8X\"}]},{\"@type\":\"WebSite\",\"@id\":\"https:\/\/gymfactory.eu\/fr\/#website\",\"url\":\"https:\/\/gymfactory.eu\/fr\/\",\"name\":\"Gym Factory\",\"description\":\"\",\"publisher\":{\"@id\":\"https:\/\/gymfactory.eu\/fr\/#organization\"},\"potentialAction\":[{\"@type\":\"SearchAction\",\"target\":{\"@type\":\"EntryPoint\",\"urlTemplate\":\"https:\/\/gymfactory.eu\/fr\/?s={search_term_string}\"},\"query-input\":{\"@type\":\"PropertyValueSpecification\",\"valueRequired\":true,\"valueName\":\"search_term_string\"}}],\"inLanguage\":\"fr-FR\"},{\"@type\":\"Organization\",\"@id\":\"https:\/\/gymfactory.eu\/fr\/#organization\",\"name\":\"Gym Factory\",\"url\":\"https:\/\/gymfactory.eu\/fr\/\",\"logo\":{\"@type\":\"ImageObject\",\"inLanguage\":\"fr-FR\",\"@id\":\"https:\/\/gymfactory.eu\/fr\/#\/schema\/logo\/image\/\",\"url\":\"https:\/\/gymfactory.eu\/wp-content\/uploads\/2024\/11\/Component-1.svg\",\"contentUrl\":\"https:\/\/gymfactory.eu\/wp-content\/uploads\/2024\/11\/Component-1.svg\",\"width\":54,\"height\":44,\"caption\":\"Gym Factory\"},\"image\":{\"@id\":\"https:\/\/gymfactory.eu\/fr\/#\/schema\/logo\/image\/\"}}]}<\/script>\n<!-- \/ Yoast SEO plugin. -->","yoast_head_json":{"title":"Machine de Musculation Pec Fly A8X pour Pectoraux et Delto\u00efdes Post\u00e9rieurs","description":"La Machine de Musculation Pec Fly A8X est un \u00e9quipement essentiel pour l\u2019entra\u00eenement des pectoraux et du dos, vous aidant \u00e0 d\u00e9velopper votre force et \u00e0 sculpter le haut du corps.","robots":{"index":"index","follow":"follow","max-snippet":"max-snippet:-1","max-image-preview":"max-image-preview:large","max-video-preview":"max-video-preview:-1"},"canonical":"https:\/\/gymfactory.eu\/fr\/produit\/machine-de-pec-fly-a8x\/","og_locale":"fr_FR","og_type":"article","og_title":"Machine de Musculation Pec Fly A8X pour Pectoraux et Delto\u00efdes Post\u00e9rieurs","og_description":"La Machine de Musculation Pec Fly A8X est un \u00e9quipement essentiel pour l\u2019entra\u00eenement des pectoraux et du dos, vous aidant \u00e0 d\u00e9velopper votre force et \u00e0 sculpter le haut du corps.","og_url":"https:\/\/gymfactory.eu\/fr\/produit\/machine-de-pec-fly-a8x\/","og_site_name":"Gym Factory","og_image":[{"width":1500,"height":1500,"url":"https:\/\/gymfactory.eu\/wp-content\/uploads\/2025\/01\/A8X-gym-machine-2.webp","type":"image\/webp"}],"twitter_card":"summary_large_image","twitter_misc":{"Dur\u00e9e de lecture estim\u00e9e":"1 minute"},"schema":{"@context":"https:\/\/schema.org","@graph":[{"@type":"WebPage","@id":"https:\/\/gymfactory.eu\/fr\/produit\/machine-de-pec-fly-a8x\/","url":"https:\/\/gymfactory.eu\/fr\/produit\/machine-de-pec-fly-a8x\/","name":"Machine de Musculation Pec Fly A8X pour Pectoraux et Delto\u00efdes Post\u00e9rieurs","isPartOf":{"@id":"https:\/\/gymfactory.eu\/fr\/#website"},"primaryImageOfPage":{"@id":"https:\/\/gymfactory.eu\/fr\/produit\/machine-de-pec-fly-a8x\/#primaryimage"},"image":{"@id":"https:\/\/gymfactory.eu\/fr\/produit\/machine-de-pec-fly-a8x\/#primaryimage"},"thumbnailUrl":"https:\/\/gymfactory.eu\/wp-content\/uploads\/2025\/01\/A8X-gym-machine-2.webp","datePublished":"2025-01-28T06:52:42+00:00","description":"La Machine de Musculation Pec Fly A8X est un \u00e9quipement essentiel pour l\u2019entra\u00eenement des pectoraux et du dos, vous aidant \u00e0 d\u00e9velopper votre force et \u00e0 sculpter le haut du corps.","breadcrumb":{"@id":"https:\/\/gymfactory.eu\/fr\/produit\/machine-de-pec-fly-a8x\/#breadcrumb"},"inLanguage":"fr-FR","potentialAction":[{"@type":"ReadAction","target":["https:\/\/gymfactory.eu\/fr\/produit\/machine-de-pec-fly-a8x\/"]}]},{"@type":"ImageObject","inLanguage":"fr-FR","@id":"https:\/\/gymfactory.eu\/fr\/produit\/machine-de-pec-fly-a8x\/#primaryimage","url":"https:\/\/gymfactory.eu\/wp-content\/uploads\/2025\/01\/A8X-gym-machine-2.webp","contentUrl":"https:\/\/gymfactory.eu\/wp-content\/uploads\/2025\/01\/A8X-gym-machine-2.webp","width":1500,"height":1500,"caption":"Une machine de musculation A8X de haute qualit\u00e9 con\u00e7ue pour les entra\u00eenements du haut du corps, dot\u00e9e d\u2019un banc noir inclin\u00e9 et d\u2019un ch\u00e2ssis en acier robuste. Cette machine est con\u00e7ue pour un entra\u00eenement de force s\u00e9rieux, offrant des poign\u00e9es ergonomiques et des supports de disques pour un chargement facile. Elle est id\u00e9ale pour les d\u00e9velopp\u00e9s inclin\u00e9s et autres exercices de renforcement musculaire."},{"@type":"BreadcrumbList","@id":"https:\/\/gymfactory.eu\/fr\/produit\/machine-de-pec-fly-a8x\/#breadcrumb","itemListElement":[{"@type":"ListItem","position":1,"name":"Home","item":"https:\/\/gymfactory.eu\/fr\/"},{"@type":"ListItem","position":2,"name":"Catalogue","item":"https:\/\/gymfactory.eu\/fr\/catalogue-2\/"},{"@type":"ListItem","position":3,"name":"Machine de Pec Fly A8X"}]},{"@type":"WebSite","@id":"https:\/\/gymfactory.eu\/fr\/#website","url":"https:\/\/gymfactory.eu\/fr\/","name":"Gym Factory","description":"","publisher":{"@id":"https:\/\/gymfactory.eu\/fr\/#organization"},"potentialAction":[{"@type":"SearchAction","target":{"@type":"EntryPoint","urlTemplate":"https:\/\/gymfactory.eu\/fr\/?s={search_term_string}"},"query-input":{"@type":"PropertyValueSpecification","valueRequired":true,"valueName":"search_term_string"}}],"inLanguage":"fr-FR"},{"@type":"Organization","@id":"https:\/\/gymfactory.eu\/fr\/#organization","name":"Gym Factory","url":"https:\/\/gymfactory.eu\/fr\/","logo":{"@type":"ImageObject","inLanguage":"fr-FR","@id":"https:\/\/gymfactory.eu\/fr\/#\/schema\/logo\/image\/","url":"https:\/\/gymfactory.eu\/wp-content\/uploads\/2024\/11\/Component-1.svg","contentUrl":"https:\/\/gymfactory.eu\/wp-content\/uploads\/2024\/11\/Component-1.svg","width":54,"height":44,"caption":"Gym Factory"},"image":{"@id":"https:\/\/gymfactory.eu\/fr\/#\/schema\/logo\/image\/"}}]}},"_links":{"self":[{"href":"https:\/\/gymfactory.eu\/fr\/wp-json\/wp\/v2\/product\/24214","targetHints":{"allow":["GET"]}}],"collection":[{"href":"https:\/\/gymfactory.eu\/fr\/wp-json\/wp\/v2\/product"}],"about":[{"href":"https:\/\/gymfactory.eu\/fr\/wp-json\/wp\/v2\/types\/product"}],"wp:featuredmedia":[{"embeddable":true,"href":"https:\/\/gymfactory.eu\/fr\/wp-json\/wp\/v2\/media\/10843"}],"wp:attachment":[{"href":"https:\/\/gymfactory.eu\/fr\/wp-json\/wp\/v2\/media?parent=24214"}],"wp:term":[{"taxonomy":"product_brand","embeddable":true,"href":"https:\/\/gymfactory.eu\/fr\/wp-json\/wp\/v2\/product_brand?post=24214"},{"taxonomy":"product_cat","embeddable":true,"href":"https:\/\/gymfactory.eu\/fr\/wp-json\/wp\/v2\/product_cat?post=24214"},{"taxonomy":"product_tag","embeddable":true,"href":"https:\/\/gymfactory.eu\/fr\/wp-json\/wp\/v2\/product_tag?post=24214"}],"curies":[{"name":"wp","href":"https:\/\/api.w.org\/{rel}","templated":true}]}}