{"id":24207,"date":"2025-01-28T07:56:49","date_gmt":"2025-01-28T05:56:49","guid":{"rendered":"https:\/\/gymfactory.eu\/product\/machine-de-pullover-a7x\/"},"modified":"2025-01-28T07:56:49","modified_gmt":"2025-01-28T05:56:49","slug":"machine-de-pullover-a7x","status":"publish","type":"product","link":"https:\/\/gymfactory.eu\/fr\/produit\/machine-de-pullover-a7x\/","title":{"rendered":"Machine de Pullover A7X"},"content":{"rendered":"<p>La Machine de Musculation Pullover A7X est con\u00e7ue pour am\u00e9liorer la force de votre dos et de vos pectoraux. B\u00e2tie pour la performance et la durabilit\u00e9, elle constitue un excellent ajout aussi bien pour les salles de sport commerciales que pour les home gyms. <\/p>\n<p>Cet appareil de musculation vous permet d\u2019effectuer le pullover classique, qui peut \u00eatre cibl\u00e9 soit sur le dos, soit sur les pectoraux, selon la technique employ\u00e9e. La hauteur du si\u00e8ge est r\u00e9glable, permettant aux utilisateurs de personnaliser la configuration pour un confort et un alignement optimaux. <\/p>\n<p>Elle dispose \u00e9galement d\u2019un m\u00e9canisme de verrouillage qui vous aide \u00e0 commencer l\u2019exercice depuis une position de d\u00e9part plus confortable. Une fois rel\u00e2ch\u00e9, il permet une amplitude de mouvement \u00e9tendue, vous aidant \u00e0 obtenir un \u00e9tirement plus profond et une meilleure activation musculaire.<\/p>\n\n    <div class=\"xs_social_share_widget xs_share_url after_content \t\tmain_content  wslu-style-1 wslu-share-box-shaped wslu-fill-colored wslu-none wslu-share-horizontal wslu-theme-font-no wslu-main_content\">\n\n\t\t\n        <ul>\n\t\t\t        <\/ul>\n    <\/div> \n","protected":false},"excerpt":{"rendered":"<p>La Machine de Musculation Pullover A7X est con\u00e7ue pour am\u00e9liorer la force de votre dos et de vos pectoraux. B\u00e2tie pour la performance et la durabilit\u00e9, elle constitue un excellent ajout aussi bien pour les salles de sport commerciales que pour les home gyms. Cet appareil de musculation vous permet d\u2019effectuer le pullover classique, qui [&hellip;]<\/p>\n","protected":false},"featured_media":11532,"template":"","meta":{"_acf_changed":false},"product_brand":[56],"product_cat":[832],"product_tag":[],"class_list":{"0":"post-24207","1":"product","2":"type-product","3":"status-publish","4":"has-post-thumbnail","6":"product_brand-gym-factory","7":"product_cat-machines-a-charge-par-plaques","9":"first","10":"onbackorder","11":"taxable","12":"shipping-taxable","13":"purchasable","14":"product-type-variable","15":"has-default-attributes"},"acf":[],"yoast_head":"<!-- This site is optimized with the Yoast SEO plugin v25.2 - https:\/\/yoast.com\/wordpress\/plugins\/seo\/ -->\n<title>Machine de Musculation Pullover A7X pour Exercices de Force<\/title>\n<meta name=\"description\" content=\"Ciblez vos muscles pectoraux et dorsaux avec la Machine de Musculation Pullover A7X \u2013 un \u00e9quipement efficace et polyvalent pour renforcer votre corps \u00e0 domicile.\" \/>\n<meta name=\"robots\" content=\"index, follow, max-snippet:-1, max-image-preview:large, max-video-preview:-1\" \/>\n<link rel=\"canonical\" href=\"https:\/\/gymfactory.eu\/fr\/produit\/machine-de-pullover-a7x\/\" \/>\n<meta property=\"og:locale\" content=\"fr_FR\" \/>\n<meta property=\"og:type\" content=\"article\" \/>\n<meta property=\"og:title\" content=\"Machine de Musculation Pullover A7X pour Exercices de Force\" \/>\n<meta property=\"og:description\" content=\"Ciblez vos muscles pectoraux et dorsaux avec la Machine de Musculation Pullover A7X \u2013 un \u00e9quipement efficace et polyvalent pour renforcer votre corps \u00e0 domicile.\" \/>\n<meta property=\"og:url\" content=\"https:\/\/gymfactory.eu\/fr\/produit\/machine-de-pullover-a7x\/\" \/>\n<meta property=\"og:site_name\" content=\"Gym Factory\" \/>\n<meta property=\"og:image\" content=\"https:\/\/gymfactory.eu\/wp-content\/uploads\/2025\/01\/black-A7X-gym-machine-1.webp\" \/>\n\t<meta property=\"og:image:width\" content=\"1500\" \/>\n\t<meta property=\"og:image:height\" content=\"1500\" \/>\n\t<meta property=\"og:image:type\" content=\"image\/webp\" \/>\n<meta name=\"twitter:card\" content=\"summary_large_image\" \/>\n<meta name=\"twitter:label1\" content=\"Dur\u00e9e de lecture estim\u00e9e\" \/>\n\t<meta name=\"twitter:data1\" content=\"1 minute\" \/>\n<script type=\"application\/ld+json\" class=\"yoast-schema-graph\">{\"@context\":\"https:\/\/schema.org\",\"@graph\":[{\"@type\":\"WebPage\",\"@id\":\"https:\/\/gymfactory.eu\/fr\/produit\/machine-de-pullover-a7x\/\",\"url\":\"https:\/\/gymfactory.eu\/fr\/produit\/machine-de-pullover-a7x\/\",\"name\":\"Machine de Musculation Pullover A7X pour Exercices de Force\",\"isPartOf\":{\"@id\":\"https:\/\/gymfactory.eu\/fr\/#website\"},\"primaryImageOfPage\":{\"@id\":\"https:\/\/gymfactory.eu\/fr\/produit\/machine-de-pullover-a7x\/#primaryimage\"},\"image\":{\"@id\":\"https:\/\/gymfactory.eu\/fr\/produit\/machine-de-pullover-a7x\/#primaryimage\"},\"thumbnailUrl\":\"https:\/\/gymfactory.eu\/wp-content\/uploads\/2025\/01\/black-A7X-gym-machine-1.webp\",\"datePublished\":\"2025-01-28T05:56:49+00:00\",\"description\":\"Ciblez vos muscles pectoraux et dorsaux avec la Machine de Musculation Pullover A7X \u2013 un \u00e9quipement efficace et polyvalent pour renforcer votre corps \u00e0 domicile.\",\"breadcrumb\":{\"@id\":\"https:\/\/gymfactory.eu\/fr\/produit\/machine-de-pullover-a7x\/#breadcrumb\"},\"inLanguage\":\"fr-FR\",\"potentialAction\":[{\"@type\":\"ReadAction\",\"target\":[\"https:\/\/gymfactory.eu\/fr\/produit\/machine-de-pullover-a7x\/\"]}]},{\"@type\":\"ImageObject\",\"inLanguage\":\"fr-FR\",\"@id\":\"https:\/\/gymfactory.eu\/fr\/produit\/machine-de-pullover-a7x\/#primaryimage\",\"url\":\"https:\/\/gymfactory.eu\/wp-content\/uploads\/2025\/01\/black-A7X-gym-machine-1.webp\",\"contentUrl\":\"https:\/\/gymfactory.eu\/wp-content\/uploads\/2025\/01\/black-A7X-gym-machine-1.webp\",\"width\":1500,\"height\":1500,\"caption\":\"Une machine de musculation noire et \u00e9l\u00e9gante pour les exercices de force, dot\u00e9e d\u2019un ch\u00e2ssis durable et de poign\u00e9es ergonomiques. Le si\u00e8ge et le dossier rembourr\u00e9s offrent un soutien pour divers exercices de d\u00e9velopp\u00e9 et inclin\u00e9s.\"},{\"@type\":\"BreadcrumbList\",\"@id\":\"https:\/\/gymfactory.eu\/fr\/produit\/machine-de-pullover-a7x\/#breadcrumb\",\"itemListElement\":[{\"@type\":\"ListItem\",\"position\":1,\"name\":\"Home\",\"item\":\"https:\/\/gymfactory.eu\/fr\/\"},{\"@type\":\"ListItem\",\"position\":2,\"name\":\"Catalogue\",\"item\":\"https:\/\/gymfactory.eu\/fr\/catalogue-2\/\"},{\"@type\":\"ListItem\",\"position\":3,\"name\":\"Machine de Pullover A7X\"}]},{\"@type\":\"WebSite\",\"@id\":\"https:\/\/gymfactory.eu\/fr\/#website\",\"url\":\"https:\/\/gymfactory.eu\/fr\/\",\"name\":\"Gym Factory\",\"description\":\"\",\"publisher\":{\"@id\":\"https:\/\/gymfactory.eu\/fr\/#organization\"},\"potentialAction\":[{\"@type\":\"SearchAction\",\"target\":{\"@type\":\"EntryPoint\",\"urlTemplate\":\"https:\/\/gymfactory.eu\/fr\/?s={search_term_string}\"},\"query-input\":{\"@type\":\"PropertyValueSpecification\",\"valueRequired\":true,\"valueName\":\"search_term_string\"}}],\"inLanguage\":\"fr-FR\"},{\"@type\":\"Organization\",\"@id\":\"https:\/\/gymfactory.eu\/fr\/#organization\",\"name\":\"Gym Factory\",\"url\":\"https:\/\/gymfactory.eu\/fr\/\",\"logo\":{\"@type\":\"ImageObject\",\"inLanguage\":\"fr-FR\",\"@id\":\"https:\/\/gymfactory.eu\/fr\/#\/schema\/logo\/image\/\",\"url\":\"https:\/\/gymfactory.eu\/wp-content\/uploads\/2024\/11\/Component-1.svg\",\"contentUrl\":\"https:\/\/gymfactory.eu\/wp-content\/uploads\/2024\/11\/Component-1.svg\",\"width\":54,\"height\":44,\"caption\":\"Gym Factory\"},\"image\":{\"@id\":\"https:\/\/gymfactory.eu\/fr\/#\/schema\/logo\/image\/\"}}]}<\/script>\n<!-- \/ Yoast SEO plugin. -->","yoast_head_json":{"title":"Machine de Musculation Pullover A7X pour Exercices de Force","description":"Ciblez vos muscles pectoraux et dorsaux avec la Machine de Musculation Pullover A7X \u2013 un \u00e9quipement efficace et polyvalent pour renforcer votre corps \u00e0 domicile.","robots":{"index":"index","follow":"follow","max-snippet":"max-snippet:-1","max-image-preview":"max-image-preview:large","max-video-preview":"max-video-preview:-1"},"canonical":"https:\/\/gymfactory.eu\/fr\/produit\/machine-de-pullover-a7x\/","og_locale":"fr_FR","og_type":"article","og_title":"Machine de Musculation Pullover A7X pour Exercices de Force","og_description":"Ciblez vos muscles pectoraux et dorsaux avec la Machine de Musculation Pullover A7X \u2013 un \u00e9quipement efficace et polyvalent pour renforcer votre corps \u00e0 domicile.","og_url":"https:\/\/gymfactory.eu\/fr\/produit\/machine-de-pullover-a7x\/","og_site_name":"Gym Factory","og_image":[{"width":1500,"height":1500,"url":"https:\/\/gymfactory.eu\/wp-content\/uploads\/2025\/01\/black-A7X-gym-machine-1.webp","type":"image\/webp"}],"twitter_card":"summary_large_image","twitter_misc":{"Dur\u00e9e de lecture estim\u00e9e":"1 minute"},"schema":{"@context":"https:\/\/schema.org","@graph":[{"@type":"WebPage","@id":"https:\/\/gymfactory.eu\/fr\/produit\/machine-de-pullover-a7x\/","url":"https:\/\/gymfactory.eu\/fr\/produit\/machine-de-pullover-a7x\/","name":"Machine de Musculation Pullover A7X pour Exercices de Force","isPartOf":{"@id":"https:\/\/gymfactory.eu\/fr\/#website"},"primaryImageOfPage":{"@id":"https:\/\/gymfactory.eu\/fr\/produit\/machine-de-pullover-a7x\/#primaryimage"},"image":{"@id":"https:\/\/gymfactory.eu\/fr\/produit\/machine-de-pullover-a7x\/#primaryimage"},"thumbnailUrl":"https:\/\/gymfactory.eu\/wp-content\/uploads\/2025\/01\/black-A7X-gym-machine-1.webp","datePublished":"2025-01-28T05:56:49+00:00","description":"Ciblez vos muscles pectoraux et dorsaux avec la Machine de Musculation Pullover A7X \u2013 un \u00e9quipement efficace et polyvalent pour renforcer votre corps \u00e0 domicile.","breadcrumb":{"@id":"https:\/\/gymfactory.eu\/fr\/produit\/machine-de-pullover-a7x\/#breadcrumb"},"inLanguage":"fr-FR","potentialAction":[{"@type":"ReadAction","target":["https:\/\/gymfactory.eu\/fr\/produit\/machine-de-pullover-a7x\/"]}]},{"@type":"ImageObject","inLanguage":"fr-FR","@id":"https:\/\/gymfactory.eu\/fr\/produit\/machine-de-pullover-a7x\/#primaryimage","url":"https:\/\/gymfactory.eu\/wp-content\/uploads\/2025\/01\/black-A7X-gym-machine-1.webp","contentUrl":"https:\/\/gymfactory.eu\/wp-content\/uploads\/2025\/01\/black-A7X-gym-machine-1.webp","width":1500,"height":1500,"caption":"Une machine de musculation noire et \u00e9l\u00e9gante pour les exercices de force, dot\u00e9e d\u2019un ch\u00e2ssis durable et de poign\u00e9es ergonomiques. Le si\u00e8ge et le dossier rembourr\u00e9s offrent un soutien pour divers exercices de d\u00e9velopp\u00e9 et inclin\u00e9s."},{"@type":"BreadcrumbList","@id":"https:\/\/gymfactory.eu\/fr\/produit\/machine-de-pullover-a7x\/#breadcrumb","itemListElement":[{"@type":"ListItem","position":1,"name":"Home","item":"https:\/\/gymfactory.eu\/fr\/"},{"@type":"ListItem","position":2,"name":"Catalogue","item":"https:\/\/gymfactory.eu\/fr\/catalogue-2\/"},{"@type":"ListItem","position":3,"name":"Machine de Pullover A7X"}]},{"@type":"WebSite","@id":"https:\/\/gymfactory.eu\/fr\/#website","url":"https:\/\/gymfactory.eu\/fr\/","name":"Gym Factory","description":"","publisher":{"@id":"https:\/\/gymfactory.eu\/fr\/#organization"},"potentialAction":[{"@type":"SearchAction","target":{"@type":"EntryPoint","urlTemplate":"https:\/\/gymfactory.eu\/fr\/?s={search_term_string}"},"query-input":{"@type":"PropertyValueSpecification","valueRequired":true,"valueName":"search_term_string"}}],"inLanguage":"fr-FR"},{"@type":"Organization","@id":"https:\/\/gymfactory.eu\/fr\/#organization","name":"Gym Factory","url":"https:\/\/gymfactory.eu\/fr\/","logo":{"@type":"ImageObject","inLanguage":"fr-FR","@id":"https:\/\/gymfactory.eu\/fr\/#\/schema\/logo\/image\/","url":"https:\/\/gymfactory.eu\/wp-content\/uploads\/2024\/11\/Component-1.svg","contentUrl":"https:\/\/gymfactory.eu\/wp-content\/uploads\/2024\/11\/Component-1.svg","width":54,"height":44,"caption":"Gym Factory"},"image":{"@id":"https:\/\/gymfactory.eu\/fr\/#\/schema\/logo\/image\/"}}]}},"_links":{"self":[{"href":"https:\/\/gymfactory.eu\/fr\/wp-json\/wp\/v2\/product\/24207","targetHints":{"allow":["GET"]}}],"collection":[{"href":"https:\/\/gymfactory.eu\/fr\/wp-json\/wp\/v2\/product"}],"about":[{"href":"https:\/\/gymfactory.eu\/fr\/wp-json\/wp\/v2\/types\/product"}],"wp:featuredmedia":[{"embeddable":true,"href":"https:\/\/gymfactory.eu\/fr\/wp-json\/wp\/v2\/media\/11532"}],"wp:attachment":[{"href":"https:\/\/gymfactory.eu\/fr\/wp-json\/wp\/v2\/media?parent=24207"}],"wp:term":[{"taxonomy":"product_brand","embeddable":true,"href":"https:\/\/gymfactory.eu\/fr\/wp-json\/wp\/v2\/product_brand?post=24207"},{"taxonomy":"product_cat","embeddable":true,"href":"https:\/\/gymfactory.eu\/fr\/wp-json\/wp\/v2\/product_cat?post=24207"},{"taxonomy":"product_tag","embeddable":true,"href":"https:\/\/gymfactory.eu\/fr\/wp-json\/wp\/v2\/product_tag?post=24207"}],"curies":[{"name":"wp","href":"https:\/\/api.w.org\/{rel}","templated":true}]}}