{"id":24198,"date":"2025-01-27T14:23:43","date_gmt":"2025-01-27T12:23:43","guid":{"rendered":"https:\/\/gymfactory.eu\/product\/machine-de-pullover-a7\/"},"modified":"2025-01-27T14:23:43","modified_gmt":"2025-01-27T12:23:43","slug":"machine-de-pullover-a7","status":"publish","type":"product","link":"https:\/\/gymfactory.eu\/fr\/produit\/machine-de-pullover-a7\/","title":{"rendered":"Machine de Pullover A7"},"content":{"rendered":"<p>La Machine de Pullover A7 est un \u00e9quipement puissant con\u00e7u pour renforcer les pectoraux et le dos. Sa construction robuste en fait un choix fiable pour les installations commerciales, vous permettant de cibler efficacement les muscles cl\u00e9s du haut du corps. <\/p>\n<p>Cette machine de musculation vous permet d\u2019effectuer l\u2019exercice du pullover (pull-over), qui peut \u00eatre orient\u00e9 pour travailler soit le dos, soit les pectoraux, selon la technique et la posture adopt\u00e9es. La hauteur du si\u00e8ge est r\u00e9glable pour s\u2019adapter aux utilisateurs de toutes tailles. De plus, la machine dispose d\u2019un syst\u00e8me de verrouillage (p\u00e9dale d\u2019assistance) qui vous aide \u00e0 commencer le mouvement depuis une position plus confortable et qui, une fois rel\u00e2ch\u00e9, augmente l\u2019amplitude de mouvement pour un \u00e9tirement plus profond et une contraction plus forte.<\/p>\n\n    <div class=\"xs_social_share_widget xs_share_url after_content \t\tmain_content  wslu-style-1 wslu-share-box-shaped wslu-fill-colored wslu-none wslu-share-horizontal wslu-theme-font-no wslu-main_content\">\n\n\t\t\n        <ul>\n\t\t\t        <\/ul>\n    <\/div> \n","protected":false},"excerpt":{"rendered":"<p>La Machine de Pullover A7 est un \u00e9quipement puissant con\u00e7u pour renforcer les pectoraux et le dos. Sa construction robuste en fait un choix fiable pour les installations commerciales, vous permettant de cibler efficacement les muscles cl\u00e9s du haut du corps. Cette machine de musculation vous permet d\u2019effectuer l\u2019exercice du pullover (pull-over), qui peut \u00eatre [&hellip;]<\/p>\n","protected":false},"featured_media":29174,"template":"","meta":{"_acf_changed":false},"product_brand":[56],"product_cat":[832],"product_tag":[],"class_list":{"0":"post-24198","1":"product","2":"type-product","3":"status-publish","4":"has-post-thumbnail","6":"product_brand-gym-factory","7":"product_cat-machines-a-charge-par-plaques","9":"first","10":"onbackorder","11":"taxable","12":"shipping-taxable","13":"purchasable","14":"product-type-variable","15":"has-default-attributes"},"acf":[],"yoast_head":"<!-- This site is optimized with the Yoast SEO plugin v25.2 - https:\/\/yoast.com\/wordpress\/plugins\/seo\/ -->\n<title>Machine de Pullover A7 pour l\u2019Entra\u00eenement du Dos et des Pectoraux<\/title>\n<meta name=\"description\" content=\"Am\u00e9liorez votre routine fitness avec la Machine de Pullover A7 \u2013 un \u00e9quipement de musculation compact pour la maison, con\u00e7u pour la force, la polyvalence et le confort.\" \/>\n<meta name=\"robots\" content=\"index, follow, max-snippet:-1, max-image-preview:large, max-video-preview:-1\" \/>\n<link rel=\"canonical\" href=\"https:\/\/gymfactory.eu\/fr\/produit\/machine-de-pullover-a7\/\" \/>\n<meta property=\"og:locale\" content=\"fr_FR\" \/>\n<meta property=\"og:type\" content=\"article\" \/>\n<meta property=\"og:title\" content=\"Machine de Pullover A7 pour l\u2019Entra\u00eenement du Dos et des Pectoraux\" \/>\n<meta property=\"og:description\" content=\"Am\u00e9liorez votre routine fitness avec la Machine de Pullover A7 \u2013 un \u00e9quipement de musculation compact pour la maison, con\u00e7u pour la force, la polyvalence et le confort.\" \/>\n<meta property=\"og:url\" content=\"https:\/\/gymfactory.eu\/fr\/produit\/machine-de-pullover-a7\/\" \/>\n<meta property=\"og:site_name\" content=\"Gym Factory\" \/>\n<meta property=\"og:image\" content=\"https:\/\/gymfactory.eu\/wp-content\/uploads\/2025\/01\/a7-pullover-machine.webp\" \/>\n\t<meta property=\"og:image:width\" content=\"1500\" \/>\n\t<meta property=\"og:image:height\" content=\"1500\" \/>\n\t<meta property=\"og:image:type\" content=\"image\/webp\" \/>\n<meta name=\"twitter:card\" content=\"summary_large_image\" \/>\n<meta name=\"twitter:label1\" content=\"Dur\u00e9e de lecture estim\u00e9e\" \/>\n\t<meta name=\"twitter:data1\" content=\"1 minute\" \/>\n<script type=\"application\/ld+json\" class=\"yoast-schema-graph\">{\"@context\":\"https:\/\/schema.org\",\"@graph\":[{\"@type\":\"WebPage\",\"@id\":\"https:\/\/gymfactory.eu\/fr\/produit\/machine-de-pullover-a7\/\",\"url\":\"https:\/\/gymfactory.eu\/fr\/produit\/machine-de-pullover-a7\/\",\"name\":\"Machine de Pullover A7 pour l\u2019Entra\u00eenement du Dos et des Pectoraux\",\"isPartOf\":{\"@id\":\"https:\/\/gymfactory.eu\/fr\/#website\"},\"primaryImageOfPage\":{\"@id\":\"https:\/\/gymfactory.eu\/fr\/produit\/machine-de-pullover-a7\/#primaryimage\"},\"image\":{\"@id\":\"https:\/\/gymfactory.eu\/fr\/produit\/machine-de-pullover-a7\/#primaryimage\"},\"thumbnailUrl\":\"https:\/\/gymfactory.eu\/wp-content\/uploads\/2025\/01\/a7-pullover-machine-1.webp\",\"datePublished\":\"2025-01-27T12:23:43+00:00\",\"description\":\"Am\u00e9liorez votre routine fitness avec la Machine de Pullover A7 \u2013 un \u00e9quipement de musculation compact pour la maison, con\u00e7u pour la force, la polyvalence et le confort.\",\"breadcrumb\":{\"@id\":\"https:\/\/gymfactory.eu\/fr\/produit\/machine-de-pullover-a7\/#breadcrumb\"},\"inLanguage\":\"fr-FR\",\"potentialAction\":[{\"@type\":\"ReadAction\",\"target\":[\"https:\/\/gymfactory.eu\/fr\/produit\/machine-de-pullover-a7\/\"]}]},{\"@type\":\"ImageObject\",\"inLanguage\":\"fr-FR\",\"@id\":\"https:\/\/gymfactory.eu\/fr\/produit\/machine-de-pullover-a7\/#primaryimage\",\"url\":\"https:\/\/gymfactory.eu\/wp-content\/uploads\/2025\/01\/a7-pullover-machine-1.webp\",\"contentUrl\":\"https:\/\/gymfactory.eu\/wp-content\/uploads\/2025\/01\/a7-pullover-machine-1.webp\",\"width\":1500,\"height\":1500,\"caption\":\"A full view of the red A7 gym machine, designed for strength training with an adjustable seat, padded support, and a heavy-duty frame for enhanced durability and safety.\"},{\"@type\":\"BreadcrumbList\",\"@id\":\"https:\/\/gymfactory.eu\/fr\/produit\/machine-de-pullover-a7\/#breadcrumb\",\"itemListElement\":[{\"@type\":\"ListItem\",\"position\":1,\"name\":\"Home\",\"item\":\"https:\/\/gymfactory.eu\/fr\/\"},{\"@type\":\"ListItem\",\"position\":2,\"name\":\"Catalogue\",\"item\":\"https:\/\/gymfactory.eu\/fr\/catalogue-2\/\"},{\"@type\":\"ListItem\",\"position\":3,\"name\":\"Machine de Pullover A7\"}]},{\"@type\":\"WebSite\",\"@id\":\"https:\/\/gymfactory.eu\/fr\/#website\",\"url\":\"https:\/\/gymfactory.eu\/fr\/\",\"name\":\"Gym Factory\",\"description\":\"\",\"publisher\":{\"@id\":\"https:\/\/gymfactory.eu\/fr\/#organization\"},\"potentialAction\":[{\"@type\":\"SearchAction\",\"target\":{\"@type\":\"EntryPoint\",\"urlTemplate\":\"https:\/\/gymfactory.eu\/fr\/?s={search_term_string}\"},\"query-input\":{\"@type\":\"PropertyValueSpecification\",\"valueRequired\":true,\"valueName\":\"search_term_string\"}}],\"inLanguage\":\"fr-FR\"},{\"@type\":\"Organization\",\"@id\":\"https:\/\/gymfactory.eu\/fr\/#organization\",\"name\":\"Gym Factory\",\"url\":\"https:\/\/gymfactory.eu\/fr\/\",\"logo\":{\"@type\":\"ImageObject\",\"inLanguage\":\"fr-FR\",\"@id\":\"https:\/\/gymfactory.eu\/fr\/#\/schema\/logo\/image\/\",\"url\":\"https:\/\/gymfactory.eu\/wp-content\/uploads\/2024\/11\/Component-1.svg\",\"contentUrl\":\"https:\/\/gymfactory.eu\/wp-content\/uploads\/2024\/11\/Component-1.svg\",\"width\":54,\"height\":44,\"caption\":\"Gym Factory\"},\"image\":{\"@id\":\"https:\/\/gymfactory.eu\/fr\/#\/schema\/logo\/image\/\"}}]}<\/script>\n<!-- \/ Yoast SEO plugin. -->","yoast_head_json":{"title":"Machine de Pullover A7 pour l\u2019Entra\u00eenement du Dos et des Pectoraux","description":"Am\u00e9liorez votre routine fitness avec la Machine de Pullover A7 \u2013 un \u00e9quipement de musculation compact pour la maison, con\u00e7u pour la force, la polyvalence et le confort.","robots":{"index":"index","follow":"follow","max-snippet":"max-snippet:-1","max-image-preview":"max-image-preview:large","max-video-preview":"max-video-preview:-1"},"canonical":"https:\/\/gymfactory.eu\/fr\/produit\/machine-de-pullover-a7\/","og_locale":"fr_FR","og_type":"article","og_title":"Machine de Pullover A7 pour l\u2019Entra\u00eenement du Dos et des Pectoraux","og_description":"Am\u00e9liorez votre routine fitness avec la Machine de Pullover A7 \u2013 un \u00e9quipement de musculation compact pour la maison, con\u00e7u pour la force, la polyvalence et le confort.","og_url":"https:\/\/gymfactory.eu\/fr\/produit\/machine-de-pullover-a7\/","og_site_name":"Gym Factory","og_image":[{"width":1500,"height":1500,"url":"https:\/\/gymfactory.eu\/wp-content\/uploads\/2025\/01\/a7-pullover-machine.webp","type":"image\/webp"}],"twitter_card":"summary_large_image","twitter_misc":{"Dur\u00e9e de lecture estim\u00e9e":"1 minute"},"schema":{"@context":"https:\/\/schema.org","@graph":[{"@type":"WebPage","@id":"https:\/\/gymfactory.eu\/fr\/produit\/machine-de-pullover-a7\/","url":"https:\/\/gymfactory.eu\/fr\/produit\/machine-de-pullover-a7\/","name":"Machine de Pullover A7 pour l\u2019Entra\u00eenement du Dos et des Pectoraux","isPartOf":{"@id":"https:\/\/gymfactory.eu\/fr\/#website"},"primaryImageOfPage":{"@id":"https:\/\/gymfactory.eu\/fr\/produit\/machine-de-pullover-a7\/#primaryimage"},"image":{"@id":"https:\/\/gymfactory.eu\/fr\/produit\/machine-de-pullover-a7\/#primaryimage"},"thumbnailUrl":"https:\/\/gymfactory.eu\/wp-content\/uploads\/2025\/01\/a7-pullover-machine-1.webp","datePublished":"2025-01-27T12:23:43+00:00","description":"Am\u00e9liorez votre routine fitness avec la Machine de Pullover A7 \u2013 un \u00e9quipement de musculation compact pour la maison, con\u00e7u pour la force, la polyvalence et le confort.","breadcrumb":{"@id":"https:\/\/gymfactory.eu\/fr\/produit\/machine-de-pullover-a7\/#breadcrumb"},"inLanguage":"fr-FR","potentialAction":[{"@type":"ReadAction","target":["https:\/\/gymfactory.eu\/fr\/produit\/machine-de-pullover-a7\/"]}]},{"@type":"ImageObject","inLanguage":"fr-FR","@id":"https:\/\/gymfactory.eu\/fr\/produit\/machine-de-pullover-a7\/#primaryimage","url":"https:\/\/gymfactory.eu\/wp-content\/uploads\/2025\/01\/a7-pullover-machine-1.webp","contentUrl":"https:\/\/gymfactory.eu\/wp-content\/uploads\/2025\/01\/a7-pullover-machine-1.webp","width":1500,"height":1500,"caption":"A full view of the red A7 gym machine, designed for strength training with an adjustable seat, padded support, and a heavy-duty frame for enhanced durability and safety."},{"@type":"BreadcrumbList","@id":"https:\/\/gymfactory.eu\/fr\/produit\/machine-de-pullover-a7\/#breadcrumb","itemListElement":[{"@type":"ListItem","position":1,"name":"Home","item":"https:\/\/gymfactory.eu\/fr\/"},{"@type":"ListItem","position":2,"name":"Catalogue","item":"https:\/\/gymfactory.eu\/fr\/catalogue-2\/"},{"@type":"ListItem","position":3,"name":"Machine de Pullover A7"}]},{"@type":"WebSite","@id":"https:\/\/gymfactory.eu\/fr\/#website","url":"https:\/\/gymfactory.eu\/fr\/","name":"Gym Factory","description":"","publisher":{"@id":"https:\/\/gymfactory.eu\/fr\/#organization"},"potentialAction":[{"@type":"SearchAction","target":{"@type":"EntryPoint","urlTemplate":"https:\/\/gymfactory.eu\/fr\/?s={search_term_string}"},"query-input":{"@type":"PropertyValueSpecification","valueRequired":true,"valueName":"search_term_string"}}],"inLanguage":"fr-FR"},{"@type":"Organization","@id":"https:\/\/gymfactory.eu\/fr\/#organization","name":"Gym Factory","url":"https:\/\/gymfactory.eu\/fr\/","logo":{"@type":"ImageObject","inLanguage":"fr-FR","@id":"https:\/\/gymfactory.eu\/fr\/#\/schema\/logo\/image\/","url":"https:\/\/gymfactory.eu\/wp-content\/uploads\/2024\/11\/Component-1.svg","contentUrl":"https:\/\/gymfactory.eu\/wp-content\/uploads\/2024\/11\/Component-1.svg","width":54,"height":44,"caption":"Gym Factory"},"image":{"@id":"https:\/\/gymfactory.eu\/fr\/#\/schema\/logo\/image\/"}}]}},"_links":{"self":[{"href":"https:\/\/gymfactory.eu\/fr\/wp-json\/wp\/v2\/product\/24198","targetHints":{"allow":["GET"]}}],"collection":[{"href":"https:\/\/gymfactory.eu\/fr\/wp-json\/wp\/v2\/product"}],"about":[{"href":"https:\/\/gymfactory.eu\/fr\/wp-json\/wp\/v2\/types\/product"}],"wp:featuredmedia":[{"embeddable":true,"href":"https:\/\/gymfactory.eu\/fr\/wp-json\/wp\/v2\/media\/29174"}],"wp:attachment":[{"href":"https:\/\/gymfactory.eu\/fr\/wp-json\/wp\/v2\/media?parent=24198"}],"wp:term":[{"taxonomy":"product_brand","embeddable":true,"href":"https:\/\/gymfactory.eu\/fr\/wp-json\/wp\/v2\/product_brand?post=24198"},{"taxonomy":"product_cat","embeddable":true,"href":"https:\/\/gymfactory.eu\/fr\/wp-json\/wp\/v2\/product_cat?post=24198"},{"taxonomy":"product_tag","embeddable":true,"href":"https:\/\/gymfactory.eu\/fr\/wp-json\/wp\/v2\/product_tag?post=24198"}],"curies":[{"name":"wp","href":"https:\/\/api.w.org\/{rel}","templated":true}]}}