{"id":24188,"date":"2025-01-27T14:10:42","date_gmt":"2025-01-27T12:10:42","guid":{"rendered":"https:\/\/gymfactory.eu\/product\/machine-de-developpe-assis-a6xxx2\/"},"modified":"2025-01-27T14:10:42","modified_gmt":"2025-01-27T12:10:42","slug":"machine-de-developpe-assis-a6xxx2","status":"publish","type":"product","link":"https:\/\/gymfactory.eu\/fr\/produit\/machine-de-developpe-assis-a6xxx2\/","title":{"rendered":"Machine de D\u00e9velopp\u00e9 Assis A6XXX2"},"content":{"rendered":"<p>La Machine de D\u00e9velopp\u00e9 Assis A6XXX2 est un \u00e9quipement de musculation robuste et facile \u00e0 utiliser pour d\u00e9velopper la force du haut du corps. C\u2019est une option fiable pour les home gyms comme pour les installations commerciales. <\/p>\n<p>Cette machine de musculation vous permet d\u2019effectuer le d\u00e9velopp\u00e9 assis, ciblant les pectoraux, l\u2019avant des \u00e9paules et les triceps. Les diff\u00e9rentes positions des poign\u00e9es vous permettent d\u2019ajuster le mouvement pour mettre l\u2019accent sur diverses zones des pectoraux. La hauteur du si\u00e8ge est r\u00e9glable, rendant la machine adapt\u00e9e aux utilisateurs de toutes tailles. Un choix solide pour un entra\u00eenement efficace du haut du corps.<\/p>\n\n    <div class=\"xs_social_share_widget xs_share_url after_content \t\tmain_content  wslu-style-1 wslu-share-box-shaped wslu-fill-colored wslu-none wslu-share-horizontal wslu-theme-font-no wslu-main_content\">\n\n\t\t\n        <ul>\n\t\t\t        <\/ul>\n    <\/div> \n","protected":false},"excerpt":{"rendered":"<p>La Machine de D\u00e9velopp\u00e9 Assis A6XXX2 est un \u00e9quipement de musculation robuste et facile \u00e0 utiliser pour d\u00e9velopper la force du haut du corps. C\u2019est une option fiable pour les home gyms comme pour les installations commerciales. Cette machine de musculation vous permet d\u2019effectuer le d\u00e9velopp\u00e9 assis, ciblant les pectoraux, l\u2019avant des \u00e9paules et les [&hellip;]<\/p>\n","protected":false},"featured_media":11292,"template":"","meta":{"_acf_changed":false},"product_brand":[56],"product_cat":[832],"product_tag":[],"class_list":{"0":"post-24188","1":"product","2":"type-product","3":"status-publish","4":"has-post-thumbnail","6":"product_brand-gym-factory","7":"product_cat-machines-a-charge-par-plaques","9":"first","10":"onbackorder","11":"taxable","12":"shipping-taxable","13":"purchasable","14":"product-type-variable","15":"has-default-attributes"},"acf":[],"yoast_head":"<!-- This site is optimized with the Yoast SEO plugin v25.2 - https:\/\/yoast.com\/wordpress\/plugins\/seo\/ -->\n<title>Machine de D\u00e9velopp\u00e9 Assis A6XXX2 pour Usage Domestique et Commercial<\/title>\n<meta name=\"description\" content=\"La Machine de D\u00e9velopp\u00e9 Assis A6XXX2 d\u00e9veloppe la force du haut du corps et constitue l\u2019\u00e9quipement de home gym id\u00e9al pour les d\u00e9velopp\u00e9s et les espaces d\u2019entra\u00eenement compacts.\" \/>\n<meta name=\"robots\" content=\"index, follow, max-snippet:-1, max-image-preview:large, max-video-preview:-1\" \/>\n<link rel=\"canonical\" href=\"https:\/\/gymfactory.eu\/fr\/produit\/machine-de-developpe-assis-a6xxx2\/\" \/>\n<meta property=\"og:locale\" content=\"fr_FR\" \/>\n<meta property=\"og:type\" content=\"article\" \/>\n<meta property=\"og:title\" content=\"Machine de D\u00e9velopp\u00e9 Assis A6XXX2 pour Usage Domestique et Commercial\" \/>\n<meta property=\"og:description\" content=\"La Machine de D\u00e9velopp\u00e9 Assis A6XXX2 d\u00e9veloppe la force du haut du corps et constitue l\u2019\u00e9quipement de home gym id\u00e9al pour les d\u00e9velopp\u00e9s et les espaces d\u2019entra\u00eenement compacts.\" \/>\n<meta property=\"og:url\" content=\"https:\/\/gymfactory.eu\/fr\/produit\/machine-de-developpe-assis-a6xxx2\/\" \/>\n<meta property=\"og:site_name\" content=\"Gym Factory\" \/>\n<meta property=\"og:image\" content=\"https:\/\/gymfactory.eu\/wp-content\/uploads\/2025\/01\/side-view-of-A6XXX2-gym-machine-1-1.webp\" \/>\n\t<meta property=\"og:image:width\" content=\"1500\" \/>\n\t<meta property=\"og:image:height\" content=\"1500\" \/>\n\t<meta property=\"og:image:type\" content=\"image\/webp\" \/>\n<meta name=\"twitter:card\" content=\"summary_large_image\" \/>\n<meta name=\"twitter:label1\" content=\"Dur\u00e9e de lecture estim\u00e9e\" \/>\n\t<meta name=\"twitter:data1\" content=\"1 minute\" \/>\n<script type=\"application\/ld+json\" class=\"yoast-schema-graph\">{\"@context\":\"https:\/\/schema.org\",\"@graph\":[{\"@type\":\"WebPage\",\"@id\":\"https:\/\/gymfactory.eu\/fr\/produit\/machine-de-developpe-assis-a6xxx2\/\",\"url\":\"https:\/\/gymfactory.eu\/fr\/produit\/machine-de-developpe-assis-a6xxx2\/\",\"name\":\"Machine de D\u00e9velopp\u00e9 Assis A6XXX2 pour Usage Domestique et Commercial\",\"isPartOf\":{\"@id\":\"https:\/\/gymfactory.eu\/fr\/#website\"},\"primaryImageOfPage\":{\"@id\":\"https:\/\/gymfactory.eu\/fr\/produit\/machine-de-developpe-assis-a6xxx2\/#primaryimage\"},\"image\":{\"@id\":\"https:\/\/gymfactory.eu\/fr\/produit\/machine-de-developpe-assis-a6xxx2\/#primaryimage\"},\"thumbnailUrl\":\"https:\/\/gymfactory.eu\/wp-content\/uploads\/2025\/01\/side-view-of-A6XXX2-gym-machine-1-1.webp\",\"datePublished\":\"2025-01-27T12:10:42+00:00\",\"description\":\"La Machine de D\u00e9velopp\u00e9 Assis A6XXX2 d\u00e9veloppe la force du haut du corps et constitue l\u2019\u00e9quipement de home gym id\u00e9al pour les d\u00e9velopp\u00e9s et les espaces d\u2019entra\u00eenement compacts.\",\"breadcrumb\":{\"@id\":\"https:\/\/gymfactory.eu\/fr\/produit\/machine-de-developpe-assis-a6xxx2\/#breadcrumb\"},\"inLanguage\":\"fr-FR\",\"potentialAction\":[{\"@type\":\"ReadAction\",\"target\":[\"https:\/\/gymfactory.eu\/fr\/produit\/machine-de-developpe-assis-a6xxx2\/\"]}]},{\"@type\":\"ImageObject\",\"inLanguage\":\"fr-FR\",\"@id\":\"https:\/\/gymfactory.eu\/fr\/produit\/machine-de-developpe-assis-a6xxx2\/#primaryimage\",\"url\":\"https:\/\/gymfactory.eu\/wp-content\/uploads\/2025\/01\/side-view-of-A6XXX2-gym-machine-1-1.webp\",\"contentUrl\":\"https:\/\/gymfactory.eu\/wp-content\/uploads\/2025\/01\/side-view-of-A6XXX2-gym-machine-1-1.webp\",\"width\":1500,\"height\":1500,\"caption\":\"Une image de haute qualit\u00e9 de la vue lat\u00e9rale de la machine de musculation A6XXX2, pr\u00e9sentant des \u00e9pis de rangement pour disques, un si\u00e8ge r\u00e9glable et une finition rouge \u00e9l\u00e9gante, id\u00e9ale pour les salles de sport commerciales et les home gyms.\"},{\"@type\":\"BreadcrumbList\",\"@id\":\"https:\/\/gymfactory.eu\/fr\/produit\/machine-de-developpe-assis-a6xxx2\/#breadcrumb\",\"itemListElement\":[{\"@type\":\"ListItem\",\"position\":1,\"name\":\"Home\",\"item\":\"https:\/\/gymfactory.eu\/fr\/\"},{\"@type\":\"ListItem\",\"position\":2,\"name\":\"Catalogue\",\"item\":\"https:\/\/gymfactory.eu\/fr\/catalogue-2\/\"},{\"@type\":\"ListItem\",\"position\":3,\"name\":\"Machine de D\u00e9velopp\u00e9 Assis A6XXX2\"}]},{\"@type\":\"WebSite\",\"@id\":\"https:\/\/gymfactory.eu\/fr\/#website\",\"url\":\"https:\/\/gymfactory.eu\/fr\/\",\"name\":\"Gym Factory\",\"description\":\"\",\"publisher\":{\"@id\":\"https:\/\/gymfactory.eu\/fr\/#organization\"},\"potentialAction\":[{\"@type\":\"SearchAction\",\"target\":{\"@type\":\"EntryPoint\",\"urlTemplate\":\"https:\/\/gymfactory.eu\/fr\/?s={search_term_string}\"},\"query-input\":{\"@type\":\"PropertyValueSpecification\",\"valueRequired\":true,\"valueName\":\"search_term_string\"}}],\"inLanguage\":\"fr-FR\"},{\"@type\":\"Organization\",\"@id\":\"https:\/\/gymfactory.eu\/fr\/#organization\",\"name\":\"Gym Factory\",\"url\":\"https:\/\/gymfactory.eu\/fr\/\",\"logo\":{\"@type\":\"ImageObject\",\"inLanguage\":\"fr-FR\",\"@id\":\"https:\/\/gymfactory.eu\/fr\/#\/schema\/logo\/image\/\",\"url\":\"https:\/\/gymfactory.eu\/wp-content\/uploads\/2024\/11\/Component-1.svg\",\"contentUrl\":\"https:\/\/gymfactory.eu\/wp-content\/uploads\/2024\/11\/Component-1.svg\",\"width\":54,\"height\":44,\"caption\":\"Gym Factory\"},\"image\":{\"@id\":\"https:\/\/gymfactory.eu\/fr\/#\/schema\/logo\/image\/\"}}]}<\/script>\n<!-- \/ Yoast SEO plugin. -->","yoast_head_json":{"title":"Machine de D\u00e9velopp\u00e9 Assis A6XXX2 pour Usage Domestique et Commercial","description":"La Machine de D\u00e9velopp\u00e9 Assis A6XXX2 d\u00e9veloppe la force du haut du corps et constitue l\u2019\u00e9quipement de home gym id\u00e9al pour les d\u00e9velopp\u00e9s et les espaces d\u2019entra\u00eenement compacts.","robots":{"index":"index","follow":"follow","max-snippet":"max-snippet:-1","max-image-preview":"max-image-preview:large","max-video-preview":"max-video-preview:-1"},"canonical":"https:\/\/gymfactory.eu\/fr\/produit\/machine-de-developpe-assis-a6xxx2\/","og_locale":"fr_FR","og_type":"article","og_title":"Machine de D\u00e9velopp\u00e9 Assis A6XXX2 pour Usage Domestique et Commercial","og_description":"La Machine de D\u00e9velopp\u00e9 Assis A6XXX2 d\u00e9veloppe la force du haut du corps et constitue l\u2019\u00e9quipement de home gym id\u00e9al pour les d\u00e9velopp\u00e9s et les espaces d\u2019entra\u00eenement compacts.","og_url":"https:\/\/gymfactory.eu\/fr\/produit\/machine-de-developpe-assis-a6xxx2\/","og_site_name":"Gym Factory","og_image":[{"width":1500,"height":1500,"url":"https:\/\/gymfactory.eu\/wp-content\/uploads\/2025\/01\/side-view-of-A6XXX2-gym-machine-1-1.webp","type":"image\/webp"}],"twitter_card":"summary_large_image","twitter_misc":{"Dur\u00e9e de lecture estim\u00e9e":"1 minute"},"schema":{"@context":"https:\/\/schema.org","@graph":[{"@type":"WebPage","@id":"https:\/\/gymfactory.eu\/fr\/produit\/machine-de-developpe-assis-a6xxx2\/","url":"https:\/\/gymfactory.eu\/fr\/produit\/machine-de-developpe-assis-a6xxx2\/","name":"Machine de D\u00e9velopp\u00e9 Assis A6XXX2 pour Usage Domestique et Commercial","isPartOf":{"@id":"https:\/\/gymfactory.eu\/fr\/#website"},"primaryImageOfPage":{"@id":"https:\/\/gymfactory.eu\/fr\/produit\/machine-de-developpe-assis-a6xxx2\/#primaryimage"},"image":{"@id":"https:\/\/gymfactory.eu\/fr\/produit\/machine-de-developpe-assis-a6xxx2\/#primaryimage"},"thumbnailUrl":"https:\/\/gymfactory.eu\/wp-content\/uploads\/2025\/01\/side-view-of-A6XXX2-gym-machine-1-1.webp","datePublished":"2025-01-27T12:10:42+00:00","description":"La Machine de D\u00e9velopp\u00e9 Assis A6XXX2 d\u00e9veloppe la force du haut du corps et constitue l\u2019\u00e9quipement de home gym id\u00e9al pour les d\u00e9velopp\u00e9s et les espaces d\u2019entra\u00eenement compacts.","breadcrumb":{"@id":"https:\/\/gymfactory.eu\/fr\/produit\/machine-de-developpe-assis-a6xxx2\/#breadcrumb"},"inLanguage":"fr-FR","potentialAction":[{"@type":"ReadAction","target":["https:\/\/gymfactory.eu\/fr\/produit\/machine-de-developpe-assis-a6xxx2\/"]}]},{"@type":"ImageObject","inLanguage":"fr-FR","@id":"https:\/\/gymfactory.eu\/fr\/produit\/machine-de-developpe-assis-a6xxx2\/#primaryimage","url":"https:\/\/gymfactory.eu\/wp-content\/uploads\/2025\/01\/side-view-of-A6XXX2-gym-machine-1-1.webp","contentUrl":"https:\/\/gymfactory.eu\/wp-content\/uploads\/2025\/01\/side-view-of-A6XXX2-gym-machine-1-1.webp","width":1500,"height":1500,"caption":"Une image de haute qualit\u00e9 de la vue lat\u00e9rale de la machine de musculation A6XXX2, pr\u00e9sentant des \u00e9pis de rangement pour disques, un si\u00e8ge r\u00e9glable et une finition rouge \u00e9l\u00e9gante, id\u00e9ale pour les salles de sport commerciales et les home gyms."},{"@type":"BreadcrumbList","@id":"https:\/\/gymfactory.eu\/fr\/produit\/machine-de-developpe-assis-a6xxx2\/#breadcrumb","itemListElement":[{"@type":"ListItem","position":1,"name":"Home","item":"https:\/\/gymfactory.eu\/fr\/"},{"@type":"ListItem","position":2,"name":"Catalogue","item":"https:\/\/gymfactory.eu\/fr\/catalogue-2\/"},{"@type":"ListItem","position":3,"name":"Machine de D\u00e9velopp\u00e9 Assis A6XXX2"}]},{"@type":"WebSite","@id":"https:\/\/gymfactory.eu\/fr\/#website","url":"https:\/\/gymfactory.eu\/fr\/","name":"Gym Factory","description":"","publisher":{"@id":"https:\/\/gymfactory.eu\/fr\/#organization"},"potentialAction":[{"@type":"SearchAction","target":{"@type":"EntryPoint","urlTemplate":"https:\/\/gymfactory.eu\/fr\/?s={search_term_string}"},"query-input":{"@type":"PropertyValueSpecification","valueRequired":true,"valueName":"search_term_string"}}],"inLanguage":"fr-FR"},{"@type":"Organization","@id":"https:\/\/gymfactory.eu\/fr\/#organization","name":"Gym Factory","url":"https:\/\/gymfactory.eu\/fr\/","logo":{"@type":"ImageObject","inLanguage":"fr-FR","@id":"https:\/\/gymfactory.eu\/fr\/#\/schema\/logo\/image\/","url":"https:\/\/gymfactory.eu\/wp-content\/uploads\/2024\/11\/Component-1.svg","contentUrl":"https:\/\/gymfactory.eu\/wp-content\/uploads\/2024\/11\/Component-1.svg","width":54,"height":44,"caption":"Gym Factory"},"image":{"@id":"https:\/\/gymfactory.eu\/fr\/#\/schema\/logo\/image\/"}}]}},"_links":{"self":[{"href":"https:\/\/gymfactory.eu\/fr\/wp-json\/wp\/v2\/product\/24188","targetHints":{"allow":["GET"]}}],"collection":[{"href":"https:\/\/gymfactory.eu\/fr\/wp-json\/wp\/v2\/product"}],"about":[{"href":"https:\/\/gymfactory.eu\/fr\/wp-json\/wp\/v2\/types\/product"}],"wp:featuredmedia":[{"embeddable":true,"href":"https:\/\/gymfactory.eu\/fr\/wp-json\/wp\/v2\/media\/11292"}],"wp:attachment":[{"href":"https:\/\/gymfactory.eu\/fr\/wp-json\/wp\/v2\/media?parent=24188"}],"wp:term":[{"taxonomy":"product_brand","embeddable":true,"href":"https:\/\/gymfactory.eu\/fr\/wp-json\/wp\/v2\/product_brand?post=24188"},{"taxonomy":"product_cat","embeddable":true,"href":"https:\/\/gymfactory.eu\/fr\/wp-json\/wp\/v2\/product_cat?post=24188"},{"taxonomy":"product_tag","embeddable":true,"href":"https:\/\/gymfactory.eu\/fr\/wp-json\/wp\/v2\/product_tag?post=24188"}],"curies":[{"name":"wp","href":"https:\/\/api.w.org\/{rel}","templated":true}]}}