{"id":24181,"date":"2025-01-27T13:31:54","date_gmt":"2025-01-27T11:31:54","guid":{"rendered":"https:\/\/gymfactory.eu\/product\/machine-de-developpe-assis-pectoraux-et-epaules-a6xx2p\/"},"modified":"2025-01-27T13:31:54","modified_gmt":"2025-01-27T11:31:54","slug":"machine-de-developpe-assis-pectoraux-et-epaules-a6xx2p","status":"publish","type":"product","link":"https:\/\/gymfactory.eu\/fr\/produit\/machine-de-developpe-assis-pectoraux-et-epaules-a6xx2p\/","title":{"rendered":"Machine de D\u00e9velopp\u00e9 Assis Pectoraux et \u00c9paules A6XX2P"},"content":{"rendered":"<p>La Machine de D\u00e9velopp\u00e9 Assis Pectoraux et \u00c9paules A6XX2P est un \u00e9quipement d\u00e9di\u00e9 \u00e0 l\u2019entra\u00eenement du haut du corps. Son design compact et robuste en fait un excellent ajout pour tout home gym ou installation commerciale. Cette machine vous permet de r\u00e9aliser des exercices cl\u00e9s en toute s\u00e9curit\u00e9 et confortablement.  <\/p>\n<p>Avec la A6XX2P, vous pouvez effectuer des d\u00e9velopp\u00e9s inclin\u00e9s pour cibler les pectoraux et les triceps, ainsi que des d\u00e9velopp\u00e9s \u00e9paules pour vous concentrer sur les delto\u00efdes. L\u2019angle du dossier et la hauteur du si\u00e8ge sont r\u00e9glables, permettant \u00e0 la machine de s\u2019adapter \u00e0 diff\u00e9rents utilisateurs et besoins d\u2019entra\u00eenement. Une solution pratique pour des s\u00e9ances efficaces et cibl\u00e9es sur le haut du corps.<\/p>\n\n    <div class=\"xs_social_share_widget xs_share_url after_content \t\tmain_content  wslu-style-1 wslu-share-box-shaped wslu-fill-colored wslu-none wslu-share-horizontal wslu-theme-font-no wslu-main_content\">\n\n\t\t\n        <ul>\n\t\t\t        <\/ul>\n    <\/div> \n","protected":false},"excerpt":{"rendered":"<p>La Machine de D\u00e9velopp\u00e9 Assis Pectoraux et \u00c9paules A6XX2P est un \u00e9quipement d\u00e9di\u00e9 \u00e0 l\u2019entra\u00eenement du haut du corps. Son design compact et robuste en fait un excellent ajout pour tout home gym ou installation commerciale. Cette machine vous permet de r\u00e9aliser des exercices cl\u00e9s en toute s\u00e9curit\u00e9 et confortablement. Avec la A6XX2P, vous pouvez [&hellip;]<\/p>\n","protected":false},"featured_media":11587,"template":"","meta":{"_acf_changed":false},"product_brand":[56],"product_cat":[832],"product_tag":[],"class_list":{"0":"post-24181","1":"product","2":"type-product","3":"status-publish","4":"has-post-thumbnail","6":"product_brand-gym-factory","7":"product_cat-machines-a-charge-par-plaques","9":"first","10":"onbackorder","11":"taxable","12":"shipping-taxable","13":"purchasable","14":"product-type-variable","15":"has-default-attributes"},"acf":[],"yoast_head":"<!-- This site is optimized with the Yoast SEO plugin v25.2 - https:\/\/yoast.com\/wordpress\/plugins\/seo\/ -->\n<title>Machine de Musculation Assise Pectoraux et \u00c9paules A6XX2P pour l\u2019Entra\u00eenement<\/title>\n<meta name=\"description\" content=\"Cette Machine Assise Pectoraux et \u00c9paules A6XX2P est le meilleur \u00e9quipement pour la maison et les salles commerciales, offrant de multiples options de prise.\" \/>\n<meta name=\"robots\" content=\"index, follow, max-snippet:-1, max-image-preview:large, max-video-preview:-1\" \/>\n<link rel=\"canonical\" href=\"https:\/\/gymfactory.eu\/fr\/produit\/machine-de-developpe-assis-pectoraux-et-epaules-a6xx2p\/\" \/>\n<meta property=\"og:locale\" content=\"fr_FR\" \/>\n<meta property=\"og:type\" content=\"article\" \/>\n<meta property=\"og:title\" content=\"Machine de Musculation Assise Pectoraux et \u00c9paules A6XX2P pour l\u2019Entra\u00eenement\" \/>\n<meta property=\"og:description\" content=\"Cette Machine Assise Pectoraux et \u00c9paules A6XX2P est le meilleur \u00e9quipement pour la maison et les salles commerciales, offrant de multiples options de prise.\" \/>\n<meta property=\"og:url\" content=\"https:\/\/gymfactory.eu\/fr\/produit\/machine-de-developpe-assis-pectoraux-et-epaules-a6xx2p\/\" \/>\n<meta property=\"og:site_name\" content=\"Gym Factory\" \/>\n<meta property=\"og:image\" content=\"https:\/\/gymfactory.eu\/wp-content\/uploads\/2025\/01\/side-view-of-black-A6XX2P-gym-machine.webp\" \/>\n\t<meta property=\"og:image:width\" content=\"1500\" \/>\n\t<meta property=\"og:image:height\" content=\"1500\" \/>\n\t<meta property=\"og:image:type\" content=\"image\/webp\" \/>\n<meta name=\"twitter:card\" content=\"summary_large_image\" \/>\n<meta name=\"twitter:label1\" content=\"Dur\u00e9e de lecture estim\u00e9e\" \/>\n\t<meta name=\"twitter:data1\" content=\"1 minute\" \/>\n<script type=\"application\/ld+json\" class=\"yoast-schema-graph\">{\"@context\":\"https:\/\/schema.org\",\"@graph\":[{\"@type\":\"WebPage\",\"@id\":\"https:\/\/gymfactory.eu\/fr\/produit\/machine-de-developpe-assis-pectoraux-et-epaules-a6xx2p\/\",\"url\":\"https:\/\/gymfactory.eu\/fr\/produit\/machine-de-developpe-assis-pectoraux-et-epaules-a6xx2p\/\",\"name\":\"Machine de Musculation Assise Pectoraux et \u00c9paules A6XX2P pour l\u2019Entra\u00eenement\",\"isPartOf\":{\"@id\":\"https:\/\/gymfactory.eu\/fr\/#website\"},\"primaryImageOfPage\":{\"@id\":\"https:\/\/gymfactory.eu\/fr\/produit\/machine-de-developpe-assis-pectoraux-et-epaules-a6xx2p\/#primaryimage\"},\"image\":{\"@id\":\"https:\/\/gymfactory.eu\/fr\/produit\/machine-de-developpe-assis-pectoraux-et-epaules-a6xx2p\/#primaryimage\"},\"thumbnailUrl\":\"https:\/\/gymfactory.eu\/wp-content\/uploads\/2025\/01\/side-view-of-black-A6XX2P-gym-machine.webp\",\"datePublished\":\"2025-01-27T11:31:54+00:00\",\"description\":\"Cette Machine Assise Pectoraux et \u00c9paules A6XX2P est le meilleur \u00e9quipement pour la maison et les salles commerciales, offrant de multiples options de prise.\",\"breadcrumb\":{\"@id\":\"https:\/\/gymfactory.eu\/fr\/produit\/machine-de-developpe-assis-pectoraux-et-epaules-a6xx2p\/#breadcrumb\"},\"inLanguage\":\"fr-FR\",\"potentialAction\":[{\"@type\":\"ReadAction\",\"target\":[\"https:\/\/gymfactory.eu\/fr\/produit\/machine-de-developpe-assis-pectoraux-et-epaules-a6xx2p\/\"]}]},{\"@type\":\"ImageObject\",\"inLanguage\":\"fr-FR\",\"@id\":\"https:\/\/gymfactory.eu\/fr\/produit\/machine-de-developpe-assis-pectoraux-et-epaules-a6xx2p\/#primaryimage\",\"url\":\"https:\/\/gymfactory.eu\/wp-content\/uploads\/2025\/01\/side-view-of-black-A6XX2P-gym-machine.webp\",\"contentUrl\":\"https:\/\/gymfactory.eu\/wp-content\/uploads\/2025\/01\/side-view-of-black-A6XX2P-gym-machine.webp\",\"width\":1500,\"height\":1500,\"caption\":\"Image lat\u00e9rale de la machine de musculation A6XX2P en rouge, mettant en avant sa construction solide, ses fonctionnalit\u00e9s r\u00e9glables et son assise confortable pour une performance d\u2019entra\u00eenement optimale. Adapt\u00e9e \u00e0 une large gamme de routines de musculation.\"},{\"@type\":\"BreadcrumbList\",\"@id\":\"https:\/\/gymfactory.eu\/fr\/produit\/machine-de-developpe-assis-pectoraux-et-epaules-a6xx2p\/#breadcrumb\",\"itemListElement\":[{\"@type\":\"ListItem\",\"position\":1,\"name\":\"Home\",\"item\":\"https:\/\/gymfactory.eu\/fr\/\"},{\"@type\":\"ListItem\",\"position\":2,\"name\":\"Catalogue\",\"item\":\"https:\/\/gymfactory.eu\/fr\/catalogue-2\/\"},{\"@type\":\"ListItem\",\"position\":3,\"name\":\"Machine de D\u00e9velopp\u00e9 Assis Pectoraux et \u00c9paules A6XX2P\"}]},{\"@type\":\"WebSite\",\"@id\":\"https:\/\/gymfactory.eu\/fr\/#website\",\"url\":\"https:\/\/gymfactory.eu\/fr\/\",\"name\":\"Gym Factory\",\"description\":\"\",\"publisher\":{\"@id\":\"https:\/\/gymfactory.eu\/fr\/#organization\"},\"potentialAction\":[{\"@type\":\"SearchAction\",\"target\":{\"@type\":\"EntryPoint\",\"urlTemplate\":\"https:\/\/gymfactory.eu\/fr\/?s={search_term_string}\"},\"query-input\":{\"@type\":\"PropertyValueSpecification\",\"valueRequired\":true,\"valueName\":\"search_term_string\"}}],\"inLanguage\":\"fr-FR\"},{\"@type\":\"Organization\",\"@id\":\"https:\/\/gymfactory.eu\/fr\/#organization\",\"name\":\"Gym Factory\",\"url\":\"https:\/\/gymfactory.eu\/fr\/\",\"logo\":{\"@type\":\"ImageObject\",\"inLanguage\":\"fr-FR\",\"@id\":\"https:\/\/gymfactory.eu\/fr\/#\/schema\/logo\/image\/\",\"url\":\"https:\/\/gymfactory.eu\/wp-content\/uploads\/2024\/11\/Component-1.svg\",\"contentUrl\":\"https:\/\/gymfactory.eu\/wp-content\/uploads\/2024\/11\/Component-1.svg\",\"width\":54,\"height\":44,\"caption\":\"Gym Factory\"},\"image\":{\"@id\":\"https:\/\/gymfactory.eu\/fr\/#\/schema\/logo\/image\/\"}}]}<\/script>\n<!-- \/ Yoast SEO plugin. -->","yoast_head_json":{"title":"Machine de Musculation Assise Pectoraux et \u00c9paules A6XX2P pour l\u2019Entra\u00eenement","description":"Cette Machine Assise Pectoraux et \u00c9paules A6XX2P est le meilleur \u00e9quipement pour la maison et les salles commerciales, offrant de multiples options de prise.","robots":{"index":"index","follow":"follow","max-snippet":"max-snippet:-1","max-image-preview":"max-image-preview:large","max-video-preview":"max-video-preview:-1"},"canonical":"https:\/\/gymfactory.eu\/fr\/produit\/machine-de-developpe-assis-pectoraux-et-epaules-a6xx2p\/","og_locale":"fr_FR","og_type":"article","og_title":"Machine de Musculation Assise Pectoraux et \u00c9paules A6XX2P pour l\u2019Entra\u00eenement","og_description":"Cette Machine Assise Pectoraux et \u00c9paules A6XX2P est le meilleur \u00e9quipement pour la maison et les salles commerciales, offrant de multiples options de prise.","og_url":"https:\/\/gymfactory.eu\/fr\/produit\/machine-de-developpe-assis-pectoraux-et-epaules-a6xx2p\/","og_site_name":"Gym Factory","og_image":[{"width":1500,"height":1500,"url":"https:\/\/gymfactory.eu\/wp-content\/uploads\/2025\/01\/side-view-of-black-A6XX2P-gym-machine.webp","type":"image\/webp"}],"twitter_card":"summary_large_image","twitter_misc":{"Dur\u00e9e de lecture estim\u00e9e":"1 minute"},"schema":{"@context":"https:\/\/schema.org","@graph":[{"@type":"WebPage","@id":"https:\/\/gymfactory.eu\/fr\/produit\/machine-de-developpe-assis-pectoraux-et-epaules-a6xx2p\/","url":"https:\/\/gymfactory.eu\/fr\/produit\/machine-de-developpe-assis-pectoraux-et-epaules-a6xx2p\/","name":"Machine de Musculation Assise Pectoraux et \u00c9paules A6XX2P pour l\u2019Entra\u00eenement","isPartOf":{"@id":"https:\/\/gymfactory.eu\/fr\/#website"},"primaryImageOfPage":{"@id":"https:\/\/gymfactory.eu\/fr\/produit\/machine-de-developpe-assis-pectoraux-et-epaules-a6xx2p\/#primaryimage"},"image":{"@id":"https:\/\/gymfactory.eu\/fr\/produit\/machine-de-developpe-assis-pectoraux-et-epaules-a6xx2p\/#primaryimage"},"thumbnailUrl":"https:\/\/gymfactory.eu\/wp-content\/uploads\/2025\/01\/side-view-of-black-A6XX2P-gym-machine.webp","datePublished":"2025-01-27T11:31:54+00:00","description":"Cette Machine Assise Pectoraux et \u00c9paules A6XX2P est le meilleur \u00e9quipement pour la maison et les salles commerciales, offrant de multiples options de prise.","breadcrumb":{"@id":"https:\/\/gymfactory.eu\/fr\/produit\/machine-de-developpe-assis-pectoraux-et-epaules-a6xx2p\/#breadcrumb"},"inLanguage":"fr-FR","potentialAction":[{"@type":"ReadAction","target":["https:\/\/gymfactory.eu\/fr\/produit\/machine-de-developpe-assis-pectoraux-et-epaules-a6xx2p\/"]}]},{"@type":"ImageObject","inLanguage":"fr-FR","@id":"https:\/\/gymfactory.eu\/fr\/produit\/machine-de-developpe-assis-pectoraux-et-epaules-a6xx2p\/#primaryimage","url":"https:\/\/gymfactory.eu\/wp-content\/uploads\/2025\/01\/side-view-of-black-A6XX2P-gym-machine.webp","contentUrl":"https:\/\/gymfactory.eu\/wp-content\/uploads\/2025\/01\/side-view-of-black-A6XX2P-gym-machine.webp","width":1500,"height":1500,"caption":"Image lat\u00e9rale de la machine de musculation A6XX2P en rouge, mettant en avant sa construction solide, ses fonctionnalit\u00e9s r\u00e9glables et son assise confortable pour une performance d\u2019entra\u00eenement optimale. Adapt\u00e9e \u00e0 une large gamme de routines de musculation."},{"@type":"BreadcrumbList","@id":"https:\/\/gymfactory.eu\/fr\/produit\/machine-de-developpe-assis-pectoraux-et-epaules-a6xx2p\/#breadcrumb","itemListElement":[{"@type":"ListItem","position":1,"name":"Home","item":"https:\/\/gymfactory.eu\/fr\/"},{"@type":"ListItem","position":2,"name":"Catalogue","item":"https:\/\/gymfactory.eu\/fr\/catalogue-2\/"},{"@type":"ListItem","position":3,"name":"Machine de D\u00e9velopp\u00e9 Assis Pectoraux et \u00c9paules A6XX2P"}]},{"@type":"WebSite","@id":"https:\/\/gymfactory.eu\/fr\/#website","url":"https:\/\/gymfactory.eu\/fr\/","name":"Gym Factory","description":"","publisher":{"@id":"https:\/\/gymfactory.eu\/fr\/#organization"},"potentialAction":[{"@type":"SearchAction","target":{"@type":"EntryPoint","urlTemplate":"https:\/\/gymfactory.eu\/fr\/?s={search_term_string}"},"query-input":{"@type":"PropertyValueSpecification","valueRequired":true,"valueName":"search_term_string"}}],"inLanguage":"fr-FR"},{"@type":"Organization","@id":"https:\/\/gymfactory.eu\/fr\/#organization","name":"Gym Factory","url":"https:\/\/gymfactory.eu\/fr\/","logo":{"@type":"ImageObject","inLanguage":"fr-FR","@id":"https:\/\/gymfactory.eu\/fr\/#\/schema\/logo\/image\/","url":"https:\/\/gymfactory.eu\/wp-content\/uploads\/2024\/11\/Component-1.svg","contentUrl":"https:\/\/gymfactory.eu\/wp-content\/uploads\/2024\/11\/Component-1.svg","width":54,"height":44,"caption":"Gym Factory"},"image":{"@id":"https:\/\/gymfactory.eu\/fr\/#\/schema\/logo\/image\/"}}]}},"_links":{"self":[{"href":"https:\/\/gymfactory.eu\/fr\/wp-json\/wp\/v2\/product\/24181","targetHints":{"allow":["GET"]}}],"collection":[{"href":"https:\/\/gymfactory.eu\/fr\/wp-json\/wp\/v2\/product"}],"about":[{"href":"https:\/\/gymfactory.eu\/fr\/wp-json\/wp\/v2\/types\/product"}],"wp:featuredmedia":[{"embeddable":true,"href":"https:\/\/gymfactory.eu\/fr\/wp-json\/wp\/v2\/media\/11587"}],"wp:attachment":[{"href":"https:\/\/gymfactory.eu\/fr\/wp-json\/wp\/v2\/media?parent=24181"}],"wp:term":[{"taxonomy":"product_brand","embeddable":true,"href":"https:\/\/gymfactory.eu\/fr\/wp-json\/wp\/v2\/product_brand?post=24181"},{"taxonomy":"product_cat","embeddable":true,"href":"https:\/\/gymfactory.eu\/fr\/wp-json\/wp\/v2\/product_cat?post=24181"},{"taxonomy":"product_tag","embeddable":true,"href":"https:\/\/gymfactory.eu\/fr\/wp-json\/wp\/v2\/product_tag?post=24181"}],"curies":[{"name":"wp","href":"https:\/\/api.w.org\/{rel}","templated":true}]}}