{"id":24176,"date":"2025-01-27T13:18:50","date_gmt":"2025-01-27T11:18:50","guid":{"rendered":"https:\/\/gymfactory.eu\/product\/machine-de-developpe-assis-pectoraux-et-epaules-a6xxp\/"},"modified":"2025-01-27T13:18:50","modified_gmt":"2025-01-27T11:18:50","slug":"machine-de-developpe-assis-pectoraux-et-epaules-a6xxp","status":"publish","type":"product","link":"https:\/\/gymfactory.eu\/fr\/produit\/machine-de-developpe-assis-pectoraux-et-epaules-a6xxp\/","title":{"rendered":"Machine de D\u00e9velopp\u00e9 Assis Pectoraux et \u00c9paules A6XXP"},"content":{"rendered":"<p>La Machine de D\u00e9velopp\u00e9 Assis Pectoraux et \u00c9paules A6XXP aide \u00e0 d\u00e9velopper la force du haut du corps. Stable et simple d\u2019utilisation, elle constitue un excellent choix d\u2019\u00e9quipement pour les home gyms et les salles commerciales. Si vous cherchez des id\u00e9es pour votre salle de sport, cette machine est une option intelligente pour entra\u00eener vos pectoraux et vos \u00e9paules sans encombrer l\u2019espace inutilement.  <\/p>\n<p>Avec cette machine de musculation, vous pouvez r\u00e9aliser le d\u00e9velopp\u00e9 inclin\u00e9 assis et le d\u00e9velopp\u00e9 militaire (overhead press) pour renforcer les pectoraux, les delto\u00efdes et les triceps. Vous pouvez \u00e9galement effectuer des d\u00e9velopp\u00e9s unilat\u00e9raux pour isoler et vous concentrer sur un c\u00f4t\u00e9 \u00e0 la fois. La hauteur du si\u00e8ge est r\u00e9glable, permettant \u00e0 la machine de s\u2019adapter aux utilisateurs de diff\u00e9rentes tailles. Une solution compacte et efficace pour l\u2019entra\u00eenement du haut du corps.<\/p>\n\n    <div class=\"xs_social_share_widget xs_share_url after_content \t\tmain_content  wslu-style-1 wslu-share-box-shaped wslu-fill-colored wslu-none wslu-share-horizontal wslu-theme-font-no wslu-main_content\">\n\n\t\t\n        <ul>\n\t\t\t        <\/ul>\n    <\/div> \n","protected":false},"excerpt":{"rendered":"<p>La Machine de D\u00e9velopp\u00e9 Assis Pectoraux et \u00c9paules A6XXP aide \u00e0 d\u00e9velopper la force du haut du corps. Stable et simple d\u2019utilisation, elle constitue un excellent choix d\u2019\u00e9quipement pour les home gyms et les salles commerciales. Si vous cherchez des id\u00e9es pour votre salle de sport, cette machine est une option intelligente pour entra\u00eener vos [&hellip;]<\/p>\n","protected":false},"featured_media":11582,"template":"","meta":{"_acf_changed":false},"product_brand":[56],"product_cat":[832],"product_tag":[],"class_list":{"0":"post-24176","1":"product","2":"type-product","3":"status-publish","4":"has-post-thumbnail","6":"product_brand-gym-factory","7":"product_cat-machines-a-charge-par-plaques","9":"first","10":"onbackorder","11":"taxable","12":"shipping-taxable","13":"purchasable","14":"product-type-variable","15":"has-default-attributes"},"acf":[],"yoast_head":"<!-- This site is optimized with the Yoast SEO plugin v25.2 - https:\/\/yoast.com\/wordpress\/plugins\/seo\/ -->\n<title>Machine de Musculation Assise Pectoraux et \u00c9paules A6XXP pour la Force<\/title>\n<meta name=\"description\" content=\"La Machine de Musculation Assise Pectoraux et \u00c9paules A6XXP est un \u00e9quipement compact, stable et polyvalent, con\u00e7u pour un entra\u00eenement efficace de la force du haut du corps.\" \/>\n<meta name=\"robots\" content=\"index, follow, max-snippet:-1, max-image-preview:large, max-video-preview:-1\" \/>\n<link rel=\"canonical\" href=\"https:\/\/gymfactory.eu\/fr\/produit\/machine-de-developpe-assis-pectoraux-et-epaules-a6xxp\/\" \/>\n<meta property=\"og:locale\" content=\"fr_FR\" \/>\n<meta property=\"og:type\" content=\"article\" \/>\n<meta property=\"og:title\" content=\"Machine de Musculation Assise Pectoraux et \u00c9paules A6XXP pour la Force\" \/>\n<meta property=\"og:description\" content=\"La Machine de Musculation Assise Pectoraux et \u00c9paules A6XXP est un \u00e9quipement compact, stable et polyvalent, con\u00e7u pour un entra\u00eenement efficace de la force du haut du corps.\" \/>\n<meta property=\"og:url\" content=\"https:\/\/gymfactory.eu\/fr\/produit\/machine-de-developpe-assis-pectoraux-et-epaules-a6xxp\/\" \/>\n<meta property=\"og:site_name\" content=\"Gym Factory\" \/>\n<meta property=\"og:image\" content=\"https:\/\/gymfactory.eu\/wp-content\/uploads\/2025\/01\/A6XXP-gym-machine-1.webp\" \/>\n\t<meta property=\"og:image:width\" content=\"1500\" \/>\n\t<meta property=\"og:image:height\" content=\"1500\" \/>\n\t<meta property=\"og:image:type\" content=\"image\/webp\" \/>\n<meta name=\"twitter:card\" content=\"summary_large_image\" \/>\n<meta name=\"twitter:label1\" content=\"Dur\u00e9e de lecture estim\u00e9e\" \/>\n\t<meta name=\"twitter:data1\" content=\"1 minute\" \/>\n<script type=\"application\/ld+json\" class=\"yoast-schema-graph\">{\"@context\":\"https:\/\/schema.org\",\"@graph\":[{\"@type\":\"WebPage\",\"@id\":\"https:\/\/gymfactory.eu\/fr\/produit\/machine-de-developpe-assis-pectoraux-et-epaules-a6xxp\/\",\"url\":\"https:\/\/gymfactory.eu\/fr\/produit\/machine-de-developpe-assis-pectoraux-et-epaules-a6xxp\/\",\"name\":\"Machine de Musculation Assise Pectoraux et \u00c9paules A6XXP pour la Force\",\"isPartOf\":{\"@id\":\"https:\/\/gymfactory.eu\/fr\/#website\"},\"primaryImageOfPage\":{\"@id\":\"https:\/\/gymfactory.eu\/fr\/produit\/machine-de-developpe-assis-pectoraux-et-epaules-a6xxp\/#primaryimage\"},\"image\":{\"@id\":\"https:\/\/gymfactory.eu\/fr\/produit\/machine-de-developpe-assis-pectoraux-et-epaules-a6xxp\/#primaryimage\"},\"thumbnailUrl\":\"https:\/\/gymfactory.eu\/wp-content\/uploads\/2025\/01\/A6XXP-gym-machine-1.webp\",\"datePublished\":\"2025-01-27T11:18:50+00:00\",\"description\":\"La Machine de Musculation Assise Pectoraux et \u00c9paules A6XXP est un \u00e9quipement compact, stable et polyvalent, con\u00e7u pour un entra\u00eenement efficace de la force du haut du corps.\",\"breadcrumb\":{\"@id\":\"https:\/\/gymfactory.eu\/fr\/produit\/machine-de-developpe-assis-pectoraux-et-epaules-a6xxp\/#breadcrumb\"},\"inLanguage\":\"fr-FR\",\"potentialAction\":[{\"@type\":\"ReadAction\",\"target\":[\"https:\/\/gymfactory.eu\/fr\/produit\/machine-de-developpe-assis-pectoraux-et-epaules-a6xxp\/\"]}]},{\"@type\":\"ImageObject\",\"inLanguage\":\"fr-FR\",\"@id\":\"https:\/\/gymfactory.eu\/fr\/produit\/machine-de-developpe-assis-pectoraux-et-epaules-a6xxp\/#primaryimage\",\"url\":\"https:\/\/gymfactory.eu\/wp-content\/uploads\/2025\/01\/A6XXP-gym-machine-1.webp\",\"contentUrl\":\"https:\/\/gymfactory.eu\/wp-content\/uploads\/2025\/01\/A6XXP-gym-machine-1.webp\",\"width\":1500,\"height\":1500,\"caption\":\"Vue de face de la machine de musculation A6XXP dot\u00e9e d\u2019un si\u00e8ge rouge et d\u2019un ch\u00e2ssis noir, \u00e9quip\u00e9e de poign\u00e9es ergonomiques et de supports pour disques de poids pour un entra\u00eenement de force efficace.\"},{\"@type\":\"BreadcrumbList\",\"@id\":\"https:\/\/gymfactory.eu\/fr\/produit\/machine-de-developpe-assis-pectoraux-et-epaules-a6xxp\/#breadcrumb\",\"itemListElement\":[{\"@type\":\"ListItem\",\"position\":1,\"name\":\"Home\",\"item\":\"https:\/\/gymfactory.eu\/fr\/\"},{\"@type\":\"ListItem\",\"position\":2,\"name\":\"Catalogue\",\"item\":\"https:\/\/gymfactory.eu\/fr\/catalogue-2\/\"},{\"@type\":\"ListItem\",\"position\":3,\"name\":\"Machine de D\u00e9velopp\u00e9 Assis Pectoraux et \u00c9paules A6XXP\"}]},{\"@type\":\"WebSite\",\"@id\":\"https:\/\/gymfactory.eu\/fr\/#website\",\"url\":\"https:\/\/gymfactory.eu\/fr\/\",\"name\":\"Gym Factory\",\"description\":\"\",\"publisher\":{\"@id\":\"https:\/\/gymfactory.eu\/fr\/#organization\"},\"potentialAction\":[{\"@type\":\"SearchAction\",\"target\":{\"@type\":\"EntryPoint\",\"urlTemplate\":\"https:\/\/gymfactory.eu\/fr\/?s={search_term_string}\"},\"query-input\":{\"@type\":\"PropertyValueSpecification\",\"valueRequired\":true,\"valueName\":\"search_term_string\"}}],\"inLanguage\":\"fr-FR\"},{\"@type\":\"Organization\",\"@id\":\"https:\/\/gymfactory.eu\/fr\/#organization\",\"name\":\"Gym Factory\",\"url\":\"https:\/\/gymfactory.eu\/fr\/\",\"logo\":{\"@type\":\"ImageObject\",\"inLanguage\":\"fr-FR\",\"@id\":\"https:\/\/gymfactory.eu\/fr\/#\/schema\/logo\/image\/\",\"url\":\"https:\/\/gymfactory.eu\/wp-content\/uploads\/2024\/11\/Component-1.svg\",\"contentUrl\":\"https:\/\/gymfactory.eu\/wp-content\/uploads\/2024\/11\/Component-1.svg\",\"width\":54,\"height\":44,\"caption\":\"Gym Factory\"},\"image\":{\"@id\":\"https:\/\/gymfactory.eu\/fr\/#\/schema\/logo\/image\/\"}}]}<\/script>\n<!-- \/ Yoast SEO plugin. -->","yoast_head_json":{"title":"Machine de Musculation Assise Pectoraux et \u00c9paules A6XXP pour la Force","description":"La Machine de Musculation Assise Pectoraux et \u00c9paules A6XXP est un \u00e9quipement compact, stable et polyvalent, con\u00e7u pour un entra\u00eenement efficace de la force du haut du corps.","robots":{"index":"index","follow":"follow","max-snippet":"max-snippet:-1","max-image-preview":"max-image-preview:large","max-video-preview":"max-video-preview:-1"},"canonical":"https:\/\/gymfactory.eu\/fr\/produit\/machine-de-developpe-assis-pectoraux-et-epaules-a6xxp\/","og_locale":"fr_FR","og_type":"article","og_title":"Machine de Musculation Assise Pectoraux et \u00c9paules A6XXP pour la Force","og_description":"La Machine de Musculation Assise Pectoraux et \u00c9paules A6XXP est un \u00e9quipement compact, stable et polyvalent, con\u00e7u pour un entra\u00eenement efficace de la force du haut du corps.","og_url":"https:\/\/gymfactory.eu\/fr\/produit\/machine-de-developpe-assis-pectoraux-et-epaules-a6xxp\/","og_site_name":"Gym Factory","og_image":[{"width":1500,"height":1500,"url":"https:\/\/gymfactory.eu\/wp-content\/uploads\/2025\/01\/A6XXP-gym-machine-1.webp","type":"image\/webp"}],"twitter_card":"summary_large_image","twitter_misc":{"Dur\u00e9e de lecture estim\u00e9e":"1 minute"},"schema":{"@context":"https:\/\/schema.org","@graph":[{"@type":"WebPage","@id":"https:\/\/gymfactory.eu\/fr\/produit\/machine-de-developpe-assis-pectoraux-et-epaules-a6xxp\/","url":"https:\/\/gymfactory.eu\/fr\/produit\/machine-de-developpe-assis-pectoraux-et-epaules-a6xxp\/","name":"Machine de Musculation Assise Pectoraux et \u00c9paules A6XXP pour la Force","isPartOf":{"@id":"https:\/\/gymfactory.eu\/fr\/#website"},"primaryImageOfPage":{"@id":"https:\/\/gymfactory.eu\/fr\/produit\/machine-de-developpe-assis-pectoraux-et-epaules-a6xxp\/#primaryimage"},"image":{"@id":"https:\/\/gymfactory.eu\/fr\/produit\/machine-de-developpe-assis-pectoraux-et-epaules-a6xxp\/#primaryimage"},"thumbnailUrl":"https:\/\/gymfactory.eu\/wp-content\/uploads\/2025\/01\/A6XXP-gym-machine-1.webp","datePublished":"2025-01-27T11:18:50+00:00","description":"La Machine de Musculation Assise Pectoraux et \u00c9paules A6XXP est un \u00e9quipement compact, stable et polyvalent, con\u00e7u pour un entra\u00eenement efficace de la force du haut du corps.","breadcrumb":{"@id":"https:\/\/gymfactory.eu\/fr\/produit\/machine-de-developpe-assis-pectoraux-et-epaules-a6xxp\/#breadcrumb"},"inLanguage":"fr-FR","potentialAction":[{"@type":"ReadAction","target":["https:\/\/gymfactory.eu\/fr\/produit\/machine-de-developpe-assis-pectoraux-et-epaules-a6xxp\/"]}]},{"@type":"ImageObject","inLanguage":"fr-FR","@id":"https:\/\/gymfactory.eu\/fr\/produit\/machine-de-developpe-assis-pectoraux-et-epaules-a6xxp\/#primaryimage","url":"https:\/\/gymfactory.eu\/wp-content\/uploads\/2025\/01\/A6XXP-gym-machine-1.webp","contentUrl":"https:\/\/gymfactory.eu\/wp-content\/uploads\/2025\/01\/A6XXP-gym-machine-1.webp","width":1500,"height":1500,"caption":"Vue de face de la machine de musculation A6XXP dot\u00e9e d\u2019un si\u00e8ge rouge et d\u2019un ch\u00e2ssis noir, \u00e9quip\u00e9e de poign\u00e9es ergonomiques et de supports pour disques de poids pour un entra\u00eenement de force efficace."},{"@type":"BreadcrumbList","@id":"https:\/\/gymfactory.eu\/fr\/produit\/machine-de-developpe-assis-pectoraux-et-epaules-a6xxp\/#breadcrumb","itemListElement":[{"@type":"ListItem","position":1,"name":"Home","item":"https:\/\/gymfactory.eu\/fr\/"},{"@type":"ListItem","position":2,"name":"Catalogue","item":"https:\/\/gymfactory.eu\/fr\/catalogue-2\/"},{"@type":"ListItem","position":3,"name":"Machine de D\u00e9velopp\u00e9 Assis Pectoraux et \u00c9paules A6XXP"}]},{"@type":"WebSite","@id":"https:\/\/gymfactory.eu\/fr\/#website","url":"https:\/\/gymfactory.eu\/fr\/","name":"Gym Factory","description":"","publisher":{"@id":"https:\/\/gymfactory.eu\/fr\/#organization"},"potentialAction":[{"@type":"SearchAction","target":{"@type":"EntryPoint","urlTemplate":"https:\/\/gymfactory.eu\/fr\/?s={search_term_string}"},"query-input":{"@type":"PropertyValueSpecification","valueRequired":true,"valueName":"search_term_string"}}],"inLanguage":"fr-FR"},{"@type":"Organization","@id":"https:\/\/gymfactory.eu\/fr\/#organization","name":"Gym Factory","url":"https:\/\/gymfactory.eu\/fr\/","logo":{"@type":"ImageObject","inLanguage":"fr-FR","@id":"https:\/\/gymfactory.eu\/fr\/#\/schema\/logo\/image\/","url":"https:\/\/gymfactory.eu\/wp-content\/uploads\/2024\/11\/Component-1.svg","contentUrl":"https:\/\/gymfactory.eu\/wp-content\/uploads\/2024\/11\/Component-1.svg","width":54,"height":44,"caption":"Gym Factory"},"image":{"@id":"https:\/\/gymfactory.eu\/fr\/#\/schema\/logo\/image\/"}}]}},"_links":{"self":[{"href":"https:\/\/gymfactory.eu\/fr\/wp-json\/wp\/v2\/product\/24176","targetHints":{"allow":["GET"]}}],"collection":[{"href":"https:\/\/gymfactory.eu\/fr\/wp-json\/wp\/v2\/product"}],"about":[{"href":"https:\/\/gymfactory.eu\/fr\/wp-json\/wp\/v2\/types\/product"}],"wp:featuredmedia":[{"embeddable":true,"href":"https:\/\/gymfactory.eu\/fr\/wp-json\/wp\/v2\/media\/11582"}],"wp:attachment":[{"href":"https:\/\/gymfactory.eu\/fr\/wp-json\/wp\/v2\/media?parent=24176"}],"wp:term":[{"taxonomy":"product_brand","embeddable":true,"href":"https:\/\/gymfactory.eu\/fr\/wp-json\/wp\/v2\/product_brand?post=24176"},{"taxonomy":"product_cat","embeddable":true,"href":"https:\/\/gymfactory.eu\/fr\/wp-json\/wp\/v2\/product_cat?post=24176"},{"taxonomy":"product_tag","embeddable":true,"href":"https:\/\/gymfactory.eu\/fr\/wp-json\/wp\/v2\/product_tag?post=24176"}],"curies":[{"name":"wp","href":"https:\/\/api.w.org\/{rel}","templated":true}]}}