{"id":24171,"date":"2025-01-27T12:54:41","date_gmt":"2025-01-27T10:54:41","guid":{"rendered":"https:\/\/gymfactory.eu\/product\/machine-de-developpe-assis-a6xx2\/"},"modified":"2025-01-27T12:54:41","modified_gmt":"2025-01-27T10:54:41","slug":"machine-de-developpe-assis-a6xx2","status":"publish","type":"product","link":"https:\/\/gymfactory.eu\/fr\/produit\/machine-de-developpe-assis-a6xx2\/","title":{"rendered":"Machine de D\u00e9velopp\u00e9 Assis A6XX2"},"content":{"rendered":"<p>La Machine de D\u00e9velopp\u00e9 Assis A6XX2 est un \u00e9quipement de musculation fiable pour la maison et les salles commerciales, con\u00e7u pour vous aider \u00e0 d\u00e9velopper la force du haut du corps. Cette machine offre une stabilit\u00e9 et un soutien excellents, apportant de la polyvalence \u00e0 tout espace de fitness. <\/p>\n<p>Avec cette machine de musculation, vous pouvez r\u00e9aliser le d\u00e9velopp\u00e9 inclin\u00e9, ciblant efficacement les pectoraux, l\u2019avant des \u00e9paules et les triceps. L\u2019angle du dossier et la hauteur du si\u00e8ge sont r\u00e9glables, permettant \u00e0 la machine de s\u2019adapter aux utilisateurs de diff\u00e9rentes tailles et pr\u00e9f\u00e9rences. C\u2019est une solution solide et efficace pour l\u2019entra\u00eenement du haut du corps.<\/p>\n\n    <div class=\"xs_social_share_widget xs_share_url after_content \t\tmain_content  wslu-style-1 wslu-share-box-shaped wslu-fill-colored wslu-none wslu-share-horizontal wslu-theme-font-no wslu-main_content\">\n\n\t\t\n        <ul>\n\t\t\t        <\/ul>\n    <\/div> \n","protected":false},"excerpt":{"rendered":"<p>La Machine de D\u00e9velopp\u00e9 Assis A6XX2 est un \u00e9quipement de musculation fiable pour la maison et les salles commerciales, con\u00e7u pour vous aider \u00e0 d\u00e9velopper la force du haut du corps. Cette machine offre une stabilit\u00e9 et un soutien excellents, apportant de la polyvalence \u00e0 tout espace de fitness. Avec cette machine de musculation, vous [&hellip;]<\/p>\n","protected":false},"featured_media":11960,"template":"","meta":{"_acf_changed":false},"product_brand":[56],"product_cat":[832],"product_tag":[],"class_list":{"0":"post-24171","1":"product","2":"type-product","3":"status-publish","4":"has-post-thumbnail","6":"product_brand-gym-factory","7":"product_cat-machines-a-charge-par-plaques","9":"first","10":"onbackorder","11":"taxable","12":"shipping-taxable","13":"purchasable","14":"product-type-variable","15":"has-default-attributes"},"acf":[],"yoast_head":"<!-- This site is optimized with the Yoast SEO plugin v25.2 - https:\/\/yoast.com\/wordpress\/plugins\/seo\/ -->\n<title>Machine de Musculation D\u00e9velopp\u00e9 Assis A6XX2 pour le Renforcement Musculaire<\/title>\n<meta name=\"description\" content=\"\u00c9quipement pour l\u2019entra\u00eenement du haut du corps, la Machine de D\u00e9velopp\u00e9 Assis A6XX2 cible les pectoraux, les \u00e9paules et les triceps, pour les home gyms ou les salles commerciales.\" \/>\n<meta name=\"robots\" content=\"index, follow, max-snippet:-1, max-image-preview:large, max-video-preview:-1\" \/>\n<link rel=\"canonical\" href=\"https:\/\/gymfactory.eu\/fr\/produit\/machine-de-developpe-assis-a6xx2\/\" \/>\n<meta property=\"og:locale\" content=\"fr_FR\" \/>\n<meta property=\"og:type\" content=\"article\" \/>\n<meta property=\"og:title\" content=\"Machine de Musculation D\u00e9velopp\u00e9 Assis A6XX2 pour le Renforcement Musculaire\" \/>\n<meta property=\"og:description\" content=\"\u00c9quipement pour l\u2019entra\u00eenement du haut du corps, la Machine de D\u00e9velopp\u00e9 Assis A6XX2 cible les pectoraux, les \u00e9paules et les triceps, pour les home gyms ou les salles commerciales.\" \/>\n<meta property=\"og:url\" content=\"https:\/\/gymfactory.eu\/fr\/produit\/machine-de-developpe-assis-a6xx2\/\" \/>\n<meta property=\"og:site_name\" content=\"Gym Factory\" \/>\n<meta property=\"og:image\" content=\"https:\/\/gymfactory.eu\/wp-content\/uploads\/2025\/01\/black-A6XX2-gym-machine-1.webp\" \/>\n\t<meta property=\"og:image:width\" content=\"1500\" \/>\n\t<meta property=\"og:image:height\" content=\"1500\" \/>\n\t<meta property=\"og:image:type\" content=\"image\/webp\" \/>\n<meta name=\"twitter:card\" content=\"summary_large_image\" \/>\n<meta name=\"twitter:label1\" content=\"Dur\u00e9e de lecture estim\u00e9e\" \/>\n\t<meta name=\"twitter:data1\" content=\"1 minute\" \/>\n<script type=\"application\/ld+json\" class=\"yoast-schema-graph\">{\"@context\":\"https:\/\/schema.org\",\"@graph\":[{\"@type\":\"WebPage\",\"@id\":\"https:\/\/gymfactory.eu\/fr\/produit\/machine-de-developpe-assis-a6xx2\/\",\"url\":\"https:\/\/gymfactory.eu\/fr\/produit\/machine-de-developpe-assis-a6xx2\/\",\"name\":\"Machine de Musculation D\u00e9velopp\u00e9 Assis A6XX2 pour le Renforcement Musculaire\",\"isPartOf\":{\"@id\":\"https:\/\/gymfactory.eu\/fr\/#website\"},\"primaryImageOfPage\":{\"@id\":\"https:\/\/gymfactory.eu\/fr\/produit\/machine-de-developpe-assis-a6xx2\/#primaryimage\"},\"image\":{\"@id\":\"https:\/\/gymfactory.eu\/fr\/produit\/machine-de-developpe-assis-a6xx2\/#primaryimage\"},\"thumbnailUrl\":\"https:\/\/gymfactory.eu\/wp-content\/uploads\/2025\/01\/black-A6XX2-gym-machine-1.webp\",\"datePublished\":\"2025-01-27T10:54:41+00:00\",\"description\":\"\u00c9quipement pour l\u2019entra\u00eenement du haut du corps, la Machine de D\u00e9velopp\u00e9 Assis A6XX2 cible les pectoraux, les \u00e9paules et les triceps, pour les home gyms ou les salles commerciales.\",\"breadcrumb\":{\"@id\":\"https:\/\/gymfactory.eu\/fr\/produit\/machine-de-developpe-assis-a6xx2\/#breadcrumb\"},\"inLanguage\":\"fr-FR\",\"potentialAction\":[{\"@type\":\"ReadAction\",\"target\":[\"https:\/\/gymfactory.eu\/fr\/produit\/machine-de-developpe-assis-a6xx2\/\"]}]},{\"@type\":\"ImageObject\",\"inLanguage\":\"fr-FR\",\"@id\":\"https:\/\/gymfactory.eu\/fr\/produit\/machine-de-developpe-assis-a6xx2\/#primaryimage\",\"url\":\"https:\/\/gymfactory.eu\/wp-content\/uploads\/2025\/01\/black-A6XX2-gym-machine-1.webp\",\"contentUrl\":\"https:\/\/gymfactory.eu\/wp-content\/uploads\/2025\/01\/black-A6XX2-gym-machine-1.webp\",\"width\":1500,\"height\":1500,\"caption\":\"Machine de musculation A6XX2 noire dot\u00e9e d\u2019un ch\u00e2ssis en acier robuste, d\u2019un si\u00e8ge rembourr\u00e9 ergonomique et de poign\u00e9es \u00e0 prises multiples pour un entra\u00eenement de force polyvalent. Cette machine est con\u00e7ue pour la durabilit\u00e9 et permet un entra\u00eenement complet, id\u00e9al pour les home gyms et les environnements commerciaux.\"},{\"@type\":\"BreadcrumbList\",\"@id\":\"https:\/\/gymfactory.eu\/fr\/produit\/machine-de-developpe-assis-a6xx2\/#breadcrumb\",\"itemListElement\":[{\"@type\":\"ListItem\",\"position\":1,\"name\":\"Home\",\"item\":\"https:\/\/gymfactory.eu\/fr\/\"},{\"@type\":\"ListItem\",\"position\":2,\"name\":\"Catalogue\",\"item\":\"https:\/\/gymfactory.eu\/fr\/catalogue-2\/\"},{\"@type\":\"ListItem\",\"position\":3,\"name\":\"Machine de D\u00e9velopp\u00e9 Assis A6XX2\"}]},{\"@type\":\"WebSite\",\"@id\":\"https:\/\/gymfactory.eu\/fr\/#website\",\"url\":\"https:\/\/gymfactory.eu\/fr\/\",\"name\":\"Gym Factory\",\"description\":\"\",\"publisher\":{\"@id\":\"https:\/\/gymfactory.eu\/fr\/#organization\"},\"potentialAction\":[{\"@type\":\"SearchAction\",\"target\":{\"@type\":\"EntryPoint\",\"urlTemplate\":\"https:\/\/gymfactory.eu\/fr\/?s={search_term_string}\"},\"query-input\":{\"@type\":\"PropertyValueSpecification\",\"valueRequired\":true,\"valueName\":\"search_term_string\"}}],\"inLanguage\":\"fr-FR\"},{\"@type\":\"Organization\",\"@id\":\"https:\/\/gymfactory.eu\/fr\/#organization\",\"name\":\"Gym Factory\",\"url\":\"https:\/\/gymfactory.eu\/fr\/\",\"logo\":{\"@type\":\"ImageObject\",\"inLanguage\":\"fr-FR\",\"@id\":\"https:\/\/gymfactory.eu\/fr\/#\/schema\/logo\/image\/\",\"url\":\"https:\/\/gymfactory.eu\/wp-content\/uploads\/2024\/11\/Component-1.svg\",\"contentUrl\":\"https:\/\/gymfactory.eu\/wp-content\/uploads\/2024\/11\/Component-1.svg\",\"width\":54,\"height\":44,\"caption\":\"Gym Factory\"},\"image\":{\"@id\":\"https:\/\/gymfactory.eu\/fr\/#\/schema\/logo\/image\/\"}}]}<\/script>\n<!-- \/ Yoast SEO plugin. -->","yoast_head_json":{"title":"Machine de Musculation D\u00e9velopp\u00e9 Assis A6XX2 pour le Renforcement Musculaire","description":"\u00c9quipement pour l\u2019entra\u00eenement du haut du corps, la Machine de D\u00e9velopp\u00e9 Assis A6XX2 cible les pectoraux, les \u00e9paules et les triceps, pour les home gyms ou les salles commerciales.","robots":{"index":"index","follow":"follow","max-snippet":"max-snippet:-1","max-image-preview":"max-image-preview:large","max-video-preview":"max-video-preview:-1"},"canonical":"https:\/\/gymfactory.eu\/fr\/produit\/machine-de-developpe-assis-a6xx2\/","og_locale":"fr_FR","og_type":"article","og_title":"Machine de Musculation D\u00e9velopp\u00e9 Assis A6XX2 pour le Renforcement Musculaire","og_description":"\u00c9quipement pour l\u2019entra\u00eenement du haut du corps, la Machine de D\u00e9velopp\u00e9 Assis A6XX2 cible les pectoraux, les \u00e9paules et les triceps, pour les home gyms ou les salles commerciales.","og_url":"https:\/\/gymfactory.eu\/fr\/produit\/machine-de-developpe-assis-a6xx2\/","og_site_name":"Gym Factory","og_image":[{"width":1500,"height":1500,"url":"https:\/\/gymfactory.eu\/wp-content\/uploads\/2025\/01\/black-A6XX2-gym-machine-1.webp","type":"image\/webp"}],"twitter_card":"summary_large_image","twitter_misc":{"Dur\u00e9e de lecture estim\u00e9e":"1 minute"},"schema":{"@context":"https:\/\/schema.org","@graph":[{"@type":"WebPage","@id":"https:\/\/gymfactory.eu\/fr\/produit\/machine-de-developpe-assis-a6xx2\/","url":"https:\/\/gymfactory.eu\/fr\/produit\/machine-de-developpe-assis-a6xx2\/","name":"Machine de Musculation D\u00e9velopp\u00e9 Assis A6XX2 pour le Renforcement Musculaire","isPartOf":{"@id":"https:\/\/gymfactory.eu\/fr\/#website"},"primaryImageOfPage":{"@id":"https:\/\/gymfactory.eu\/fr\/produit\/machine-de-developpe-assis-a6xx2\/#primaryimage"},"image":{"@id":"https:\/\/gymfactory.eu\/fr\/produit\/machine-de-developpe-assis-a6xx2\/#primaryimage"},"thumbnailUrl":"https:\/\/gymfactory.eu\/wp-content\/uploads\/2025\/01\/black-A6XX2-gym-machine-1.webp","datePublished":"2025-01-27T10:54:41+00:00","description":"\u00c9quipement pour l\u2019entra\u00eenement du haut du corps, la Machine de D\u00e9velopp\u00e9 Assis A6XX2 cible les pectoraux, les \u00e9paules et les triceps, pour les home gyms ou les salles commerciales.","breadcrumb":{"@id":"https:\/\/gymfactory.eu\/fr\/produit\/machine-de-developpe-assis-a6xx2\/#breadcrumb"},"inLanguage":"fr-FR","potentialAction":[{"@type":"ReadAction","target":["https:\/\/gymfactory.eu\/fr\/produit\/machine-de-developpe-assis-a6xx2\/"]}]},{"@type":"ImageObject","inLanguage":"fr-FR","@id":"https:\/\/gymfactory.eu\/fr\/produit\/machine-de-developpe-assis-a6xx2\/#primaryimage","url":"https:\/\/gymfactory.eu\/wp-content\/uploads\/2025\/01\/black-A6XX2-gym-machine-1.webp","contentUrl":"https:\/\/gymfactory.eu\/wp-content\/uploads\/2025\/01\/black-A6XX2-gym-machine-1.webp","width":1500,"height":1500,"caption":"Machine de musculation A6XX2 noire dot\u00e9e d\u2019un ch\u00e2ssis en acier robuste, d\u2019un si\u00e8ge rembourr\u00e9 ergonomique et de poign\u00e9es \u00e0 prises multiples pour un entra\u00eenement de force polyvalent. Cette machine est con\u00e7ue pour la durabilit\u00e9 et permet un entra\u00eenement complet, id\u00e9al pour les home gyms et les environnements commerciaux."},{"@type":"BreadcrumbList","@id":"https:\/\/gymfactory.eu\/fr\/produit\/machine-de-developpe-assis-a6xx2\/#breadcrumb","itemListElement":[{"@type":"ListItem","position":1,"name":"Home","item":"https:\/\/gymfactory.eu\/fr\/"},{"@type":"ListItem","position":2,"name":"Catalogue","item":"https:\/\/gymfactory.eu\/fr\/catalogue-2\/"},{"@type":"ListItem","position":3,"name":"Machine de D\u00e9velopp\u00e9 Assis A6XX2"}]},{"@type":"WebSite","@id":"https:\/\/gymfactory.eu\/fr\/#website","url":"https:\/\/gymfactory.eu\/fr\/","name":"Gym Factory","description":"","publisher":{"@id":"https:\/\/gymfactory.eu\/fr\/#organization"},"potentialAction":[{"@type":"SearchAction","target":{"@type":"EntryPoint","urlTemplate":"https:\/\/gymfactory.eu\/fr\/?s={search_term_string}"},"query-input":{"@type":"PropertyValueSpecification","valueRequired":true,"valueName":"search_term_string"}}],"inLanguage":"fr-FR"},{"@type":"Organization","@id":"https:\/\/gymfactory.eu\/fr\/#organization","name":"Gym Factory","url":"https:\/\/gymfactory.eu\/fr\/","logo":{"@type":"ImageObject","inLanguage":"fr-FR","@id":"https:\/\/gymfactory.eu\/fr\/#\/schema\/logo\/image\/","url":"https:\/\/gymfactory.eu\/wp-content\/uploads\/2024\/11\/Component-1.svg","contentUrl":"https:\/\/gymfactory.eu\/wp-content\/uploads\/2024\/11\/Component-1.svg","width":54,"height":44,"caption":"Gym Factory"},"image":{"@id":"https:\/\/gymfactory.eu\/fr\/#\/schema\/logo\/image\/"}}]}},"_links":{"self":[{"href":"https:\/\/gymfactory.eu\/fr\/wp-json\/wp\/v2\/product\/24171","targetHints":{"allow":["GET"]}}],"collection":[{"href":"https:\/\/gymfactory.eu\/fr\/wp-json\/wp\/v2\/product"}],"about":[{"href":"https:\/\/gymfactory.eu\/fr\/wp-json\/wp\/v2\/types\/product"}],"wp:featuredmedia":[{"embeddable":true,"href":"https:\/\/gymfactory.eu\/fr\/wp-json\/wp\/v2\/media\/11960"}],"wp:attachment":[{"href":"https:\/\/gymfactory.eu\/fr\/wp-json\/wp\/v2\/media?parent=24171"}],"wp:term":[{"taxonomy":"product_brand","embeddable":true,"href":"https:\/\/gymfactory.eu\/fr\/wp-json\/wp\/v2\/product_brand?post=24171"},{"taxonomy":"product_cat","embeddable":true,"href":"https:\/\/gymfactory.eu\/fr\/wp-json\/wp\/v2\/product_cat?post=24171"},{"taxonomy":"product_tag","embeddable":true,"href":"https:\/\/gymfactory.eu\/fr\/wp-json\/wp\/v2\/product_tag?post=24171"}],"curies":[{"name":"wp","href":"https:\/\/api.w.org\/{rel}","templated":true}]}}