{"id":24166,"date":"2025-01-27T12:40:04","date_gmt":"2025-01-27T10:40:04","guid":{"rendered":"https:\/\/gymfactory.eu\/product\/machine-de-developpe-assis-a6xx\/"},"modified":"2026-01-23T21:11:43","modified_gmt":"2026-01-23T19:11:43","slug":"machine-de-developpe-assis-a6xx","status":"publish","type":"product","link":"https:\/\/gymfactory.eu\/fr\/produit\/machine-de-developpe-assis-a6xx\/","title":{"rendered":"Machine de D\u00e9velopp\u00e9 Assis A6XX"},"content":{"rendered":"<p>La Machine de D\u00e9velopp\u00e9 Assis A6XX est un outil stable et facile \u00e0 utiliser pour l\u2019entra\u00eenement du haut du corps. Con\u00e7ue pour des s\u00e9ances efficaces, elle s\u2019int\u00e8gre parfaitement dans tout espace fitness, ce qui en fait un choix pratique comme \u00e9quipement d\u2019exercice pour la maison et les salles de sport commerciales. <\/p>\n<p>Cette machine de musculation vous permet de r\u00e9aliser le d\u00e9velopp\u00e9 inclin\u00e9, ciblant les pectoraux, l\u2019avant des \u00e9paules et les triceps. La hauteur du si\u00e8ge est r\u00e9glable, ce qui la rend adapt\u00e9e aux utilisateurs de toutes tailles. Une machine cibl\u00e9e et fiable pour d\u00e9velopper la force du haut du corps.<\/p>\n\n    <div class=\"xs_social_share_widget xs_share_url after_content \t\tmain_content  wslu-style-1 wslu-share-box-shaped wslu-fill-colored wslu-none wslu-share-horizontal wslu-theme-font-no wslu-main_content\">\n\n\t\t\n        <ul>\n\t\t\t        <\/ul>\n    <\/div> \n","protected":false},"excerpt":{"rendered":"<p>La Machine de D\u00e9velopp\u00e9 Assis A6XX est un outil stable et facile \u00e0 utiliser pour l\u2019entra\u00eenement du haut du corps. Con\u00e7ue pour des s\u00e9ances efficaces, elle s\u2019int\u00e8gre parfaitement dans tout espace fitness, ce qui en fait un choix pratique comme \u00e9quipement d\u2019exercice pour la maison et les salles de sport commerciales. Cette machine de musculation [&hellip;]<\/p>\n","protected":false},"featured_media":11577,"template":"","meta":{"_acf_changed":false},"product_brand":[56],"product_cat":[832],"product_tag":[],"class_list":{"0":"post-24166","1":"product","2":"type-product","3":"status-publish","4":"has-post-thumbnail","6":"product_brand-gym-factory","7":"product_cat-machines-a-charge-par-plaques","9":"first","10":"onbackorder","11":"taxable","12":"shipping-taxable","13":"purchasable","14":"product-type-variable","15":"has-default-attributes"},"acf":[],"yoast_head":"<!-- This site is optimized with the Yoast SEO plugin v25.2 - https:\/\/yoast.com\/wordpress\/plugins\/seo\/ -->\n<title>Machine de D\u00e9velopp\u00e9 Assis A6XX pour l\u2019Entra\u00eenement du Haut du Corps<\/title>\n<meta name=\"description\" content=\"La Machine de D\u00e9velopp\u00e9 Assis A6XX est l\u2019\u00e9quipement d\u2019exercice id\u00e9al pour entra\u00eener les pectoraux, les \u00e9paules et les triceps, aussi bien \u00e0 domicile qu\u2019en salle de sport.\" \/>\n<meta name=\"robots\" content=\"index, follow, max-snippet:-1, max-image-preview:large, max-video-preview:-1\" \/>\n<link rel=\"canonical\" href=\"https:\/\/gymfactory.eu\/fr\/produit\/machine-de-developpe-assis-a6xx\/\" \/>\n<meta property=\"og:locale\" content=\"fr_FR\" \/>\n<meta property=\"og:type\" content=\"article\" \/>\n<meta property=\"og:title\" content=\"Machine de D\u00e9velopp\u00e9 Assis A6XX pour l\u2019Entra\u00eenement du Haut du Corps\" \/>\n<meta property=\"og:description\" content=\"La Machine de D\u00e9velopp\u00e9 Assis A6XX est l\u2019\u00e9quipement d\u2019exercice id\u00e9al pour entra\u00eener les pectoraux, les \u00e9paules et les triceps, aussi bien \u00e0 domicile qu\u2019en salle de sport.\" \/>\n<meta property=\"og:url\" content=\"https:\/\/gymfactory.eu\/fr\/produit\/machine-de-developpe-assis-a6xx\/\" \/>\n<meta property=\"og:site_name\" content=\"Gym Factory\" \/>\n<meta property=\"article:modified_time\" content=\"2026-01-23T19:11:43+00:00\" \/>\n<meta property=\"og:image\" content=\"https:\/\/gymfactory.eu\/wp-content\/uploads\/2025\/01\/black-A6XX-gym-machine.webp\" \/>\n\t<meta property=\"og:image:width\" content=\"1500\" \/>\n\t<meta property=\"og:image:height\" content=\"1500\" \/>\n\t<meta property=\"og:image:type\" content=\"image\/webp\" \/>\n<meta name=\"twitter:card\" content=\"summary_large_image\" \/>\n<meta name=\"twitter:label1\" content=\"Dur\u00e9e de lecture estim\u00e9e\" \/>\n\t<meta name=\"twitter:data1\" content=\"1 minute\" \/>\n<script type=\"application\/ld+json\" class=\"yoast-schema-graph\">{\"@context\":\"https:\/\/schema.org\",\"@graph\":[{\"@type\":\"WebPage\",\"@id\":\"https:\/\/gymfactory.eu\/fr\/produit\/machine-de-developpe-assis-a6xx\/\",\"url\":\"https:\/\/gymfactory.eu\/fr\/produit\/machine-de-developpe-assis-a6xx\/\",\"name\":\"Machine de D\u00e9velopp\u00e9 Assis A6XX pour l\u2019Entra\u00eenement du Haut du Corps\",\"isPartOf\":{\"@id\":\"https:\/\/gymfactory.eu\/fr\/#website\"},\"primaryImageOfPage\":{\"@id\":\"https:\/\/gymfactory.eu\/fr\/produit\/machine-de-developpe-assis-a6xx\/#primaryimage\"},\"image\":{\"@id\":\"https:\/\/gymfactory.eu\/fr\/produit\/machine-de-developpe-assis-a6xx\/#primaryimage\"},\"thumbnailUrl\":\"https:\/\/gymfactory.eu\/wp-content\/uploads\/2025\/01\/black-A6XX-gym-machine.webp\",\"datePublished\":\"2025-01-27T10:40:04+00:00\",\"dateModified\":\"2026-01-23T19:11:43+00:00\",\"description\":\"La Machine de D\u00e9velopp\u00e9 Assis A6XX est l\u2019\u00e9quipement d\u2019exercice id\u00e9al pour entra\u00eener les pectoraux, les \u00e9paules et les triceps, aussi bien \u00e0 domicile qu\u2019en salle de sport.\",\"breadcrumb\":{\"@id\":\"https:\/\/gymfactory.eu\/fr\/produit\/machine-de-developpe-assis-a6xx\/#breadcrumb\"},\"inLanguage\":\"fr-FR\",\"potentialAction\":[{\"@type\":\"ReadAction\",\"target\":[\"https:\/\/gymfactory.eu\/fr\/produit\/machine-de-developpe-assis-a6xx\/\"]}]},{\"@type\":\"ImageObject\",\"inLanguage\":\"fr-FR\",\"@id\":\"https:\/\/gymfactory.eu\/fr\/produit\/machine-de-developpe-assis-a6xx\/#primaryimage\",\"url\":\"https:\/\/gymfactory.eu\/wp-content\/uploads\/2025\/01\/black-A6XX-gym-machine.webp\",\"contentUrl\":\"https:\/\/gymfactory.eu\/wp-content\/uploads\/2025\/01\/black-A6XX-gym-machine.webp\",\"width\":1500,\"height\":1500,\"caption\":\"Machine de musculation A6XX noire dot\u00e9e d\u2019un si\u00e8ge rembourr\u00e9, d\u2019une construction robuste et de multiples supports pour disques de poids. Cet \u00e9quipement de fitness est id\u00e9al pour le renforcement musculaire du haut du corps, offrant aux utilisateurs une exp\u00e9rience d\u2019entra\u00eenement personnalisable.\"},{\"@type\":\"BreadcrumbList\",\"@id\":\"https:\/\/gymfactory.eu\/fr\/produit\/machine-de-developpe-assis-a6xx\/#breadcrumb\",\"itemListElement\":[{\"@type\":\"ListItem\",\"position\":1,\"name\":\"Home\",\"item\":\"https:\/\/gymfactory.eu\/fr\/\"},{\"@type\":\"ListItem\",\"position\":2,\"name\":\"Catalogue\",\"item\":\"https:\/\/gymfactory.eu\/fr\/catalogue-2\/\"},{\"@type\":\"ListItem\",\"position\":3,\"name\":\"Machine de D\u00e9velopp\u00e9 Assis A6XX\"}]},{\"@type\":\"WebSite\",\"@id\":\"https:\/\/gymfactory.eu\/fr\/#website\",\"url\":\"https:\/\/gymfactory.eu\/fr\/\",\"name\":\"Gym Factory\",\"description\":\"\",\"publisher\":{\"@id\":\"https:\/\/gymfactory.eu\/fr\/#organization\"},\"potentialAction\":[{\"@type\":\"SearchAction\",\"target\":{\"@type\":\"EntryPoint\",\"urlTemplate\":\"https:\/\/gymfactory.eu\/fr\/?s={search_term_string}\"},\"query-input\":{\"@type\":\"PropertyValueSpecification\",\"valueRequired\":true,\"valueName\":\"search_term_string\"}}],\"inLanguage\":\"fr-FR\"},{\"@type\":\"Organization\",\"@id\":\"https:\/\/gymfactory.eu\/fr\/#organization\",\"name\":\"Gym Factory\",\"url\":\"https:\/\/gymfactory.eu\/fr\/\",\"logo\":{\"@type\":\"ImageObject\",\"inLanguage\":\"fr-FR\",\"@id\":\"https:\/\/gymfactory.eu\/fr\/#\/schema\/logo\/image\/\",\"url\":\"https:\/\/gymfactory.eu\/wp-content\/uploads\/2024\/11\/Component-1.svg\",\"contentUrl\":\"https:\/\/gymfactory.eu\/wp-content\/uploads\/2024\/11\/Component-1.svg\",\"width\":54,\"height\":44,\"caption\":\"Gym Factory\"},\"image\":{\"@id\":\"https:\/\/gymfactory.eu\/fr\/#\/schema\/logo\/image\/\"}}]}<\/script>\n<!-- \/ Yoast SEO plugin. -->","yoast_head_json":{"title":"Machine de D\u00e9velopp\u00e9 Assis A6XX pour l\u2019Entra\u00eenement du Haut du Corps","description":"La Machine de D\u00e9velopp\u00e9 Assis A6XX est l\u2019\u00e9quipement d\u2019exercice id\u00e9al pour entra\u00eener les pectoraux, les \u00e9paules et les triceps, aussi bien \u00e0 domicile qu\u2019en salle de sport.","robots":{"index":"index","follow":"follow","max-snippet":"max-snippet:-1","max-image-preview":"max-image-preview:large","max-video-preview":"max-video-preview:-1"},"canonical":"https:\/\/gymfactory.eu\/fr\/produit\/machine-de-developpe-assis-a6xx\/","og_locale":"fr_FR","og_type":"article","og_title":"Machine de D\u00e9velopp\u00e9 Assis A6XX pour l\u2019Entra\u00eenement du Haut du Corps","og_description":"La Machine de D\u00e9velopp\u00e9 Assis A6XX est l\u2019\u00e9quipement d\u2019exercice id\u00e9al pour entra\u00eener les pectoraux, les \u00e9paules et les triceps, aussi bien \u00e0 domicile qu\u2019en salle de sport.","og_url":"https:\/\/gymfactory.eu\/fr\/produit\/machine-de-developpe-assis-a6xx\/","og_site_name":"Gym Factory","article_modified_time":"2026-01-23T19:11:43+00:00","og_image":[{"width":1500,"height":1500,"url":"https:\/\/gymfactory.eu\/wp-content\/uploads\/2025\/01\/black-A6XX-gym-machine.webp","type":"image\/webp"}],"twitter_card":"summary_large_image","twitter_misc":{"Dur\u00e9e de lecture estim\u00e9e":"1 minute"},"schema":{"@context":"https:\/\/schema.org","@graph":[{"@type":"WebPage","@id":"https:\/\/gymfactory.eu\/fr\/produit\/machine-de-developpe-assis-a6xx\/","url":"https:\/\/gymfactory.eu\/fr\/produit\/machine-de-developpe-assis-a6xx\/","name":"Machine de D\u00e9velopp\u00e9 Assis A6XX pour l\u2019Entra\u00eenement du Haut du Corps","isPartOf":{"@id":"https:\/\/gymfactory.eu\/fr\/#website"},"primaryImageOfPage":{"@id":"https:\/\/gymfactory.eu\/fr\/produit\/machine-de-developpe-assis-a6xx\/#primaryimage"},"image":{"@id":"https:\/\/gymfactory.eu\/fr\/produit\/machine-de-developpe-assis-a6xx\/#primaryimage"},"thumbnailUrl":"https:\/\/gymfactory.eu\/wp-content\/uploads\/2025\/01\/black-A6XX-gym-machine.webp","datePublished":"2025-01-27T10:40:04+00:00","dateModified":"2026-01-23T19:11:43+00:00","description":"La Machine de D\u00e9velopp\u00e9 Assis A6XX est l\u2019\u00e9quipement d\u2019exercice id\u00e9al pour entra\u00eener les pectoraux, les \u00e9paules et les triceps, aussi bien \u00e0 domicile qu\u2019en salle de sport.","breadcrumb":{"@id":"https:\/\/gymfactory.eu\/fr\/produit\/machine-de-developpe-assis-a6xx\/#breadcrumb"},"inLanguage":"fr-FR","potentialAction":[{"@type":"ReadAction","target":["https:\/\/gymfactory.eu\/fr\/produit\/machine-de-developpe-assis-a6xx\/"]}]},{"@type":"ImageObject","inLanguage":"fr-FR","@id":"https:\/\/gymfactory.eu\/fr\/produit\/machine-de-developpe-assis-a6xx\/#primaryimage","url":"https:\/\/gymfactory.eu\/wp-content\/uploads\/2025\/01\/black-A6XX-gym-machine.webp","contentUrl":"https:\/\/gymfactory.eu\/wp-content\/uploads\/2025\/01\/black-A6XX-gym-machine.webp","width":1500,"height":1500,"caption":"Machine de musculation A6XX noire dot\u00e9e d\u2019un si\u00e8ge rembourr\u00e9, d\u2019une construction robuste et de multiples supports pour disques de poids. Cet \u00e9quipement de fitness est id\u00e9al pour le renforcement musculaire du haut du corps, offrant aux utilisateurs une exp\u00e9rience d\u2019entra\u00eenement personnalisable."},{"@type":"BreadcrumbList","@id":"https:\/\/gymfactory.eu\/fr\/produit\/machine-de-developpe-assis-a6xx\/#breadcrumb","itemListElement":[{"@type":"ListItem","position":1,"name":"Home","item":"https:\/\/gymfactory.eu\/fr\/"},{"@type":"ListItem","position":2,"name":"Catalogue","item":"https:\/\/gymfactory.eu\/fr\/catalogue-2\/"},{"@type":"ListItem","position":3,"name":"Machine de D\u00e9velopp\u00e9 Assis A6XX"}]},{"@type":"WebSite","@id":"https:\/\/gymfactory.eu\/fr\/#website","url":"https:\/\/gymfactory.eu\/fr\/","name":"Gym Factory","description":"","publisher":{"@id":"https:\/\/gymfactory.eu\/fr\/#organization"},"potentialAction":[{"@type":"SearchAction","target":{"@type":"EntryPoint","urlTemplate":"https:\/\/gymfactory.eu\/fr\/?s={search_term_string}"},"query-input":{"@type":"PropertyValueSpecification","valueRequired":true,"valueName":"search_term_string"}}],"inLanguage":"fr-FR"},{"@type":"Organization","@id":"https:\/\/gymfactory.eu\/fr\/#organization","name":"Gym Factory","url":"https:\/\/gymfactory.eu\/fr\/","logo":{"@type":"ImageObject","inLanguage":"fr-FR","@id":"https:\/\/gymfactory.eu\/fr\/#\/schema\/logo\/image\/","url":"https:\/\/gymfactory.eu\/wp-content\/uploads\/2024\/11\/Component-1.svg","contentUrl":"https:\/\/gymfactory.eu\/wp-content\/uploads\/2024\/11\/Component-1.svg","width":54,"height":44,"caption":"Gym Factory"},"image":{"@id":"https:\/\/gymfactory.eu\/fr\/#\/schema\/logo\/image\/"}}]}},"_links":{"self":[{"href":"https:\/\/gymfactory.eu\/fr\/wp-json\/wp\/v2\/product\/24166","targetHints":{"allow":["GET"]}}],"collection":[{"href":"https:\/\/gymfactory.eu\/fr\/wp-json\/wp\/v2\/product"}],"about":[{"href":"https:\/\/gymfactory.eu\/fr\/wp-json\/wp\/v2\/types\/product"}],"wp:featuredmedia":[{"embeddable":true,"href":"https:\/\/gymfactory.eu\/fr\/wp-json\/wp\/v2\/media\/11577"}],"wp:attachment":[{"href":"https:\/\/gymfactory.eu\/fr\/wp-json\/wp\/v2\/media?parent=24166"}],"wp:term":[{"taxonomy":"product_brand","embeddable":true,"href":"https:\/\/gymfactory.eu\/fr\/wp-json\/wp\/v2\/product_brand?post=24166"},{"taxonomy":"product_cat","embeddable":true,"href":"https:\/\/gymfactory.eu\/fr\/wp-json\/wp\/v2\/product_cat?post=24166"},{"taxonomy":"product_tag","embeddable":true,"href":"https:\/\/gymfactory.eu\/fr\/wp-json\/wp\/v2\/product_tag?post=24166"}],"curies":[{"name":"wp","href":"https:\/\/api.w.org\/{rel}","templated":true}]}}