{"id":24159,"date":"2025-01-27T08:30:11","date_gmt":"2025-01-27T06:30:11","guid":{"rendered":"https:\/\/gymfactory.eu\/product\/machine-de-developpe-couche-a1xx\/"},"modified":"2025-01-27T08:30:11","modified_gmt":"2025-01-27T06:30:11","slug":"machine-de-developpe-couche-a1xx","status":"publish","type":"product","link":"https:\/\/gymfactory.eu\/fr\/produit\/machine-de-developpe-couche-a1xx\/","title":{"rendered":"Machine de D\u00e9velopp\u00e9 Couch\u00e9 A1XX"},"content":{"rendered":"<p>La Machine de D\u00e9velopp\u00e9 Couch\u00e9 A1XX est un \u00e9quipement de musculation robuste, id\u00e9al pour la maison ou une salle de sport commerciale, con\u00e7u pour vous aider \u00e0 d\u00e9velopper la force du haut du corps. Elle convient aussi bien aux d\u00e9butants qu\u2019aux utilisateurs exp\u00e9riment\u00e9s, offrant un moyen s\u00fbr et efficace d\u2019am\u00e9liorer sa puissance musculaire \u00e0 domicile. <\/p>\n<p>Cette machine cible les pectoraux, l\u2019avant des \u00e9paules et les triceps. Vous pouvez r\u00e9aliser divers exercices tels que le d\u00e9velopp\u00e9 couch\u00e9 ou le d\u00e9velopp\u00e9 unilat\u00e9ral pour renforcer la poitrine, am\u00e9liorer la stabilit\u00e9, l\u2019\u00e9quilibre et cibler la partie externe des pectoraux. <\/p>\n<p>L\u2019\u00e9quipement guide un mouvement convergent : d\u00e9butant sur une prise large pour finir plus serr\u00e9e \u2013 offrant ainsi un \u00e9tirement profond des pectoraux au d\u00e9part et une contraction intense \u00e0 la fin du mouvement.<\/p>\n\n    <div class=\"xs_social_share_widget xs_share_url after_content \t\tmain_content  wslu-style-1 wslu-share-box-shaped wslu-fill-colored wslu-none wslu-share-horizontal wslu-theme-font-no wslu-main_content\">\n\n\t\t\n        <ul>\n\t\t\t        <\/ul>\n    <\/div> \n","protected":false},"excerpt":{"rendered":"<p>La Machine de D\u00e9velopp\u00e9 Couch\u00e9 A1XX est un \u00e9quipement de musculation robuste, id\u00e9al pour la maison ou une salle de sport commerciale, con\u00e7u pour vous aider \u00e0 d\u00e9velopper la force du haut du corps. Elle convient aussi bien aux d\u00e9butants qu\u2019aux utilisateurs exp\u00e9riment\u00e9s, offrant un moyen s\u00fbr et efficace d\u2019am\u00e9liorer sa puissance musculaire \u00e0 domicile. [&hellip;]<\/p>\n","protected":false},"featured_media":11985,"template":"","meta":{"_acf_changed":false},"product_brand":[56],"product_cat":[832],"product_tag":[],"class_list":{"0":"post-24159","1":"product","2":"type-product","3":"status-publish","4":"has-post-thumbnail","6":"product_brand-gym-factory","7":"product_cat-machines-a-charge-par-plaques","9":"first","10":"onbackorder","11":"taxable","12":"shipping-taxable","13":"purchasable","14":"product-type-variable","15":"has-default-attributes"},"acf":[],"yoast_head":"<!-- This site is optimized with the Yoast SEO plugin v25.2 - https:\/\/yoast.com\/wordpress\/plugins\/seo\/ -->\n<title>Machine de D\u00e9velopp\u00e9 Couch\u00e9 A1XX pour l\u2019Entra\u00eenement du Haut du Corps<\/title>\n<meta name=\"description\" content=\"La Machine de D\u00e9velopp\u00e9 Couch\u00e9 A1XX est con\u00e7ue pour les home gyms et salles commerciales. Renforcez vos pectoraux, \u00e9paules et triceps gr\u00e2ce \u00e0 son ch\u00e2ssis robuste supportant 400 kg.\" \/>\n<meta name=\"robots\" content=\"index, follow, max-snippet:-1, max-image-preview:large, max-video-preview:-1\" \/>\n<link rel=\"canonical\" href=\"https:\/\/gymfactory.eu\/fr\/produit\/machine-de-developpe-couche-a1xx\/\" \/>\n<meta property=\"og:locale\" content=\"fr_FR\" \/>\n<meta property=\"og:type\" content=\"article\" \/>\n<meta property=\"og:title\" content=\"Machine de D\u00e9velopp\u00e9 Couch\u00e9 A1XX pour l\u2019Entra\u00eenement du Haut du Corps\" \/>\n<meta property=\"og:description\" content=\"La Machine de D\u00e9velopp\u00e9 Couch\u00e9 A1XX est con\u00e7ue pour les home gyms et salles commerciales. Renforcez vos pectoraux, \u00e9paules et triceps gr\u00e2ce \u00e0 son ch\u00e2ssis robuste supportant 400 kg.\" \/>\n<meta property=\"og:url\" content=\"https:\/\/gymfactory.eu\/fr\/produit\/machine-de-developpe-couche-a1xx\/\" \/>\n<meta property=\"og:site_name\" content=\"Gym Factory\" \/>\n<meta property=\"og:image\" content=\"https:\/\/gymfactory.eu\/wp-content\/uploads\/2025\/01\/A1XX-gym-machine-for-chest-in-black-leather.webp\" \/>\n\t<meta property=\"og:image:width\" content=\"1500\" \/>\n\t<meta property=\"og:image:height\" content=\"1500\" \/>\n\t<meta property=\"og:image:type\" content=\"image\/webp\" \/>\n<meta name=\"twitter:card\" content=\"summary_large_image\" \/>\n<meta name=\"twitter:label1\" content=\"Dur\u00e9e de lecture estim\u00e9e\" \/>\n\t<meta name=\"twitter:data1\" content=\"1 minute\" \/>\n<script type=\"application\/ld+json\" class=\"yoast-schema-graph\">{\"@context\":\"https:\/\/schema.org\",\"@graph\":[{\"@type\":\"WebPage\",\"@id\":\"https:\/\/gymfactory.eu\/fr\/produit\/machine-de-developpe-couche-a1xx\/\",\"url\":\"https:\/\/gymfactory.eu\/fr\/produit\/machine-de-developpe-couche-a1xx\/\",\"name\":\"Machine de D\u00e9velopp\u00e9 Couch\u00e9 A1XX pour l\u2019Entra\u00eenement du Haut du Corps\",\"isPartOf\":{\"@id\":\"https:\/\/gymfactory.eu\/fr\/#website\"},\"primaryImageOfPage\":{\"@id\":\"https:\/\/gymfactory.eu\/fr\/produit\/machine-de-developpe-couche-a1xx\/#primaryimage\"},\"image\":{\"@id\":\"https:\/\/gymfactory.eu\/fr\/produit\/machine-de-developpe-couche-a1xx\/#primaryimage\"},\"thumbnailUrl\":\"https:\/\/gymfactory.eu\/wp-content\/uploads\/2025\/01\/A1XX-gym-machine-for-chest-in-black-leather.webp\",\"datePublished\":\"2025-01-27T06:30:11+00:00\",\"description\":\"La Machine de D\u00e9velopp\u00e9 Couch\u00e9 A1XX est con\u00e7ue pour les home gyms et salles commerciales. Renforcez vos pectoraux, \u00e9paules et triceps gr\u00e2ce \u00e0 son ch\u00e2ssis robuste supportant 400 kg.\",\"breadcrumb\":{\"@id\":\"https:\/\/gymfactory.eu\/fr\/produit\/machine-de-developpe-couche-a1xx\/#breadcrumb\"},\"inLanguage\":\"fr-FR\",\"potentialAction\":[{\"@type\":\"ReadAction\",\"target\":[\"https:\/\/gymfactory.eu\/fr\/produit\/machine-de-developpe-couche-a1xx\/\"]}]},{\"@type\":\"ImageObject\",\"inLanguage\":\"fr-FR\",\"@id\":\"https:\/\/gymfactory.eu\/fr\/produit\/machine-de-developpe-couche-a1xx\/#primaryimage\",\"url\":\"https:\/\/gymfactory.eu\/wp-content\/uploads\/2025\/01\/A1XX-gym-machine-for-chest-in-black-leather.webp\",\"contentUrl\":\"https:\/\/gymfactory.eu\/wp-content\/uploads\/2025\/01\/A1XX-gym-machine-for-chest-in-black-leather.webp\",\"width\":1500,\"height\":1500,\"caption\":\"Machine de musculation A1XX pour l\u2019entra\u00eenement des pectoraux, dot\u00e9e d\u2019une sellerie en cuir noir et d\u2019un ch\u00e2ssis m\u00e9tallique robuste. Cet \u00e9quipement de sport offre des poign\u00e9es ergonomiques et des composants r\u00e9glables pour une exp\u00e9rience d\u2019entra\u00eenement personnalis\u00e9e. Parfait pour les home gyms et les centres de fitness commerciaux.\"},{\"@type\":\"BreadcrumbList\",\"@id\":\"https:\/\/gymfactory.eu\/fr\/produit\/machine-de-developpe-couche-a1xx\/#breadcrumb\",\"itemListElement\":[{\"@type\":\"ListItem\",\"position\":1,\"name\":\"Home\",\"item\":\"https:\/\/gymfactory.eu\/fr\/\"},{\"@type\":\"ListItem\",\"position\":2,\"name\":\"Catalogue\",\"item\":\"https:\/\/gymfactory.eu\/fr\/catalogue-2\/\"},{\"@type\":\"ListItem\",\"position\":3,\"name\":\"Machine de D\u00e9velopp\u00e9 Couch\u00e9 A1XX\"}]},{\"@type\":\"WebSite\",\"@id\":\"https:\/\/gymfactory.eu\/fr\/#website\",\"url\":\"https:\/\/gymfactory.eu\/fr\/\",\"name\":\"Gym Factory\",\"description\":\"\",\"publisher\":{\"@id\":\"https:\/\/gymfactory.eu\/fr\/#organization\"},\"potentialAction\":[{\"@type\":\"SearchAction\",\"target\":{\"@type\":\"EntryPoint\",\"urlTemplate\":\"https:\/\/gymfactory.eu\/fr\/?s={search_term_string}\"},\"query-input\":{\"@type\":\"PropertyValueSpecification\",\"valueRequired\":true,\"valueName\":\"search_term_string\"}}],\"inLanguage\":\"fr-FR\"},{\"@type\":\"Organization\",\"@id\":\"https:\/\/gymfactory.eu\/fr\/#organization\",\"name\":\"Gym Factory\",\"url\":\"https:\/\/gymfactory.eu\/fr\/\",\"logo\":{\"@type\":\"ImageObject\",\"inLanguage\":\"fr-FR\",\"@id\":\"https:\/\/gymfactory.eu\/fr\/#\/schema\/logo\/image\/\",\"url\":\"https:\/\/gymfactory.eu\/wp-content\/uploads\/2024\/11\/Component-1.svg\",\"contentUrl\":\"https:\/\/gymfactory.eu\/wp-content\/uploads\/2024\/11\/Component-1.svg\",\"width\":54,\"height\":44,\"caption\":\"Gym Factory\"},\"image\":{\"@id\":\"https:\/\/gymfactory.eu\/fr\/#\/schema\/logo\/image\/\"}}]}<\/script>\n<!-- \/ Yoast SEO plugin. -->","yoast_head_json":{"title":"Machine de D\u00e9velopp\u00e9 Couch\u00e9 A1XX pour l\u2019Entra\u00eenement du Haut du Corps","description":"La Machine de D\u00e9velopp\u00e9 Couch\u00e9 A1XX est con\u00e7ue pour les home gyms et salles commerciales. Renforcez vos pectoraux, \u00e9paules et triceps gr\u00e2ce \u00e0 son ch\u00e2ssis robuste supportant 400 kg.","robots":{"index":"index","follow":"follow","max-snippet":"max-snippet:-1","max-image-preview":"max-image-preview:large","max-video-preview":"max-video-preview:-1"},"canonical":"https:\/\/gymfactory.eu\/fr\/produit\/machine-de-developpe-couche-a1xx\/","og_locale":"fr_FR","og_type":"article","og_title":"Machine de D\u00e9velopp\u00e9 Couch\u00e9 A1XX pour l\u2019Entra\u00eenement du Haut du Corps","og_description":"La Machine de D\u00e9velopp\u00e9 Couch\u00e9 A1XX est con\u00e7ue pour les home gyms et salles commerciales. Renforcez vos pectoraux, \u00e9paules et triceps gr\u00e2ce \u00e0 son ch\u00e2ssis robuste supportant 400 kg.","og_url":"https:\/\/gymfactory.eu\/fr\/produit\/machine-de-developpe-couche-a1xx\/","og_site_name":"Gym Factory","og_image":[{"width":1500,"height":1500,"url":"https:\/\/gymfactory.eu\/wp-content\/uploads\/2025\/01\/A1XX-gym-machine-for-chest-in-black-leather.webp","type":"image\/webp"}],"twitter_card":"summary_large_image","twitter_misc":{"Dur\u00e9e de lecture estim\u00e9e":"1 minute"},"schema":{"@context":"https:\/\/schema.org","@graph":[{"@type":"WebPage","@id":"https:\/\/gymfactory.eu\/fr\/produit\/machine-de-developpe-couche-a1xx\/","url":"https:\/\/gymfactory.eu\/fr\/produit\/machine-de-developpe-couche-a1xx\/","name":"Machine de D\u00e9velopp\u00e9 Couch\u00e9 A1XX pour l\u2019Entra\u00eenement du Haut du Corps","isPartOf":{"@id":"https:\/\/gymfactory.eu\/fr\/#website"},"primaryImageOfPage":{"@id":"https:\/\/gymfactory.eu\/fr\/produit\/machine-de-developpe-couche-a1xx\/#primaryimage"},"image":{"@id":"https:\/\/gymfactory.eu\/fr\/produit\/machine-de-developpe-couche-a1xx\/#primaryimage"},"thumbnailUrl":"https:\/\/gymfactory.eu\/wp-content\/uploads\/2025\/01\/A1XX-gym-machine-for-chest-in-black-leather.webp","datePublished":"2025-01-27T06:30:11+00:00","description":"La Machine de D\u00e9velopp\u00e9 Couch\u00e9 A1XX est con\u00e7ue pour les home gyms et salles commerciales. Renforcez vos pectoraux, \u00e9paules et triceps gr\u00e2ce \u00e0 son ch\u00e2ssis robuste supportant 400 kg.","breadcrumb":{"@id":"https:\/\/gymfactory.eu\/fr\/produit\/machine-de-developpe-couche-a1xx\/#breadcrumb"},"inLanguage":"fr-FR","potentialAction":[{"@type":"ReadAction","target":["https:\/\/gymfactory.eu\/fr\/produit\/machine-de-developpe-couche-a1xx\/"]}]},{"@type":"ImageObject","inLanguage":"fr-FR","@id":"https:\/\/gymfactory.eu\/fr\/produit\/machine-de-developpe-couche-a1xx\/#primaryimage","url":"https:\/\/gymfactory.eu\/wp-content\/uploads\/2025\/01\/A1XX-gym-machine-for-chest-in-black-leather.webp","contentUrl":"https:\/\/gymfactory.eu\/wp-content\/uploads\/2025\/01\/A1XX-gym-machine-for-chest-in-black-leather.webp","width":1500,"height":1500,"caption":"Machine de musculation A1XX pour l\u2019entra\u00eenement des pectoraux, dot\u00e9e d\u2019une sellerie en cuir noir et d\u2019un ch\u00e2ssis m\u00e9tallique robuste. Cet \u00e9quipement de sport offre des poign\u00e9es ergonomiques et des composants r\u00e9glables pour une exp\u00e9rience d\u2019entra\u00eenement personnalis\u00e9e. Parfait pour les home gyms et les centres de fitness commerciaux."},{"@type":"BreadcrumbList","@id":"https:\/\/gymfactory.eu\/fr\/produit\/machine-de-developpe-couche-a1xx\/#breadcrumb","itemListElement":[{"@type":"ListItem","position":1,"name":"Home","item":"https:\/\/gymfactory.eu\/fr\/"},{"@type":"ListItem","position":2,"name":"Catalogue","item":"https:\/\/gymfactory.eu\/fr\/catalogue-2\/"},{"@type":"ListItem","position":3,"name":"Machine de D\u00e9velopp\u00e9 Couch\u00e9 A1XX"}]},{"@type":"WebSite","@id":"https:\/\/gymfactory.eu\/fr\/#website","url":"https:\/\/gymfactory.eu\/fr\/","name":"Gym Factory","description":"","publisher":{"@id":"https:\/\/gymfactory.eu\/fr\/#organization"},"potentialAction":[{"@type":"SearchAction","target":{"@type":"EntryPoint","urlTemplate":"https:\/\/gymfactory.eu\/fr\/?s={search_term_string}"},"query-input":{"@type":"PropertyValueSpecification","valueRequired":true,"valueName":"search_term_string"}}],"inLanguage":"fr-FR"},{"@type":"Organization","@id":"https:\/\/gymfactory.eu\/fr\/#organization","name":"Gym Factory","url":"https:\/\/gymfactory.eu\/fr\/","logo":{"@type":"ImageObject","inLanguage":"fr-FR","@id":"https:\/\/gymfactory.eu\/fr\/#\/schema\/logo\/image\/","url":"https:\/\/gymfactory.eu\/wp-content\/uploads\/2024\/11\/Component-1.svg","contentUrl":"https:\/\/gymfactory.eu\/wp-content\/uploads\/2024\/11\/Component-1.svg","width":54,"height":44,"caption":"Gym Factory"},"image":{"@id":"https:\/\/gymfactory.eu\/fr\/#\/schema\/logo\/image\/"}}]}},"_links":{"self":[{"href":"https:\/\/gymfactory.eu\/fr\/wp-json\/wp\/v2\/product\/24159","targetHints":{"allow":["GET"]}}],"collection":[{"href":"https:\/\/gymfactory.eu\/fr\/wp-json\/wp\/v2\/product"}],"about":[{"href":"https:\/\/gymfactory.eu\/fr\/wp-json\/wp\/v2\/types\/product"}],"wp:featuredmedia":[{"embeddable":true,"href":"https:\/\/gymfactory.eu\/fr\/wp-json\/wp\/v2\/media\/11985"}],"wp:attachment":[{"href":"https:\/\/gymfactory.eu\/fr\/wp-json\/wp\/v2\/media?parent=24159"}],"wp:term":[{"taxonomy":"product_brand","embeddable":true,"href":"https:\/\/gymfactory.eu\/fr\/wp-json\/wp\/v2\/product_brand?post=24159"},{"taxonomy":"product_cat","embeddable":true,"href":"https:\/\/gymfactory.eu\/fr\/wp-json\/wp\/v2\/product_cat?post=24159"},{"taxonomy":"product_tag","embeddable":true,"href":"https:\/\/gymfactory.eu\/fr\/wp-json\/wp\/v2\/product_tag?post=24159"}],"curies":[{"name":"wp","href":"https:\/\/api.w.org\/{rel}","templated":true}]}}