{"id":24152,"date":"2025-01-27T09:50:21","date_gmt":"2025-01-27T07:50:21","guid":{"rendered":"https:\/\/gymfactory.eu\/product\/machine-de-developpe-incline-a2xx\/"},"modified":"2025-01-27T09:50:21","modified_gmt":"2025-01-27T07:50:21","slug":"machine-de-developpe-incline-a2xx","status":"publish","type":"product","link":"https:\/\/gymfactory.eu\/fr\/produit\/machine-de-developpe-incline-a2xx\/","title":{"rendered":"Machine de D\u00e9velopp\u00e9 Inclin\u00e9 A2XX"},"content":{"rendered":"<p>La Machine de D\u00e9velopp\u00e9 Inclin\u00e9 A2XX est un excellent \u00e9quipement de musculation pour les exercices du haut des pectoraux. Elle est facile \u00e0 utiliser, avec des positions de d\u00e9part des poign\u00e9es et une hauteur de si\u00e8ge r\u00e9glables pour assurer un alignement correct \u00e0 chaque utilisateur. <\/p>\n<p>L\u2019A2XX cible principalement la partie sup\u00e9rieure des pectoraux, tout en activant les delto\u00efdes ant\u00e9rieurs et les triceps lors de la pouss\u00e9e. L\u2019\u00e9quipement guide un mouvement convergent : d\u00e9butant sur une prise large pour finir plus serr\u00e9e \u2013 offrant ainsi un \u00e9tirement profond des pectoraux au d\u00e9part et une contraction intense \u00e0 la fin du mouvement. <\/p>\n<p>Adapt\u00e9e aussi bien aux home gyms qu\u2019aux salles de sport commerciales, l\u2019A2XX est un choix fiable qui rend les entra\u00eenements simples, efficaces et constants. Id\u00e9ale pour les s\u00e9ances de force et de tonification.<\/p>\n\n    <div class=\"xs_social_share_widget xs_share_url after_content \t\tmain_content  wslu-style-1 wslu-share-box-shaped wslu-fill-colored wslu-none wslu-share-horizontal wslu-theme-font-no wslu-main_content\">\n\n\t\t\n        <ul>\n\t\t\t        <\/ul>\n    <\/div> \n","protected":false},"excerpt":{"rendered":"<p>La Machine de D\u00e9velopp\u00e9 Inclin\u00e9 A2XX est un excellent \u00e9quipement de musculation pour les exercices du haut des pectoraux. Elle est facile \u00e0 utiliser, avec des positions de d\u00e9part des poign\u00e9es et une hauteur de si\u00e8ge r\u00e9glables pour assurer un alignement correct \u00e0 chaque utilisateur. L\u2019A2XX cible principalement la partie sup\u00e9rieure des pectoraux, tout en [&hellip;]<\/p>\n","protected":false},"featured_media":11990,"template":"","meta":{"_acf_changed":false},"product_brand":[56],"product_cat":[832],"product_tag":[],"class_list":{"0":"post-24152","1":"product","2":"type-product","3":"status-publish","4":"has-post-thumbnail","6":"product_brand-gym-factory","7":"product_cat-machines-a-charge-par-plaques","9":"first","10":"onbackorder","11":"taxable","12":"shipping-taxable","13":"purchasable","14":"product-type-variable"},"acf":[],"yoast_head":"<!-- This site is optimized with the Yoast SEO plugin v25.2 - https:\/\/yoast.com\/wordpress\/plugins\/seo\/ -->\n<title>Machine de Musculation D\u00e9velopp\u00e9 Inclin\u00e9 A2XX pour le Renforcement Musculaire<\/title>\n<meta name=\"description\" content=\"La Machine de D\u00e9velopp\u00e9 Inclin\u00e9 A2XX est un \u00e9quipement essentiel pour l\u2019entra\u00eenement des pectoraux. Ses angles r\u00e9glables ciblent le haut du torse, les \u00e9paules et les bras.\" \/>\n<meta name=\"robots\" content=\"index, follow, max-snippet:-1, max-image-preview:large, max-video-preview:-1\" \/>\n<link rel=\"canonical\" href=\"https:\/\/gymfactory.eu\/fr\/produit\/machine-de-developpe-incline-a2xx\/\" \/>\n<meta property=\"og:locale\" content=\"fr_FR\" \/>\n<meta property=\"og:type\" content=\"article\" \/>\n<meta property=\"og:title\" content=\"Machine de Musculation D\u00e9velopp\u00e9 Inclin\u00e9 A2XX pour le Renforcement Musculaire\" \/>\n<meta property=\"og:description\" content=\"La Machine de D\u00e9velopp\u00e9 Inclin\u00e9 A2XX est un \u00e9quipement essentiel pour l\u2019entra\u00eenement des pectoraux. Ses angles r\u00e9glables ciblent le haut du torse, les \u00e9paules et les bras.\" \/>\n<meta property=\"og:url\" content=\"https:\/\/gymfactory.eu\/fr\/produit\/machine-de-developpe-incline-a2xx\/\" \/>\n<meta property=\"og:site_name\" content=\"Gym Factory\" \/>\n<meta property=\"og:image\" content=\"https:\/\/gymfactory.eu\/wp-content\/uploads\/2025\/01\/A2XX-gym-machine-with-red-leather.webp\" \/>\n\t<meta property=\"og:image:width\" content=\"1500\" \/>\n\t<meta property=\"og:image:height\" content=\"1500\" \/>\n\t<meta property=\"og:image:type\" content=\"image\/webp\" \/>\n<meta name=\"twitter:card\" content=\"summary_large_image\" \/>\n<meta name=\"twitter:label1\" content=\"Dur\u00e9e de lecture estim\u00e9e\" \/>\n\t<meta name=\"twitter:data1\" content=\"1 minute\" \/>\n<script type=\"application\/ld+json\" class=\"yoast-schema-graph\">{\"@context\":\"https:\/\/schema.org\",\"@graph\":[{\"@type\":\"WebPage\",\"@id\":\"https:\/\/gymfactory.eu\/fr\/produit\/machine-de-developpe-incline-a2xx\/\",\"url\":\"https:\/\/gymfactory.eu\/fr\/produit\/machine-de-developpe-incline-a2xx\/\",\"name\":\"Machine de Musculation D\u00e9velopp\u00e9 Inclin\u00e9 A2XX pour le Renforcement Musculaire\",\"isPartOf\":{\"@id\":\"https:\/\/gymfactory.eu\/fr\/#website\"},\"primaryImageOfPage\":{\"@id\":\"https:\/\/gymfactory.eu\/fr\/produit\/machine-de-developpe-incline-a2xx\/#primaryimage\"},\"image\":{\"@id\":\"https:\/\/gymfactory.eu\/fr\/produit\/machine-de-developpe-incline-a2xx\/#primaryimage\"},\"thumbnailUrl\":\"https:\/\/gymfactory.eu\/wp-content\/uploads\/2025\/01\/A2XX-gym-machine-with-red-leather.webp\",\"datePublished\":\"2025-01-27T07:50:21+00:00\",\"description\":\"La Machine de D\u00e9velopp\u00e9 Inclin\u00e9 A2XX est un \u00e9quipement essentiel pour l\u2019entra\u00eenement des pectoraux. Ses angles r\u00e9glables ciblent le haut du torse, les \u00e9paules et les bras.\",\"breadcrumb\":{\"@id\":\"https:\/\/gymfactory.eu\/fr\/produit\/machine-de-developpe-incline-a2xx\/#breadcrumb\"},\"inLanguage\":\"fr-FR\",\"potentialAction\":[{\"@type\":\"ReadAction\",\"target\":[\"https:\/\/gymfactory.eu\/fr\/produit\/machine-de-developpe-incline-a2xx\/\"]}]},{\"@type\":\"ImageObject\",\"inLanguage\":\"fr-FR\",\"@id\":\"https:\/\/gymfactory.eu\/fr\/produit\/machine-de-developpe-incline-a2xx\/#primaryimage\",\"url\":\"https:\/\/gymfactory.eu\/wp-content\/uploads\/2025\/01\/A2XX-gym-machine-with-red-leather.webp\",\"contentUrl\":\"https:\/\/gymfactory.eu\/wp-content\/uploads\/2025\/01\/A2XX-gym-machine-with-red-leather.webp\",\"width\":1500,\"height\":1500,\"caption\":\"Machine de musculation A2XX pour l\u2019entra\u00eenement des pectoraux, dot\u00e9e d\u2019une \u00e9l\u00e9gante sellerie en cuir noir et d\u2019un ch\u00e2ssis en acier durable. Cet \u00e9quipement de renforcement musculaire offre une exp\u00e9rience d\u2019entra\u00eenement confortable et s\u00e9curis\u00e9e, gr\u00e2ce \u00e0 ses poign\u00e9es ergonomiques, ses r\u00e9glages ajustables et ses supports pour disques de poids. Id\u00e9ale pour les installations \u00e0 domicile et les salles de sport professionnelles.\"},{\"@type\":\"BreadcrumbList\",\"@id\":\"https:\/\/gymfactory.eu\/fr\/produit\/machine-de-developpe-incline-a2xx\/#breadcrumb\",\"itemListElement\":[{\"@type\":\"ListItem\",\"position\":1,\"name\":\"Home\",\"item\":\"https:\/\/gymfactory.eu\/fr\/\"},{\"@type\":\"ListItem\",\"position\":2,\"name\":\"Catalogue\",\"item\":\"https:\/\/gymfactory.eu\/fr\/catalogue-2\/\"},{\"@type\":\"ListItem\",\"position\":3,\"name\":\"Machine de D\u00e9velopp\u00e9 Inclin\u00e9 A2XX\"}]},{\"@type\":\"WebSite\",\"@id\":\"https:\/\/gymfactory.eu\/fr\/#website\",\"url\":\"https:\/\/gymfactory.eu\/fr\/\",\"name\":\"Gym Factory\",\"description\":\"\",\"publisher\":{\"@id\":\"https:\/\/gymfactory.eu\/fr\/#organization\"},\"potentialAction\":[{\"@type\":\"SearchAction\",\"target\":{\"@type\":\"EntryPoint\",\"urlTemplate\":\"https:\/\/gymfactory.eu\/fr\/?s={search_term_string}\"},\"query-input\":{\"@type\":\"PropertyValueSpecification\",\"valueRequired\":true,\"valueName\":\"search_term_string\"}}],\"inLanguage\":\"fr-FR\"},{\"@type\":\"Organization\",\"@id\":\"https:\/\/gymfactory.eu\/fr\/#organization\",\"name\":\"Gym Factory\",\"url\":\"https:\/\/gymfactory.eu\/fr\/\",\"logo\":{\"@type\":\"ImageObject\",\"inLanguage\":\"fr-FR\",\"@id\":\"https:\/\/gymfactory.eu\/fr\/#\/schema\/logo\/image\/\",\"url\":\"https:\/\/gymfactory.eu\/wp-content\/uploads\/2024\/11\/Component-1.svg\",\"contentUrl\":\"https:\/\/gymfactory.eu\/wp-content\/uploads\/2024\/11\/Component-1.svg\",\"width\":54,\"height\":44,\"caption\":\"Gym Factory\"},\"image\":{\"@id\":\"https:\/\/gymfactory.eu\/fr\/#\/schema\/logo\/image\/\"}}]}<\/script>\n<!-- \/ Yoast SEO plugin. -->","yoast_head_json":{"title":"Machine de Musculation D\u00e9velopp\u00e9 Inclin\u00e9 A2XX pour le Renforcement Musculaire","description":"La Machine de D\u00e9velopp\u00e9 Inclin\u00e9 A2XX est un \u00e9quipement essentiel pour l\u2019entra\u00eenement des pectoraux. Ses angles r\u00e9glables ciblent le haut du torse, les \u00e9paules et les bras.","robots":{"index":"index","follow":"follow","max-snippet":"max-snippet:-1","max-image-preview":"max-image-preview:large","max-video-preview":"max-video-preview:-1"},"canonical":"https:\/\/gymfactory.eu\/fr\/produit\/machine-de-developpe-incline-a2xx\/","og_locale":"fr_FR","og_type":"article","og_title":"Machine de Musculation D\u00e9velopp\u00e9 Inclin\u00e9 A2XX pour le Renforcement Musculaire","og_description":"La Machine de D\u00e9velopp\u00e9 Inclin\u00e9 A2XX est un \u00e9quipement essentiel pour l\u2019entra\u00eenement des pectoraux. Ses angles r\u00e9glables ciblent le haut du torse, les \u00e9paules et les bras.","og_url":"https:\/\/gymfactory.eu\/fr\/produit\/machine-de-developpe-incline-a2xx\/","og_site_name":"Gym Factory","og_image":[{"width":1500,"height":1500,"url":"https:\/\/gymfactory.eu\/wp-content\/uploads\/2025\/01\/A2XX-gym-machine-with-red-leather.webp","type":"image\/webp"}],"twitter_card":"summary_large_image","twitter_misc":{"Dur\u00e9e de lecture estim\u00e9e":"1 minute"},"schema":{"@context":"https:\/\/schema.org","@graph":[{"@type":"WebPage","@id":"https:\/\/gymfactory.eu\/fr\/produit\/machine-de-developpe-incline-a2xx\/","url":"https:\/\/gymfactory.eu\/fr\/produit\/machine-de-developpe-incline-a2xx\/","name":"Machine de Musculation D\u00e9velopp\u00e9 Inclin\u00e9 A2XX pour le Renforcement Musculaire","isPartOf":{"@id":"https:\/\/gymfactory.eu\/fr\/#website"},"primaryImageOfPage":{"@id":"https:\/\/gymfactory.eu\/fr\/produit\/machine-de-developpe-incline-a2xx\/#primaryimage"},"image":{"@id":"https:\/\/gymfactory.eu\/fr\/produit\/machine-de-developpe-incline-a2xx\/#primaryimage"},"thumbnailUrl":"https:\/\/gymfactory.eu\/wp-content\/uploads\/2025\/01\/A2XX-gym-machine-with-red-leather.webp","datePublished":"2025-01-27T07:50:21+00:00","description":"La Machine de D\u00e9velopp\u00e9 Inclin\u00e9 A2XX est un \u00e9quipement essentiel pour l\u2019entra\u00eenement des pectoraux. Ses angles r\u00e9glables ciblent le haut du torse, les \u00e9paules et les bras.","breadcrumb":{"@id":"https:\/\/gymfactory.eu\/fr\/produit\/machine-de-developpe-incline-a2xx\/#breadcrumb"},"inLanguage":"fr-FR","potentialAction":[{"@type":"ReadAction","target":["https:\/\/gymfactory.eu\/fr\/produit\/machine-de-developpe-incline-a2xx\/"]}]},{"@type":"ImageObject","inLanguage":"fr-FR","@id":"https:\/\/gymfactory.eu\/fr\/produit\/machine-de-developpe-incline-a2xx\/#primaryimage","url":"https:\/\/gymfactory.eu\/wp-content\/uploads\/2025\/01\/A2XX-gym-machine-with-red-leather.webp","contentUrl":"https:\/\/gymfactory.eu\/wp-content\/uploads\/2025\/01\/A2XX-gym-machine-with-red-leather.webp","width":1500,"height":1500,"caption":"Machine de musculation A2XX pour l\u2019entra\u00eenement des pectoraux, dot\u00e9e d\u2019une \u00e9l\u00e9gante sellerie en cuir noir et d\u2019un ch\u00e2ssis en acier durable. Cet \u00e9quipement de renforcement musculaire offre une exp\u00e9rience d\u2019entra\u00eenement confortable et s\u00e9curis\u00e9e, gr\u00e2ce \u00e0 ses poign\u00e9es ergonomiques, ses r\u00e9glages ajustables et ses supports pour disques de poids. Id\u00e9ale pour les installations \u00e0 domicile et les salles de sport professionnelles."},{"@type":"BreadcrumbList","@id":"https:\/\/gymfactory.eu\/fr\/produit\/machine-de-developpe-incline-a2xx\/#breadcrumb","itemListElement":[{"@type":"ListItem","position":1,"name":"Home","item":"https:\/\/gymfactory.eu\/fr\/"},{"@type":"ListItem","position":2,"name":"Catalogue","item":"https:\/\/gymfactory.eu\/fr\/catalogue-2\/"},{"@type":"ListItem","position":3,"name":"Machine de D\u00e9velopp\u00e9 Inclin\u00e9 A2XX"}]},{"@type":"WebSite","@id":"https:\/\/gymfactory.eu\/fr\/#website","url":"https:\/\/gymfactory.eu\/fr\/","name":"Gym Factory","description":"","publisher":{"@id":"https:\/\/gymfactory.eu\/fr\/#organization"},"potentialAction":[{"@type":"SearchAction","target":{"@type":"EntryPoint","urlTemplate":"https:\/\/gymfactory.eu\/fr\/?s={search_term_string}"},"query-input":{"@type":"PropertyValueSpecification","valueRequired":true,"valueName":"search_term_string"}}],"inLanguage":"fr-FR"},{"@type":"Organization","@id":"https:\/\/gymfactory.eu\/fr\/#organization","name":"Gym Factory","url":"https:\/\/gymfactory.eu\/fr\/","logo":{"@type":"ImageObject","inLanguage":"fr-FR","@id":"https:\/\/gymfactory.eu\/fr\/#\/schema\/logo\/image\/","url":"https:\/\/gymfactory.eu\/wp-content\/uploads\/2024\/11\/Component-1.svg","contentUrl":"https:\/\/gymfactory.eu\/wp-content\/uploads\/2024\/11\/Component-1.svg","width":54,"height":44,"caption":"Gym Factory"},"image":{"@id":"https:\/\/gymfactory.eu\/fr\/#\/schema\/logo\/image\/"}}]}},"_links":{"self":[{"href":"https:\/\/gymfactory.eu\/fr\/wp-json\/wp\/v2\/product\/24152","targetHints":{"allow":["GET"]}}],"collection":[{"href":"https:\/\/gymfactory.eu\/fr\/wp-json\/wp\/v2\/product"}],"about":[{"href":"https:\/\/gymfactory.eu\/fr\/wp-json\/wp\/v2\/types\/product"}],"wp:featuredmedia":[{"embeddable":true,"href":"https:\/\/gymfactory.eu\/fr\/wp-json\/wp\/v2\/media\/11990"}],"wp:attachment":[{"href":"https:\/\/gymfactory.eu\/fr\/wp-json\/wp\/v2\/media?parent=24152"}],"wp:term":[{"taxonomy":"product_brand","embeddable":true,"href":"https:\/\/gymfactory.eu\/fr\/wp-json\/wp\/v2\/product_brand?post=24152"},{"taxonomy":"product_cat","embeddable":true,"href":"https:\/\/gymfactory.eu\/fr\/wp-json\/wp\/v2\/product_cat?post=24152"},{"taxonomy":"product_tag","embeddable":true,"href":"https:\/\/gymfactory.eu\/fr\/wp-json\/wp\/v2\/product_tag?post=24152"}],"curies":[{"name":"wp","href":"https:\/\/api.w.org\/{rel}","templated":true}]}}