{"id":24149,"date":"2025-01-27T12:24:19","date_gmt":"2025-01-27T10:24:19","guid":{"rendered":"https:\/\/gymfactory.eu\/product\/machine-pectoraux-et-dos-a6xl\/"},"modified":"2026-01-23T20:14:37","modified_gmt":"2026-01-23T18:14:37","slug":"machine-pectoraux-et-dos-a6xl","status":"publish","type":"product","link":"https:\/\/gymfactory.eu\/fr\/produit\/machine-pectoraux-et-dos-a6xl\/","title":{"rendered":"Machine Pectoraux et Dos A6XL"},"content":{"rendered":"<p>Cette Machine Pectoraux et Dos A6XL est un outil polyvalent \u2013 robuste, facile \u00e0 utiliser et id\u00e9ale pour diversifier vos entra\u00eenements. Sa double fonctionnalit\u00e9 permet un gain de place et offre un entra\u00eenement complet du haut du corps. Si vous cherchez des id\u00e9es pour votre home gym, cette machine est une excellente solution pour cibler plusieurs groupes musculaires tout en gardant votre espace organis\u00e9 et efficace.  <\/p>\n<p>Avec la machine A6XL, vous pouvez r\u00e9aliser le d\u00e9velopp\u00e9 assis pour cibler le haut des pectoraux, les \u00e9paules et les triceps, ou le tirage assis pour entra\u00eener votre dos et vos biceps. Les positions du si\u00e8ge sont r\u00e9glables, rendant la machine adapt\u00e9e aux utilisateurs de toutes tailles. Cet appareil de musculation vous permet de travailler \u00e0 la fois les mouvements de pouss\u00e9e et de tirage, ce qui est id\u00e9al pour d\u00e9velopper la force et l\u2019\u00e9quilibre du haut du corps.<\/p>\n\n    <div class=\"xs_social_share_widget xs_share_url after_content \t\tmain_content  wslu-style-1 wslu-share-box-shaped wslu-fill-colored wslu-none wslu-share-horizontal wslu-theme-font-no wslu-main_content\">\n\n\t\t\n        <ul>\n\t\t\t        <\/ul>\n    <\/div> \n","protected":false},"excerpt":{"rendered":"<p>Cette Machine Pectoraux et Dos A6XL est un outil polyvalent \u2013 robuste, facile \u00e0 utiliser et id\u00e9ale pour diversifier vos entra\u00eenements. Sa double fonctionnalit\u00e9 permet un gain de place et offre un entra\u00eenement complet du haut du corps. Si vous cherchez des id\u00e9es pour votre home gym, cette machine est une excellente solution pour cibler [&hellip;]<\/p>\n","protected":false},"featured_media":20222,"template":"","meta":{"_acf_changed":false},"product_brand":[56],"product_cat":[832],"product_tag":[],"class_list":{"0":"post-24149","1":"product","2":"type-product","3":"status-publish","4":"has-post-thumbnail","6":"product_brand-gym-factory","7":"product_cat-machines-a-charge-par-plaques","9":"first","10":"onbackorder","11":"taxable","12":"shipping-taxable","13":"purchasable","14":"product-type-variable","15":"has-default-attributes"},"acf":[],"yoast_head":"<!-- This site is optimized with the Yoast SEO plugin v25.2 - https:\/\/yoast.com\/wordpress\/plugins\/seo\/ -->\n<title>Machine de Musculation Dos et Pectoraux A6XL pour Usage Domestique ou Commercial<\/title>\n<meta name=\"description\" content=\"Cette Machine Dos et Pectoraux A6XL est l\u2019\u00e9quipement id\u00e9al pour l\u2019entra\u00eenement du haut du corps. Compacte, robuste et polyvalente, elle aide \u00e0 renforcer vos muscles.\" \/>\n<meta name=\"robots\" content=\"index, follow, max-snippet:-1, max-image-preview:large, max-video-preview:-1\" \/>\n<link rel=\"canonical\" href=\"https:\/\/gymfactory.eu\/fr\/produit\/machine-pectoraux-et-dos-a6xl\/\" \/>\n<meta property=\"og:locale\" content=\"fr_FR\" \/>\n<meta property=\"og:type\" content=\"article\" \/>\n<meta property=\"og:title\" content=\"Machine de Musculation Dos et Pectoraux A6XL pour Usage Domestique ou Commercial\" \/>\n<meta property=\"og:description\" content=\"Cette Machine Dos et Pectoraux A6XL est l\u2019\u00e9quipement id\u00e9al pour l\u2019entra\u00eenement du haut du corps. Compacte, robuste et polyvalente, elle aide \u00e0 renforcer vos muscles.\" \/>\n<meta property=\"og:url\" content=\"https:\/\/gymfactory.eu\/fr\/produit\/machine-pectoraux-et-dos-a6xl\/\" \/>\n<meta property=\"og:site_name\" content=\"Gym Factory\" \/>\n<meta property=\"article:modified_time\" content=\"2026-01-23T18:14:37+00:00\" \/>\n<meta property=\"og:image\" content=\"https:\/\/gymfactory.eu\/wp-content\/uploads\/2025\/01\/A6XL-1.webp\" \/>\n\t<meta property=\"og:image:width\" content=\"1500\" \/>\n\t<meta property=\"og:image:height\" content=\"1500\" \/>\n\t<meta property=\"og:image:type\" content=\"image\/webp\" \/>\n<meta name=\"twitter:card\" content=\"summary_large_image\" \/>\n<meta name=\"twitter:label1\" content=\"Dur\u00e9e de lecture estim\u00e9e\" \/>\n\t<meta name=\"twitter:data1\" content=\"1 minute\" \/>\n<script type=\"application\/ld+json\" class=\"yoast-schema-graph\">{\"@context\":\"https:\/\/schema.org\",\"@graph\":[{\"@type\":\"WebPage\",\"@id\":\"https:\/\/gymfactory.eu\/fr\/produit\/machine-pectoraux-et-dos-a6xl\/\",\"url\":\"https:\/\/gymfactory.eu\/fr\/produit\/machine-pectoraux-et-dos-a6xl\/\",\"name\":\"Machine de Musculation Dos et Pectoraux A6XL pour Usage Domestique ou Commercial\",\"isPartOf\":{\"@id\":\"https:\/\/gymfactory.eu\/fr\/#website\"},\"primaryImageOfPage\":{\"@id\":\"https:\/\/gymfactory.eu\/fr\/produit\/machine-pectoraux-et-dos-a6xl\/#primaryimage\"},\"image\":{\"@id\":\"https:\/\/gymfactory.eu\/fr\/produit\/machine-pectoraux-et-dos-a6xl\/#primaryimage\"},\"thumbnailUrl\":\"https:\/\/gymfactory.eu\/wp-content\/uploads\/2025\/01\/A6XL-1.webp\",\"datePublished\":\"2025-01-27T10:24:19+00:00\",\"dateModified\":\"2026-01-23T18:14:37+00:00\",\"description\":\"Cette Machine Dos et Pectoraux A6XL est l\u2019\u00e9quipement id\u00e9al pour l\u2019entra\u00eenement du haut du corps. Compacte, robuste et polyvalente, elle aide \u00e0 renforcer vos muscles.\",\"breadcrumb\":{\"@id\":\"https:\/\/gymfactory.eu\/fr\/produit\/machine-pectoraux-et-dos-a6xl\/#breadcrumb\"},\"inLanguage\":\"fr-FR\",\"potentialAction\":[{\"@type\":\"ReadAction\",\"target\":[\"https:\/\/gymfactory.eu\/fr\/produit\/machine-pectoraux-et-dos-a6xl\/\"]}]},{\"@type\":\"ImageObject\",\"inLanguage\":\"fr-FR\",\"@id\":\"https:\/\/gymfactory.eu\/fr\/produit\/machine-pectoraux-et-dos-a6xl\/#primaryimage\",\"url\":\"https:\/\/gymfactory.eu\/wp-content\/uploads\/2025\/01\/A6XL-1.webp\",\"contentUrl\":\"https:\/\/gymfactory.eu\/wp-content\/uploads\/2025\/01\/A6XL-1.webp\",\"width\":1500,\"height\":1500,\"caption\":\"Vue lat\u00e9rale compl\u00e8te de la machine de musculation A6XL, dot\u00e9e d\u2019un design robuste, de multiples options de prise et de composants r\u00e9glables pour une exp\u00e9rience d\u2019entra\u00eenement personnalis\u00e9e. Con\u00e7ue pour s\u2019adapter \u00e0 divers exercices de renforcement musculaire.\"},{\"@type\":\"BreadcrumbList\",\"@id\":\"https:\/\/gymfactory.eu\/fr\/produit\/machine-pectoraux-et-dos-a6xl\/#breadcrumb\",\"itemListElement\":[{\"@type\":\"ListItem\",\"position\":1,\"name\":\"Home\",\"item\":\"https:\/\/gymfactory.eu\/fr\/\"},{\"@type\":\"ListItem\",\"position\":2,\"name\":\"Catalogue\",\"item\":\"https:\/\/gymfactory.eu\/fr\/catalogue-2\/\"},{\"@type\":\"ListItem\",\"position\":3,\"name\":\"Machine Pectoraux et Dos A6XL\"}]},{\"@type\":\"WebSite\",\"@id\":\"https:\/\/gymfactory.eu\/fr\/#website\",\"url\":\"https:\/\/gymfactory.eu\/fr\/\",\"name\":\"Gym Factory\",\"description\":\"\",\"publisher\":{\"@id\":\"https:\/\/gymfactory.eu\/fr\/#organization\"},\"potentialAction\":[{\"@type\":\"SearchAction\",\"target\":{\"@type\":\"EntryPoint\",\"urlTemplate\":\"https:\/\/gymfactory.eu\/fr\/?s={search_term_string}\"},\"query-input\":{\"@type\":\"PropertyValueSpecification\",\"valueRequired\":true,\"valueName\":\"search_term_string\"}}],\"inLanguage\":\"fr-FR\"},{\"@type\":\"Organization\",\"@id\":\"https:\/\/gymfactory.eu\/fr\/#organization\",\"name\":\"Gym Factory\",\"url\":\"https:\/\/gymfactory.eu\/fr\/\",\"logo\":{\"@type\":\"ImageObject\",\"inLanguage\":\"fr-FR\",\"@id\":\"https:\/\/gymfactory.eu\/fr\/#\/schema\/logo\/image\/\",\"url\":\"https:\/\/gymfactory.eu\/wp-content\/uploads\/2024\/11\/Component-1.svg\",\"contentUrl\":\"https:\/\/gymfactory.eu\/wp-content\/uploads\/2024\/11\/Component-1.svg\",\"width\":54,\"height\":44,\"caption\":\"Gym Factory\"},\"image\":{\"@id\":\"https:\/\/gymfactory.eu\/fr\/#\/schema\/logo\/image\/\"}}]}<\/script>\n<!-- \/ Yoast SEO plugin. -->","yoast_head_json":{"title":"Machine de Musculation Dos et Pectoraux A6XL pour Usage Domestique ou Commercial","description":"Cette Machine Dos et Pectoraux A6XL est l\u2019\u00e9quipement id\u00e9al pour l\u2019entra\u00eenement du haut du corps. Compacte, robuste et polyvalente, elle aide \u00e0 renforcer vos muscles.","robots":{"index":"index","follow":"follow","max-snippet":"max-snippet:-1","max-image-preview":"max-image-preview:large","max-video-preview":"max-video-preview:-1"},"canonical":"https:\/\/gymfactory.eu\/fr\/produit\/machine-pectoraux-et-dos-a6xl\/","og_locale":"fr_FR","og_type":"article","og_title":"Machine de Musculation Dos et Pectoraux A6XL pour Usage Domestique ou Commercial","og_description":"Cette Machine Dos et Pectoraux A6XL est l\u2019\u00e9quipement id\u00e9al pour l\u2019entra\u00eenement du haut du corps. Compacte, robuste et polyvalente, elle aide \u00e0 renforcer vos muscles.","og_url":"https:\/\/gymfactory.eu\/fr\/produit\/machine-pectoraux-et-dos-a6xl\/","og_site_name":"Gym Factory","article_modified_time":"2026-01-23T18:14:37+00:00","og_image":[{"width":1500,"height":1500,"url":"https:\/\/gymfactory.eu\/wp-content\/uploads\/2025\/01\/A6XL-1.webp","type":"image\/webp"}],"twitter_card":"summary_large_image","twitter_misc":{"Dur\u00e9e de lecture estim\u00e9e":"1 minute"},"schema":{"@context":"https:\/\/schema.org","@graph":[{"@type":"WebPage","@id":"https:\/\/gymfactory.eu\/fr\/produit\/machine-pectoraux-et-dos-a6xl\/","url":"https:\/\/gymfactory.eu\/fr\/produit\/machine-pectoraux-et-dos-a6xl\/","name":"Machine de Musculation Dos et Pectoraux A6XL pour Usage Domestique ou Commercial","isPartOf":{"@id":"https:\/\/gymfactory.eu\/fr\/#website"},"primaryImageOfPage":{"@id":"https:\/\/gymfactory.eu\/fr\/produit\/machine-pectoraux-et-dos-a6xl\/#primaryimage"},"image":{"@id":"https:\/\/gymfactory.eu\/fr\/produit\/machine-pectoraux-et-dos-a6xl\/#primaryimage"},"thumbnailUrl":"https:\/\/gymfactory.eu\/wp-content\/uploads\/2025\/01\/A6XL-1.webp","datePublished":"2025-01-27T10:24:19+00:00","dateModified":"2026-01-23T18:14:37+00:00","description":"Cette Machine Dos et Pectoraux A6XL est l\u2019\u00e9quipement id\u00e9al pour l\u2019entra\u00eenement du haut du corps. Compacte, robuste et polyvalente, elle aide \u00e0 renforcer vos muscles.","breadcrumb":{"@id":"https:\/\/gymfactory.eu\/fr\/produit\/machine-pectoraux-et-dos-a6xl\/#breadcrumb"},"inLanguage":"fr-FR","potentialAction":[{"@type":"ReadAction","target":["https:\/\/gymfactory.eu\/fr\/produit\/machine-pectoraux-et-dos-a6xl\/"]}]},{"@type":"ImageObject","inLanguage":"fr-FR","@id":"https:\/\/gymfactory.eu\/fr\/produit\/machine-pectoraux-et-dos-a6xl\/#primaryimage","url":"https:\/\/gymfactory.eu\/wp-content\/uploads\/2025\/01\/A6XL-1.webp","contentUrl":"https:\/\/gymfactory.eu\/wp-content\/uploads\/2025\/01\/A6XL-1.webp","width":1500,"height":1500,"caption":"Vue lat\u00e9rale compl\u00e8te de la machine de musculation A6XL, dot\u00e9e d\u2019un design robuste, de multiples options de prise et de composants r\u00e9glables pour une exp\u00e9rience d\u2019entra\u00eenement personnalis\u00e9e. Con\u00e7ue pour s\u2019adapter \u00e0 divers exercices de renforcement musculaire."},{"@type":"BreadcrumbList","@id":"https:\/\/gymfactory.eu\/fr\/produit\/machine-pectoraux-et-dos-a6xl\/#breadcrumb","itemListElement":[{"@type":"ListItem","position":1,"name":"Home","item":"https:\/\/gymfactory.eu\/fr\/"},{"@type":"ListItem","position":2,"name":"Catalogue","item":"https:\/\/gymfactory.eu\/fr\/catalogue-2\/"},{"@type":"ListItem","position":3,"name":"Machine Pectoraux et Dos A6XL"}]},{"@type":"WebSite","@id":"https:\/\/gymfactory.eu\/fr\/#website","url":"https:\/\/gymfactory.eu\/fr\/","name":"Gym Factory","description":"","publisher":{"@id":"https:\/\/gymfactory.eu\/fr\/#organization"},"potentialAction":[{"@type":"SearchAction","target":{"@type":"EntryPoint","urlTemplate":"https:\/\/gymfactory.eu\/fr\/?s={search_term_string}"},"query-input":{"@type":"PropertyValueSpecification","valueRequired":true,"valueName":"search_term_string"}}],"inLanguage":"fr-FR"},{"@type":"Organization","@id":"https:\/\/gymfactory.eu\/fr\/#organization","name":"Gym Factory","url":"https:\/\/gymfactory.eu\/fr\/","logo":{"@type":"ImageObject","inLanguage":"fr-FR","@id":"https:\/\/gymfactory.eu\/fr\/#\/schema\/logo\/image\/","url":"https:\/\/gymfactory.eu\/wp-content\/uploads\/2024\/11\/Component-1.svg","contentUrl":"https:\/\/gymfactory.eu\/wp-content\/uploads\/2024\/11\/Component-1.svg","width":54,"height":44,"caption":"Gym Factory"},"image":{"@id":"https:\/\/gymfactory.eu\/fr\/#\/schema\/logo\/image\/"}}]}},"_links":{"self":[{"href":"https:\/\/gymfactory.eu\/fr\/wp-json\/wp\/v2\/product\/24149","targetHints":{"allow":["GET"]}}],"collection":[{"href":"https:\/\/gymfactory.eu\/fr\/wp-json\/wp\/v2\/product"}],"about":[{"href":"https:\/\/gymfactory.eu\/fr\/wp-json\/wp\/v2\/types\/product"}],"wp:featuredmedia":[{"embeddable":true,"href":"https:\/\/gymfactory.eu\/fr\/wp-json\/wp\/v2\/media\/20222"}],"wp:attachment":[{"href":"https:\/\/gymfactory.eu\/fr\/wp-json\/wp\/v2\/media?parent=24149"}],"wp:term":[{"taxonomy":"product_brand","embeddable":true,"href":"https:\/\/gymfactory.eu\/fr\/wp-json\/wp\/v2\/product_brand?post=24149"},{"taxonomy":"product_cat","embeddable":true,"href":"https:\/\/gymfactory.eu\/fr\/wp-json\/wp\/v2\/product_cat?post=24149"},{"taxonomy":"product_tag","embeddable":true,"href":"https:\/\/gymfactory.eu\/fr\/wp-json\/wp\/v2\/product_tag?post=24149"}],"curies":[{"name":"wp","href":"https:\/\/api.w.org\/{rel}","templated":true}]}}