{"id":24142,"date":"2025-01-27T11:48:14","date_gmt":"2025-01-27T09:48:14","guid":{"rendered":"https:\/\/gymfactory.eu\/product\/machine-de-developpe-pectoral-debout-a6\/"},"modified":"2026-01-23T20:15:38","modified_gmt":"2026-01-23T18:15:38","slug":"machine-de-developpe-pectoral-debout-a6","status":"publish","type":"product","link":"https:\/\/gymfactory.eu\/fr\/produit\/machine-de-developpe-pectoral-debout-a6\/","title":{"rendered":"Machine de D\u00e9velopp\u00e9 Pectoral Debout A6"},"content":{"rendered":"<p>La Machine de D\u00e9velopp\u00e9 Pectoral Debout A6 est un excellent outil pour d\u00e9velopper votre force et tonifier le haut du corps. Cette machine est con\u00e7ue pour vous permettre de vous entra\u00eener en toute s\u00e9curit\u00e9 et confortablement tout en ciblant les bons groupes musculaires. Robuste et fiable, elle constitue un choix id\u00e9al comme \u00e9quipement d\u2019exercice pour la maison ou pour un usage commercial.  <\/p>\n<p>Avec la machine de musculation A6, vous pouvez r\u00e9aliser le d\u00e9velopp\u00e9 pectoral debout pour cibler les muscles pectoraux. Durant l\u2019exercice, les triceps et les delto\u00efdes ant\u00e9rieurs sont \u00e9galement sollicit\u00e9s. L\u2019\u00e9quipement inclut un m\u00e9canisme de verrouillage activ\u00e9 au pied qui vous aide \u00e0 d\u00e9marrer chaque r\u00e9p\u00e9tition depuis une position plus confortable.  <\/p>\n<p>Facile \u00e0 utiliser, elle est parfaite pour un entra\u00eenement cibl\u00e9 du haut du corps afin de vous aider \u00e0 atteindre vos objectifs de fitness.<\/p>\n\n    <div class=\"xs_social_share_widget xs_share_url after_content \t\tmain_content  wslu-style-1 wslu-share-box-shaped wslu-fill-colored wslu-none wslu-share-horizontal wslu-theme-font-no wslu-main_content\">\n\n\t\t\n        <ul>\n\t\t\t        <\/ul>\n    <\/div> \n","protected":false},"excerpt":{"rendered":"<p>La Machine de D\u00e9velopp\u00e9 Pectoral Debout A6 est un excellent outil pour d\u00e9velopper votre force et tonifier le haut du corps. Cette machine est con\u00e7ue pour vous permettre de vous entra\u00eener en toute s\u00e9curit\u00e9 et confortablement tout en ciblant les bons groupes musculaires. Robuste et fiable, elle constitue un choix id\u00e9al comme \u00e9quipement d\u2019exercice pour [&hellip;]<\/p>\n","protected":false},"featured_media":27950,"template":"","meta":{"_acf_changed":false},"product_brand":[56],"product_cat":[832],"product_tag":[],"class_list":{"0":"post-24142","1":"product","2":"type-product","3":"status-publish","4":"has-post-thumbnail","6":"product_brand-gym-factory","7":"product_cat-machines-a-charge-par-plaques","9":"first","10":"onbackorder","11":"taxable","12":"shipping-taxable","13":"purchasable","14":"product-type-variable","15":"has-default-attributes"},"acf":[],"yoast_head":"<!-- This site is optimized with the Yoast SEO plugin v25.2 - https:\/\/yoast.com\/wordpress\/plugins\/seo\/ -->\n<title>Machine de Musculation D\u00e9velopp\u00e9 Pectoral Debout A6 pour l\u2019Entra\u00eenement du Haut du Corps<\/title>\n<meta name=\"description\" content=\"Cette Machine de D\u00e9velopp\u00e9 Pectoral Debout A6 est l\u2019\u00e9quipement d\u2019exercice parfait pour la maison et l\u2019usage commercial. Sa conception compacte et robuste supporte jusqu\u2019\u00e0 600 kg.\" \/>\n<meta name=\"robots\" content=\"index, follow, max-snippet:-1, max-image-preview:large, max-video-preview:-1\" \/>\n<link rel=\"canonical\" href=\"https:\/\/gymfactory.eu\/fr\/produit\/machine-de-developpe-pectoral-debout-a6\/\" \/>\n<meta property=\"og:locale\" content=\"fr_FR\" \/>\n<meta property=\"og:type\" content=\"article\" \/>\n<meta property=\"og:title\" content=\"Machine de Musculation D\u00e9velopp\u00e9 Pectoral Debout A6 pour l\u2019Entra\u00eenement du Haut du Corps\" \/>\n<meta property=\"og:description\" content=\"Cette Machine de D\u00e9velopp\u00e9 Pectoral Debout A6 est l\u2019\u00e9quipement d\u2019exercice parfait pour la maison et l\u2019usage commercial. Sa conception compacte et robuste supporte jusqu\u2019\u00e0 600 kg.\" \/>\n<meta property=\"og:url\" content=\"https:\/\/gymfactory.eu\/fr\/produit\/machine-de-developpe-pectoral-debout-a6\/\" \/>\n<meta property=\"og:site_name\" content=\"Gym Factory\" \/>\n<meta property=\"article:modified_time\" content=\"2026-01-23T18:15:38+00:00\" \/>\n<meta property=\"og:image\" content=\"https:\/\/gymfactory.eu\/wp-content\/uploads\/2025\/01\/standing-A6-gym-machine-for-chest-3.webp\" \/>\n\t<meta property=\"og:image:width\" content=\"1500\" \/>\n\t<meta property=\"og:image:height\" content=\"1500\" \/>\n\t<meta property=\"og:image:type\" content=\"image\/webp\" \/>\n<meta name=\"twitter:card\" content=\"summary_large_image\" \/>\n<meta name=\"twitter:label1\" content=\"Dur\u00e9e de lecture estim\u00e9e\" \/>\n\t<meta name=\"twitter:data1\" content=\"1 minute\" \/>\n<script type=\"application\/ld+json\" class=\"yoast-schema-graph\">{\"@context\":\"https:\/\/schema.org\",\"@graph\":[{\"@type\":\"WebPage\",\"@id\":\"https:\/\/gymfactory.eu\/fr\/produit\/machine-de-developpe-pectoral-debout-a6\/\",\"url\":\"https:\/\/gymfactory.eu\/fr\/produit\/machine-de-developpe-pectoral-debout-a6\/\",\"name\":\"Machine de Musculation D\u00e9velopp\u00e9 Pectoral Debout A6 pour l\u2019Entra\u00eenement du Haut du Corps\",\"isPartOf\":{\"@id\":\"https:\/\/gymfactory.eu\/fr\/#website\"},\"primaryImageOfPage\":{\"@id\":\"https:\/\/gymfactory.eu\/fr\/produit\/machine-de-developpe-pectoral-debout-a6\/#primaryimage\"},\"image\":{\"@id\":\"https:\/\/gymfactory.eu\/fr\/produit\/machine-de-developpe-pectoral-debout-a6\/#primaryimage\"},\"thumbnailUrl\":\"https:\/\/gymfactory.eu\/wp-content\/uploads\/2025\/01\/standing-A6-gym-machine-for-chest.webp\",\"datePublished\":\"2025-01-27T09:48:14+00:00\",\"dateModified\":\"2026-01-23T18:15:38+00:00\",\"description\":\"Cette Machine de D\u00e9velopp\u00e9 Pectoral Debout A6 est l\u2019\u00e9quipement d\u2019exercice parfait pour la maison et l\u2019usage commercial. Sa conception compacte et robuste supporte jusqu\u2019\u00e0 600 kg.\",\"breadcrumb\":{\"@id\":\"https:\/\/gymfactory.eu\/fr\/produit\/machine-de-developpe-pectoral-debout-a6\/#breadcrumb\"},\"inLanguage\":\"fr-FR\",\"potentialAction\":[{\"@type\":\"ReadAction\",\"target\":[\"https:\/\/gymfactory.eu\/fr\/produit\/machine-de-developpe-pectoral-debout-a6\/\"]}]},{\"@type\":\"ImageObject\",\"inLanguage\":\"fr-FR\",\"@id\":\"https:\/\/gymfactory.eu\/fr\/produit\/machine-de-developpe-pectoral-debout-a6\/#primaryimage\",\"url\":\"https:\/\/gymfactory.eu\/wp-content\/uploads\/2025\/01\/standing-A6-gym-machine-for-chest.webp\",\"contentUrl\":\"https:\/\/gymfactory.eu\/wp-content\/uploads\/2025\/01\/standing-A6-gym-machine-for-chest.webp\",\"width\":1500,\"height\":1500,\"caption\":\"Side angle showing the ergonomic design of the A6 Standing Chest Press for gym workouts\"},{\"@type\":\"BreadcrumbList\",\"@id\":\"https:\/\/gymfactory.eu\/fr\/produit\/machine-de-developpe-pectoral-debout-a6\/#breadcrumb\",\"itemListElement\":[{\"@type\":\"ListItem\",\"position\":1,\"name\":\"Home\",\"item\":\"https:\/\/gymfactory.eu\/fr\/\"},{\"@type\":\"ListItem\",\"position\":2,\"name\":\"Catalogue\",\"item\":\"https:\/\/gymfactory.eu\/fr\/catalogue-2\/\"},{\"@type\":\"ListItem\",\"position\":3,\"name\":\"Machine de D\u00e9velopp\u00e9 Pectoral Debout A6\"}]},{\"@type\":\"WebSite\",\"@id\":\"https:\/\/gymfactory.eu\/fr\/#website\",\"url\":\"https:\/\/gymfactory.eu\/fr\/\",\"name\":\"Gym Factory\",\"description\":\"\",\"publisher\":{\"@id\":\"https:\/\/gymfactory.eu\/fr\/#organization\"},\"potentialAction\":[{\"@type\":\"SearchAction\",\"target\":{\"@type\":\"EntryPoint\",\"urlTemplate\":\"https:\/\/gymfactory.eu\/fr\/?s={search_term_string}\"},\"query-input\":{\"@type\":\"PropertyValueSpecification\",\"valueRequired\":true,\"valueName\":\"search_term_string\"}}],\"inLanguage\":\"fr-FR\"},{\"@type\":\"Organization\",\"@id\":\"https:\/\/gymfactory.eu\/fr\/#organization\",\"name\":\"Gym Factory\",\"url\":\"https:\/\/gymfactory.eu\/fr\/\",\"logo\":{\"@type\":\"ImageObject\",\"inLanguage\":\"fr-FR\",\"@id\":\"https:\/\/gymfactory.eu\/fr\/#\/schema\/logo\/image\/\",\"url\":\"https:\/\/gymfactory.eu\/wp-content\/uploads\/2024\/11\/Component-1.svg\",\"contentUrl\":\"https:\/\/gymfactory.eu\/wp-content\/uploads\/2024\/11\/Component-1.svg\",\"width\":54,\"height\":44,\"caption\":\"Gym Factory\"},\"image\":{\"@id\":\"https:\/\/gymfactory.eu\/fr\/#\/schema\/logo\/image\/\"}}]}<\/script>\n<!-- \/ Yoast SEO plugin. -->","yoast_head_json":{"title":"Machine de Musculation D\u00e9velopp\u00e9 Pectoral Debout A6 pour l\u2019Entra\u00eenement du Haut du Corps","description":"Cette Machine de D\u00e9velopp\u00e9 Pectoral Debout A6 est l\u2019\u00e9quipement d\u2019exercice parfait pour la maison et l\u2019usage commercial. Sa conception compacte et robuste supporte jusqu\u2019\u00e0 600 kg.","robots":{"index":"index","follow":"follow","max-snippet":"max-snippet:-1","max-image-preview":"max-image-preview:large","max-video-preview":"max-video-preview:-1"},"canonical":"https:\/\/gymfactory.eu\/fr\/produit\/machine-de-developpe-pectoral-debout-a6\/","og_locale":"fr_FR","og_type":"article","og_title":"Machine de Musculation D\u00e9velopp\u00e9 Pectoral Debout A6 pour l\u2019Entra\u00eenement du Haut du Corps","og_description":"Cette Machine de D\u00e9velopp\u00e9 Pectoral Debout A6 est l\u2019\u00e9quipement d\u2019exercice parfait pour la maison et l\u2019usage commercial. Sa conception compacte et robuste supporte jusqu\u2019\u00e0 600 kg.","og_url":"https:\/\/gymfactory.eu\/fr\/produit\/machine-de-developpe-pectoral-debout-a6\/","og_site_name":"Gym Factory","article_modified_time":"2026-01-23T18:15:38+00:00","og_image":[{"width":1500,"height":1500,"url":"https:\/\/gymfactory.eu\/wp-content\/uploads\/2025\/01\/standing-A6-gym-machine-for-chest-3.webp","type":"image\/webp"}],"twitter_card":"summary_large_image","twitter_misc":{"Dur\u00e9e de lecture estim\u00e9e":"1 minute"},"schema":{"@context":"https:\/\/schema.org","@graph":[{"@type":"WebPage","@id":"https:\/\/gymfactory.eu\/fr\/produit\/machine-de-developpe-pectoral-debout-a6\/","url":"https:\/\/gymfactory.eu\/fr\/produit\/machine-de-developpe-pectoral-debout-a6\/","name":"Machine de Musculation D\u00e9velopp\u00e9 Pectoral Debout A6 pour l\u2019Entra\u00eenement du Haut du Corps","isPartOf":{"@id":"https:\/\/gymfactory.eu\/fr\/#website"},"primaryImageOfPage":{"@id":"https:\/\/gymfactory.eu\/fr\/produit\/machine-de-developpe-pectoral-debout-a6\/#primaryimage"},"image":{"@id":"https:\/\/gymfactory.eu\/fr\/produit\/machine-de-developpe-pectoral-debout-a6\/#primaryimage"},"thumbnailUrl":"https:\/\/gymfactory.eu\/wp-content\/uploads\/2025\/01\/standing-A6-gym-machine-for-chest.webp","datePublished":"2025-01-27T09:48:14+00:00","dateModified":"2026-01-23T18:15:38+00:00","description":"Cette Machine de D\u00e9velopp\u00e9 Pectoral Debout A6 est l\u2019\u00e9quipement d\u2019exercice parfait pour la maison et l\u2019usage commercial. Sa conception compacte et robuste supporte jusqu\u2019\u00e0 600 kg.","breadcrumb":{"@id":"https:\/\/gymfactory.eu\/fr\/produit\/machine-de-developpe-pectoral-debout-a6\/#breadcrumb"},"inLanguage":"fr-FR","potentialAction":[{"@type":"ReadAction","target":["https:\/\/gymfactory.eu\/fr\/produit\/machine-de-developpe-pectoral-debout-a6\/"]}]},{"@type":"ImageObject","inLanguage":"fr-FR","@id":"https:\/\/gymfactory.eu\/fr\/produit\/machine-de-developpe-pectoral-debout-a6\/#primaryimage","url":"https:\/\/gymfactory.eu\/wp-content\/uploads\/2025\/01\/standing-A6-gym-machine-for-chest.webp","contentUrl":"https:\/\/gymfactory.eu\/wp-content\/uploads\/2025\/01\/standing-A6-gym-machine-for-chest.webp","width":1500,"height":1500,"caption":"Side angle showing the ergonomic design of the A6 Standing Chest Press for gym workouts"},{"@type":"BreadcrumbList","@id":"https:\/\/gymfactory.eu\/fr\/produit\/machine-de-developpe-pectoral-debout-a6\/#breadcrumb","itemListElement":[{"@type":"ListItem","position":1,"name":"Home","item":"https:\/\/gymfactory.eu\/fr\/"},{"@type":"ListItem","position":2,"name":"Catalogue","item":"https:\/\/gymfactory.eu\/fr\/catalogue-2\/"},{"@type":"ListItem","position":3,"name":"Machine de D\u00e9velopp\u00e9 Pectoral Debout A6"}]},{"@type":"WebSite","@id":"https:\/\/gymfactory.eu\/fr\/#website","url":"https:\/\/gymfactory.eu\/fr\/","name":"Gym Factory","description":"","publisher":{"@id":"https:\/\/gymfactory.eu\/fr\/#organization"},"potentialAction":[{"@type":"SearchAction","target":{"@type":"EntryPoint","urlTemplate":"https:\/\/gymfactory.eu\/fr\/?s={search_term_string}"},"query-input":{"@type":"PropertyValueSpecification","valueRequired":true,"valueName":"search_term_string"}}],"inLanguage":"fr-FR"},{"@type":"Organization","@id":"https:\/\/gymfactory.eu\/fr\/#organization","name":"Gym Factory","url":"https:\/\/gymfactory.eu\/fr\/","logo":{"@type":"ImageObject","inLanguage":"fr-FR","@id":"https:\/\/gymfactory.eu\/fr\/#\/schema\/logo\/image\/","url":"https:\/\/gymfactory.eu\/wp-content\/uploads\/2024\/11\/Component-1.svg","contentUrl":"https:\/\/gymfactory.eu\/wp-content\/uploads\/2024\/11\/Component-1.svg","width":54,"height":44,"caption":"Gym Factory"},"image":{"@id":"https:\/\/gymfactory.eu\/fr\/#\/schema\/logo\/image\/"}}]}},"_links":{"self":[{"href":"https:\/\/gymfactory.eu\/fr\/wp-json\/wp\/v2\/product\/24142","targetHints":{"allow":["GET"]}}],"collection":[{"href":"https:\/\/gymfactory.eu\/fr\/wp-json\/wp\/v2\/product"}],"about":[{"href":"https:\/\/gymfactory.eu\/fr\/wp-json\/wp\/v2\/types\/product"}],"wp:featuredmedia":[{"embeddable":true,"href":"https:\/\/gymfactory.eu\/fr\/wp-json\/wp\/v2\/media\/27950"}],"wp:attachment":[{"href":"https:\/\/gymfactory.eu\/fr\/wp-json\/wp\/v2\/media?parent=24142"}],"wp:term":[{"taxonomy":"product_brand","embeddable":true,"href":"https:\/\/gymfactory.eu\/fr\/wp-json\/wp\/v2\/product_brand?post=24142"},{"taxonomy":"product_cat","embeddable":true,"href":"https:\/\/gymfactory.eu\/fr\/wp-json\/wp\/v2\/product_cat?post=24142"},{"taxonomy":"product_tag","embeddable":true,"href":"https:\/\/gymfactory.eu\/fr\/wp-json\/wp\/v2\/product_tag?post=24142"}],"curies":[{"name":"wp","href":"https:\/\/api.w.org\/{rel}","templated":true}]}}