{"id":24136,"date":"2025-01-27T10:06:05","date_gmt":"2025-01-27T08:06:05","guid":{"rendered":"https:\/\/gymfactory.eu\/product\/machine-de-developpe-decline-a3x\/"},"modified":"2026-01-23T20:16:19","modified_gmt":"2026-01-23T18:16:19","slug":"machine-de-developpe-decline-a3x","status":"publish","type":"product","link":"https:\/\/gymfactory.eu\/fr\/produit\/machine-de-developpe-decline-a3x\/","title":{"rendered":"Machine de D\u00e9velopp\u00e9 D\u00e9clin\u00e9 A3X"},"content":{"rendered":"<p>La Machine de D\u00e9velopp\u00e9 D\u00e9clin\u00e9 A3X est l\u2019\u00e9quipement de musculation id\u00e9al pour vos s\u00e9ances d\u2019entra\u00eenement des pectoraux. Elle vous aide \u00e0 b\u00e2tir un torse puissant en ciblant efficacement les groupes musculaires appropri\u00e9s, tout en garantissant une s\u00e9curit\u00e9 et un soutien corporel optimaux. Cette machine a \u00e9t\u00e9 con\u00e7ue pour allier confort et stabilit\u00e9, vous permettant ainsi de vous concentrer pleinement sur votre ex\u00e9cution sans craindre une mauvaise posture.  <\/p>\n<p>Gr\u00e2ce \u00e0 l\u2019A3X, vous pouvez r\u00e9aliser des mouvements de d\u00e9velopp\u00e9 d\u00e9clin\u00e9 pour renforcer la partie inf\u00e9rieure des pectoraux, les delto\u00efdes ant\u00e9rieurs et les triceps.<\/p>\n<p>L\u2019\u00e9quipement guide un mouvement convergent : d\u00e9butant sur une prise large pour finir plus serr\u00e9e \u2013 offrant ainsi un \u00e9tirement profond des pectoraux au d\u00e9part et une contraction intense \u00e0 la fin du mouvement.<\/p>\n\n    <div class=\"xs_social_share_widget xs_share_url after_content \t\tmain_content  wslu-style-1 wslu-share-box-shaped wslu-fill-colored wslu-none wslu-share-horizontal wslu-theme-font-no wslu-main_content\">\n\n\t\t\n        <ul>\n\t\t\t        <\/ul>\n    <\/div> \n","protected":false},"excerpt":{"rendered":"<p>La Machine de D\u00e9velopp\u00e9 D\u00e9clin\u00e9 A3X est l\u2019\u00e9quipement de musculation id\u00e9al pour vos s\u00e9ances d\u2019entra\u00eenement des pectoraux. Elle vous aide \u00e0 b\u00e2tir un torse puissant en ciblant efficacement les groupes musculaires appropri\u00e9s, tout en garantissant une s\u00e9curit\u00e9 et un soutien corporel optimaux. Cette machine a \u00e9t\u00e9 con\u00e7ue pour allier confort et stabilit\u00e9, vous permettant ainsi [&hellip;]<\/p>\n","protected":false},"featured_media":12955,"template":"","meta":{"_acf_changed":false},"product_brand":[56],"product_cat":[832],"product_tag":[],"class_list":{"0":"post-24136","1":"product","2":"type-product","3":"status-publish","4":"has-post-thumbnail","6":"product_brand-gym-factory","7":"product_cat-machines-a-charge-par-plaques","9":"first","10":"onbackorder","11":"taxable","12":"shipping-taxable","13":"purchasable","14":"product-type-variable"},"acf":[],"yoast_head":"<!-- This site is optimized with the Yoast SEO plugin v25.2 - https:\/\/yoast.com\/wordpress\/plugins\/seo\/ -->\n<title>Machine de Musculation D\u00e9velopp\u00e9 D\u00e9clin\u00e9 A3X pour le Renforcement Musculaire<\/title>\n<meta name=\"description\" content=\"La machine de musculation D\u00e9velopp\u00e9 D\u00e9clin\u00e9 A3X est con\u00e7ue sp\u00e9cifiquement pour le travail des pectoraux. Elle cible principalement la partie inf\u00e9rieure des pectoraux, les triceps et la sangle abdominale. Elle supporte une charge allant jusqu\u2019\u00e0 400 kg.\" \/>\n<meta name=\"robots\" content=\"index, follow, max-snippet:-1, max-image-preview:large, max-video-preview:-1\" \/>\n<link rel=\"canonical\" href=\"https:\/\/gymfactory.eu\/fr\/produit\/machine-de-developpe-decline-a3x\/\" \/>\n<meta property=\"og:locale\" content=\"fr_FR\" \/>\n<meta property=\"og:type\" content=\"article\" \/>\n<meta property=\"og:title\" content=\"Machine de Musculation D\u00e9velopp\u00e9 D\u00e9clin\u00e9 A3X pour le Renforcement Musculaire\" \/>\n<meta property=\"og:description\" content=\"La machine de musculation D\u00e9velopp\u00e9 D\u00e9clin\u00e9 A3X est con\u00e7ue sp\u00e9cifiquement pour le travail des pectoraux. Elle cible principalement la partie inf\u00e9rieure des pectoraux, les triceps et la sangle abdominale. Elle supporte une charge allant jusqu\u2019\u00e0 400 kg.\" \/>\n<meta property=\"og:url\" content=\"https:\/\/gymfactory.eu\/fr\/produit\/machine-de-developpe-decline-a3x\/\" \/>\n<meta property=\"og:site_name\" content=\"Gym Factory\" \/>\n<meta property=\"article:modified_time\" content=\"2026-01-23T18:16:19+00:00\" \/>\n<meta property=\"og:image\" content=\"https:\/\/gymfactory.eu\/wp-content\/uploads\/2025\/01\/A3X-gym-machine-for-chest-1.webp\" \/>\n\t<meta property=\"og:image:width\" content=\"1500\" \/>\n\t<meta property=\"og:image:height\" content=\"1500\" \/>\n\t<meta property=\"og:image:type\" content=\"image\/webp\" \/>\n<meta name=\"twitter:card\" content=\"summary_large_image\" \/>\n<meta name=\"twitter:label1\" content=\"Dur\u00e9e de lecture estim\u00e9e\" \/>\n\t<meta name=\"twitter:data1\" content=\"1 minute\" \/>\n<script type=\"application\/ld+json\" class=\"yoast-schema-graph\">{\"@context\":\"https:\/\/schema.org\",\"@graph\":[{\"@type\":\"WebPage\",\"@id\":\"https:\/\/gymfactory.eu\/fr\/produit\/machine-de-developpe-decline-a3x\/\",\"url\":\"https:\/\/gymfactory.eu\/fr\/produit\/machine-de-developpe-decline-a3x\/\",\"name\":\"Machine de Musculation D\u00e9velopp\u00e9 D\u00e9clin\u00e9 A3X pour le Renforcement Musculaire\",\"isPartOf\":{\"@id\":\"https:\/\/gymfactory.eu\/fr\/#website\"},\"primaryImageOfPage\":{\"@id\":\"https:\/\/gymfactory.eu\/fr\/produit\/machine-de-developpe-decline-a3x\/#primaryimage\"},\"image\":{\"@id\":\"https:\/\/gymfactory.eu\/fr\/produit\/machine-de-developpe-decline-a3x\/#primaryimage\"},\"thumbnailUrl\":\"https:\/\/gymfactory.eu\/wp-content\/uploads\/2025\/01\/A3X-gym-machine-for-chest-1.webp\",\"datePublished\":\"2025-01-27T08:06:05+00:00\",\"dateModified\":\"2026-01-23T18:16:19+00:00\",\"description\":\"La machine de musculation D\u00e9velopp\u00e9 D\u00e9clin\u00e9 A3X est con\u00e7ue sp\u00e9cifiquement pour le travail des pectoraux. Elle cible principalement la partie inf\u00e9rieure des pectoraux, les triceps et la sangle abdominale. Elle supporte une charge allant jusqu\u2019\u00e0 400 kg.\",\"breadcrumb\":{\"@id\":\"https:\/\/gymfactory.eu\/fr\/produit\/machine-de-developpe-decline-a3x\/#breadcrumb\"},\"inLanguage\":\"fr-FR\",\"potentialAction\":[{\"@type\":\"ReadAction\",\"target\":[\"https:\/\/gymfactory.eu\/fr\/produit\/machine-de-developpe-decline-a3x\/\"]}]},{\"@type\":\"ImageObject\",\"inLanguage\":\"fr-FR\",\"@id\":\"https:\/\/gymfactory.eu\/fr\/produit\/machine-de-developpe-decline-a3x\/#primaryimage\",\"url\":\"https:\/\/gymfactory.eu\/wp-content\/uploads\/2025\/01\/A3X-gym-machine-for-chest-1.webp\",\"contentUrl\":\"https:\/\/gymfactory.eu\/wp-content\/uploads\/2025\/01\/A3X-gym-machine-for-chest-1.webp\",\"width\":1500,\"height\":1500,\"caption\":\"Machine de musculation A3X avec ch\u00e2ssis noir et sellerie en cuir noir, d\u00e9di\u00e9e \u00e0 l\u2019entra\u00eenement des pectoraux. Cet \u00e9quipement est con\u00e7u pour le renforcement musculaire du haut du corps et dispose de poign\u00e9es ergonomiques, d\u2019\u00e9pis de rangement pour disques et de composants r\u00e9glables pour garantir une s\u00e9ance personnalis\u00e9e et confortable.\"},{\"@type\":\"BreadcrumbList\",\"@id\":\"https:\/\/gymfactory.eu\/fr\/produit\/machine-de-developpe-decline-a3x\/#breadcrumb\",\"itemListElement\":[{\"@type\":\"ListItem\",\"position\":1,\"name\":\"Home\",\"item\":\"https:\/\/gymfactory.eu\/fr\/\"},{\"@type\":\"ListItem\",\"position\":2,\"name\":\"Catalogue\",\"item\":\"https:\/\/gymfactory.eu\/fr\/catalogue-2\/\"},{\"@type\":\"ListItem\",\"position\":3,\"name\":\"Machine de D\u00e9velopp\u00e9 D\u00e9clin\u00e9 A3X\"}]},{\"@type\":\"WebSite\",\"@id\":\"https:\/\/gymfactory.eu\/fr\/#website\",\"url\":\"https:\/\/gymfactory.eu\/fr\/\",\"name\":\"Gym Factory\",\"description\":\"\",\"publisher\":{\"@id\":\"https:\/\/gymfactory.eu\/fr\/#organization\"},\"potentialAction\":[{\"@type\":\"SearchAction\",\"target\":{\"@type\":\"EntryPoint\",\"urlTemplate\":\"https:\/\/gymfactory.eu\/fr\/?s={search_term_string}\"},\"query-input\":{\"@type\":\"PropertyValueSpecification\",\"valueRequired\":true,\"valueName\":\"search_term_string\"}}],\"inLanguage\":\"fr-FR\"},{\"@type\":\"Organization\",\"@id\":\"https:\/\/gymfactory.eu\/fr\/#organization\",\"name\":\"Gym Factory\",\"url\":\"https:\/\/gymfactory.eu\/fr\/\",\"logo\":{\"@type\":\"ImageObject\",\"inLanguage\":\"fr-FR\",\"@id\":\"https:\/\/gymfactory.eu\/fr\/#\/schema\/logo\/image\/\",\"url\":\"https:\/\/gymfactory.eu\/wp-content\/uploads\/2024\/11\/Component-1.svg\",\"contentUrl\":\"https:\/\/gymfactory.eu\/wp-content\/uploads\/2024\/11\/Component-1.svg\",\"width\":54,\"height\":44,\"caption\":\"Gym Factory\"},\"image\":{\"@id\":\"https:\/\/gymfactory.eu\/fr\/#\/schema\/logo\/image\/\"}}]}<\/script>\n<!-- \/ Yoast SEO plugin. -->","yoast_head_json":{"title":"Machine de Musculation D\u00e9velopp\u00e9 D\u00e9clin\u00e9 A3X pour le Renforcement Musculaire","description":"La machine de musculation D\u00e9velopp\u00e9 D\u00e9clin\u00e9 A3X est con\u00e7ue sp\u00e9cifiquement pour le travail des pectoraux. Elle cible principalement la partie inf\u00e9rieure des pectoraux, les triceps et la sangle abdominale. Elle supporte une charge allant jusqu\u2019\u00e0 400 kg.","robots":{"index":"index","follow":"follow","max-snippet":"max-snippet:-1","max-image-preview":"max-image-preview:large","max-video-preview":"max-video-preview:-1"},"canonical":"https:\/\/gymfactory.eu\/fr\/produit\/machine-de-developpe-decline-a3x\/","og_locale":"fr_FR","og_type":"article","og_title":"Machine de Musculation D\u00e9velopp\u00e9 D\u00e9clin\u00e9 A3X pour le Renforcement Musculaire","og_description":"La machine de musculation D\u00e9velopp\u00e9 D\u00e9clin\u00e9 A3X est con\u00e7ue sp\u00e9cifiquement pour le travail des pectoraux. Elle cible principalement la partie inf\u00e9rieure des pectoraux, les triceps et la sangle abdominale. Elle supporte une charge allant jusqu\u2019\u00e0 400 kg.","og_url":"https:\/\/gymfactory.eu\/fr\/produit\/machine-de-developpe-decline-a3x\/","og_site_name":"Gym Factory","article_modified_time":"2026-01-23T18:16:19+00:00","og_image":[{"width":1500,"height":1500,"url":"https:\/\/gymfactory.eu\/wp-content\/uploads\/2025\/01\/A3X-gym-machine-for-chest-1.webp","type":"image\/webp"}],"twitter_card":"summary_large_image","twitter_misc":{"Dur\u00e9e de lecture estim\u00e9e":"1 minute"},"schema":{"@context":"https:\/\/schema.org","@graph":[{"@type":"WebPage","@id":"https:\/\/gymfactory.eu\/fr\/produit\/machine-de-developpe-decline-a3x\/","url":"https:\/\/gymfactory.eu\/fr\/produit\/machine-de-developpe-decline-a3x\/","name":"Machine de Musculation D\u00e9velopp\u00e9 D\u00e9clin\u00e9 A3X pour le Renforcement Musculaire","isPartOf":{"@id":"https:\/\/gymfactory.eu\/fr\/#website"},"primaryImageOfPage":{"@id":"https:\/\/gymfactory.eu\/fr\/produit\/machine-de-developpe-decline-a3x\/#primaryimage"},"image":{"@id":"https:\/\/gymfactory.eu\/fr\/produit\/machine-de-developpe-decline-a3x\/#primaryimage"},"thumbnailUrl":"https:\/\/gymfactory.eu\/wp-content\/uploads\/2025\/01\/A3X-gym-machine-for-chest-1.webp","datePublished":"2025-01-27T08:06:05+00:00","dateModified":"2026-01-23T18:16:19+00:00","description":"La machine de musculation D\u00e9velopp\u00e9 D\u00e9clin\u00e9 A3X est con\u00e7ue sp\u00e9cifiquement pour le travail des pectoraux. Elle cible principalement la partie inf\u00e9rieure des pectoraux, les triceps et la sangle abdominale. Elle supporte une charge allant jusqu\u2019\u00e0 400 kg.","breadcrumb":{"@id":"https:\/\/gymfactory.eu\/fr\/produit\/machine-de-developpe-decline-a3x\/#breadcrumb"},"inLanguage":"fr-FR","potentialAction":[{"@type":"ReadAction","target":["https:\/\/gymfactory.eu\/fr\/produit\/machine-de-developpe-decline-a3x\/"]}]},{"@type":"ImageObject","inLanguage":"fr-FR","@id":"https:\/\/gymfactory.eu\/fr\/produit\/machine-de-developpe-decline-a3x\/#primaryimage","url":"https:\/\/gymfactory.eu\/wp-content\/uploads\/2025\/01\/A3X-gym-machine-for-chest-1.webp","contentUrl":"https:\/\/gymfactory.eu\/wp-content\/uploads\/2025\/01\/A3X-gym-machine-for-chest-1.webp","width":1500,"height":1500,"caption":"Machine de musculation A3X avec ch\u00e2ssis noir et sellerie en cuir noir, d\u00e9di\u00e9e \u00e0 l\u2019entra\u00eenement des pectoraux. Cet \u00e9quipement est con\u00e7u pour le renforcement musculaire du haut du corps et dispose de poign\u00e9es ergonomiques, d\u2019\u00e9pis de rangement pour disques et de composants r\u00e9glables pour garantir une s\u00e9ance personnalis\u00e9e et confortable."},{"@type":"BreadcrumbList","@id":"https:\/\/gymfactory.eu\/fr\/produit\/machine-de-developpe-decline-a3x\/#breadcrumb","itemListElement":[{"@type":"ListItem","position":1,"name":"Home","item":"https:\/\/gymfactory.eu\/fr\/"},{"@type":"ListItem","position":2,"name":"Catalogue","item":"https:\/\/gymfactory.eu\/fr\/catalogue-2\/"},{"@type":"ListItem","position":3,"name":"Machine de D\u00e9velopp\u00e9 D\u00e9clin\u00e9 A3X"}]},{"@type":"WebSite","@id":"https:\/\/gymfactory.eu\/fr\/#website","url":"https:\/\/gymfactory.eu\/fr\/","name":"Gym Factory","description":"","publisher":{"@id":"https:\/\/gymfactory.eu\/fr\/#organization"},"potentialAction":[{"@type":"SearchAction","target":{"@type":"EntryPoint","urlTemplate":"https:\/\/gymfactory.eu\/fr\/?s={search_term_string}"},"query-input":{"@type":"PropertyValueSpecification","valueRequired":true,"valueName":"search_term_string"}}],"inLanguage":"fr-FR"},{"@type":"Organization","@id":"https:\/\/gymfactory.eu\/fr\/#organization","name":"Gym Factory","url":"https:\/\/gymfactory.eu\/fr\/","logo":{"@type":"ImageObject","inLanguage":"fr-FR","@id":"https:\/\/gymfactory.eu\/fr\/#\/schema\/logo\/image\/","url":"https:\/\/gymfactory.eu\/wp-content\/uploads\/2024\/11\/Component-1.svg","contentUrl":"https:\/\/gymfactory.eu\/wp-content\/uploads\/2024\/11\/Component-1.svg","width":54,"height":44,"caption":"Gym Factory"},"image":{"@id":"https:\/\/gymfactory.eu\/fr\/#\/schema\/logo\/image\/"}}]}},"_links":{"self":[{"href":"https:\/\/gymfactory.eu\/fr\/wp-json\/wp\/v2\/product\/24136","targetHints":{"allow":["GET"]}}],"collection":[{"href":"https:\/\/gymfactory.eu\/fr\/wp-json\/wp\/v2\/product"}],"about":[{"href":"https:\/\/gymfactory.eu\/fr\/wp-json\/wp\/v2\/types\/product"}],"wp:featuredmedia":[{"embeddable":true,"href":"https:\/\/gymfactory.eu\/fr\/wp-json\/wp\/v2\/media\/12955"}],"wp:attachment":[{"href":"https:\/\/gymfactory.eu\/fr\/wp-json\/wp\/v2\/media?parent=24136"}],"wp:term":[{"taxonomy":"product_brand","embeddable":true,"href":"https:\/\/gymfactory.eu\/fr\/wp-json\/wp\/v2\/product_brand?post=24136"},{"taxonomy":"product_cat","embeddable":true,"href":"https:\/\/gymfactory.eu\/fr\/wp-json\/wp\/v2\/product_cat?post=24136"},{"taxonomy":"product_tag","embeddable":true,"href":"https:\/\/gymfactory.eu\/fr\/wp-json\/wp\/v2\/product_tag?post=24136"}],"curies":[{"name":"wp","href":"https:\/\/api.w.org\/{rel}","templated":true}]}}