{"id":30526,"date":"2025-10-29T17:25:02","date_gmt":"2025-10-29T15:25:02","guid":{"rendered":"https:\/\/gymfactory.eu\/galerie\/galerie-de-videos\/"},"modified":"2025-10-29T17:25:02","modified_gmt":"2025-10-29T15:25:02","slug":"galerie-de-videos","status":"publish","type":"page","link":"https:\/\/gymfactory.eu\/fr\/galerie\/galerie-de-videos\/","title":{"rendered":"Galerie de VID\u00c9OS"},"content":{"rendered":"\n    <div class=\"xs_social_share_widget xs_share_url after_content \t\tmain_content  wslu-style-1 wslu-share-box-shaped wslu-fill-colored wslu-none wslu-share-horizontal wslu-theme-font-no wslu-main_content\">\n\n\t\t\n        <ul>\n\t\t\t        <\/ul>\n    <\/div> \n","protected":false},"excerpt":{"rendered":"","protected":false},"author":1,"featured_media":0,"parent":30520,"menu_order":0,"comment_status":"closed","ping_status":"closed","template":"templates\/video-gallery.php","meta":{"_acf_changed":false,"footnotes":""},"class_list":["post-30526","page","type-page","status-publish","hentry"],"acf":[],"yoast_head":"<!-- This site is optimized with the Yoast SEO plugin v25.2 - https:\/\/yoast.com\/wordpress\/plugins\/seo\/ -->\n<title>Galerie d&#039;\u00e9quipements de gymnastique - Voir nos appareils de gymnastique en action<\/title>\n<meta name=\"description\" content=\"D\u00e9couvrez nos machines de gymnastique, nos machines \u00e0 c\u00e2bles, nos rayonnages \u00e9lectriques et bien d&#039;autres encore dans notre galerie. Voyez-les en action et trouvez l&#039;appareil qui convient le mieux \u00e0 votre salle de sport.\" \/>\n<meta name=\"robots\" content=\"index, follow, max-snippet:-1, max-image-preview:large, max-video-preview:-1\" \/>\n<link rel=\"canonical\" href=\"https:\/\/gymfactory.eu\/fr\/galerie\/galerie-de-videos\/\" \/>\n<meta property=\"og:locale\" content=\"fr_FR\" \/>\n<meta property=\"og:type\" content=\"article\" \/>\n<meta property=\"og:title\" content=\"Galerie d&#039;\u00e9quipements de gymnastique - Voir nos appareils de gymnastique en action\" \/>\n<meta property=\"og:description\" content=\"D\u00e9couvrez nos machines de gymnastique, nos machines \u00e0 c\u00e2bles, nos rayonnages \u00e9lectriques et bien d&#039;autres encore dans notre galerie. Voyez-les en action et trouvez l&#039;appareil qui convient le mieux \u00e0 votre salle de sport.\" \/>\n<meta property=\"og:url\" content=\"https:\/\/gymfactory.eu\/fr\/galerie\/galerie-de-videos\/\" \/>\n<meta property=\"og:site_name\" content=\"Gym Factory\" \/>\n<meta name=\"twitter:card\" content=\"summary_large_image\" \/>\n<script type=\"application\/ld+json\" class=\"yoast-schema-graph\">{\"@context\":\"https:\/\/schema.org\",\"@graph\":[{\"@type\":\"WebPage\",\"@id\":\"https:\/\/gymfactory.eu\/fr\/galerie\/galerie-de-videos\/\",\"url\":\"https:\/\/gymfactory.eu\/fr\/galerie\/galerie-de-videos\/\",\"name\":\"Galerie d'\u00e9quipements de gymnastique - Voir nos appareils de gymnastique en action\",\"isPartOf\":{\"@id\":\"https:\/\/gymfactory.eu\/fr\/#website\"},\"datePublished\":\"2025-10-29T15:25:02+00:00\",\"description\":\"D\u00e9couvrez nos machines de gymnastique, nos machines \u00e0 c\u00e2bles, nos rayonnages \u00e9lectriques et bien d'autres encore dans notre galerie. Voyez-les en action et trouvez l'appareil qui convient le mieux \u00e0 votre salle de sport.\",\"breadcrumb\":{\"@id\":\"https:\/\/gymfactory.eu\/fr\/galerie\/galerie-de-videos\/#breadcrumb\"},\"inLanguage\":\"fr-FR\",\"potentialAction\":[{\"@type\":\"ReadAction\",\"target\":[\"https:\/\/gymfactory.eu\/fr\/galerie\/galerie-de-videos\/\"]}]},{\"@type\":\"BreadcrumbList\",\"@id\":\"https:\/\/gymfactory.eu\/fr\/galerie\/galerie-de-videos\/#breadcrumb\",\"itemListElement\":[{\"@type\":\"ListItem\",\"position\":1,\"name\":\"Home\",\"item\":\"https:\/\/gymfactory.eu\/fr\/page-principale\/\"},{\"@type\":\"ListItem\",\"position\":2,\"name\":\"Galerie\",\"item\":\"https:\/\/gymfactory.eu\/fr\/galerie\/\"},{\"@type\":\"ListItem\",\"position\":3,\"name\":\"Galerie de VID\u00c9OS\"}]},{\"@type\":\"WebSite\",\"@id\":\"https:\/\/gymfactory.eu\/fr\/#website\",\"url\":\"https:\/\/gymfactory.eu\/fr\/\",\"name\":\"Gym Factory\",\"description\":\"\",\"publisher\":{\"@id\":\"https:\/\/gymfactory.eu\/fr\/#organization\"},\"potentialAction\":[{\"@type\":\"SearchAction\",\"target\":{\"@type\":\"EntryPoint\",\"urlTemplate\":\"https:\/\/gymfactory.eu\/fr\/?s={search_term_string}\"},\"query-input\":{\"@type\":\"PropertyValueSpecification\",\"valueRequired\":true,\"valueName\":\"search_term_string\"}}],\"inLanguage\":\"fr-FR\"},{\"@type\":\"Organization\",\"@id\":\"https:\/\/gymfactory.eu\/fr\/#organization\",\"name\":\"Gym Factory\",\"url\":\"https:\/\/gymfactory.eu\/fr\/\",\"logo\":{\"@type\":\"ImageObject\",\"inLanguage\":\"fr-FR\",\"@id\":\"https:\/\/gymfactory.eu\/fr\/#\/schema\/logo\/image\/\",\"url\":\"https:\/\/gymfactory.eu\/wp-content\/uploads\/2024\/11\/Component-1.svg\",\"contentUrl\":\"https:\/\/gymfactory.eu\/wp-content\/uploads\/2024\/11\/Component-1.svg\",\"width\":54,\"height\":44,\"caption\":\"Gym Factory\"},\"image\":{\"@id\":\"https:\/\/gymfactory.eu\/fr\/#\/schema\/logo\/image\/\"}}]}<\/script>\n<!-- \/ Yoast SEO plugin. -->","yoast_head_json":{"title":"Galerie d'\u00e9quipements de gymnastique - Voir nos appareils de gymnastique en action","description":"D\u00e9couvrez nos machines de gymnastique, nos machines \u00e0 c\u00e2bles, nos rayonnages \u00e9lectriques et bien d'autres encore dans notre galerie. Voyez-les en action et trouvez l'appareil qui convient le mieux \u00e0 votre salle de sport.","robots":{"index":"index","follow":"follow","max-snippet":"max-snippet:-1","max-image-preview":"max-image-preview:large","max-video-preview":"max-video-preview:-1"},"canonical":"https:\/\/gymfactory.eu\/fr\/galerie\/galerie-de-videos\/","og_locale":"fr_FR","og_type":"article","og_title":"Galerie d'\u00e9quipements de gymnastique - Voir nos appareils de gymnastique en action","og_description":"D\u00e9couvrez nos machines de gymnastique, nos machines \u00e0 c\u00e2bles, nos rayonnages \u00e9lectriques et bien d'autres encore dans notre galerie. Voyez-les en action et trouvez l'appareil qui convient le mieux \u00e0 votre salle de sport.","og_url":"https:\/\/gymfactory.eu\/fr\/galerie\/galerie-de-videos\/","og_site_name":"Gym Factory","twitter_card":"summary_large_image","schema":{"@context":"https:\/\/schema.org","@graph":[{"@type":"WebPage","@id":"https:\/\/gymfactory.eu\/fr\/galerie\/galerie-de-videos\/","url":"https:\/\/gymfactory.eu\/fr\/galerie\/galerie-de-videos\/","name":"Galerie d'\u00e9quipements de gymnastique - Voir nos appareils de gymnastique en action","isPartOf":{"@id":"https:\/\/gymfactory.eu\/fr\/#website"},"datePublished":"2025-10-29T15:25:02+00:00","description":"D\u00e9couvrez nos machines de gymnastique, nos machines \u00e0 c\u00e2bles, nos rayonnages \u00e9lectriques et bien d'autres encore dans notre galerie. Voyez-les en action et trouvez l'appareil qui convient le mieux \u00e0 votre salle de sport.","breadcrumb":{"@id":"https:\/\/gymfactory.eu\/fr\/galerie\/galerie-de-videos\/#breadcrumb"},"inLanguage":"fr-FR","potentialAction":[{"@type":"ReadAction","target":["https:\/\/gymfactory.eu\/fr\/galerie\/galerie-de-videos\/"]}]},{"@type":"BreadcrumbList","@id":"https:\/\/gymfactory.eu\/fr\/galerie\/galerie-de-videos\/#breadcrumb","itemListElement":[{"@type":"ListItem","position":1,"name":"Home","item":"https:\/\/gymfactory.eu\/fr\/page-principale\/"},{"@type":"ListItem","position":2,"name":"Galerie","item":"https:\/\/gymfactory.eu\/fr\/galerie\/"},{"@type":"ListItem","position":3,"name":"Galerie de VID\u00c9OS"}]},{"@type":"WebSite","@id":"https:\/\/gymfactory.eu\/fr\/#website","url":"https:\/\/gymfactory.eu\/fr\/","name":"Gym Factory","description":"","publisher":{"@id":"https:\/\/gymfactory.eu\/fr\/#organization"},"potentialAction":[{"@type":"SearchAction","target":{"@type":"EntryPoint","urlTemplate":"https:\/\/gymfactory.eu\/fr\/?s={search_term_string}"},"query-input":{"@type":"PropertyValueSpecification","valueRequired":true,"valueName":"search_term_string"}}],"inLanguage":"fr-FR"},{"@type":"Organization","@id":"https:\/\/gymfactory.eu\/fr\/#organization","name":"Gym Factory","url":"https:\/\/gymfactory.eu\/fr\/","logo":{"@type":"ImageObject","inLanguage":"fr-FR","@id":"https:\/\/gymfactory.eu\/fr\/#\/schema\/logo\/image\/","url":"https:\/\/gymfactory.eu\/wp-content\/uploads\/2024\/11\/Component-1.svg","contentUrl":"https:\/\/gymfactory.eu\/wp-content\/uploads\/2024\/11\/Component-1.svg","width":54,"height":44,"caption":"Gym Factory"},"image":{"@id":"https:\/\/gymfactory.eu\/fr\/#\/schema\/logo\/image\/"}}]}},"_links":{"self":[{"href":"https:\/\/gymfactory.eu\/fr\/wp-json\/wp\/v2\/pages\/30526","targetHints":{"allow":["GET"]}}],"collection":[{"href":"https:\/\/gymfactory.eu\/fr\/wp-json\/wp\/v2\/pages"}],"about":[{"href":"https:\/\/gymfactory.eu\/fr\/wp-json\/wp\/v2\/types\/page"}],"author":[{"embeddable":true,"href":"https:\/\/gymfactory.eu\/fr\/wp-json\/wp\/v2\/users\/1"}],"replies":[{"embeddable":true,"href":"https:\/\/gymfactory.eu\/fr\/wp-json\/wp\/v2\/comments?post=30526"}],"version-history":[{"count":0,"href":"https:\/\/gymfactory.eu\/fr\/wp-json\/wp\/v2\/pages\/30526\/revisions"}],"up":[{"embeddable":true,"href":"https:\/\/gymfactory.eu\/fr\/wp-json\/wp\/v2\/pages\/30520"}],"wp:attachment":[{"href":"https:\/\/gymfactory.eu\/fr\/wp-json\/wp\/v2\/media?parent=30526"}],"curies":[{"name":"wp","href":"https:\/\/api.w.org\/{rel}","templated":true}]}}