{"id":30520,"date":"2025-10-29T17:10:47","date_gmt":"2025-10-29T15:10:47","guid":{"rendered":"https:\/\/gymfactory.eu\/galerie\/"},"modified":"2026-04-13T18:56:18","modified_gmt":"2026-04-13T15:56:18","slug":"galerie","status":"publish","type":"page","link":"https:\/\/gymfactory.eu\/fr\/galerie\/","title":{"rendered":"Galerie"},"content":{"rendered":"\t\t<div data-elementor-type=\"wp-page\" data-elementor-id=\"30520\" class=\"elementor elementor-30520 elementor-13801\" data-elementor-post-type=\"page\">\n\t\t\t\t<div class=\"elementor-element elementor-element-05221b9 e-flex e-con-boxed e-con e-parent\" data-id=\"05221b9\" data-element_type=\"container\">\n\t\t\t\t\t<div class=\"e-con-inner\">\n\t\t<div class=\"elementor-element elementor-element-1860d88 e-con-full e-flex e-con e-child\" data-id=\"1860d88\" data-element_type=\"container\">\n\t\t\t\t<div class=\"elementor-element elementor-element-d520bd9 elementor-widget elementor-widget-woocommerce-breadcrumb\" data-id=\"d520bd9\" data-element_type=\"widget\" data-widget_type=\"woocommerce-breadcrumb.default\">\n\t\t\t\t<div class=\"elementor-widget-container\">\n\t\t\t\t\t<nav class=\"woocommerce-breadcrumb\" aria-label=\"Breadcrumb\">Accueil<\/nav>\t\t\t\t<\/div>\n\t\t\t\t<\/div>\n\t\t\t\t<div class=\"elementor-element elementor-element-3749b3f elementor-widget elementor-widget-heading\" data-id=\"3749b3f\" data-element_type=\"widget\" data-widget_type=\"heading.default\">\n\t\t\t\t<div class=\"elementor-widget-container\">\n\t\t\t\t\t<h1 class=\"elementor-heading-title elementor-size-default\">Galerie<\/h1>\t\t\t\t<\/div>\n\t\t\t\t<\/div>\n\t\t\t\t<\/div>\n\t\t\t\t\t<\/div>\n\t\t\t\t<\/div>\n\t\t<div class=\"elementor-element elementor-element-d5b73df e-flex e-con-boxed e-con e-parent\" data-id=\"d5b73df\" data-element_type=\"container\">\n\t\t\t\t\t<div class=\"e-con-inner\">\n\t\t<a class=\"elementor-element elementor-element-9e6b8bf e-con-full e-flex e-con e-child\" data-id=\"9e6b8bf\" data-element_type=\"container\" href=\"https:\/\/gymfactory.eu\/gallery\/gallery-of-production\/\">\n\t\t\t\t<div class=\"elementor-element elementor-element-a7376b1 elementor-widget elementor-widget-heading\" data-id=\"a7376b1\" data-element_type=\"widget\" data-widget_type=\"heading.default\">\n\t\t\t\t<div class=\"elementor-widget-container\">\n\t\t\t\t\t<h2 class=\"elementor-heading-title elementor-size-default\">PRODUCTION<\/h2>\t\t\t\t<\/div>\n\t\t\t\t<\/div>\n\t\t\t\t<\/a>\n\t\t<a class=\"elementor-element elementor-element-af847ab e-con-full e-flex e-con e-child\" data-id=\"af847ab\" data-element_type=\"container\" href=\"https:\/\/gymfactory.eu\/gallery\/gallery-of-gyms\/\">\n\t\t\t\t<div class=\"elementor-element elementor-element-25ec4bb elementor-widget elementor-widget-heading\" data-id=\"25ec4bb\" data-element_type=\"widget\" data-widget_type=\"heading.default\">\n\t\t\t\t<div class=\"elementor-widget-container\">\n\t\t\t\t\t<h2 class=\"elementor-heading-title elementor-size-default\">SALLES DE SPORT<\/h2>\t\t\t\t<\/div>\n\t\t\t\t<\/div>\n\t\t\t\t<\/a>\n\t\t<a class=\"elementor-element elementor-element-8d92aff e-con-full e-flex e-con e-child\" data-id=\"8d92aff\" data-element_type=\"container\" href=\"https:\/\/gymfactory.eu\/gallery\/gallery-of-videos\/\">\n\t\t\t\t<div class=\"elementor-element elementor-element-986c708 elementor-widget elementor-widget-heading\" data-id=\"986c708\" data-element_type=\"widget\" data-widget_type=\"heading.default\">\n\t\t\t\t<div class=\"elementor-widget-container\">\n\t\t\t\t\t<h2 class=\"elementor-heading-title elementor-size-default\">VID\u00c9OS<\/h2>\t\t\t\t<\/div>\n\t\t\t\t<\/div>\n\t\t\t\t<\/a>\n\t\t<a class=\"elementor-element elementor-element-c0ec155 e-con-full e-flex e-con e-child\" data-id=\"c0ec155\" data-element_type=\"container\" href=\"https:\/\/gymfactory.eu\/gallery-of-clients\/\">\n\t\t\t\t<div class=\"elementor-element elementor-element-29ca057 elementor-widget elementor-widget-heading\" data-id=\"29ca057\" data-element_type=\"widget\" data-widget_type=\"heading.default\">\n\t\t\t\t<div class=\"elementor-widget-container\">\n\t\t\t\t\t<h2 class=\"elementor-heading-title elementor-size-default\">CLIENTS<\/h2>\t\t\t\t<\/div>\n\t\t\t\t<\/div>\n\t\t\t\t<\/a>\n\t\t\t\t\t<\/div>\n\t\t\t\t<\/div>\n\t\t\t\t<\/div>\n\t\t\n    <div class=\"xs_social_share_widget xs_share_url after_content \t\tmain_content  wslu-style-1 wslu-share-box-shaped wslu-fill-colored wslu-none wslu-share-horizontal wslu-theme-font-no wslu-main_content\">\n\n\t\t\n        <ul>\n\t\t\t        <\/ul>\n    <\/div> \n","protected":false},"excerpt":{"rendered":"<p>PRODUCTION SALLES DE SPORT VID\u00c9OS CLIENTS<\/p>\n","protected":false},"author":1,"featured_media":0,"parent":0,"menu_order":0,"comment_status":"closed","ping_status":"closed","template":"","meta":{"_acf_changed":false,"footnotes":""},"class_list":["post-30520","page","type-page","status-publish","hentry"],"acf":[],"yoast_head":"<!-- This site is optimized with the Yoast SEO plugin v25.2 - https:\/\/yoast.com\/wordpress\/plugins\/seo\/ -->\n<title>Galerie d&#039;\u00c9quipements de Musculation \u2013 D\u00e9couvrez Nos Machines en Action<\/title>\n<meta name=\"description\" content=\"D\u00e9couvrez nos machines de gymnastique, nos machines \u00e0 c\u00e2bles, nos rayonnages \u00e9lectriques et bien d&#039;autres encore dans notre galerie. Voyez-les en action et trouvez l&#039;appareil qui convient le mieux \u00e0 votre salle de sport.\" \/>\n<meta name=\"robots\" content=\"index, follow, max-snippet:-1, max-image-preview:large, max-video-preview:-1\" \/>\n<link rel=\"canonical\" href=\"https:\/\/gymfactory.eu\/fr\/galerie\/\" \/>\n<meta property=\"og:locale\" content=\"fr_FR\" \/>\n<meta property=\"og:type\" content=\"article\" \/>\n<meta property=\"og:title\" content=\"Galerie d&#039;\u00c9quipements de Musculation \u2013 D\u00e9couvrez Nos Machines en Action\" \/>\n<meta property=\"og:description\" content=\"D\u00e9couvrez nos machines de gymnastique, nos machines \u00e0 c\u00e2bles, nos rayonnages \u00e9lectriques et bien d&#039;autres encore dans notre galerie. Voyez-les en action et trouvez l&#039;appareil qui convient le mieux \u00e0 votre salle de sport.\" \/>\n<meta property=\"og:url\" content=\"https:\/\/gymfactory.eu\/fr\/galerie\/\" \/>\n<meta property=\"og:site_name\" content=\"Gym Factory\" \/>\n<meta property=\"article:modified_time\" content=\"2026-04-13T15:56:18+00:00\" \/>\n<meta name=\"twitter:card\" content=\"summary_large_image\" \/>\n<script type=\"application\/ld+json\" class=\"yoast-schema-graph\">{\"@context\":\"https:\/\/schema.org\",\"@graph\":[{\"@type\":\"WebPage\",\"@id\":\"https:\/\/gymfactory.eu\/fr\/galerie\/\",\"url\":\"https:\/\/gymfactory.eu\/fr\/galerie\/\",\"name\":\"Galerie d'\u00c9quipements de Musculation \u2013 D\u00e9couvrez Nos Machines en Action\",\"isPartOf\":{\"@id\":\"https:\/\/gymfactory.eu\/fr\/#website\"},\"datePublished\":\"2025-10-29T15:10:47+00:00\",\"dateModified\":\"2026-04-13T15:56:18+00:00\",\"description\":\"D\u00e9couvrez nos machines de gymnastique, nos machines \u00e0 c\u00e2bles, nos rayonnages \u00e9lectriques et bien d'autres encore dans notre galerie. Voyez-les en action et trouvez l'appareil qui convient le mieux \u00e0 votre salle de sport.\",\"breadcrumb\":{\"@id\":\"https:\/\/gymfactory.eu\/fr\/galerie\/#breadcrumb\"},\"inLanguage\":\"fr-FR\",\"potentialAction\":[{\"@type\":\"ReadAction\",\"target\":[\"https:\/\/gymfactory.eu\/fr\/galerie\/\"]}]},{\"@type\":\"BreadcrumbList\",\"@id\":\"https:\/\/gymfactory.eu\/fr\/galerie\/#breadcrumb\",\"itemListElement\":[{\"@type\":\"ListItem\",\"position\":1,\"name\":\"Home\",\"item\":\"https:\/\/gymfactory.eu\/fr\/page-principale\/\"},{\"@type\":\"ListItem\",\"position\":2,\"name\":\"Galerie\"}]},{\"@type\":\"WebSite\",\"@id\":\"https:\/\/gymfactory.eu\/fr\/#website\",\"url\":\"https:\/\/gymfactory.eu\/fr\/\",\"name\":\"Gym Factory\",\"description\":\"\",\"publisher\":{\"@id\":\"https:\/\/gymfactory.eu\/fr\/#organization\"},\"potentialAction\":[{\"@type\":\"SearchAction\",\"target\":{\"@type\":\"EntryPoint\",\"urlTemplate\":\"https:\/\/gymfactory.eu\/fr\/?s={search_term_string}\"},\"query-input\":{\"@type\":\"PropertyValueSpecification\",\"valueRequired\":true,\"valueName\":\"search_term_string\"}}],\"inLanguage\":\"fr-FR\"},{\"@type\":\"Organization\",\"@id\":\"https:\/\/gymfactory.eu\/fr\/#organization\",\"name\":\"Gym Factory\",\"url\":\"https:\/\/gymfactory.eu\/fr\/\",\"logo\":{\"@type\":\"ImageObject\",\"inLanguage\":\"fr-FR\",\"@id\":\"https:\/\/gymfactory.eu\/fr\/#\/schema\/logo\/image\/\",\"url\":\"https:\/\/gymfactory.eu\/wp-content\/uploads\/2024\/11\/Component-1.svg\",\"contentUrl\":\"https:\/\/gymfactory.eu\/wp-content\/uploads\/2024\/11\/Component-1.svg\",\"width\":54,\"height\":44,\"caption\":\"Gym Factory\"},\"image\":{\"@id\":\"https:\/\/gymfactory.eu\/fr\/#\/schema\/logo\/image\/\"}}]}<\/script>\n<!-- \/ Yoast SEO plugin. -->","yoast_head_json":{"title":"Galerie d'\u00c9quipements de Musculation \u2013 D\u00e9couvrez Nos Machines en Action","description":"D\u00e9couvrez nos machines de gymnastique, nos machines \u00e0 c\u00e2bles, nos rayonnages \u00e9lectriques et bien d'autres encore dans notre galerie. Voyez-les en action et trouvez l'appareil qui convient le mieux \u00e0 votre salle de sport.","robots":{"index":"index","follow":"follow","max-snippet":"max-snippet:-1","max-image-preview":"max-image-preview:large","max-video-preview":"max-video-preview:-1"},"canonical":"https:\/\/gymfactory.eu\/fr\/galerie\/","og_locale":"fr_FR","og_type":"article","og_title":"Galerie d'\u00c9quipements de Musculation \u2013 D\u00e9couvrez Nos Machines en Action","og_description":"D\u00e9couvrez nos machines de gymnastique, nos machines \u00e0 c\u00e2bles, nos rayonnages \u00e9lectriques et bien d'autres encore dans notre galerie. Voyez-les en action et trouvez l'appareil qui convient le mieux \u00e0 votre salle de sport.","og_url":"https:\/\/gymfactory.eu\/fr\/galerie\/","og_site_name":"Gym Factory","article_modified_time":"2026-04-13T15:56:18+00:00","twitter_card":"summary_large_image","schema":{"@context":"https:\/\/schema.org","@graph":[{"@type":"WebPage","@id":"https:\/\/gymfactory.eu\/fr\/galerie\/","url":"https:\/\/gymfactory.eu\/fr\/galerie\/","name":"Galerie d'\u00c9quipements de Musculation \u2013 D\u00e9couvrez Nos Machines en Action","isPartOf":{"@id":"https:\/\/gymfactory.eu\/fr\/#website"},"datePublished":"2025-10-29T15:10:47+00:00","dateModified":"2026-04-13T15:56:18+00:00","description":"D\u00e9couvrez nos machines de gymnastique, nos machines \u00e0 c\u00e2bles, nos rayonnages \u00e9lectriques et bien d'autres encore dans notre galerie. Voyez-les en action et trouvez l'appareil qui convient le mieux \u00e0 votre salle de sport.","breadcrumb":{"@id":"https:\/\/gymfactory.eu\/fr\/galerie\/#breadcrumb"},"inLanguage":"fr-FR","potentialAction":[{"@type":"ReadAction","target":["https:\/\/gymfactory.eu\/fr\/galerie\/"]}]},{"@type":"BreadcrumbList","@id":"https:\/\/gymfactory.eu\/fr\/galerie\/#breadcrumb","itemListElement":[{"@type":"ListItem","position":1,"name":"Home","item":"https:\/\/gymfactory.eu\/fr\/page-principale\/"},{"@type":"ListItem","position":2,"name":"Galerie"}]},{"@type":"WebSite","@id":"https:\/\/gymfactory.eu\/fr\/#website","url":"https:\/\/gymfactory.eu\/fr\/","name":"Gym Factory","description":"","publisher":{"@id":"https:\/\/gymfactory.eu\/fr\/#organization"},"potentialAction":[{"@type":"SearchAction","target":{"@type":"EntryPoint","urlTemplate":"https:\/\/gymfactory.eu\/fr\/?s={search_term_string}"},"query-input":{"@type":"PropertyValueSpecification","valueRequired":true,"valueName":"search_term_string"}}],"inLanguage":"fr-FR"},{"@type":"Organization","@id":"https:\/\/gymfactory.eu\/fr\/#organization","name":"Gym Factory","url":"https:\/\/gymfactory.eu\/fr\/","logo":{"@type":"ImageObject","inLanguage":"fr-FR","@id":"https:\/\/gymfactory.eu\/fr\/#\/schema\/logo\/image\/","url":"https:\/\/gymfactory.eu\/wp-content\/uploads\/2024\/11\/Component-1.svg","contentUrl":"https:\/\/gymfactory.eu\/wp-content\/uploads\/2024\/11\/Component-1.svg","width":54,"height":44,"caption":"Gym Factory"},"image":{"@id":"https:\/\/gymfactory.eu\/fr\/#\/schema\/logo\/image\/"}}]}},"_links":{"self":[{"href":"https:\/\/gymfactory.eu\/fr\/wp-json\/wp\/v2\/pages\/30520","targetHints":{"allow":["GET"]}}],"collection":[{"href":"https:\/\/gymfactory.eu\/fr\/wp-json\/wp\/v2\/pages"}],"about":[{"href":"https:\/\/gymfactory.eu\/fr\/wp-json\/wp\/v2\/types\/page"}],"author":[{"embeddable":true,"href":"https:\/\/gymfactory.eu\/fr\/wp-json\/wp\/v2\/users\/1"}],"replies":[{"embeddable":true,"href":"https:\/\/gymfactory.eu\/fr\/wp-json\/wp\/v2\/comments?post=30520"}],"version-history":[{"count":1,"href":"https:\/\/gymfactory.eu\/fr\/wp-json\/wp\/v2\/pages\/30520\/revisions"}],"predecessor-version":[{"id":30521,"href":"https:\/\/gymfactory.eu\/fr\/wp-json\/wp\/v2\/pages\/30520\/revisions\/30521"}],"wp:attachment":[{"href":"https:\/\/gymfactory.eu\/fr\/wp-json\/wp\/v2\/media?parent=30520"}],"curies":[{"name":"wp","href":"https:\/\/api.w.org\/{rel}","templated":true}]}}