{"id":30497,"date":"2025-06-05T12:33:51","date_gmt":"2025-06-05T09:33:51","guid":{"rendered":"https:\/\/gymfactory.eu\/chariot\/"},"modified":"2026-04-12T19:47:49","modified_gmt":"2026-04-12T16:47:49","slug":"chariot","status":"publish","type":"page","link":"https:\/\/gymfactory.eu\/fr\/chariot\/","title":{"rendered":"Chariot"},"content":{"rendered":"<div data-block-name=\"woocommerce\/cart\" class=\"wp-block-woocommerce-cart alignwide is-loading\"><div data-block-name=\"woocommerce\/filled-cart-block\" class=\"wp-block-woocommerce-filled-cart-block\"><div data-block-name=\"woocommerce\/cart-items-block\" class=\"wp-block-woocommerce-cart-items-block\"><div data-block-name=\"woocommerce\/cart-line-items-block\" data-translated-with-w-p-m-l-t-m=\"1\" class=\"wp-block-woocommerce-cart-line-items-block\"\/>\n\n<div data-block-name=\"woocommerce\/cart-cross-sells-block\" class=\"wp-block-woocommerce-cart-cross-sells-block\"><h2 class=\"wp-block-heading has-large-font-size\">Vous pourriez \u00eatre int\u00e9ress\u00e9 par&#8230;<\/h2>\n\n<div data-block-name=\"woocommerce\/cart-cross-sells-products-block\" data-translated-with-w-p-m-l-t-m=\"1\" class=\"wp-block-woocommerce-cart-cross-sells-products-block\"\/><\/div><\/div>\n\n<div data-block-name=\"woocommerce\/cart-totals-block\" class=\"wp-block-woocommerce-cart-totals-block\"><div data-block-name=\"woocommerce\/cart-order-summary-block\" class=\"wp-block-woocommerce-cart-order-summary-block\">\n\t\t\t<div data-block-name=\"woocommerce\/cart-order-summary-heading-block\" class=\"wp-block-woocommerce-cart-order-summary-heading-block\"><\/div>\n\t\t\t<div data-block-name=\"woocommerce\/cart-order-summary-subtotal-block\" class=\"wp-block-woocommerce-cart-order-summary-subtotal-block\"><\/div>\n\t\t\t<div data-block-name=\"woocommerce\/cart-order-summary-fee-block\" class=\"wp-block-woocommerce-cart-order-summary-fee-block\"><\/div>\n\t\t\t<div data-block-name=\"woocommerce\/cart-order-summary-discount-block\" class=\"wp-block-woocommerce-cart-order-summary-discount-block\"><\/div>\n\t\t\t<div data-block-name=\"woocommerce\/cart-order-summary-coupon-form-block\" class=\"wp-block-woocommerce-cart-order-summary-coupon-form-block\"><\/div>\n\t\t\t<div data-block-name=\"woocommerce\/cart-order-summary-shipping-form-block\" class=\"wp-block-woocommerce-cart-order-summary-shipping-block\"><\/div>\n\t\t\t<div data-block-name=\"woocommerce\/cart-order-summary-taxes-block\" class=\"wp-block-woocommerce-cart-order-summary-taxes-block\"><\/div>\n\t\t<div data-block-name=\"woocommerce\/cart-order-summary-heading-block\" class=\"wp-block-woocommerce-cart-order-summary-heading-block\"><\/div><div data-block-name=\"woocommerce\/cart-order-summary-coupon-form-block\" data-translated-with-w-p-m-l-t-m=\"1\" class=\"wp-block-woocommerce-cart-order-summary-coupon-form-block\"\/>\n\n<div data-block-name=\"woocommerce\/cart-express-payment-block\" data-translated-with-w-p-m-l-t-m=\"1\" class=\"wp-block-woocommerce-cart-express-payment-block\"\/>\n\n<div data-block-name=\"woocommerce\/proceed-to-checkout-block\" class=\"wp-block-woocommerce-proceed-to-checkout-block\"><\/div>\n\n<div data-block-name=\"woocommerce\/cart-accepted-payment-methods-block\" data-translated-with-w-p-m-l-t-m=\"1\" class=\"wp-block-woocommerce-cart-accepted-payment-methods-block\"\/><\/div><\/div>\n\n<div data-block-name=\"woocommerce\/empty-cart-block\" class=\"wp-block-woocommerce-empty-cart-block\"><h2 class=\"wp-block-heading has-text-align-center with-empty-cart-icon wc-block-cart__empty-cart__title\">Votre panier est actuellement vide !<\/h2>\n\n<hr class=\"wp-block-separator has-alpha-channel-opacity is-style-dots\"\/>\n\n<h2 class=\"wp-block-heading has-text-align-center\">Nouveau en magasin<\/h2>\n\n<div data-block-name=\"woocommerce\/product-new\" data-columns=\"4\" data-rows=\"1\" class=\"wc-block-grid wp-block-product-new wp-block-woocommerce-product-new wc-block-product-new has-4-columns\"><ul class=\"wc-block-grid__products\"><li class=\"wc-block-grid__product\">\n\t\t\t\t<a href=\"https:\/\/gymfactory.eu\/fr\/product\/l3b-back-hyperextension-machine\/\" class=\"wc-block-grid__product-link\">\n\t\t\t\t\t\n\t\t\t\t\t<div class=\"wc-block-grid__product-image\"><img fetchpriority=\"high\" decoding=\"async\" width=\"1024\" height=\"1024\" src=\"https:\/\/gymfactory.eu\/wp-content\/uploads\/2026\/04\/L3B-2-1024x1024.webp\" class=\"attachment-woocommerce_thumbnail size-woocommerce_thumbnail\" alt=\"Single stack reverse hyperextension machine with adjustable pads and cable resistance system\" srcset=\"https:\/\/gymfactory.eu\/wp-content\/uploads\/2026\/04\/L3B-2-1024x1024.webp 1024w, https:\/\/gymfactory.eu\/wp-content\/uploads\/2026\/04\/L3B-2-300x300.webp 300w, https:\/\/gymfactory.eu\/wp-content\/uploads\/2026\/04\/L3B-2-150x150.webp 150w, https:\/\/gymfactory.eu\/wp-content\/uploads\/2026\/04\/L3B-2-768x768.webp 768w, https:\/\/gymfactory.eu\/wp-content\/uploads\/2026\/04\/L3B-2-100x100.webp 100w, https:\/\/gymfactory.eu\/wp-content\/uploads\/2026\/04\/L3B-2.webp 1500w\" sizes=\"(max-width: 1024px) 100vw, 1024px\" \/><\/div>\n\t\t\t\t\t<div class=\"wc-block-grid__product-title\">L3B Back Hyperextension Machine<\/div>\n\t\t\t\t<\/a>\n\t\t\t\t<div class=\"wc-block-grid__product-price price\"><span class=\"woocommerce-Price-amount amount\">2200,00&nbsp;<span class=\"woocommerce-Price-currencySymbol\">&euro;<\/span><\/span> &ndash; <span class=\"woocommerce-Price-amount amount\">2850,00&nbsp;<span class=\"woocommerce-Price-currencySymbol\">&euro;<\/span><\/span><\/div>\n\t\t\t\t\n\t\t\t\t<div class=\"wp-block-button wc-block-grid__product-add-to-cart\"><a href=\"https:\/\/gymfactory.eu\/fr\/product\/l3b-back-hyperextension-machine\/\" aria-label=\"S\u00e9lectionner les options pour &ldquo;L3B Back Hyperextension Machine&rdquo;\" data-quantity=\"1\" data-product_id=\"30132\" data-product_sku=\"\" data-price=\"2200\" rel=\"nofollow\" class=\"wp-block-button__link  add_to_cart_button\">Choix des options<\/a><\/div>\n\t\t\t<\/li><li class=\"wc-block-grid__product\">\n\t\t\t\t<a href=\"https:\/\/gymfactory.eu\/fr\/product\/z24-competition-chalk-stand\/\" class=\"wc-block-grid__product-link\">\n\t\t\t\t\t\n\t\t\t\t\t<div class=\"wc-block-grid__product-image\"><img decoding=\"async\" width=\"1024\" height=\"1024\" src=\"https:\/\/gymfactory.eu\/wp-content\/uploads\/2026\/04\/Competition-Chalk-Stand-1024x1024.webp\" class=\"attachment-woocommerce_thumbnail size-woocommerce_thumbnail\" alt=\"Premium magnesium chalk stand for gyms with stable steel frame, chalk bowl, accessory hooks and wheels for mobility\" srcset=\"https:\/\/gymfactory.eu\/wp-content\/uploads\/2026\/04\/Competition-Chalk-Stand-1024x1024.webp 1024w, https:\/\/gymfactory.eu\/wp-content\/uploads\/2026\/04\/Competition-Chalk-Stand-300x300.webp 300w, https:\/\/gymfactory.eu\/wp-content\/uploads\/2026\/04\/Competition-Chalk-Stand-150x150.webp 150w, https:\/\/gymfactory.eu\/wp-content\/uploads\/2026\/04\/Competition-Chalk-Stand-768x768.webp 768w, https:\/\/gymfactory.eu\/wp-content\/uploads\/2026\/04\/Competition-Chalk-Stand-100x100.webp 100w, https:\/\/gymfactory.eu\/wp-content\/uploads\/2026\/04\/Competition-Chalk-Stand.webp 1500w\" sizes=\"(max-width: 1024px) 100vw, 1024px\" \/><\/div>\n\t\t\t\t\t<div class=\"wc-block-grid__product-title\">Z24 Competition Chalk Stand<\/div>\n\t\t\t\t<\/a>\n\t\t\t\t<div class=\"wc-block-grid__product-price price\"><span class=\"woocommerce-Price-amount amount\">280,00&nbsp;<span class=\"woocommerce-Price-currencySymbol\">&euro;<\/span><\/span><\/div>\n\t\t\t\t\n\t\t\t\t<div class=\"wp-block-button wc-block-grid__product-add-to-cart\"><a href=\"?add-to-cart=29663\" aria-label=\"Ajouter au panier\u00a0: &ldquo;Z24 Competition Chalk Stand&rdquo;\" data-quantity=\"1\" data-product_id=\"29663\" data-product_sku=\"\" data-price=\"280\" rel=\"nofollow\" class=\"wp-block-button__link  add_to_cart_button ajax_add_to_cart\">Ajouter au panier<\/a><\/div>\n\t\t\t<\/li><li class=\"wc-block-grid__product\">\n\t\t\t\t<a href=\"https:\/\/gymfactory.eu\/fr\/product\/b11-all-in-one-home-gym-system\/\" class=\"wc-block-grid__product-link\">\n\t\t\t\t\t\n\t\t\t\t\t<div class=\"wc-block-grid__product-image\"><img decoding=\"async\" width=\"1024\" height=\"1024\" src=\"https:\/\/gymfactory.eu\/wp-content\/uploads\/2026\/03\/b11-home-gym-complete-set-1024x1024.png\" class=\"attachment-woocommerce_thumbnail size-woocommerce_thumbnail\" alt=\"B11 home gym system\" srcset=\"https:\/\/gymfactory.eu\/wp-content\/uploads\/2026\/03\/b11-home-gym-complete-set-1024x1024.png 1024w, https:\/\/gymfactory.eu\/wp-content\/uploads\/2026\/03\/b11-home-gym-complete-set-300x300.png 300w, https:\/\/gymfactory.eu\/wp-content\/uploads\/2026\/03\/b11-home-gym-complete-set-150x150.png 150w, https:\/\/gymfactory.eu\/wp-content\/uploads\/2026\/03\/b11-home-gym-complete-set-768x768.png 768w, https:\/\/gymfactory.eu\/wp-content\/uploads\/2026\/03\/b11-home-gym-complete-set-100x100.png 100w, https:\/\/gymfactory.eu\/wp-content\/uploads\/2026\/03\/b11-home-gym-complete-set.png 1500w\" sizes=\"(max-width: 1024px) 100vw, 1024px\" \/><\/div>\n\t\t\t\t\t<div class=\"wc-block-grid__product-title\">B11 Complete Set &#8211; Full Training System<\/div>\n\t\t\t\t<\/a>\n\t\t\t\t<div class=\"wc-block-grid__product-price price\"><span class=\"woocommerce-Price-amount amount\">4990,00&nbsp;<span class=\"woocommerce-Price-currencySymbol\">&euro;<\/span><\/span> &ndash; <span class=\"woocommerce-Price-amount amount\">5550,00&nbsp;<span class=\"woocommerce-Price-currencySymbol\">&euro;<\/span><\/span><\/div>\n\t\t\t\t\n\t\t\t\t<div class=\"wp-block-button wc-block-grid__product-add-to-cart\"><a href=\"https:\/\/gymfactory.eu\/fr\/product\/b11-all-in-one-home-gym-system\/\" aria-label=\"S\u00e9lectionner les options pour &ldquo;B11 Complete Set - Full Training System&rdquo;\" data-quantity=\"1\" data-product_id=\"29183\" data-product_sku=\"\" data-price=\"4990\" rel=\"nofollow\" class=\"wp-block-button__link  add_to_cart_button\">Choix des options<\/a><\/div>\n\t\t\t<\/li><li class=\"wc-block-grid__product\">\n\t\t\t\t<a href=\"https:\/\/gymfactory.eu\/fr\/product\/z03g1x-texas-deadlift-bar\/\" class=\"wc-block-grid__product-link\">\n\t\t\t\t\t\n\t\t\t\t\t<div class=\"wc-block-grid__product-image\"><img loading=\"lazy\" decoding=\"async\" width=\"1024\" height=\"1024\" src=\"https:\/\/gymfactory.eu\/wp-content\/uploads\/2026\/02\/gym-factory-texas-deadlift-bar-z03g1x-230cm-681kg-2-1024x1024.jpg\" class=\"attachment-woocommerce_thumbnail size-woocommerce_thumbnail\" alt=\"Gym Factory Texas deadlift bar 230 cm with 681 kg load capacity\" srcset=\"https:\/\/gymfactory.eu\/wp-content\/uploads\/2026\/02\/gym-factory-texas-deadlift-bar-z03g1x-230cm-681kg-2-1024x1024.jpg 1024w, https:\/\/gymfactory.eu\/wp-content\/uploads\/2026\/02\/gym-factory-texas-deadlift-bar-z03g1x-230cm-681kg-2-300x300.jpg 300w, https:\/\/gymfactory.eu\/wp-content\/uploads\/2026\/02\/gym-factory-texas-deadlift-bar-z03g1x-230cm-681kg-2-150x150.jpg 150w, https:\/\/gymfactory.eu\/wp-content\/uploads\/2026\/02\/gym-factory-texas-deadlift-bar-z03g1x-230cm-681kg-2-768x768.jpg 768w, https:\/\/gymfactory.eu\/wp-content\/uploads\/2026\/02\/gym-factory-texas-deadlift-bar-z03g1x-230cm-681kg-2-100x100.jpg 100w, https:\/\/gymfactory.eu\/wp-content\/uploads\/2026\/02\/gym-factory-texas-deadlift-bar-z03g1x-230cm-681kg-2.jpg 1500w\" sizes=\"(max-width: 1024px) 100vw, 1024px\" \/><\/div>\n\t\t\t\t\t<div class=\"wc-block-grid__product-title\">Z03G1X Texas Deadlift Bar<\/div>\n\t\t\t\t<\/a>\n\t\t\t\t<div class=\"wc-block-grid__product-price price\"><span class=\"woocommerce-Price-amount amount\">190,00&nbsp;<span class=\"woocommerce-Price-currencySymbol\">&euro;<\/span><\/span><\/div>\n\t\t\t\t\n\t\t\t\t<div class=\"wp-block-button wc-block-grid__product-add-to-cart\"><a href=\"?add-to-cart=27503\" aria-label=\"Ajouter au panier\u00a0: &ldquo;Z03G1X Texas Deadlift Bar&rdquo;\" data-quantity=\"1\" data-product_id=\"27503\" data-product_sku=\"\" data-price=\"190\" rel=\"nofollow\" class=\"wp-block-button__link  add_to_cart_button ajax_add_to_cart\">Ajouter au panier<\/a><\/div>\n\t\t\t<\/li><\/ul><\/div><\/div><\/div>\n    <div class=\"xs_social_share_widget xs_share_url after_content \t\tmain_content  wslu-style-1 wslu-share-box-shaped wslu-fill-colored wslu-none wslu-share-horizontal wslu-theme-font-no wslu-main_content\">\n\n\t\t\n        <ul>\n\t\t\t        <\/ul>\n    <\/div> \n","protected":false},"excerpt":{"rendered":"","protected":false},"author":1,"featured_media":0,"parent":0,"menu_order":0,"comment_status":"closed","ping_status":"closed","template":"","meta":{"_acf_changed":false,"footnotes":""},"class_list":["post-30497","page","type-page","status-publish","hentry"],"acf":[],"yoast_head":"<!-- This site is optimized with the Yoast SEO plugin v25.2 - https:\/\/yoast.com\/wordpress\/plugins\/seo\/ -->\n<title>Chariot - Gym Factory<\/title>\n<meta name=\"robots\" content=\"index, follow, max-snippet:-1, max-image-preview:large, max-video-preview:-1\" \/>\n<link rel=\"canonical\" href=\"https:\/\/gymfactory.eu\/fr\/chariot\/\" \/>\n<meta property=\"og:locale\" content=\"fr_FR\" \/>\n<meta property=\"og:type\" content=\"article\" \/>\n<meta property=\"og:title\" content=\"Chariot - Gym Factory\" \/>\n<meta property=\"og:url\" content=\"https:\/\/gymfactory.eu\/fr\/chariot\/\" \/>\n<meta property=\"og:site_name\" content=\"Gym Factory\" \/>\n<meta property=\"article:modified_time\" content=\"2026-04-12T16:47:49+00:00\" \/>\n<meta name=\"twitter:card\" content=\"summary_large_image\" \/>\n<script type=\"application\/ld+json\" class=\"yoast-schema-graph\">{\"@context\":\"https:\/\/schema.org\",\"@graph\":[{\"@type\":\"WebPage\",\"@id\":\"https:\/\/gymfactory.eu\/fr\/chariot\/\",\"url\":\"https:\/\/gymfactory.eu\/fr\/chariot\/\",\"name\":\"Chariot - Gym Factory\",\"isPartOf\":{\"@id\":\"https:\/\/gymfactory.eu\/fr\/#website\"},\"datePublished\":\"2025-06-05T09:33:51+00:00\",\"dateModified\":\"2026-04-12T16:47:49+00:00\",\"breadcrumb\":{\"@id\":\"https:\/\/gymfactory.eu\/fr\/chariot\/#breadcrumb\"},\"inLanguage\":\"fr-FR\",\"potentialAction\":[{\"@type\":\"ReadAction\",\"target\":[\"https:\/\/gymfactory.eu\/fr\/chariot\/\"]}]},{\"@type\":\"BreadcrumbList\",\"@id\":\"https:\/\/gymfactory.eu\/fr\/chariot\/#breadcrumb\",\"itemListElement\":[{\"@type\":\"ListItem\",\"position\":1,\"name\":\"Home\",\"item\":\"https:\/\/gymfactory.eu\/fr\/page-principale\/\"},{\"@type\":\"ListItem\",\"position\":2,\"name\":\"Chariot\"}]},{\"@type\":\"WebSite\",\"@id\":\"https:\/\/gymfactory.eu\/fr\/#website\",\"url\":\"https:\/\/gymfactory.eu\/fr\/\",\"name\":\"Gym Factory\",\"description\":\"\",\"publisher\":{\"@id\":\"https:\/\/gymfactory.eu\/fr\/#organization\"},\"potentialAction\":[{\"@type\":\"SearchAction\",\"target\":{\"@type\":\"EntryPoint\",\"urlTemplate\":\"https:\/\/gymfactory.eu\/fr\/?s={search_term_string}\"},\"query-input\":{\"@type\":\"PropertyValueSpecification\",\"valueRequired\":true,\"valueName\":\"search_term_string\"}}],\"inLanguage\":\"fr-FR\"},{\"@type\":\"Organization\",\"@id\":\"https:\/\/gymfactory.eu\/fr\/#organization\",\"name\":\"Gym Factory\",\"url\":\"https:\/\/gymfactory.eu\/fr\/\",\"logo\":{\"@type\":\"ImageObject\",\"inLanguage\":\"fr-FR\",\"@id\":\"https:\/\/gymfactory.eu\/fr\/#\/schema\/logo\/image\/\",\"url\":\"https:\/\/gymfactory.eu\/wp-content\/uploads\/2024\/11\/Component-1.svg\",\"contentUrl\":\"https:\/\/gymfactory.eu\/wp-content\/uploads\/2024\/11\/Component-1.svg\",\"width\":54,\"height\":44,\"caption\":\"Gym Factory\"},\"image\":{\"@id\":\"https:\/\/gymfactory.eu\/fr\/#\/schema\/logo\/image\/\"}}]}<\/script>\n<!-- \/ Yoast SEO plugin. -->","yoast_head_json":{"title":"Chariot - Gym Factory","robots":{"index":"index","follow":"follow","max-snippet":"max-snippet:-1","max-image-preview":"max-image-preview:large","max-video-preview":"max-video-preview:-1"},"canonical":"https:\/\/gymfactory.eu\/fr\/chariot\/","og_locale":"fr_FR","og_type":"article","og_title":"Chariot - Gym Factory","og_url":"https:\/\/gymfactory.eu\/fr\/chariot\/","og_site_name":"Gym Factory","article_modified_time":"2026-04-12T16:47:49+00:00","twitter_card":"summary_large_image","schema":{"@context":"https:\/\/schema.org","@graph":[{"@type":"WebPage","@id":"https:\/\/gymfactory.eu\/fr\/chariot\/","url":"https:\/\/gymfactory.eu\/fr\/chariot\/","name":"Chariot - Gym Factory","isPartOf":{"@id":"https:\/\/gymfactory.eu\/fr\/#website"},"datePublished":"2025-06-05T09:33:51+00:00","dateModified":"2026-04-12T16:47:49+00:00","breadcrumb":{"@id":"https:\/\/gymfactory.eu\/fr\/chariot\/#breadcrumb"},"inLanguage":"fr-FR","potentialAction":[{"@type":"ReadAction","target":["https:\/\/gymfactory.eu\/fr\/chariot\/"]}]},{"@type":"BreadcrumbList","@id":"https:\/\/gymfactory.eu\/fr\/chariot\/#breadcrumb","itemListElement":[{"@type":"ListItem","position":1,"name":"Home","item":"https:\/\/gymfactory.eu\/fr\/page-principale\/"},{"@type":"ListItem","position":2,"name":"Chariot"}]},{"@type":"WebSite","@id":"https:\/\/gymfactory.eu\/fr\/#website","url":"https:\/\/gymfactory.eu\/fr\/","name":"Gym Factory","description":"","publisher":{"@id":"https:\/\/gymfactory.eu\/fr\/#organization"},"potentialAction":[{"@type":"SearchAction","target":{"@type":"EntryPoint","urlTemplate":"https:\/\/gymfactory.eu\/fr\/?s={search_term_string}"},"query-input":{"@type":"PropertyValueSpecification","valueRequired":true,"valueName":"search_term_string"}}],"inLanguage":"fr-FR"},{"@type":"Organization","@id":"https:\/\/gymfactory.eu\/fr\/#organization","name":"Gym Factory","url":"https:\/\/gymfactory.eu\/fr\/","logo":{"@type":"ImageObject","inLanguage":"fr-FR","@id":"https:\/\/gymfactory.eu\/fr\/#\/schema\/logo\/image\/","url":"https:\/\/gymfactory.eu\/wp-content\/uploads\/2024\/11\/Component-1.svg","contentUrl":"https:\/\/gymfactory.eu\/wp-content\/uploads\/2024\/11\/Component-1.svg","width":54,"height":44,"caption":"Gym Factory"},"image":{"@id":"https:\/\/gymfactory.eu\/fr\/#\/schema\/logo\/image\/"}}]}},"_links":{"self":[{"href":"https:\/\/gymfactory.eu\/fr\/wp-json\/wp\/v2\/pages\/30497","targetHints":{"allow":["GET"]}}],"collection":[{"href":"https:\/\/gymfactory.eu\/fr\/wp-json\/wp\/v2\/pages"}],"about":[{"href":"https:\/\/gymfactory.eu\/fr\/wp-json\/wp\/v2\/types\/page"}],"author":[{"embeddable":true,"href":"https:\/\/gymfactory.eu\/fr\/wp-json\/wp\/v2\/users\/1"}],"replies":[{"embeddable":true,"href":"https:\/\/gymfactory.eu\/fr\/wp-json\/wp\/v2\/comments?post=30497"}],"version-history":[{"count":1,"href":"https:\/\/gymfactory.eu\/fr\/wp-json\/wp\/v2\/pages\/30497\/revisions"}],"predecessor-version":[{"id":30498,"href":"https:\/\/gymfactory.eu\/fr\/wp-json\/wp\/v2\/pages\/30497\/revisions\/30498"}],"wp:attachment":[{"href":"https:\/\/gymfactory.eu\/fr\/wp-json\/wp\/v2\/media?parent=30497"}],"curies":[{"name":"wp","href":"https:\/\/api.w.org\/{rel}","templated":true}]}}