{"id":30489,"date":"2025-04-04T13:15:17","date_gmt":"2025-04-04T10:15:17","guid":{"rendered":"https:\/\/gymfactory.eu\/politique-dexpedition\/"},"modified":"2026-04-12T19:01:17","modified_gmt":"2026-04-12T16:01:17","slug":"politique-dexpedition","status":"publish","type":"page","link":"https:\/\/gymfactory.eu\/fr\/politique-dexpedition\/","title":{"rendered":"Politique d&rsquo;Exp\u00e9dition"},"content":{"rendered":"\t\t<div data-elementor-type=\"wp-page\" data-elementor-id=\"30489\" class=\"elementor elementor-30489 elementor-5724\" data-elementor-post-type=\"page\">\n\t\t\t\t<div class=\"elementor-element elementor-element-7c05dda elementor-hidden-mobile e-flex e-con-boxed e-con e-parent\" data-id=\"7c05dda\" data-element_type=\"container\" data-settings=\"{&quot;background_background&quot;:&quot;classic&quot;}\">\n\t\t\t\t\t<div class=\"e-con-inner\">\n\t\t\t\t\t<\/div>\n\t\t\t\t<\/div>\n\t\t<div class=\"elementor-element elementor-element-b385f21 e-flex e-con-boxed e-con e-parent\" data-id=\"b385f21\" data-element_type=\"container\">\n\t\t\t\t\t<div class=\"e-con-inner\">\n\t\t<div class=\"elementor-element elementor-element-a4e88da e-con-full e-flex e-con e-child\" data-id=\"a4e88da\" data-element_type=\"container\">\n\t\t\t\t<div class=\"elementor-element elementor-element-fc2319d elementor-widget elementor-widget-woocommerce-breadcrumb\" data-id=\"fc2319d\" data-element_type=\"widget\" data-widget_type=\"woocommerce-breadcrumb.default\">\n\t\t\t\t<div class=\"elementor-widget-container\">\n\t\t\t\t\t<nav class=\"woocommerce-breadcrumb\" aria-label=\"Breadcrumb\">Accueil<\/nav>\t\t\t\t<\/div>\n\t\t\t\t<\/div>\n\t\t\t\t<div class=\"elementor-element elementor-element-dcaeff0 elementor-widget elementor-widget-heading\" data-id=\"dcaeff0\" data-element_type=\"widget\" data-widget_type=\"heading.default\">\n\t\t\t\t<div class=\"elementor-widget-container\">\n\t\t\t\t\t<h1 class=\"elementor-heading-title elementor-size-default\">Politique d&rsquo;Exp\u00e9dition<\/h1>\t\t\t\t<\/div>\n\t\t\t\t<\/div>\n\t\t\t\t<div class=\"elementor-element elementor-element-1f86e87 elementor-widget elementor-widget-text-editor\" data-id=\"1f86e87\" data-element_type=\"widget\" data-widget_type=\"text-editor.default\">\n\t\t\t\t<div class=\"elementor-widget-container\">\n\t\t\t\t\t\t\t\t\t<h3><strong>1. CO\u00dbT DE LIVRAISON<\/strong><\/h3><p><strong>1.1.<\/strong> Le co\u00fbt de livraison est d\u00e9termin\u00e9 individuellement, en fonction de la taille de la commande et du lieu de livraison. Nous vous communiquerons le prix exact au moment de votre commande. <\/p><h3> <\/h3><h3><strong>2. D\u00c9LAI DE LIVRAISON<\/strong><\/h3><p><strong>2.1.<\/strong> La livraison au sein de l&rsquo;Union europ\u00e9enne prend g\u00e9n\u00e9ralement 1 \u00e0 2 semaines \u00e0 compter de la date de production.<br><strong>2.2.<\/strong> Les livraisons en dehors de l&rsquo;UE peuvent prendre plus de temps. Le distributeur responsable vous communiquera la dur\u00e9e exacte de la livraison. <\/p><h3> <\/h3><h3><strong>3. TAILLE DE LA COMMANDE<\/strong><\/h3><p><strong>3.1.<\/strong> Nous organisons le transport aussi bien pour des chargements de camions partiels que complets. Selon la taille de la commande, nous d\u00e9terminerons les conditions de livraison. <\/p><h3> <\/h3><h3><strong>4. EMBALLAGE DES MARCHANDISES<\/strong><\/h3><p><strong>4.1.<\/strong> Chaque partie de l&rsquo;\u00e9quipement est prot\u00e9g\u00e9e par du papier bulle protecteur et marqu\u00e9e d&rsquo;une \u00e9tiquette d&rsquo;identification unique. Les pi\u00e8ces sont fix\u00e9es sur des palettes en bois \u00e0 l&rsquo;aide de sangles en PET et de mesures de protection suppl\u00e9mentaires. <\/p><h3> <\/h3><h3><strong>5. M\u00c9THODE DE LIVRAISON<\/strong><\/h3><p><strong>5.1.<\/strong> L&rsquo;\u00e9quipement est livr\u00e9 d\u00e9mont\u00e9 en composants faciles \u00e0 assembler ; cependant, toutes les vis sont pr\u00e9install\u00e9es pour faciliter l&rsquo;assemblage. Certains mod\u00e8les peuvent \u00eatre fabriqu\u00e9s en tant qu&rsquo;unit\u00e9s enti\u00e8rement soud\u00e9es qui ne peuvent pas \u00eatre d\u00e9mont\u00e9es. Si vous disposez d&rsquo;un espace d&rsquo;acc\u00e8s limit\u00e9, veuillez nous en informer \u00e0 l&rsquo;avance afin que nous puissions trouver une solution optimale.  <\/p><h3> <\/h3><h3><strong>6. CONDITIONS DE LIVRAISON<\/strong><\/h3><p><strong>6.1.<\/strong> Nous livrons des \u00e9quipements de sport fabriqu\u00e9s dans tous les pays du monde.<br><strong>6.2.<\/strong> Les marchandises seront fabriqu\u00e9es et livr\u00e9es uniquement apr\u00e8s r\u00e9ception de votre paiement sur notre compte bancaire, comme indiqu\u00e9 dans la confirmation de commande. Si le paiement n&rsquo;est pas re\u00e7u dans les 48 heures suivant la confirmation de commande, nous nous r\u00e9servons le droit d&rsquo;annuler la commande. <br><strong>6.3.<\/strong> Les marchandises seront produites et livr\u00e9es dans les d\u00e9lais sp\u00e9cifi\u00e9s dans l&rsquo;offre (g\u00e9n\u00e9ralement environ 6 \u00e0 8 semaines). Dans des cas exceptionnels, la livraison peut \u00eatre retard\u00e9e en raison de circonstances impr\u00e9vues ; dans de tels cas, nous vous en informerons imm\u00e9diatement. <\/p><h3> <\/h3><h3><strong>7. R\u00c9CEPTION DES MARCHANDISES<\/strong><\/h3><p><strong>7.1.<\/strong> Si vous n&rsquo;\u00eates pas en mesure de r\u00e9ceptionner personnellement les marchandises, vous devez d\u00e9signer une personne autoris\u00e9e pour le faire. Dans le cas contraire, les r\u00e9clamations concernant une livraison \u00e0 un destinataire incorrect ne seront pas accept\u00e9es. <br><strong>7.2.<\/strong> Au moment de la livraison, notre repr\u00e9sentant autoris\u00e9 et vous-m\u00eame devez inspecter l&rsquo;\u00e9tat des marchandises et signer le Proc\u00e8s-verbal d&rsquo;Acceptation des Marchandises. Une fois l&rsquo;acte sign\u00e9, les marchandises sont r\u00e9put\u00e9es avoir \u00e9t\u00e9 livr\u00e9es correctement, \u00e0 l&rsquo;exception des d\u00e9fauts qui peuvent appara\u00eetre ult\u00e9rieurement et qui sont signal\u00e9s conform\u00e9ment \u00e0 la loi applicable. <\/p><h3> <\/h3><h3><strong>8. DOMMAGES AUX MARCHANDISES<\/strong><\/h3><p><strong>8.1.<\/strong> Si vous remarquez des dommages externes sur les marchandises (tels que des bosses, des rayures, de la corrosion, etc.), vous devez consigner ce fait dans le document d&rsquo;Acceptation de Transfert de Marchandises et r\u00e9diger un Rapport de Dommages aux Marchandises avec notre repr\u00e9sentant.<br><strong>8.2.<\/strong> Dans les 2 jours ouvrables suivant la r\u00e9ception des marchandises, vous pouvez d\u00e9poser une r\u00e9clamation concernant toute divergence visible. D&rsquo;autres d\u00e9fauts peuvent \u00eatre signal\u00e9s dans le d\u00e9lai sp\u00e9cifi\u00e9 par la loi applicable. Si la r\u00e9clamation est justifi\u00e9e, la r\u00e9solution sera trait\u00e9e conform\u00e9ment \u00e0 la Politique de Garantie. Selon la situation, cela peut inclure la r\u00e9paration, le remplacement de pi\u00e8ces d\u00e9fectueuses ou une autre solution technique appropri\u00e9e.   <\/p><h3> <\/h3><h3>9. RELATION AVEC LA GARANTIE<\/h3><p><strong>9.1.<\/strong> Tous les d\u00e9fauts de produits et probl\u00e8mes fonctionnels sont trait\u00e9s conform\u00e9ment \u00e0 la Politique de Garantie.<br><strong>9.2.<\/strong> Cette Politique d&rsquo;Exp\u00e9dition r\u00e9git uniquement les conditions li\u00e9es \u00e0 la livraison et ne remplace pas la Politique de Garantie.<\/p>\t\t\t\t\t\t\t\t<\/div>\n\t\t\t\t<\/div>\n\t\t\t\t<\/div>\n\t\t\t\t\t<\/div>\n\t\t\t\t<\/div>\n\t\t\t\t<\/div>\n\t\t\n    <div class=\"xs_social_share_widget xs_share_url after_content \t\tmain_content  wslu-style-1 wslu-share-box-shaped wslu-fill-colored wslu-none wslu-share-horizontal wslu-theme-font-no wslu-main_content\">\n\n\t\t\n        <ul>\n\t\t\t        <\/ul>\n    <\/div> \n","protected":false},"excerpt":{"rendered":"<p>1. CO\u00dbT DE LIVRAISON 1.1. Le co\u00fbt de livraison est d\u00e9termin\u00e9 individuellement, en fonction de la taille de la commande et du lieu de livraison. Nous vous communiquerons le prix exact au moment de votre commande. 2. D\u00c9LAI DE LIVRAISON 2.1. La livraison au sein de l&rsquo;Union europ\u00e9enne prend g\u00e9n\u00e9ralement 1 \u00e0 2 semaines \u00e0 [&hellip;]<\/p>\n","protected":false},"author":1,"featured_media":0,"parent":0,"menu_order":0,"comment_status":"closed","ping_status":"closed","template":"elementor_header_footer","meta":{"_acf_changed":false,"footnotes":""},"class_list":["post-30489","page","type-page","status-publish","hentry"],"acf":[],"yoast_head":"<!-- This site is optimized with the Yoast SEO plugin v25.2 - https:\/\/yoast.com\/wordpress\/plugins\/seo\/ -->\n<title>Politique d&#039;Exp\u00e9dition \u2013 Informations de Livraison | Gym Factory<\/title>\n<meta name=\"description\" content=\"D\u00e9couvrez comment Gym Factory g\u00e8re les exp\u00e9ditions \u00e0 travers l&#039;Europe. Trouvez des d\u00e9tails sur les d\u00e9lais de livraison, les co\u00fbts, le traitement et les commandes internationales.\" \/>\n<meta name=\"robots\" content=\"index, follow, max-snippet:-1, max-image-preview:large, max-video-preview:-1\" \/>\n<link rel=\"canonical\" href=\"https:\/\/gymfactory.eu\/fr\/politique-dexpedition\/\" \/>\n<meta property=\"og:locale\" content=\"fr_FR\" \/>\n<meta property=\"og:type\" content=\"article\" \/>\n<meta property=\"og:title\" content=\"Politique d&#039;Exp\u00e9dition \u2013 Informations de Livraison | Gym Factory\" \/>\n<meta property=\"og:description\" content=\"D\u00e9couvrez comment Gym Factory g\u00e8re les exp\u00e9ditions \u00e0 travers l&#039;Europe. Trouvez des d\u00e9tails sur les d\u00e9lais de livraison, les co\u00fbts, le traitement et les commandes internationales.\" \/>\n<meta property=\"og:url\" content=\"https:\/\/gymfactory.eu\/fr\/politique-dexpedition\/\" \/>\n<meta property=\"og:site_name\" content=\"Gym Factory\" \/>\n<meta property=\"article:modified_time\" content=\"2026-04-12T16:01:17+00:00\" \/>\n<meta name=\"twitter:card\" content=\"summary_large_image\" \/>\n<meta name=\"twitter:label1\" content=\"Dur\u00e9e de lecture estim\u00e9e\" \/>\n\t<meta name=\"twitter:data1\" content=\"3 minutes\" \/>\n<script type=\"application\/ld+json\" class=\"yoast-schema-graph\">{\"@context\":\"https:\/\/schema.org\",\"@graph\":[{\"@type\":\"WebPage\",\"@id\":\"https:\/\/gymfactory.eu\/fr\/politique-dexpedition\/\",\"url\":\"https:\/\/gymfactory.eu\/fr\/politique-dexpedition\/\",\"name\":\"Politique d'Exp\u00e9dition \u2013 Informations de Livraison | Gym Factory\",\"isPartOf\":{\"@id\":\"https:\/\/gymfactory.eu\/fr\/#website\"},\"datePublished\":\"2025-04-04T10:15:17+00:00\",\"dateModified\":\"2026-04-12T16:01:17+00:00\",\"description\":\"D\u00e9couvrez comment Gym Factory g\u00e8re les exp\u00e9ditions \u00e0 travers l'Europe. Trouvez des d\u00e9tails sur les d\u00e9lais de livraison, les co\u00fbts, le traitement et les commandes internationales.\",\"breadcrumb\":{\"@id\":\"https:\/\/gymfactory.eu\/fr\/politique-dexpedition\/#breadcrumb\"},\"inLanguage\":\"fr-FR\",\"potentialAction\":[{\"@type\":\"ReadAction\",\"target\":[\"https:\/\/gymfactory.eu\/fr\/politique-dexpedition\/\"]}]},{\"@type\":\"BreadcrumbList\",\"@id\":\"https:\/\/gymfactory.eu\/fr\/politique-dexpedition\/#breadcrumb\",\"itemListElement\":[{\"@type\":\"ListItem\",\"position\":1,\"name\":\"Home\",\"item\":\"https:\/\/gymfactory.eu\/fr\/page-principale\/\"},{\"@type\":\"ListItem\",\"position\":2,\"name\":\"Politique d&#8217;Exp\u00e9dition\"}]},{\"@type\":\"WebSite\",\"@id\":\"https:\/\/gymfactory.eu\/fr\/#website\",\"url\":\"https:\/\/gymfactory.eu\/fr\/\",\"name\":\"Gym Factory\",\"description\":\"\",\"publisher\":{\"@id\":\"https:\/\/gymfactory.eu\/fr\/#organization\"},\"potentialAction\":[{\"@type\":\"SearchAction\",\"target\":{\"@type\":\"EntryPoint\",\"urlTemplate\":\"https:\/\/gymfactory.eu\/fr\/?s={search_term_string}\"},\"query-input\":{\"@type\":\"PropertyValueSpecification\",\"valueRequired\":true,\"valueName\":\"search_term_string\"}}],\"inLanguage\":\"fr-FR\"},{\"@type\":\"Organization\",\"@id\":\"https:\/\/gymfactory.eu\/fr\/#organization\",\"name\":\"Gym Factory\",\"url\":\"https:\/\/gymfactory.eu\/fr\/\",\"logo\":{\"@type\":\"ImageObject\",\"inLanguage\":\"fr-FR\",\"@id\":\"https:\/\/gymfactory.eu\/fr\/#\/schema\/logo\/image\/\",\"url\":\"https:\/\/gymfactory.eu\/wp-content\/uploads\/2024\/11\/Component-1.svg\",\"contentUrl\":\"https:\/\/gymfactory.eu\/wp-content\/uploads\/2024\/11\/Component-1.svg\",\"width\":54,\"height\":44,\"caption\":\"Gym Factory\"},\"image\":{\"@id\":\"https:\/\/gymfactory.eu\/fr\/#\/schema\/logo\/image\/\"}}]}<\/script>\n<!-- \/ Yoast SEO plugin. -->","yoast_head_json":{"title":"Politique d'Exp\u00e9dition \u2013 Informations de Livraison | Gym Factory","description":"D\u00e9couvrez comment Gym Factory g\u00e8re les exp\u00e9ditions \u00e0 travers l'Europe. Trouvez des d\u00e9tails sur les d\u00e9lais de livraison, les co\u00fbts, le traitement et les commandes internationales.","robots":{"index":"index","follow":"follow","max-snippet":"max-snippet:-1","max-image-preview":"max-image-preview:large","max-video-preview":"max-video-preview:-1"},"canonical":"https:\/\/gymfactory.eu\/fr\/politique-dexpedition\/","og_locale":"fr_FR","og_type":"article","og_title":"Politique d'Exp\u00e9dition \u2013 Informations de Livraison | Gym Factory","og_description":"D\u00e9couvrez comment Gym Factory g\u00e8re les exp\u00e9ditions \u00e0 travers l'Europe. Trouvez des d\u00e9tails sur les d\u00e9lais de livraison, les co\u00fbts, le traitement et les commandes internationales.","og_url":"https:\/\/gymfactory.eu\/fr\/politique-dexpedition\/","og_site_name":"Gym Factory","article_modified_time":"2026-04-12T16:01:17+00:00","twitter_card":"summary_large_image","twitter_misc":{"Dur\u00e9e de lecture estim\u00e9e":"3 minutes"},"schema":{"@context":"https:\/\/schema.org","@graph":[{"@type":"WebPage","@id":"https:\/\/gymfactory.eu\/fr\/politique-dexpedition\/","url":"https:\/\/gymfactory.eu\/fr\/politique-dexpedition\/","name":"Politique d'Exp\u00e9dition \u2013 Informations de Livraison | Gym Factory","isPartOf":{"@id":"https:\/\/gymfactory.eu\/fr\/#website"},"datePublished":"2025-04-04T10:15:17+00:00","dateModified":"2026-04-12T16:01:17+00:00","description":"D\u00e9couvrez comment Gym Factory g\u00e8re les exp\u00e9ditions \u00e0 travers l'Europe. Trouvez des d\u00e9tails sur les d\u00e9lais de livraison, les co\u00fbts, le traitement et les commandes internationales.","breadcrumb":{"@id":"https:\/\/gymfactory.eu\/fr\/politique-dexpedition\/#breadcrumb"},"inLanguage":"fr-FR","potentialAction":[{"@type":"ReadAction","target":["https:\/\/gymfactory.eu\/fr\/politique-dexpedition\/"]}]},{"@type":"BreadcrumbList","@id":"https:\/\/gymfactory.eu\/fr\/politique-dexpedition\/#breadcrumb","itemListElement":[{"@type":"ListItem","position":1,"name":"Home","item":"https:\/\/gymfactory.eu\/fr\/page-principale\/"},{"@type":"ListItem","position":2,"name":"Politique d&#8217;Exp\u00e9dition"}]},{"@type":"WebSite","@id":"https:\/\/gymfactory.eu\/fr\/#website","url":"https:\/\/gymfactory.eu\/fr\/","name":"Gym Factory","description":"","publisher":{"@id":"https:\/\/gymfactory.eu\/fr\/#organization"},"potentialAction":[{"@type":"SearchAction","target":{"@type":"EntryPoint","urlTemplate":"https:\/\/gymfactory.eu\/fr\/?s={search_term_string}"},"query-input":{"@type":"PropertyValueSpecification","valueRequired":true,"valueName":"search_term_string"}}],"inLanguage":"fr-FR"},{"@type":"Organization","@id":"https:\/\/gymfactory.eu\/fr\/#organization","name":"Gym Factory","url":"https:\/\/gymfactory.eu\/fr\/","logo":{"@type":"ImageObject","inLanguage":"fr-FR","@id":"https:\/\/gymfactory.eu\/fr\/#\/schema\/logo\/image\/","url":"https:\/\/gymfactory.eu\/wp-content\/uploads\/2024\/11\/Component-1.svg","contentUrl":"https:\/\/gymfactory.eu\/wp-content\/uploads\/2024\/11\/Component-1.svg","width":54,"height":44,"caption":"Gym Factory"},"image":{"@id":"https:\/\/gymfactory.eu\/fr\/#\/schema\/logo\/image\/"}}]}},"_links":{"self":[{"href":"https:\/\/gymfactory.eu\/fr\/wp-json\/wp\/v2\/pages\/30489","targetHints":{"allow":["GET"]}}],"collection":[{"href":"https:\/\/gymfactory.eu\/fr\/wp-json\/wp\/v2\/pages"}],"about":[{"href":"https:\/\/gymfactory.eu\/fr\/wp-json\/wp\/v2\/types\/page"}],"author":[{"embeddable":true,"href":"https:\/\/gymfactory.eu\/fr\/wp-json\/wp\/v2\/users\/1"}],"replies":[{"embeddable":true,"href":"https:\/\/gymfactory.eu\/fr\/wp-json\/wp\/v2\/comments?post=30489"}],"version-history":[{"count":1,"href":"https:\/\/gymfactory.eu\/fr\/wp-json\/wp\/v2\/pages\/30489\/revisions"}],"predecessor-version":[{"id":30490,"href":"https:\/\/gymfactory.eu\/fr\/wp-json\/wp\/v2\/pages\/30489\/revisions\/30490"}],"wp:attachment":[{"href":"https:\/\/gymfactory.eu\/fr\/wp-json\/wp\/v2\/media?parent=30489"}],"curies":[{"name":"wp","href":"https:\/\/api.w.org\/{rel}","templated":true}]}}