{"id":30485,"date":"2025-02-18T11:21:18","date_gmt":"2025-02-18T09:21:18","guid":{"rendered":"https:\/\/gymfactory.eu\/conditions-generales\/"},"modified":"2026-04-12T18:53:09","modified_gmt":"2026-04-12T15:53:09","slug":"conditions-generales","status":"publish","type":"page","link":"https:\/\/gymfactory.eu\/fr\/conditions-generales\/","title":{"rendered":"Conditions G\u00e9n\u00e9rales"},"content":{"rendered":"\t\t<div data-elementor-type=\"wp-page\" data-elementor-id=\"30485\" class=\"elementor elementor-30485 elementor-3475\" data-elementor-post-type=\"page\">\n\t\t\t\t<div class=\"elementor-element elementor-element-ccee341 elementor-hidden-mobile e-flex e-con-boxed e-con e-parent\" data-id=\"ccee341\" data-element_type=\"container\" data-settings=\"{&quot;background_background&quot;:&quot;classic&quot;}\">\n\t\t\t\t\t<div class=\"e-con-inner\">\n\t\t\t\t\t<\/div>\n\t\t\t\t<\/div>\n\t\t<div class=\"elementor-element elementor-element-d2be7a5 e-flex e-con-boxed e-con e-parent\" data-id=\"d2be7a5\" data-element_type=\"container\">\n\t\t\t\t\t<div class=\"e-con-inner\">\n\t\t<div class=\"elementor-element elementor-element-8b082ed e-con-full e-flex e-con e-child\" data-id=\"8b082ed\" data-element_type=\"container\">\n\t\t\t\t<div class=\"elementor-element elementor-element-a2bc75f elementor-widget elementor-widget-woocommerce-breadcrumb\" data-id=\"a2bc75f\" data-element_type=\"widget\" data-widget_type=\"woocommerce-breadcrumb.default\">\n\t\t\t\t<div class=\"elementor-widget-container\">\n\t\t\t\t\t<nav class=\"woocommerce-breadcrumb\" aria-label=\"Breadcrumb\">Accueil<\/nav>\t\t\t\t<\/div>\n\t\t\t\t<\/div>\n\t\t\t\t<div class=\"elementor-element elementor-element-4f2f22c elementor-widget elementor-widget-heading\" data-id=\"4f2f22c\" data-element_type=\"widget\" data-widget_type=\"heading.default\">\n\t\t\t\t<div class=\"elementor-widget-container\">\n\t\t\t\t\t<h1 class=\"elementor-heading-title elementor-size-default\">Conditions G\u00e9n\u00e9rales<\/h1>\t\t\t\t<\/div>\n\t\t\t\t<\/div>\n\t\t\t\t<div class=\"elementor-element elementor-element-56815d7 elementor-widget elementor-widget-text-editor\" data-id=\"56815d7\" data-element_type=\"widget\" data-widget_type=\"text-editor.default\">\n\t\t\t\t<div class=\"elementor-widget-container\">\n\t\t\t\t\t\t\t\t\t<h3><strong>1. DISPOSITIONS G\u00c9N\u00c9RALES<\/strong><\/h3><p><strong>1.1.<\/strong> Ces conditions constituent un document juridiquement contraignant qui d\u00e9finit les droits et obligations mutuels de l&rsquo;acheteur (ci-apr\u00e8s d\u00e9nomm\u00e9 \u00ab\u00a0Vous\u00a0\u00bb) et du vendeur (ci-apr\u00e8s d\u00e9nomm\u00e9 \u00ab\u00a0Nous\u00a0\u00bb) lors de l&rsquo;achat de marchandises sur notre boutique en ligne www.gymfactory.eu (ci-apr\u00e8s d\u00e9nomm\u00e9e la \u00ab\u00a0boutique en ligne\u00a0\u00bb)<br><strong>1.2.<\/strong> En achetant des marchandises sur la boutique en ligne www.gymfactory.eu, vous acceptez ces conditions sans aucune restriction.<br><strong>1.3.<\/strong> En acceptant ces conditions, vous confirmez que vous avez le droit d&rsquo;acheter les marchandises vendues dans la boutique en ligne, ce qui signifie que vous \u00eates :<br>\u2022 Un adulte (18 ans ou plus) ayant la pleine capacit\u00e9 juridique ;<br>\u2022 Une personne mineure avec le consentement valide d&rsquo;un parent ou d&rsquo;un tuteur ;<br>\u2022 Une entit\u00e9 juridique ou son repr\u00e9sentant autoris\u00e9.<br><strong>1.4.<\/strong> En acceptant ces conditions, vous acceptez \u00e9galement de recevoir des messages d&rsquo;information envoy\u00e9s \u00e0 l&rsquo;adresse e-mail que vous avez fournie. Ces messages sont n\u00e9cessaires pour la passation de la commande, le traitement du paiement et les modalit\u00e9s de livraison. <br><strong>1.5.<\/strong> Les conditions de livraison sont interpr\u00e9t\u00e9es conform\u00e9ment aux Incoterms 2020, lorsqu&rsquo;elles sont express\u00e9ment sp\u00e9cifi\u00e9es dans la commande.<\/p><h3> <\/h3><h3><strong>2. FORMATION DU CONTRAT<\/strong><\/h3><p><strong>2.1.<\/strong> Un contrat entre Vous et Nous est r\u00e9put\u00e9 conclu une fois que nous confirmons votre commande soumise via la boutique en ligne.<br><strong>2.2.<\/strong> Chaque contrat conclu entre Vous et Nous est stock\u00e9 dans le syst\u00e8me de la boutique en ligne.<\/p><h3> <\/h3><h3><strong>3. CONDITIONS DE PAIEMENT<\/strong><\/h3><p><strong>3.1.<\/strong> La production de la commande commencera d\u00e8s r\u00e9ception de la part convenue du montant total de la commande, tel que sp\u00e9cifi\u00e9 dans la facture.<br><strong>3.2. <\/strong>Le solde restant du montant de la commande doit \u00eatre pay\u00e9 avant l&rsquo;exp\u00e9dition des marchandises de l&rsquo;usine.<br><strong>3.3.<\/strong> Les marchandises ne seront ni exp\u00e9di\u00e9es ni lib\u00e9r\u00e9es pour la livraison tant que 100 % du montant de la commande n&rsquo;aura pas \u00e9t\u00e9 pay\u00e9 int\u00e9gralement.<br><strong>3.4.<\/strong> La propri\u00e9t\u00e9 des marchandises ne sera transf\u00e9r\u00e9e \u00e0 l&rsquo;Acheteur qu&rsquo;apr\u00e8s r\u00e9ception du paiement int\u00e9gral.<\/p><h3> <\/h3><h3><strong>4. VOS DROITS<\/strong><\/h3><p><strong>4.1.<\/strong> Vous avez le droit d&rsquo;acheter des marchandises sur la boutique en ligne conform\u00e9ment \u00e0 ces conditions et aux r\u00e8gles \u00e9tablies par la boutique en ligne.<br><strong>4.2.<\/strong> \u00c9tant donn\u00e9 que toutes les marchandises sont fabriqu\u00e9es sur mesure selon vos sp\u00e9cifications, vous pouvez annuler le contrat d&rsquo;achat en nous en informant par \u00e9crit via e-mail (info@gymfactory.eu, en pr\u00e9cisant le num\u00e9ro de commande et les coordonn\u00e9es) au plus tard 24 heures apr\u00e8s le paiement. Le montant pay\u00e9 sera rembours\u00e9 dans un d\u00e9lai de 10 jours ouvrables. <br><strong>4.3.<\/strong> Pass\u00e9 le d\u00e9lai de 24 heures apr\u00e8s le paiement, la commande ne peut pas \u00eatre annul\u00e9e, car le processus de fabrication aura d\u00e9j\u00e0 commenc\u00e9.<br><strong>4.4.<\/strong> Les conditions de retour des marchandises sont pr\u00e9cis\u00e9es \u00e0 la section 9.<br><strong>4.5.<\/strong> Tous les d\u00e9fauts de produits et les r\u00e9clamations li\u00e9es \u00e0 la qualit\u00e9 sont trait\u00e9s conform\u00e9ment \u00e0 la Politique de Garantie, qui fait partie int\u00e9grante de ces Conditions.<\/p><h3> <\/h3><h3><strong>VOS OBLIGATIONS<\/strong><\/h3><p><strong>5.1.<\/strong> Vous devez accepter les marchandises command\u00e9es et payer le prix convenu.<br><strong>5.2.<\/strong> Si vous souhaitez annuler votre commande apr\u00e8s 24 heures suivant le paiement, des frais d&rsquo;annulation \u00e9quivalant \u00e0 50 % du montant de la commande s&rsquo;appliquent, afin de couvrir les co\u00fbts engag\u00e9s pendant le processus de fabrication.<br><strong>5.3.<\/strong> Si les d\u00e9tails de votre commande changent, vous devez nous en informer imm\u00e9diatement par e-mail \u00e0 info@gymfactory.eu. Si les d\u00e9tails ne sont pas mis \u00e0 jour, nous ne sommes pas responsables de la bonne ex\u00e9cution du contrat. <br><strong>5.4.<\/strong> En utilisant les services de la boutique en ligne, vous acceptez ces conditions et vous engagez \u00e0 les respecter.<\/p><h3> <\/h3><h3><strong>6. OUR RIGHTS<\/strong><\/h3><p><strong>6.1.<\/strong> Si vous tentez de perturber le fonctionnement de la boutique en ligne ou d&rsquo;interf\u00e9rer avec son fonctionnement continu, nous pouvons restreindre ou suspendre votre capacit\u00e9 \u00e0 utiliser la boutique en ligne sans pr\u00e9avis.<br><strong>6.2.<\/strong> Nous nous r\u00e9servons le droit de modifier ces conditions \u00e0 tout moment \u00e0 notre discr\u00e9tion. Si vous souhaitez acheter des marchandises sur notre boutique en ligne, vous devez lire et accepter les conditions r\u00e9vis\u00e9es. Si vous n&rsquo;\u00eates pas d&rsquo;accord avec les conditions modifi\u00e9es, nous nous r\u00e9servons le droit de rejeter votre commande.  <\/p><h3> <\/h3><h3><strong>7. NOS OBLIGATIONS<\/strong><\/h3><p><strong>7.1.<\/strong> Nous veillerons \u00e0 ce que vous puissiez utiliser correctement les services de notre boutique en ligne.<br><strong>7.2.<\/strong> Nous livrerons les marchandises command\u00e9es \u00e0 l&rsquo;adresse sp\u00e9cifi\u00e9e dans les d\u00e9lais convenus.<br><strong>7.3.<\/strong> En cas de d\u00e9fauts de produits, nous nous engageons \u00e0 fournir des solutions conform\u00e9ment \u00e0 la Politique de Garantie, sur la base de l&rsquo;\u00e9valuation technique et de la nature du d\u00e9faut.<\/p><h3> <\/h3><h3><strong>8. LIVRAISON DES MARCHANDISES<\/strong><\/h3><p><strong>8.1.<\/strong> Nous livrons des \u00e9quipements de musculation fabriqu\u00e9s dans tous les pays du monde.<br><strong>8.2.<\/strong> Les frais de livraison d\u00e9pendent de la taille de la commande et de la destination.<br><strong>8.3.<\/strong> La livraison des marchandises n&rsquo;aura lieu qu&rsquo;apr\u00e8s paiement int\u00e9gral conform\u00e9ment \u00e0 la Section 3 (Conditions de paiement).<br><strong>8.4.<\/strong> Les marchandises seront produites et livr\u00e9es dans les d\u00e9lais sp\u00e9cifi\u00e9s dans l&rsquo;offre (g\u00e9n\u00e9ralement environ 6 \u00e0 8 semaines). Vous reconnaissez que, dans des cas exceptionnels, la livraison peut \u00eatre retard\u00e9e en raison de circonstances impr\u00e9vues. Dans de tels cas, nous nous engageons \u00e0 vous contacter rapidement pour discuter des modalit\u00e9s de livraison.  <br><strong>8.5.<\/strong> Vous devez vous assurer que les marchandises sont r\u00e9ceptionn\u00e9es par vous-m\u00eame ou par une personne autoris\u00e9e \u00e0 l&rsquo;adresse de livraison que vous avez fournie. Si les marchandises sont livr\u00e9es \u00e0 l&rsquo;adresse d\u00e9sign\u00e9e et accept\u00e9es par votre personne autoris\u00e9e, elles sont consid\u00e9r\u00e9es comme correctement livr\u00e9es. <br><strong>8.6.<\/strong> \u00c0 la livraison, notre repr\u00e9sentant autoris\u00e9 et Vous devez inspecter l&rsquo;\u00e9tat des marchandises et signer le Proc\u00e8s-verbal de r\u00e9ception des marchandises.<br><strong>8.7.<\/strong> Une fois le Proc\u00e8s-verbal de r\u00e9ception des marchandises sign\u00e9, les marchandises sont r\u00e9put\u00e9es avoir \u00e9t\u00e9 livr\u00e9es en bon \u00e9tat, \u00e0 l&rsquo;exception des vices cach\u00e9s qui peuvent appara\u00eetre ult\u00e9rieurement et qui doivent \u00eatre signal\u00e9s rapidement.<br><strong>8.8.<\/strong> Si vous constatez des dommages externes sur les marchandises (tels que des bosses, des rayures, de la corrosion, etc.), vous devez consigner ce fait dans le Proc\u00e8s-verbal de r\u00e9ception des marchandises et remplir un Rapport de dommages avec notre repr\u00e9sentant. Si vous ne prenez pas ces mesures, nous ne sommes pas responsables des dommages, \u00e0 moins qu&rsquo;ils ne soient dus \u00e0 un d\u00e9faut de fabrication. <br><strong>8.9.<\/strong> Vous avez le droit de soumettre une r\u00e9clamation dans les 2 (deux) jours suivant la r\u00e9ception des marchandises concernant toute divergence d\u00e9couverte ult\u00e9rieurement et consign\u00e9e dans les rapports. Dans de tels cas, nous nous engageons \u00e0 examiner la r\u00e9clamation dans un d\u00e9lai de 10 (dix) jours ouvrables. Si la r\u00e9clamation est justifi\u00e9e, la r\u00e9solution sera d\u00e9termin\u00e9e conform\u00e9ment \u00e0 la Politique de Garantie. Selon la nature du d\u00e9faut, cela peut inclure la r\u00e9paration, le remplacement des pi\u00e8ces d\u00e9fectueuses ou une autre solution technique appropri\u00e9e. Aucun remboursement n&rsquo;est accord\u00e9, sauf accord \u00e9crit explicite.   <\/p><h3> <\/h3><h3><strong>9. RETOUR DES MARCHANDISES<\/strong><\/h3><p><strong>9.1.<\/strong> Les marchandises fabriqu\u00e9es sur mesure, de haute qualit\u00e9 et correctement fabriqu\u00e9es ne peuvent \u00eatre ni \u00e9chang\u00e9es ni retourn\u00e9es. Vous ne pouvez retourner ces marchandises que si elles sont d\u00e9fectueuses. <br><strong>9.2.<\/strong> Les marchandises retourn\u00e9es doivent \u00eatre compl\u00e8tes et correctement emball\u00e9es. Vous \u00eates responsable d&rsquo;assurer un emballage s\u00fbr pour un transport s\u00e9curis\u00e9. Si les marchandises sont incompl\u00e8tes ou mal emball\u00e9es, nous ou notre repr\u00e9sentant avons le droit d&rsquo;en refuser l&rsquo;acceptation.  <br><strong>9.3.<\/strong> Les marchandises doivent \u00eatre retourn\u00e9es dans l&#8217;emballage d&rsquo;origine dans lequel elles ont \u00e9t\u00e9 livr\u00e9es. L&#8217;emballage ne doit pas \u00eatre endommag\u00e9 (autant que possible apr\u00e8s le d\u00e9ballage), doit \u00eatre clair et correctement pr\u00e9par\u00e9 pour la livraison. <\/p><h3> <\/h3><h3><strong>10. FORCE MAJEURE<\/strong><\/h3><p><strong>10.1.<\/strong> Nous ne sommes pas responsables des retards ou de l&rsquo;inex\u00e9cution du contrat dus \u00e0 des cas de Force Majeure, y compris, mais sans s&rsquo;y limiter, les retards de fabrication, les perturbations de la cha\u00eene d&rsquo;approvisionnement, les catastrophes naturelles, la guerre, les gr\u00e8ves, les ordonnances gouvernementales ou judiciaires, et autres \u00e9v\u00e9nements ind\u00e9pendants de notre volont\u00e9. Dans de tels cas, l&rsquo;ex\u00e9cution de la commande est suspendue et prolong\u00e9e pour la dur\u00e9e des circonstances de Force Majeure, et vous en serez inform\u00e9 rapidement. <\/p><h3> <\/h3><h3><strong>11. CONDITIONS D&rsquo;UTILISATION DES MARCHANDISES<\/strong><\/h3><p><strong>11.1.<\/strong> Vous reconnaissez que les marchandises achet\u00e9es doivent \u00eatre utilis\u00e9es uniquement conform\u00e9ment aux instructions et recommandations du fabricant. Nous ne sommes pas responsables des dommages caus\u00e9s par une mauvaise utilisation des marchandises, le non-respect des instructions du fabricant ou le non-respect des conditions d&rsquo;utilisation recommand\u00e9es. <br><strong>11.2.<\/strong> Le non-respect des exigences d&rsquo;utilisation, d&rsquo;entretien ou d&rsquo;installation appropri\u00e9es peut entra\u00eener la perte de la couverture de garantie, tel que d\u00e9fini dans la Politique de Garantie.<\/p><h3> <\/h3><h3>12. CONDITIONS DE GARANTIE<\/h3><p><strong>12.1.<\/strong> L&rsquo;\u00e9quipement Gym Factory est couvert par une garantie qui s&rsquo;applique uniquement aux d\u00e9fauts de fabrication et n&rsquo;est valable que pour l&rsquo;acheteur initial.<br><strong>12.2.<\/strong> P\u00e9riodes de garantie : <br>\u2022 Cadre et \u00e9l\u00e9ments structurels \u2013 30 ans <br>\u2022 Pi\u00e8ces m\u00e9caniques mobiles \u2013 36 mois <br>\u2022 C\u00e2bles et courroies \u2013 12 mois <br>\u2022 Sellerie \u2013 6 mois<br><strong>12.3.<\/strong> En cas de d\u00e9faut, la r\u00e9solution est d\u00e9termin\u00e9e en fonction de la nature du probl\u00e8me et peut inclure : <br>\u2022 la r\u00e9paration sans renvoyer l&rsquo;\u00e9quipement \u00e0 l&rsquo;usine, <br>\u2022 le remplacement de pi\u00e8ces sp\u00e9cifiques, <br>\u2022 la r\u00e9paration en usine (si n\u00e9cessaire).<br><strong>12.4.<\/strong> Les r\u00e9parations sous garantie sont effectu\u00e9es gratuitement ; cependant, les conditions de transport et de logistique peuvent varier selon le cas sp\u00e9cifique.<br><strong>12.5.<\/strong> Aucun remboursement n&rsquo;est accord\u00e9 au titre de la garantie, sauf accord \u00e9crit explicite.<br><strong>12.6.<\/strong> La garantie ne s&rsquo;applique pas si des d\u00e9fauts surviennent en raison d&rsquo;une mauvaise utilisation, d&rsquo;erreurs d&rsquo;installation, de modifications non autoris\u00e9es ou de facteurs externes.<br><strong>12.7.<\/strong> Les conditions de garantie d\u00e9taill\u00e9es, y compris les proc\u00e9dures, les d\u00e9lais d&rsquo;\u00e9valuation et les exclusions, sont fournies dans la page s\u00e9par\u00e9e de la Politique de Garantie.<\/p><h3> <\/h3><h3><strong>13. R\u00c8GLEMENT DES LITIGES :<\/strong><\/h3><p><strong>13.1.<\/strong> Tous les litiges d\u00e9coulant du pr\u00e9sent contrat seront r\u00e9solus devant le tribunal de la R\u00e9publique de Lituanie dans la ville de \u0160iauliai.<br><strong>13.2.<\/strong> Ce contrat est r\u00e9gi par le droit de la R\u00e9publique de Lituanie.<\/p>\t\t\t\t\t\t\t\t<\/div>\n\t\t\t\t<\/div>\n\t\t\t\t<\/div>\n\t\t\t\t\t<\/div>\n\t\t\t\t<\/div>\n\t\t\t\t<\/div>\n\t\t\n    <div class=\"xs_social_share_widget xs_share_url after_content \t\tmain_content  wslu-style-1 wslu-share-box-shaped wslu-fill-colored wslu-none wslu-share-horizontal wslu-theme-font-no wslu-main_content\">\n\n\t\t\n        <ul>\n\t\t\t        <\/ul>\n    <\/div> \n","protected":false},"excerpt":{"rendered":"<p>1. DISPOSITIONS G\u00c9N\u00c9RALES 1.1. Ces conditions constituent un document juridiquement contraignant qui d\u00e9finit les droits et obligations mutuels de l&rsquo;acheteur (ci-apr\u00e8s d\u00e9nomm\u00e9 \u00ab\u00a0Vous\u00a0\u00bb) et du vendeur (ci-apr\u00e8s d\u00e9nomm\u00e9 \u00ab\u00a0Nous\u00a0\u00bb) lors de l&rsquo;achat de marchandises sur notre boutique en ligne www.gymfactory.eu (ci-apr\u00e8s d\u00e9nomm\u00e9e la \u00ab\u00a0boutique en ligne\u00a0\u00bb)1.2. En achetant des marchandises sur la boutique en ligne [&hellip;]<\/p>\n","protected":false},"author":1,"featured_media":0,"parent":0,"menu_order":0,"comment_status":"closed","ping_status":"closed","template":"elementor_header_footer","meta":{"_acf_changed":false,"footnotes":""},"class_list":["post-30485","page","type-page","status-publish","hentry"],"acf":[],"yoast_head":"<!-- This site is optimized with the Yoast SEO plugin v25.2 - https:\/\/yoast.com\/wordpress\/plugins\/seo\/ -->\n<title>Conditions G\u00e9n\u00e9rales \u2013 Accord d&#039;Utilisation | Gym Factory<\/title>\n<meta name=\"description\" content=\"Consultez les Conditions G\u00e9n\u00e9rales pour l&#039;utilisation du site web et des services de Gym Factory. Comprenez vos droits, vos responsabilit\u00e9s et nos conditions d&#039;utilisation.\" \/>\n<meta name=\"robots\" content=\"index, follow, max-snippet:-1, max-image-preview:large, max-video-preview:-1\" \/>\n<link rel=\"canonical\" href=\"https:\/\/gymfactory.eu\/fr\/conditions-generales\/\" \/>\n<meta property=\"og:locale\" content=\"fr_FR\" \/>\n<meta property=\"og:type\" content=\"article\" \/>\n<meta property=\"og:title\" content=\"Conditions G\u00e9n\u00e9rales \u2013 Accord d&#039;Utilisation | Gym Factory\" \/>\n<meta property=\"og:description\" content=\"Consultez les Conditions G\u00e9n\u00e9rales pour l&#039;utilisation du site web et des services de Gym Factory. Comprenez vos droits, vos responsabilit\u00e9s et nos conditions d&#039;utilisation.\" \/>\n<meta property=\"og:url\" content=\"https:\/\/gymfactory.eu\/fr\/conditions-generales\/\" \/>\n<meta property=\"og:site_name\" content=\"Gym Factory\" \/>\n<meta property=\"article:modified_time\" content=\"2026-04-12T15:53:09+00:00\" \/>\n<meta name=\"twitter:card\" content=\"summary_large_image\" \/>\n<meta name=\"twitter:label1\" content=\"Dur\u00e9e de lecture estim\u00e9e\" \/>\n\t<meta name=\"twitter:data1\" content=\"8 minutes\" \/>\n<script type=\"application\/ld+json\" class=\"yoast-schema-graph\">{\"@context\":\"https:\/\/schema.org\",\"@graph\":[{\"@type\":\"WebPage\",\"@id\":\"https:\/\/gymfactory.eu\/fr\/conditions-generales\/\",\"url\":\"https:\/\/gymfactory.eu\/fr\/conditions-generales\/\",\"name\":\"Conditions G\u00e9n\u00e9rales \u2013 Accord d'Utilisation | Gym Factory\",\"isPartOf\":{\"@id\":\"https:\/\/gymfactory.eu\/fr\/#website\"},\"datePublished\":\"2025-02-18T09:21:18+00:00\",\"dateModified\":\"2026-04-12T15:53:09+00:00\",\"description\":\"Consultez les Conditions G\u00e9n\u00e9rales pour l'utilisation du site web et des services de Gym Factory. Comprenez vos droits, vos responsabilit\u00e9s et nos conditions d'utilisation.\",\"breadcrumb\":{\"@id\":\"https:\/\/gymfactory.eu\/fr\/conditions-generales\/#breadcrumb\"},\"inLanguage\":\"fr-FR\",\"potentialAction\":[{\"@type\":\"ReadAction\",\"target\":[\"https:\/\/gymfactory.eu\/fr\/conditions-generales\/\"]}]},{\"@type\":\"BreadcrumbList\",\"@id\":\"https:\/\/gymfactory.eu\/fr\/conditions-generales\/#breadcrumb\",\"itemListElement\":[{\"@type\":\"ListItem\",\"position\":1,\"name\":\"Home\",\"item\":\"https:\/\/gymfactory.eu\/fr\/page-principale\/\"},{\"@type\":\"ListItem\",\"position\":2,\"name\":\"Conditions G\u00e9n\u00e9rales\"}]},{\"@type\":\"WebSite\",\"@id\":\"https:\/\/gymfactory.eu\/fr\/#website\",\"url\":\"https:\/\/gymfactory.eu\/fr\/\",\"name\":\"Gym Factory\",\"description\":\"\",\"publisher\":{\"@id\":\"https:\/\/gymfactory.eu\/fr\/#organization\"},\"potentialAction\":[{\"@type\":\"SearchAction\",\"target\":{\"@type\":\"EntryPoint\",\"urlTemplate\":\"https:\/\/gymfactory.eu\/fr\/?s={search_term_string}\"},\"query-input\":{\"@type\":\"PropertyValueSpecification\",\"valueRequired\":true,\"valueName\":\"search_term_string\"}}],\"inLanguage\":\"fr-FR\"},{\"@type\":\"Organization\",\"@id\":\"https:\/\/gymfactory.eu\/fr\/#organization\",\"name\":\"Gym Factory\",\"url\":\"https:\/\/gymfactory.eu\/fr\/\",\"logo\":{\"@type\":\"ImageObject\",\"inLanguage\":\"fr-FR\",\"@id\":\"https:\/\/gymfactory.eu\/fr\/#\/schema\/logo\/image\/\",\"url\":\"https:\/\/gymfactory.eu\/wp-content\/uploads\/2024\/11\/Component-1.svg\",\"contentUrl\":\"https:\/\/gymfactory.eu\/wp-content\/uploads\/2024\/11\/Component-1.svg\",\"width\":54,\"height\":44,\"caption\":\"Gym Factory\"},\"image\":{\"@id\":\"https:\/\/gymfactory.eu\/fr\/#\/schema\/logo\/image\/\"}}]}<\/script>\n<!-- \/ Yoast SEO plugin. -->","yoast_head_json":{"title":"Conditions G\u00e9n\u00e9rales \u2013 Accord d'Utilisation | Gym Factory","description":"Consultez les Conditions G\u00e9n\u00e9rales pour l'utilisation du site web et des services de Gym Factory. Comprenez vos droits, vos responsabilit\u00e9s et nos conditions d'utilisation.","robots":{"index":"index","follow":"follow","max-snippet":"max-snippet:-1","max-image-preview":"max-image-preview:large","max-video-preview":"max-video-preview:-1"},"canonical":"https:\/\/gymfactory.eu\/fr\/conditions-generales\/","og_locale":"fr_FR","og_type":"article","og_title":"Conditions G\u00e9n\u00e9rales \u2013 Accord d'Utilisation | Gym Factory","og_description":"Consultez les Conditions G\u00e9n\u00e9rales pour l'utilisation du site web et des services de Gym Factory. Comprenez vos droits, vos responsabilit\u00e9s et nos conditions d'utilisation.","og_url":"https:\/\/gymfactory.eu\/fr\/conditions-generales\/","og_site_name":"Gym Factory","article_modified_time":"2026-04-12T15:53:09+00:00","twitter_card":"summary_large_image","twitter_misc":{"Dur\u00e9e de lecture estim\u00e9e":"8 minutes"},"schema":{"@context":"https:\/\/schema.org","@graph":[{"@type":"WebPage","@id":"https:\/\/gymfactory.eu\/fr\/conditions-generales\/","url":"https:\/\/gymfactory.eu\/fr\/conditions-generales\/","name":"Conditions G\u00e9n\u00e9rales \u2013 Accord d'Utilisation | Gym Factory","isPartOf":{"@id":"https:\/\/gymfactory.eu\/fr\/#website"},"datePublished":"2025-02-18T09:21:18+00:00","dateModified":"2026-04-12T15:53:09+00:00","description":"Consultez les Conditions G\u00e9n\u00e9rales pour l'utilisation du site web et des services de Gym Factory. Comprenez vos droits, vos responsabilit\u00e9s et nos conditions d'utilisation.","breadcrumb":{"@id":"https:\/\/gymfactory.eu\/fr\/conditions-generales\/#breadcrumb"},"inLanguage":"fr-FR","potentialAction":[{"@type":"ReadAction","target":["https:\/\/gymfactory.eu\/fr\/conditions-generales\/"]}]},{"@type":"BreadcrumbList","@id":"https:\/\/gymfactory.eu\/fr\/conditions-generales\/#breadcrumb","itemListElement":[{"@type":"ListItem","position":1,"name":"Home","item":"https:\/\/gymfactory.eu\/fr\/page-principale\/"},{"@type":"ListItem","position":2,"name":"Conditions G\u00e9n\u00e9rales"}]},{"@type":"WebSite","@id":"https:\/\/gymfactory.eu\/fr\/#website","url":"https:\/\/gymfactory.eu\/fr\/","name":"Gym Factory","description":"","publisher":{"@id":"https:\/\/gymfactory.eu\/fr\/#organization"},"potentialAction":[{"@type":"SearchAction","target":{"@type":"EntryPoint","urlTemplate":"https:\/\/gymfactory.eu\/fr\/?s={search_term_string}"},"query-input":{"@type":"PropertyValueSpecification","valueRequired":true,"valueName":"search_term_string"}}],"inLanguage":"fr-FR"},{"@type":"Organization","@id":"https:\/\/gymfactory.eu\/fr\/#organization","name":"Gym Factory","url":"https:\/\/gymfactory.eu\/fr\/","logo":{"@type":"ImageObject","inLanguage":"fr-FR","@id":"https:\/\/gymfactory.eu\/fr\/#\/schema\/logo\/image\/","url":"https:\/\/gymfactory.eu\/wp-content\/uploads\/2024\/11\/Component-1.svg","contentUrl":"https:\/\/gymfactory.eu\/wp-content\/uploads\/2024\/11\/Component-1.svg","width":54,"height":44,"caption":"Gym Factory"},"image":{"@id":"https:\/\/gymfactory.eu\/fr\/#\/schema\/logo\/image\/"}}]}},"_links":{"self":[{"href":"https:\/\/gymfactory.eu\/fr\/wp-json\/wp\/v2\/pages\/30485","targetHints":{"allow":["GET"]}}],"collection":[{"href":"https:\/\/gymfactory.eu\/fr\/wp-json\/wp\/v2\/pages"}],"about":[{"href":"https:\/\/gymfactory.eu\/fr\/wp-json\/wp\/v2\/types\/page"}],"author":[{"embeddable":true,"href":"https:\/\/gymfactory.eu\/fr\/wp-json\/wp\/v2\/users\/1"}],"replies":[{"embeddable":true,"href":"https:\/\/gymfactory.eu\/fr\/wp-json\/wp\/v2\/comments?post=30485"}],"version-history":[{"count":1,"href":"https:\/\/gymfactory.eu\/fr\/wp-json\/wp\/v2\/pages\/30485\/revisions"}],"predecessor-version":[{"id":30486,"href":"https:\/\/gymfactory.eu\/fr\/wp-json\/wp\/v2\/pages\/30485\/revisions\/30486"}],"wp:attachment":[{"href":"https:\/\/gymfactory.eu\/fr\/wp-json\/wp\/v2\/media?parent=30485"}],"curies":[{"name":"wp","href":"https:\/\/api.w.org\/{rel}","templated":true}]}}