{"id":30478,"date":"2025-02-18T11:07:58","date_gmt":"2025-02-18T09:07:58","guid":{"rendered":"https:\/\/gymfactory.eu\/politique-de-confidentialite\/"},"modified":"2026-04-12T18:24:56","modified_gmt":"2026-04-12T15:24:56","slug":"politique-de-confidentialite","status":"publish","type":"page","link":"https:\/\/gymfactory.eu\/fr\/politique-de-confidentialite\/","title":{"rendered":"Politique de confidentialit\u00e9"},"content":{"rendered":"\t\t<div data-elementor-type=\"wp-page\" data-elementor-id=\"30478\" class=\"elementor elementor-30478 elementor-3463\" data-elementor-post-type=\"page\">\n\t\t\t\t<div class=\"elementor-element elementor-element-4dd2971 elementor-hidden-mobile e-flex e-con-boxed e-con e-parent\" data-id=\"4dd2971\" data-element_type=\"container\" data-settings=\"{&quot;background_background&quot;:&quot;classic&quot;}\">\n\t\t\t\t\t<div class=\"e-con-inner\">\n\t\t\t\t\t<\/div>\n\t\t\t\t<\/div>\n\t\t<div class=\"elementor-element elementor-element-80f8610 e-flex e-con-boxed e-con e-parent\" data-id=\"80f8610\" data-element_type=\"container\">\n\t\t\t\t\t<div class=\"e-con-inner\">\n\t\t<div class=\"elementor-element elementor-element-73e87b7 e-con-full e-flex e-con e-child\" data-id=\"73e87b7\" data-element_type=\"container\">\n\t\t\t\t<div class=\"elementor-element elementor-element-c5621c6 elementor-widget elementor-widget-woocommerce-breadcrumb\" data-id=\"c5621c6\" data-element_type=\"widget\" data-widget_type=\"woocommerce-breadcrumb.default\">\n\t\t\t\t<div class=\"elementor-widget-container\">\n\t\t\t\t\t<nav class=\"woocommerce-breadcrumb\" aria-label=\"Breadcrumb\">Accueil<\/nav>\t\t\t\t<\/div>\n\t\t\t\t<\/div>\n\t\t\t\t<div class=\"elementor-element elementor-element-9ddc3e5 elementor-widget elementor-widget-heading\" data-id=\"9ddc3e5\" data-element_type=\"widget\" data-widget_type=\"heading.default\">\n\t\t\t\t<div class=\"elementor-widget-container\">\n\t\t\t\t\t<h1 class=\"elementor-heading-title elementor-size-default\">Politique de confidentialit\u00e9<\/h1>\t\t\t\t<\/div>\n\t\t\t\t<\/div>\n\t\t\t\t<div class=\"elementor-element elementor-element-823942f elementor-widget elementor-widget-text-editor\" data-id=\"823942f\" data-element_type=\"widget\" data-widget_type=\"text-editor.default\">\n\t\t\t\t<div class=\"elementor-widget-container\">\n\t\t\t\t\t\t\t\t\t<p>Date d&rsquo;entr\u00e9e en vigueur : 1er mars 2025<br>GymFactory.eu (\u00a0\u00bb nous \u00ab\u00a0, \u00a0\u00bb notre \u00a0\u00bb ou \u00a0\u00bb nos \u00ab\u00a0) exploite le site web https:\/\/www.gymfactory.eu (\u00a0\u00bb Service \u00ab\u00a0). Cette politique de confidentialit\u00e9 explique comment nous collectons, utilisons et prot\u00e9geons vos donn\u00e9es personnelles, ainsi que vos droits et choix concernant vos donn\u00e9es. <\/p><h3><strong>1. QUELLES SONT LES INFORMATIONS QUE NOUS RECUEILLONS ?<\/strong><\/h3><h4><strong>1.1. Donn\u00e9es personnelles<\/strong><\/h4><p>En utilisant notre service, vous pouvez fournir certaines donn\u00e9es \u00e0 caract\u00e8re personnel, notamment :<\/p><p>&#8211; Pr\u00e9nom, nom<br>&#8211; Adresse \u00e9lectronique<br>&#8211; Num\u00e9ro de t\u00e9l\u00e9phone<br>&#8211; Adresse, code postal, ville<br>&#8211; Autres informations que vous fournissez volontairement<\/p><h4> <\/h4><h4><strong>1.2. Donn\u00e9es d&rsquo;utilisation<\/strong><\/h4><p>Nous recueillons automatiquement certaines informations sur la fa\u00e7on dont vous utilisez notre service, y compris :<\/p><p>&#8211; Adresse IP<br>&#8211; Type et version du navigateur<br>&#8211; Pages visit\u00e9es et temps pass\u00e9 sur celles-ci<br>&#8211; Identifiants des appareils et autres donn\u00e9es techniques<\/p><h4> <\/h4><h4><strong>1.3. Cookies et technologies de suivi<\/strong><\/h4><p>Nous utilisons des cookies et d&rsquo;autres technologies de suivi pour collecter des informations sur vos actions sur notre site web. Les cookies peuvent inclure : <\/p><p>&#8211; Cookies de session &#8211; essentiels au fonctionnement du site web<br>&#8211; Cookies de pr\u00e9f\u00e9rence &#8211; pour m\u00e9moriser vos choix<br>&#8211; Cookies de s\u00e9curit\u00e9 &#8211; pour aider \u00e0 garantir la s\u00e9curit\u00e9 de vos donn\u00e9es<\/p><p>Vous pouvez d\u00e9sactiver les cookies dans les param\u00e8tres de votre navigateur, mais cela peut affecter la fonctionnalit\u00e9 du site web.<\/p><h3> <\/h3><h3><strong>2. COMMENT UTILISONS-NOUS VOS DONN\u00c9ES ?<\/strong><\/h3><p>Nous utilisons vos donn\u00e9es aux fins suivantes :<\/p><p>&#8211; Fournir et maintenir le service<br>&#8211; Vous informer des modifications apport\u00e9es \u00e0 notre service<br>&#8211; Am\u00e9liorer le service et l&rsquo;assistance \u00e0 la client\u00e8le<br>&#8211; Analyser et am\u00e9liorer l&rsquo;utilisation du site web<br>&#8211; Assurer la s\u00e9curit\u00e9 et pr\u00e9venir la fraude<br>&#8211; Envoyer des communications marketing et des bulletins d&rsquo;information (uniquement avec le consentement de l&rsquo;int\u00e9ress\u00e9)<\/p><h3> <\/h3><h3><strong>3. LEGAL BASIS FOR DATA PROCESSING<\/strong><\/h3><p>Nous traitons vos donn\u00e9es personnelles conform\u00e9ment au r\u00e8glement g\u00e9n\u00e9ral sur la protection des donn\u00e9es (RGPD) pour les motifs suivants :<\/p><p>&#8211; Ex\u00e9cution d&rsquo;un contrat &#8211; lorsque les donn\u00e9es sont n\u00e9cessaires pour fournir les services.<br>&#8211; Int\u00e9r\u00eats l\u00e9gitimes &#8211; lorsque nous utilisons les donn\u00e9es pour am\u00e9liorer le site web, effectuer des analyses ou assurer la protection.<br>&#8211; Obligation l\u00e9gale &#8211; lorsque nous sommes tenus de conserver les donn\u00e9es en vertu de la loi (par exemple, \u00e0 des fins comptables).<br>&#8211; Consentement &#8211; lorsque nous utilisons des donn\u00e9es \u00e0 des fins de marketing ou de cookies.<\/p><h3> <\/h3><h3><strong>4. P\u00c9RIODE DE CONSERVATION DES DONN\u00c9ES<\/strong><\/h3><p>Vos donn\u00e9es seront conserv\u00e9es pendant 5 ans \u00e0 compter de la derni\u00e8re utilisation de notre service. Apr\u00e8s cette p\u00e9riode, les donn\u00e9es seront supprim\u00e9es ou rendues anonymes, \u00e0 moins que les lois ne nous obligent \u00e0 les conserver plus longtemps. <\/p><h3> <\/h3><h3><strong>5. SERVICES AUX TIERS<\/strong><\/h3><p>Des outils d&rsquo;analyse tiers, tels que Google Analytics, peuvent \u00eatre utilis\u00e9s pour surveiller l&rsquo;utilisation du site web.<br>Notre site web peut contenir des liens vers des sites web tiers. Nous ne sommes pas responsables de leur politique de confidentialit\u00e9. <\/p><h3> <\/h3><h3><strong>6. TRANSFERT DE DONN\u00c9ES \u00c0 CARACT\u00c8RE PERSONNEL<\/strong><\/h3><p>Vos donn\u00e9es peuvent \u00eatre transf\u00e9r\u00e9es et stock\u00e9es en dehors de l&rsquo;UE. Toutefois, nous veillons \u00e0 ce que des mesures appropri\u00e9es de protection des donn\u00e9es soient mises en place, telles que les clauses contractuelles types (CCN) pr\u00e9vues par le GDPR. <\/p><h3> <\/h3><h3><strong>7. COLLECTE AUTOMATIS\u00c9E DE DONN\u00c9ES ET PROFILAGE<\/strong><\/h3><p>Nous utilisons Google Analytics et d&rsquo;autres outils de suivi. Si vous ne souhaitez pas \u00eatre suivi, vous pouvez le faire : <\/p><p>&#8211; Utiliser les param\u00e8tres \u00ab\u00a0Do Not Track\u00a0\u00bb de votre navigateur.<br>&#8211; D\u00e9sactiver les cookies dans les param\u00e8tres de votre navigateur.<br>&#8211; Utilisez l&rsquo;extension de navigateur Google opt-out.<\/p><h3> <\/h3><h3><strong>8. VOS DROITS<\/strong><\/h3><p>En fonction de votre lieu de r\u00e9sidence, vous avez le droit de.. :<\/p><p>&#8211; Demander l&rsquo;acc\u00e8s \u00e0 vos donn\u00e9es<br>&#8211; Demander la rectification de donn\u00e9es inexactes<br>&#8211; Demander la suppression de vos donn\u00e9es<br>&#8211; S&rsquo;opposer \u00e0 l&rsquo;utilisation de certaines donn\u00e9es<br>Pour exercer ces droits, veuillez nous contacter \u00e0 l&rsquo;adresse suivante : info@gymfactory.eu<\/p><h3> <\/h3><h3><strong>9. LA VIE PRIV\u00c9E DES ENFANTS<\/strong><\/h3><p>Notre service n&rsquo;est pas destin\u00e9 aux personnes de moins de 18 ans et nous ne recueillons pas sciemment leurs donn\u00e9es personnelles.<\/p><h3> <\/h3><h3>10. MODIFICATIONS DE CETTE POLITIQUE DE CONFIDENTIALIT\u00c9<\/h3><p>Nous pouvons mettre \u00e0 jour p\u00e9riodiquement cette politique de confidentialit\u00e9. La version la plus r\u00e9cente sera toujours publi\u00e9e sur cette page. <\/p><h3> <\/h3><h3><strong>CONTACTS<\/strong><\/h3><p>\ud83d\udce7 info@gymfactory.eu<br>\ud83c\udf10 https:\/\/www.gymfactory.eu<\/p><p>La pr\u00e9sente politique de confidentialit\u00e9 vise \u00e0 garantir la transparence et \u00e0 prot\u00e9ger vos donn\u00e9es.<\/p>\t\t\t\t\t\t\t\t<\/div>\n\t\t\t\t<\/div>\n\t\t\t\t<\/div>\n\t\t\t\t\t<\/div>\n\t\t\t\t<\/div>\n\t\t\t\t<\/div>\n\t\t\n    <div class=\"xs_social_share_widget xs_share_url after_content \t\tmain_content  wslu-style-1 wslu-share-box-shaped wslu-fill-colored wslu-none wslu-share-horizontal wslu-theme-font-no wslu-main_content\">\n\n\t\t\n        <ul>\n\t\t\t        <\/ul>\n    <\/div> \n","protected":false},"excerpt":{"rendered":"<p>Date d&rsquo;entr\u00e9e en vigueur : 1er mars 2025GymFactory.eu (\u00a0\u00bb nous \u00ab\u00a0, \u00a0\u00bb notre \u00a0\u00bb ou \u00a0\u00bb nos \u00ab\u00a0) exploite le site web https:\/\/www.gymfactory.eu (\u00a0\u00bb Service \u00ab\u00a0). Cette politique de confidentialit\u00e9 explique comment nous collectons, utilisons et prot\u00e9geons vos donn\u00e9es personnelles, ainsi que vos droits et choix concernant vos donn\u00e9es. 1. QUELLES SONT LES INFORMATIONS QUE [&hellip;]<\/p>\n","protected":false},"author":1,"featured_media":0,"parent":0,"menu_order":0,"comment_status":"closed","ping_status":"closed","template":"elementor_header_footer","meta":{"_acf_changed":false,"footnotes":""},"class_list":["post-30478","page","type-page","status-publish","hentry"],"acf":[],"yoast_head":"<!-- This site is optimized with the Yoast SEO plugin v25.2 - https:\/\/yoast.com\/wordpress\/plugins\/seo\/ -->\n<title>Politique de confidentialit\u00e9 - Comment nous prot\u00e9geons vos donn\u00e9es | Gym Factory<\/title>\n<meta name=\"description\" content=\"Lisez la politique de confidentialit\u00e9 pour savoir comment Gym Factory recueille, utilise et prot\u00e8ge vos informations personnelles. La protection de vos donn\u00e9es est notre priorit\u00e9.\" \/>\n<meta name=\"robots\" content=\"index, follow, max-snippet:-1, max-image-preview:large, max-video-preview:-1\" \/>\n<link rel=\"canonical\" href=\"https:\/\/gymfactory.eu\/fr\/politique-de-confidentialite\/\" \/>\n<meta property=\"og:locale\" content=\"fr_FR\" \/>\n<meta property=\"og:type\" content=\"article\" \/>\n<meta property=\"og:title\" content=\"Politique de confidentialit\u00e9 - Comment nous prot\u00e9geons vos donn\u00e9es | Gym Factory\" \/>\n<meta property=\"og:description\" content=\"Lisez la politique de confidentialit\u00e9 pour savoir comment Gym Factory recueille, utilise et prot\u00e8ge vos informations personnelles. La protection de vos donn\u00e9es est notre priorit\u00e9.\" \/>\n<meta property=\"og:url\" content=\"https:\/\/gymfactory.eu\/fr\/politique-de-confidentialite\/\" \/>\n<meta property=\"og:site_name\" content=\"Gym Factory\" \/>\n<meta property=\"article:modified_time\" content=\"2026-04-12T15:24:56+00:00\" \/>\n<meta name=\"twitter:card\" content=\"summary_large_image\" \/>\n<meta name=\"twitter:label1\" content=\"Dur\u00e9e de lecture estim\u00e9e\" \/>\n\t<meta name=\"twitter:data1\" content=\"4 minutes\" \/>\n<script type=\"application\/ld+json\" class=\"yoast-schema-graph\">{\"@context\":\"https:\/\/schema.org\",\"@graph\":[{\"@type\":\"WebPage\",\"@id\":\"https:\/\/gymfactory.eu\/fr\/politique-de-confidentialite\/\",\"url\":\"https:\/\/gymfactory.eu\/fr\/politique-de-confidentialite\/\",\"name\":\"Politique de confidentialit\u00e9 - Comment nous prot\u00e9geons vos donn\u00e9es | Gym Factory\",\"isPartOf\":{\"@id\":\"https:\/\/gymfactory.eu\/fr\/#website\"},\"datePublished\":\"2025-02-18T09:07:58+00:00\",\"dateModified\":\"2026-04-12T15:24:56+00:00\",\"description\":\"Lisez la politique de confidentialit\u00e9 pour savoir comment Gym Factory recueille, utilise et prot\u00e8ge vos informations personnelles. La protection de vos donn\u00e9es est notre priorit\u00e9.\",\"breadcrumb\":{\"@id\":\"https:\/\/gymfactory.eu\/fr\/politique-de-confidentialite\/#breadcrumb\"},\"inLanguage\":\"fr-FR\",\"potentialAction\":[{\"@type\":\"ReadAction\",\"target\":[\"https:\/\/gymfactory.eu\/fr\/politique-de-confidentialite\/\"]}]},{\"@type\":\"BreadcrumbList\",\"@id\":\"https:\/\/gymfactory.eu\/fr\/politique-de-confidentialite\/#breadcrumb\",\"itemListElement\":[{\"@type\":\"ListItem\",\"position\":1,\"name\":\"Home\",\"item\":\"https:\/\/gymfactory.eu\/fr\/page-principale\/\"},{\"@type\":\"ListItem\",\"position\":2,\"name\":\"Politique de confidentialit\u00e9\"}]},{\"@type\":\"WebSite\",\"@id\":\"https:\/\/gymfactory.eu\/fr\/#website\",\"url\":\"https:\/\/gymfactory.eu\/fr\/\",\"name\":\"Gym Factory\",\"description\":\"\",\"publisher\":{\"@id\":\"https:\/\/gymfactory.eu\/fr\/#organization\"},\"potentialAction\":[{\"@type\":\"SearchAction\",\"target\":{\"@type\":\"EntryPoint\",\"urlTemplate\":\"https:\/\/gymfactory.eu\/fr\/?s={search_term_string}\"},\"query-input\":{\"@type\":\"PropertyValueSpecification\",\"valueRequired\":true,\"valueName\":\"search_term_string\"}}],\"inLanguage\":\"fr-FR\"},{\"@type\":\"Organization\",\"@id\":\"https:\/\/gymfactory.eu\/fr\/#organization\",\"name\":\"Gym Factory\",\"url\":\"https:\/\/gymfactory.eu\/fr\/\",\"logo\":{\"@type\":\"ImageObject\",\"inLanguage\":\"fr-FR\",\"@id\":\"https:\/\/gymfactory.eu\/fr\/#\/schema\/logo\/image\/\",\"url\":\"https:\/\/gymfactory.eu\/wp-content\/uploads\/2024\/11\/Component-1.svg\",\"contentUrl\":\"https:\/\/gymfactory.eu\/wp-content\/uploads\/2024\/11\/Component-1.svg\",\"width\":54,\"height\":44,\"caption\":\"Gym Factory\"},\"image\":{\"@id\":\"https:\/\/gymfactory.eu\/fr\/#\/schema\/logo\/image\/\"}}]}<\/script>\n<!-- \/ Yoast SEO plugin. -->","yoast_head_json":{"title":"Politique de confidentialit\u00e9 - Comment nous prot\u00e9geons vos donn\u00e9es | Gym Factory","description":"Lisez la politique de confidentialit\u00e9 pour savoir comment Gym Factory recueille, utilise et prot\u00e8ge vos informations personnelles. La protection de vos donn\u00e9es est notre priorit\u00e9.","robots":{"index":"index","follow":"follow","max-snippet":"max-snippet:-1","max-image-preview":"max-image-preview:large","max-video-preview":"max-video-preview:-1"},"canonical":"https:\/\/gymfactory.eu\/fr\/politique-de-confidentialite\/","og_locale":"fr_FR","og_type":"article","og_title":"Politique de confidentialit\u00e9 - Comment nous prot\u00e9geons vos donn\u00e9es | Gym Factory","og_description":"Lisez la politique de confidentialit\u00e9 pour savoir comment Gym Factory recueille, utilise et prot\u00e8ge vos informations personnelles. La protection de vos donn\u00e9es est notre priorit\u00e9.","og_url":"https:\/\/gymfactory.eu\/fr\/politique-de-confidentialite\/","og_site_name":"Gym Factory","article_modified_time":"2026-04-12T15:24:56+00:00","twitter_card":"summary_large_image","twitter_misc":{"Dur\u00e9e de lecture estim\u00e9e":"4 minutes"},"schema":{"@context":"https:\/\/schema.org","@graph":[{"@type":"WebPage","@id":"https:\/\/gymfactory.eu\/fr\/politique-de-confidentialite\/","url":"https:\/\/gymfactory.eu\/fr\/politique-de-confidentialite\/","name":"Politique de confidentialit\u00e9 - Comment nous prot\u00e9geons vos donn\u00e9es | Gym Factory","isPartOf":{"@id":"https:\/\/gymfactory.eu\/fr\/#website"},"datePublished":"2025-02-18T09:07:58+00:00","dateModified":"2026-04-12T15:24:56+00:00","description":"Lisez la politique de confidentialit\u00e9 pour savoir comment Gym Factory recueille, utilise et prot\u00e8ge vos informations personnelles. La protection de vos donn\u00e9es est notre priorit\u00e9.","breadcrumb":{"@id":"https:\/\/gymfactory.eu\/fr\/politique-de-confidentialite\/#breadcrumb"},"inLanguage":"fr-FR","potentialAction":[{"@type":"ReadAction","target":["https:\/\/gymfactory.eu\/fr\/politique-de-confidentialite\/"]}]},{"@type":"BreadcrumbList","@id":"https:\/\/gymfactory.eu\/fr\/politique-de-confidentialite\/#breadcrumb","itemListElement":[{"@type":"ListItem","position":1,"name":"Home","item":"https:\/\/gymfactory.eu\/fr\/page-principale\/"},{"@type":"ListItem","position":2,"name":"Politique de confidentialit\u00e9"}]},{"@type":"WebSite","@id":"https:\/\/gymfactory.eu\/fr\/#website","url":"https:\/\/gymfactory.eu\/fr\/","name":"Gym Factory","description":"","publisher":{"@id":"https:\/\/gymfactory.eu\/fr\/#organization"},"potentialAction":[{"@type":"SearchAction","target":{"@type":"EntryPoint","urlTemplate":"https:\/\/gymfactory.eu\/fr\/?s={search_term_string}"},"query-input":{"@type":"PropertyValueSpecification","valueRequired":true,"valueName":"search_term_string"}}],"inLanguage":"fr-FR"},{"@type":"Organization","@id":"https:\/\/gymfactory.eu\/fr\/#organization","name":"Gym Factory","url":"https:\/\/gymfactory.eu\/fr\/","logo":{"@type":"ImageObject","inLanguage":"fr-FR","@id":"https:\/\/gymfactory.eu\/fr\/#\/schema\/logo\/image\/","url":"https:\/\/gymfactory.eu\/wp-content\/uploads\/2024\/11\/Component-1.svg","contentUrl":"https:\/\/gymfactory.eu\/wp-content\/uploads\/2024\/11\/Component-1.svg","width":54,"height":44,"caption":"Gym Factory"},"image":{"@id":"https:\/\/gymfactory.eu\/fr\/#\/schema\/logo\/image\/"}}]}},"_links":{"self":[{"href":"https:\/\/gymfactory.eu\/fr\/wp-json\/wp\/v2\/pages\/30478","targetHints":{"allow":["GET"]}}],"collection":[{"href":"https:\/\/gymfactory.eu\/fr\/wp-json\/wp\/v2\/pages"}],"about":[{"href":"https:\/\/gymfactory.eu\/fr\/wp-json\/wp\/v2\/types\/page"}],"author":[{"embeddable":true,"href":"https:\/\/gymfactory.eu\/fr\/wp-json\/wp\/v2\/users\/1"}],"replies":[{"embeddable":true,"href":"https:\/\/gymfactory.eu\/fr\/wp-json\/wp\/v2\/comments?post=30478"}],"version-history":[{"count":1,"href":"https:\/\/gymfactory.eu\/fr\/wp-json\/wp\/v2\/pages\/30478\/revisions"}],"predecessor-version":[{"id":30479,"href":"https:\/\/gymfactory.eu\/fr\/wp-json\/wp\/v2\/pages\/30478\/revisions\/30479"}],"wp:attachment":[{"href":"https:\/\/gymfactory.eu\/fr\/wp-json\/wp\/v2\/media?parent=30478"}],"curies":[{"name":"wp","href":"https:\/\/api.w.org\/{rel}","templated":true}]}}