{"id":30067,"date":"2025-11-07T06:31:17","date_gmt":"2025-11-07T04:31:17","guid":{"rendered":"https:\/\/gymfactory.eu\/salles-de-sport-en-france\/"},"modified":"2026-04-13T19:04:18","modified_gmt":"2026-04-13T16:04:18","slug":"salles-de-sport-en-france","status":"publish","type":"page","link":"https:\/\/gymfactory.eu\/fr\/galerie\/galerie-des-salles-de-sport\/salles-de-sport-en-france\/","title":{"rendered":"Salles de sport en France"},"content":{"rendered":"\t\t<div data-elementor-type=\"wp-page\" data-elementor-id=\"30067\" class=\"elementor elementor-30067 elementor-18790\" data-elementor-post-type=\"page\">\n\t\t\t\t<div class=\"elementor-element elementor-element-05221b9 e-flex e-con-boxed e-con e-parent\" data-id=\"05221b9\" data-element_type=\"container\">\n\t\t\t\t\t<div class=\"e-con-inner\">\n\t\t<div class=\"elementor-element elementor-element-1860d88 e-con-full e-flex e-con e-child\" data-id=\"1860d88\" data-element_type=\"container\">\n\t\t\t\t<div class=\"elementor-element elementor-element-d520bd9 elementor-widget elementor-widget-woocommerce-breadcrumb\" data-id=\"d520bd9\" data-element_type=\"widget\" data-widget_type=\"woocommerce-breadcrumb.default\">\n\t\t\t\t<div class=\"elementor-widget-container\">\n\t\t\t\t\t<nav class=\"woocommerce-breadcrumb\" aria-label=\"Breadcrumb\">Accueil<\/nav>\t\t\t\t<\/div>\n\t\t\t\t<\/div>\n\t\t\t\t<div class=\"elementor-element elementor-element-3749b3f elementor-widget elementor-widget-heading\" data-id=\"3749b3f\" data-element_type=\"widget\" data-widget_type=\"heading.default\">\n\t\t\t\t<div class=\"elementor-widget-container\">\n\t\t\t\t\t<h1 class=\"elementor-heading-title elementor-size-default\">Salles de sport en France<\/h1>\t\t\t\t<\/div>\n\t\t\t\t<\/div>\n\t\t<div class=\"elementor-element elementor-element-df8ac06 e-con-full e-flex e-con e-child\" data-id=\"df8ac06\" data-element_type=\"container\">\n\t\t<div class=\"elementor-element elementor-element-811c942 e-con-full e-flex e-con e-child\" data-id=\"811c942\" data-element_type=\"container\" data-settings=\"{&quot;background_background&quot;:&quot;classic&quot;}\">\n\t\t\t\t<div class=\"elementor-element elementor-element-d695699 elementor-hidden-mobile elementor-widget elementor-widget-button\" data-id=\"d695699\" data-element_type=\"widget\" data-widget_type=\"button.default\">\n\t\t\t\t<div class=\"elementor-widget-container\">\n\t\t\t\t\t\t\t\t\t<div class=\"elementor-button-wrapper\">\n\t\t\t\t\t<a class=\"elementor-button elementor-button-link elementor-size-sm\" href=\"https:\/\/gymfactory.eu\/fr\/galerie\/galerie-des-salles-de-sport\/\">\n\t\t\t\t\t\t<span class=\"elementor-button-content-wrapper\">\n\t\t\t\t\t\t\t\t\t<span class=\"elementor-button-text\">Liste des pays<\/span>\n\t\t\t\t\t<\/span>\n\t\t\t\t\t<\/a>\n\t\t\t\t<\/div>\n\t\t\t\t\t\t\t\t<\/div>\n\t\t\t\t<\/div>\n\t\t\t\t<\/div>\n\t\t\t\t<div class=\"elementor-element elementor-element-ecdd564 elementor-widget elementor-widget-gallery\" data-id=\"ecdd564\" data-element_type=\"widget\" data-settings=\"{&quot;columns&quot;:3,&quot;aspect_ratio&quot;:&quot;1:1&quot;,&quot;lazyload&quot;:&quot;yes&quot;,&quot;gallery_layout&quot;:&quot;grid&quot;,&quot;columns_tablet&quot;:2,&quot;columns_mobile&quot;:1,&quot;gap&quot;:{&quot;unit&quot;:&quot;px&quot;,&quot;size&quot;:10,&quot;sizes&quot;:[]},&quot;gap_tablet&quot;:{&quot;unit&quot;:&quot;px&quot;,&quot;size&quot;:10,&quot;sizes&quot;:[]},&quot;gap_mobile&quot;:{&quot;unit&quot;:&quot;px&quot;,&quot;size&quot;:10,&quot;sizes&quot;:[]},&quot;link_to&quot;:&quot;file&quot;,&quot;content_hover_animation&quot;:&quot;fade-in&quot;}\" data-widget_type=\"gallery.default\">\n\t\t\t\t<div class=\"elementor-widget-container\">\n\t\t\t\t\t\t\t<div class=\"elementor-gallery__container\">\n\t\t\t\t\t\t\t<a class=\"e-gallery-item elementor-gallery-item elementor-animated-content\" href=\"https:\/\/gymfactory.eu\/wp-content\/uploads\/2025\/11\/18-1.jpg\" data-elementor-open-lightbox=\"yes\" data-elementor-lightbox-slideshow=\"ecdd564\" data-e-action-hash=\"#elementor-action%3Aaction%3Dlightbox%26settings%3DeyJpZCI6MTg3OTIsInVybCI6Imh0dHBzOlwvXC9neW1mYWN0b3J5LmV1XC93cC1jb250ZW50XC91cGxvYWRzXC8yMDI1XC8xMVwvMTgtMS5qcGciLCJzbGlkZXNob3ciOiJlY2RkNTY0In0%3D\">\n\t\t\t\t\t<div class=\"e-gallery-image elementor-gallery-item__image\" data-thumbnail=\"https:\/\/gymfactory.eu\/wp-content\/uploads\/2025\/11\/18-1-819x1024.jpg\" data-width=\"800\" data-height=\"1000\" aria-label=\"\" role=\"img\" ><\/div>\n\t\t\t\t\t\t\t\t\t\t\t\t\t\t<\/a>\n\t\t\t\t\t\t\t<a class=\"e-gallery-item elementor-gallery-item elementor-animated-content\" href=\"https:\/\/gymfactory.eu\/wp-content\/uploads\/2025\/11\/19-1.jpg\" data-elementor-open-lightbox=\"yes\" data-elementor-lightbox-slideshow=\"ecdd564\" data-e-action-hash=\"#elementor-action%3Aaction%3Dlightbox%26settings%3DeyJpZCI6MTg4MDAsInVybCI6Imh0dHBzOlwvXC9neW1mYWN0b3J5LmV1XC93cC1jb250ZW50XC91cGxvYWRzXC8yMDI1XC8xMVwvMTktMS5qcGciLCJzbGlkZXNob3ciOiJlY2RkNTY0In0%3D\">\n\t\t\t\t\t<div class=\"e-gallery-image elementor-gallery-item__image\" data-thumbnail=\"https:\/\/gymfactory.eu\/wp-content\/uploads\/2025\/11\/19-1-819x1024.jpg\" data-width=\"800\" data-height=\"1000\" aria-label=\"\" role=\"img\" ><\/div>\n\t\t\t\t\t\t\t\t\t\t\t\t\t\t<\/a>\n\t\t\t\t\t\t\t<a class=\"e-gallery-item elementor-gallery-item elementor-animated-content\" href=\"https:\/\/gymfactory.eu\/wp-content\/uploads\/2025\/11\/20-1.jpg\" data-elementor-open-lightbox=\"yes\" data-elementor-lightbox-slideshow=\"ecdd564\" data-e-action-hash=\"#elementor-action%3Aaction%3Dlightbox%26settings%3DeyJpZCI6MTg4MDgsInVybCI6Imh0dHBzOlwvXC9neW1mYWN0b3J5LmV1XC93cC1jb250ZW50XC91cGxvYWRzXC8yMDI1XC8xMVwvMjAtMS5qcGciLCJzbGlkZXNob3ciOiJlY2RkNTY0In0%3D\">\n\t\t\t\t\t<div class=\"e-gallery-image elementor-gallery-item__image\" data-thumbnail=\"https:\/\/gymfactory.eu\/wp-content\/uploads\/2025\/11\/20-1-819x1024.jpg\" data-width=\"800\" data-height=\"1000\" aria-label=\"\" role=\"img\" ><\/div>\n\t\t\t\t\t\t\t\t\t\t\t\t\t\t<\/a>\n\t\t\t\t\t\t\t<a class=\"e-gallery-item elementor-gallery-item elementor-animated-content\" href=\"https:\/\/gymfactory.eu\/wp-content\/uploads\/2025\/11\/21-1.jpg\" data-elementor-open-lightbox=\"yes\" data-elementor-lightbox-slideshow=\"ecdd564\" data-e-action-hash=\"#elementor-action%3Aaction%3Dlightbox%26settings%3DeyJpZCI6MTg4MTYsInVybCI6Imh0dHBzOlwvXC9neW1mYWN0b3J5LmV1XC93cC1jb250ZW50XC91cGxvYWRzXC8yMDI1XC8xMVwvMjEtMS5qcGciLCJzbGlkZXNob3ciOiJlY2RkNTY0In0%3D\">\n\t\t\t\t\t<div class=\"e-gallery-image elementor-gallery-item__image\" data-thumbnail=\"https:\/\/gymfactory.eu\/wp-content\/uploads\/2025\/11\/21-1-819x1024.jpg\" data-width=\"800\" data-height=\"1000\" aria-label=\"\" role=\"img\" ><\/div>\n\t\t\t\t\t\t\t\t\t\t\t\t\t\t<\/a>\n\t\t\t\t\t\t\t<a class=\"e-gallery-item elementor-gallery-item elementor-animated-content\" href=\"https:\/\/gymfactory.eu\/wp-content\/uploads\/2025\/11\/22-1.jpg\" data-elementor-open-lightbox=\"yes\" data-elementor-lightbox-slideshow=\"ecdd564\" data-e-action-hash=\"#elementor-action%3Aaction%3Dlightbox%26settings%3DeyJpZCI6MTg4MjQsInVybCI6Imh0dHBzOlwvXC9neW1mYWN0b3J5LmV1XC93cC1jb250ZW50XC91cGxvYWRzXC8yMDI1XC8xMVwvMjItMS5qcGciLCJzbGlkZXNob3ciOiJlY2RkNTY0In0%3D\">\n\t\t\t\t\t<div class=\"e-gallery-image elementor-gallery-item__image\" data-thumbnail=\"https:\/\/gymfactory.eu\/wp-content\/uploads\/2025\/11\/22-1-819x1024.jpg\" data-width=\"800\" data-height=\"1000\" aria-label=\"\" role=\"img\" ><\/div>\n\t\t\t\t\t\t\t\t\t\t\t\t\t\t<\/a>\n\t\t\t\t\t\t\t<a class=\"e-gallery-item elementor-gallery-item elementor-animated-content\" href=\"https:\/\/gymfactory.eu\/wp-content\/uploads\/2025\/11\/23.jpg\" data-elementor-open-lightbox=\"yes\" data-elementor-lightbox-slideshow=\"ecdd564\" data-e-action-hash=\"#elementor-action%3Aaction%3Dlightbox%26settings%3DeyJpZCI6MTg4MzIsInVybCI6Imh0dHBzOlwvXC9neW1mYWN0b3J5LmV1XC93cC1jb250ZW50XC91cGxvYWRzXC8yMDI1XC8xMVwvMjMuanBnIiwic2xpZGVzaG93IjoiZWNkZDU2NCJ9\">\n\t\t\t\t\t<div class=\"e-gallery-image elementor-gallery-item__image\" data-thumbnail=\"https:\/\/gymfactory.eu\/wp-content\/uploads\/2025\/11\/23-819x1024.jpg\" data-width=\"800\" data-height=\"1000\" aria-label=\"\" role=\"img\" ><\/div>\n\t\t\t\t\t\t\t\t\t\t\t\t\t\t<\/a>\n\t\t\t\t\t<\/div>\n\t\t\t\t\t<\/div>\n\t\t\t\t<\/div>\n\t\t\t\t<div class=\"elementor-element elementor-element-60a755f elementor-mobile-align-justify elementor-hidden-desktop elementor-hidden-tablet elementor-widget elementor-widget-button\" data-id=\"60a755f\" data-element_type=\"widget\" data-widget_type=\"button.default\">\n\t\t\t\t<div class=\"elementor-widget-container\">\n\t\t\t\t\t\t\t\t\t<div class=\"elementor-button-wrapper\">\n\t\t\t\t\t<a class=\"elementor-button elementor-button-link elementor-size-sm\" href=\"https:\/\/gymfactory.eu\/fr\/galerie\/galerie-des-salles-de-sport\/\">\n\t\t\t\t\t\t<span class=\"elementor-button-content-wrapper\">\n\t\t\t\t\t\t\t\t\t<span class=\"elementor-button-text\">Liste des pays<\/span>\n\t\t\t\t\t<\/span>\n\t\t\t\t\t<\/a>\n\t\t\t\t<\/div>\n\t\t\t\t\t\t\t\t<\/div>\n\t\t\t\t<\/div>\n\t\t\t\t<\/div>\n\t\t\t\t<\/div>\n\t\t\t\t\t<\/div>\n\t\t\t\t<\/div>\n\t\t\t\t<\/div>\n\t\t\n    <div class=\"xs_social_share_widget xs_share_url after_content \t\tmain_content  wslu-style-1 wslu-share-box-shaped wslu-fill-colored wslu-none wslu-share-horizontal wslu-theme-font-no wslu-main_content\">\n\n\t\t\n        <ul>\n\t\t\t        <\/ul>\n    <\/div> \n","protected":false},"excerpt":{"rendered":"<p>Liste des pays Liste des pays<\/p>\n","protected":false},"author":28,"featured_media":0,"parent":30527,"menu_order":0,"comment_status":"closed","ping_status":"closed","template":"","meta":{"_acf_changed":false,"footnotes":""},"class_list":["post-30067","page","type-page","status-publish","hentry"],"acf":[],"yoast_head":"<!-- This site is optimized with the Yoast SEO plugin v25.2 - https:\/\/yoast.com\/wordpress\/plugins\/seo\/ -->\n<title>Galerie d&#039;\u00e9quipements de gymnastique - Voir nos appareils de gymnastique en action<\/title>\n<meta name=\"description\" content=\"D\u00e9couvrez nos machines de gymnastique, nos machines \u00e0 c\u00e2bles, nos rayonnages \u00e9lectriques et bien d&#039;autres encore dans notre galerie. Voyez-les en action et trouvez l&#039;appareil qui convient le mieux \u00e0 votre salle de sport.\" \/>\n<meta name=\"robots\" content=\"index, follow, max-snippet:-1, max-image-preview:large, max-video-preview:-1\" \/>\n<link rel=\"canonical\" href=\"https:\/\/gymfactory.eu\/fr\/galerie\/galerie-des-salles-de-sport\/salles-de-sport-en-france\/\" \/>\n<meta property=\"og:locale\" content=\"fr_FR\" \/>\n<meta property=\"og:type\" content=\"article\" \/>\n<meta property=\"og:title\" content=\"Galerie d&#039;\u00e9quipements de gymnastique - Voir nos appareils de gymnastique en action\" \/>\n<meta property=\"og:description\" content=\"D\u00e9couvrez nos machines de gymnastique, nos machines \u00e0 c\u00e2bles, nos rayonnages \u00e9lectriques et bien d&#039;autres encore dans notre galerie. Voyez-les en action et trouvez l&#039;appareil qui convient le mieux \u00e0 votre salle de sport.\" \/>\n<meta property=\"og:url\" content=\"https:\/\/gymfactory.eu\/fr\/galerie\/galerie-des-salles-de-sport\/salles-de-sport-en-france\/\" \/>\n<meta property=\"og:site_name\" content=\"Gym Factory\" \/>\n<meta property=\"article:modified_time\" content=\"2026-04-13T16:04:18+00:00\" \/>\n<meta name=\"twitter:card\" content=\"summary_large_image\" \/>\n<script type=\"application\/ld+json\" class=\"yoast-schema-graph\">{\"@context\":\"https:\/\/schema.org\",\"@graph\":[{\"@type\":\"WebPage\",\"@id\":\"https:\/\/gymfactory.eu\/fr\/galerie\/galerie-des-salles-de-sport\/salles-de-sport-en-france\/\",\"url\":\"https:\/\/gymfactory.eu\/fr\/galerie\/galerie-des-salles-de-sport\/salles-de-sport-en-france\/\",\"name\":\"Galerie d'\u00e9quipements de gymnastique - Voir nos appareils de gymnastique en action\",\"isPartOf\":{\"@id\":\"https:\/\/gymfactory.eu\/fr\/#website\"},\"datePublished\":\"2025-11-07T04:31:17+00:00\",\"dateModified\":\"2026-04-13T16:04:18+00:00\",\"description\":\"D\u00e9couvrez nos machines de gymnastique, nos machines \u00e0 c\u00e2bles, nos rayonnages \u00e9lectriques et bien d'autres encore dans notre galerie. Voyez-les en action et trouvez l'appareil qui convient le mieux \u00e0 votre salle de sport.\",\"breadcrumb\":{\"@id\":\"https:\/\/gymfactory.eu\/fr\/galerie\/galerie-des-salles-de-sport\/salles-de-sport-en-france\/#breadcrumb\"},\"inLanguage\":\"fr-FR\",\"potentialAction\":[{\"@type\":\"ReadAction\",\"target\":[\"https:\/\/gymfactory.eu\/fr\/galerie\/galerie-des-salles-de-sport\/salles-de-sport-en-france\/\"]}]},{\"@type\":\"BreadcrumbList\",\"@id\":\"https:\/\/gymfactory.eu\/fr\/galerie\/galerie-des-salles-de-sport\/salles-de-sport-en-france\/#breadcrumb\",\"itemListElement\":[{\"@type\":\"ListItem\",\"position\":1,\"name\":\"Home\",\"item\":\"https:\/\/gymfactory.eu\/fr\/page-principale\/\"},{\"@type\":\"ListItem\",\"position\":2,\"name\":\"Galerie\",\"item\":\"https:\/\/gymfactory.eu\/fr\/galerie\/\"},{\"@type\":\"ListItem\",\"position\":3,\"name\":\"Galerie des salles de sport\",\"item\":\"https:\/\/gymfactory.eu\/fr\/galerie\/galerie-des-salles-de-sport\/\"},{\"@type\":\"ListItem\",\"position\":4,\"name\":\"Salles de sport en France\"}]},{\"@type\":\"WebSite\",\"@id\":\"https:\/\/gymfactory.eu\/fr\/#website\",\"url\":\"https:\/\/gymfactory.eu\/fr\/\",\"name\":\"Gym Factory\",\"description\":\"\",\"publisher\":{\"@id\":\"https:\/\/gymfactory.eu\/fr\/#organization\"},\"potentialAction\":[{\"@type\":\"SearchAction\",\"target\":{\"@type\":\"EntryPoint\",\"urlTemplate\":\"https:\/\/gymfactory.eu\/fr\/?s={search_term_string}\"},\"query-input\":{\"@type\":\"PropertyValueSpecification\",\"valueRequired\":true,\"valueName\":\"search_term_string\"}}],\"inLanguage\":\"fr-FR\"},{\"@type\":\"Organization\",\"@id\":\"https:\/\/gymfactory.eu\/fr\/#organization\",\"name\":\"Gym Factory\",\"url\":\"https:\/\/gymfactory.eu\/fr\/\",\"logo\":{\"@type\":\"ImageObject\",\"inLanguage\":\"fr-FR\",\"@id\":\"https:\/\/gymfactory.eu\/fr\/#\/schema\/logo\/image\/\",\"url\":\"https:\/\/gymfactory.eu\/wp-content\/uploads\/2024\/11\/Component-1.svg\",\"contentUrl\":\"https:\/\/gymfactory.eu\/wp-content\/uploads\/2024\/11\/Component-1.svg\",\"width\":54,\"height\":44,\"caption\":\"Gym Factory\"},\"image\":{\"@id\":\"https:\/\/gymfactory.eu\/fr\/#\/schema\/logo\/image\/\"}}]}<\/script>\n<!-- \/ Yoast SEO plugin. -->","yoast_head_json":{"title":"Galerie d'\u00e9quipements de gymnastique - Voir nos appareils de gymnastique en action","description":"D\u00e9couvrez nos machines de gymnastique, nos machines \u00e0 c\u00e2bles, nos rayonnages \u00e9lectriques et bien d'autres encore dans notre galerie. Voyez-les en action et trouvez l'appareil qui convient le mieux \u00e0 votre salle de sport.","robots":{"index":"index","follow":"follow","max-snippet":"max-snippet:-1","max-image-preview":"max-image-preview:large","max-video-preview":"max-video-preview:-1"},"canonical":"https:\/\/gymfactory.eu\/fr\/galerie\/galerie-des-salles-de-sport\/salles-de-sport-en-france\/","og_locale":"fr_FR","og_type":"article","og_title":"Galerie d'\u00e9quipements de gymnastique - Voir nos appareils de gymnastique en action","og_description":"D\u00e9couvrez nos machines de gymnastique, nos machines \u00e0 c\u00e2bles, nos rayonnages \u00e9lectriques et bien d'autres encore dans notre galerie. Voyez-les en action et trouvez l'appareil qui convient le mieux \u00e0 votre salle de sport.","og_url":"https:\/\/gymfactory.eu\/fr\/galerie\/galerie-des-salles-de-sport\/salles-de-sport-en-france\/","og_site_name":"Gym Factory","article_modified_time":"2026-04-13T16:04:18+00:00","twitter_card":"summary_large_image","schema":{"@context":"https:\/\/schema.org","@graph":[{"@type":"WebPage","@id":"https:\/\/gymfactory.eu\/fr\/galerie\/galerie-des-salles-de-sport\/salles-de-sport-en-france\/","url":"https:\/\/gymfactory.eu\/fr\/galerie\/galerie-des-salles-de-sport\/salles-de-sport-en-france\/","name":"Galerie d'\u00e9quipements de gymnastique - Voir nos appareils de gymnastique en action","isPartOf":{"@id":"https:\/\/gymfactory.eu\/fr\/#website"},"datePublished":"2025-11-07T04:31:17+00:00","dateModified":"2026-04-13T16:04:18+00:00","description":"D\u00e9couvrez nos machines de gymnastique, nos machines \u00e0 c\u00e2bles, nos rayonnages \u00e9lectriques et bien d'autres encore dans notre galerie. Voyez-les en action et trouvez l'appareil qui convient le mieux \u00e0 votre salle de sport.","breadcrumb":{"@id":"https:\/\/gymfactory.eu\/fr\/galerie\/galerie-des-salles-de-sport\/salles-de-sport-en-france\/#breadcrumb"},"inLanguage":"fr-FR","potentialAction":[{"@type":"ReadAction","target":["https:\/\/gymfactory.eu\/fr\/galerie\/galerie-des-salles-de-sport\/salles-de-sport-en-france\/"]}]},{"@type":"BreadcrumbList","@id":"https:\/\/gymfactory.eu\/fr\/galerie\/galerie-des-salles-de-sport\/salles-de-sport-en-france\/#breadcrumb","itemListElement":[{"@type":"ListItem","position":1,"name":"Home","item":"https:\/\/gymfactory.eu\/fr\/page-principale\/"},{"@type":"ListItem","position":2,"name":"Galerie","item":"https:\/\/gymfactory.eu\/fr\/galerie\/"},{"@type":"ListItem","position":3,"name":"Galerie des salles de sport","item":"https:\/\/gymfactory.eu\/fr\/galerie\/galerie-des-salles-de-sport\/"},{"@type":"ListItem","position":4,"name":"Salles de sport en France"}]},{"@type":"WebSite","@id":"https:\/\/gymfactory.eu\/fr\/#website","url":"https:\/\/gymfactory.eu\/fr\/","name":"Gym Factory","description":"","publisher":{"@id":"https:\/\/gymfactory.eu\/fr\/#organization"},"potentialAction":[{"@type":"SearchAction","target":{"@type":"EntryPoint","urlTemplate":"https:\/\/gymfactory.eu\/fr\/?s={search_term_string}"},"query-input":{"@type":"PropertyValueSpecification","valueRequired":true,"valueName":"search_term_string"}}],"inLanguage":"fr-FR"},{"@type":"Organization","@id":"https:\/\/gymfactory.eu\/fr\/#organization","name":"Gym Factory","url":"https:\/\/gymfactory.eu\/fr\/","logo":{"@type":"ImageObject","inLanguage":"fr-FR","@id":"https:\/\/gymfactory.eu\/fr\/#\/schema\/logo\/image\/","url":"https:\/\/gymfactory.eu\/wp-content\/uploads\/2024\/11\/Component-1.svg","contentUrl":"https:\/\/gymfactory.eu\/wp-content\/uploads\/2024\/11\/Component-1.svg","width":54,"height":44,"caption":"Gym Factory"},"image":{"@id":"https:\/\/gymfactory.eu\/fr\/#\/schema\/logo\/image\/"}}]}},"_links":{"self":[{"href":"https:\/\/gymfactory.eu\/fr\/wp-json\/wp\/v2\/pages\/30067","targetHints":{"allow":["GET"]}}],"collection":[{"href":"https:\/\/gymfactory.eu\/fr\/wp-json\/wp\/v2\/pages"}],"about":[{"href":"https:\/\/gymfactory.eu\/fr\/wp-json\/wp\/v2\/types\/page"}],"author":[{"embeddable":true,"href":"https:\/\/gymfactory.eu\/fr\/wp-json\/wp\/v2\/users\/28"}],"replies":[{"embeddable":true,"href":"https:\/\/gymfactory.eu\/fr\/wp-json\/wp\/v2\/comments?post=30067"}],"version-history":[{"count":1,"href":"https:\/\/gymfactory.eu\/fr\/wp-json\/wp\/v2\/pages\/30067\/revisions"}],"predecessor-version":[{"id":30068,"href":"https:\/\/gymfactory.eu\/fr\/wp-json\/wp\/v2\/pages\/30067\/revisions\/30068"}],"up":[{"embeddable":true,"href":"https:\/\/gymfactory.eu\/fr\/wp-json\/wp\/v2\/pages\/30527"}],"wp:attachment":[{"href":"https:\/\/gymfactory.eu\/fr\/wp-json\/wp\/v2\/media?parent=30067"}],"curies":[{"name":"wp","href":"https:\/\/api.w.org\/{rel}","templated":true}]}}