{"id":12259,"date":"2025-01-29T13:59:15","date_gmt":"2025-01-29T11:59:15","guid":{"rendered":"https:\/\/gymfactory.eu\/palette-de-couleurs\/"},"modified":"2026-04-12T18:19:46","modified_gmt":"2026-04-12T15:19:46","slug":"palette-de-couleurs","status":"publish","type":"page","link":"https:\/\/gymfactory.eu\/fr\/palette-de-couleurs\/","title":{"rendered":"Palette de couleurs"},"content":{"rendered":"\n    <div class=\"xs_social_share_widget xs_share_url after_content \t\tmain_content  wslu-style-1 wslu-share-box-shaped wslu-fill-colored wslu-none wslu-share-horizontal wslu-theme-font-no wslu-main_content\">\n\n\t\t\n        <ul>\n\t\t\t        <\/ul>\n    <\/div> \n","protected":false},"excerpt":{"rendered":"","protected":false},"author":1,"featured_media":0,"parent":0,"menu_order":0,"comment_status":"closed","ping_status":"closed","template":"templates\/color-viewer.php","meta":{"_acf_changed":false,"footnotes":""},"class_list":["post-12259","page","type-page","status-publish","hentry"],"acf":[],"yoast_head":"<!-- This site is optimized with the Yoast SEO plugin v25.2 - https:\/\/yoast.com\/wordpress\/plugins\/seo\/ -->\n<title>Palette de couleurs pour l&#039;\u00e9quipement de gymnastique - Personnalisez votre style<\/title>\n<meta name=\"description\" content=\"Personnalisez votre appareil de musculation gr\u00e2ce \u00e0 notre palette de couleurs. Choisissez parmi une vari\u00e9t\u00e9 de finitions en m\u00e9tal et en cuir pour correspondre au style de votre salle de sport.\" \/>\n<meta name=\"robots\" content=\"index, follow, max-snippet:-1, max-image-preview:large, max-video-preview:-1\" \/>\n<link rel=\"canonical\" href=\"https:\/\/gymfactory.eu\/fr\/palette-de-couleurs\/\" \/>\n<meta property=\"og:locale\" content=\"fr_FR\" \/>\n<meta property=\"og:type\" content=\"article\" \/>\n<meta property=\"og:title\" content=\"Palette de couleurs pour l&#039;\u00e9quipement de gymnastique - Personnalisez votre style\" \/>\n<meta property=\"og:description\" content=\"Personnalisez votre appareil de musculation gr\u00e2ce \u00e0 notre palette de couleurs. Choisissez parmi une vari\u00e9t\u00e9 de finitions en m\u00e9tal et en cuir pour correspondre au style de votre salle de sport.\" \/>\n<meta property=\"og:url\" content=\"https:\/\/gymfactory.eu\/fr\/palette-de-couleurs\/\" \/>\n<meta property=\"og:site_name\" content=\"Gym Factory\" \/>\n<meta property=\"article:modified_time\" content=\"2026-04-12T15:19:46+00:00\" \/>\n<meta name=\"twitter:card\" content=\"summary_large_image\" \/>\n<script type=\"application\/ld+json\" class=\"yoast-schema-graph\">{\"@context\":\"https:\/\/schema.org\",\"@graph\":[{\"@type\":\"WebPage\",\"@id\":\"https:\/\/gymfactory.eu\/fr\/palette-de-couleurs\/\",\"url\":\"https:\/\/gymfactory.eu\/fr\/palette-de-couleurs\/\",\"name\":\"Palette de couleurs pour l'\u00e9quipement de gymnastique - Personnalisez votre style\",\"isPartOf\":{\"@id\":\"https:\/\/gymfactory.eu\/fr\/#website\"},\"datePublished\":\"2025-01-29T11:59:15+00:00\",\"dateModified\":\"2026-04-12T15:19:46+00:00\",\"description\":\"Personnalisez votre appareil de musculation gr\u00e2ce \u00e0 notre palette de couleurs. Choisissez parmi une vari\u00e9t\u00e9 de finitions en m\u00e9tal et en cuir pour correspondre au style de votre salle de sport.\",\"breadcrumb\":{\"@id\":\"https:\/\/gymfactory.eu\/fr\/palette-de-couleurs\/#breadcrumb\"},\"inLanguage\":\"fr-FR\",\"potentialAction\":[{\"@type\":\"ReadAction\",\"target\":[\"https:\/\/gymfactory.eu\/fr\/palette-de-couleurs\/\"]}]},{\"@type\":\"BreadcrumbList\",\"@id\":\"https:\/\/gymfactory.eu\/fr\/palette-de-couleurs\/#breadcrumb\",\"itemListElement\":[{\"@type\":\"ListItem\",\"position\":1,\"name\":\"Home\",\"item\":\"https:\/\/gymfactory.eu\/fr\/page-principale\/\"},{\"@type\":\"ListItem\",\"position\":2,\"name\":\"Palette de couleurs\"}]},{\"@type\":\"WebSite\",\"@id\":\"https:\/\/gymfactory.eu\/fr\/#website\",\"url\":\"https:\/\/gymfactory.eu\/fr\/\",\"name\":\"Gym Factory\",\"description\":\"\",\"publisher\":{\"@id\":\"https:\/\/gymfactory.eu\/fr\/#organization\"},\"potentialAction\":[{\"@type\":\"SearchAction\",\"target\":{\"@type\":\"EntryPoint\",\"urlTemplate\":\"https:\/\/gymfactory.eu\/fr\/?s={search_term_string}\"},\"query-input\":{\"@type\":\"PropertyValueSpecification\",\"valueRequired\":true,\"valueName\":\"search_term_string\"}}],\"inLanguage\":\"fr-FR\"},{\"@type\":\"Organization\",\"@id\":\"https:\/\/gymfactory.eu\/fr\/#organization\",\"name\":\"Gym Factory\",\"url\":\"https:\/\/gymfactory.eu\/fr\/\",\"logo\":{\"@type\":\"ImageObject\",\"inLanguage\":\"fr-FR\",\"@id\":\"https:\/\/gymfactory.eu\/fr\/#\/schema\/logo\/image\/\",\"url\":\"https:\/\/gymfactory.eu\/wp-content\/uploads\/2024\/11\/Component-1.svg\",\"contentUrl\":\"https:\/\/gymfactory.eu\/wp-content\/uploads\/2024\/11\/Component-1.svg\",\"width\":54,\"height\":44,\"caption\":\"Gym Factory\"},\"image\":{\"@id\":\"https:\/\/gymfactory.eu\/fr\/#\/schema\/logo\/image\/\"}}]}<\/script>\n<!-- \/ Yoast SEO plugin. -->","yoast_head_json":{"title":"Palette de couleurs pour l'\u00e9quipement de gymnastique - Personnalisez votre style","description":"Personnalisez votre appareil de musculation gr\u00e2ce \u00e0 notre palette de couleurs. Choisissez parmi une vari\u00e9t\u00e9 de finitions en m\u00e9tal et en cuir pour correspondre au style de votre salle de sport.","robots":{"index":"index","follow":"follow","max-snippet":"max-snippet:-1","max-image-preview":"max-image-preview:large","max-video-preview":"max-video-preview:-1"},"canonical":"https:\/\/gymfactory.eu\/fr\/palette-de-couleurs\/","og_locale":"fr_FR","og_type":"article","og_title":"Palette de couleurs pour l'\u00e9quipement de gymnastique - Personnalisez votre style","og_description":"Personnalisez votre appareil de musculation gr\u00e2ce \u00e0 notre palette de couleurs. Choisissez parmi une vari\u00e9t\u00e9 de finitions en m\u00e9tal et en cuir pour correspondre au style de votre salle de sport.","og_url":"https:\/\/gymfactory.eu\/fr\/palette-de-couleurs\/","og_site_name":"Gym Factory","article_modified_time":"2026-04-12T15:19:46+00:00","twitter_card":"summary_large_image","schema":{"@context":"https:\/\/schema.org","@graph":[{"@type":"WebPage","@id":"https:\/\/gymfactory.eu\/fr\/palette-de-couleurs\/","url":"https:\/\/gymfactory.eu\/fr\/palette-de-couleurs\/","name":"Palette de couleurs pour l'\u00e9quipement de gymnastique - Personnalisez votre style","isPartOf":{"@id":"https:\/\/gymfactory.eu\/fr\/#website"},"datePublished":"2025-01-29T11:59:15+00:00","dateModified":"2026-04-12T15:19:46+00:00","description":"Personnalisez votre appareil de musculation gr\u00e2ce \u00e0 notre palette de couleurs. Choisissez parmi une vari\u00e9t\u00e9 de finitions en m\u00e9tal et en cuir pour correspondre au style de votre salle de sport.","breadcrumb":{"@id":"https:\/\/gymfactory.eu\/fr\/palette-de-couleurs\/#breadcrumb"},"inLanguage":"fr-FR","potentialAction":[{"@type":"ReadAction","target":["https:\/\/gymfactory.eu\/fr\/palette-de-couleurs\/"]}]},{"@type":"BreadcrumbList","@id":"https:\/\/gymfactory.eu\/fr\/palette-de-couleurs\/#breadcrumb","itemListElement":[{"@type":"ListItem","position":1,"name":"Home","item":"https:\/\/gymfactory.eu\/fr\/page-principale\/"},{"@type":"ListItem","position":2,"name":"Palette de couleurs"}]},{"@type":"WebSite","@id":"https:\/\/gymfactory.eu\/fr\/#website","url":"https:\/\/gymfactory.eu\/fr\/","name":"Gym Factory","description":"","publisher":{"@id":"https:\/\/gymfactory.eu\/fr\/#organization"},"potentialAction":[{"@type":"SearchAction","target":{"@type":"EntryPoint","urlTemplate":"https:\/\/gymfactory.eu\/fr\/?s={search_term_string}"},"query-input":{"@type":"PropertyValueSpecification","valueRequired":true,"valueName":"search_term_string"}}],"inLanguage":"fr-FR"},{"@type":"Organization","@id":"https:\/\/gymfactory.eu\/fr\/#organization","name":"Gym Factory","url":"https:\/\/gymfactory.eu\/fr\/","logo":{"@type":"ImageObject","inLanguage":"fr-FR","@id":"https:\/\/gymfactory.eu\/fr\/#\/schema\/logo\/image\/","url":"https:\/\/gymfactory.eu\/wp-content\/uploads\/2024\/11\/Component-1.svg","contentUrl":"https:\/\/gymfactory.eu\/wp-content\/uploads\/2024\/11\/Component-1.svg","width":54,"height":44,"caption":"Gym Factory"},"image":{"@id":"https:\/\/gymfactory.eu\/fr\/#\/schema\/logo\/image\/"}}]}},"_links":{"self":[{"href":"https:\/\/gymfactory.eu\/fr\/wp-json\/wp\/v2\/pages\/12259","targetHints":{"allow":["GET"]}}],"collection":[{"href":"https:\/\/gymfactory.eu\/fr\/wp-json\/wp\/v2\/pages"}],"about":[{"href":"https:\/\/gymfactory.eu\/fr\/wp-json\/wp\/v2\/types\/page"}],"author":[{"embeddable":true,"href":"https:\/\/gymfactory.eu\/fr\/wp-json\/wp\/v2\/users\/1"}],"replies":[{"embeddable":true,"href":"https:\/\/gymfactory.eu\/fr\/wp-json\/wp\/v2\/comments?post=12259"}],"version-history":[{"count":1,"href":"https:\/\/gymfactory.eu\/fr\/wp-json\/wp\/v2\/pages\/12259\/revisions"}],"predecessor-version":[{"id":12298,"href":"https:\/\/gymfactory.eu\/fr\/wp-json\/wp\/v2\/pages\/12259\/revisions\/12298"}],"wp:attachment":[{"href":"https:\/\/gymfactory.eu\/fr\/wp-json\/wp\/v2\/media?parent=12259"}],"curies":[{"name":"wp","href":"https:\/\/api.w.org\/{rel}","templated":true}]}}